{"id":3778,"date":"2024-10-10T12:11:34","date_gmt":"2024-10-10T04:11:34","guid":{"rendered":"https:\/\/www.jinpinlub.com\/?post_type=product&#038;p=3778"},"modified":"2024-10-10T12:15:26","modified_gmt":"2024-10-10T04:15:26","slug":"amg1-automatische-elektrische-schmierpumpen-fur-fliesfett-3","status":"publish","type":"product","link":"https:\/\/www.jinpinlub.com\/de\/product\/jmg1-progressive-motor-driven-grease-lubrication-gear-pump\/","title":{"rendered":"JMG1 Progressive motorgetriebene Fettschmier-Zahnradpumpe"},"content":{"rendered":"<h2>Merkmale<\/h2>\n<p>1. Das Schmiersystem verf\u00fcgt \u00fcber zwei optionale Startmodi: Schmiermodus und Speichermodus. Im Speichermodus kann die unvollendete Schmierung oder Intervallaktion fortgesetzt werden, wenn die Stromversorgung wiederhergestellt wird.<br \/>\n2. Es erm\u00f6glicht die Anpassung der Schmierungs- und Intervallzeit mit Auswahlm\u00f6glichkeiten aus mehreren Einheiten wie Sekunden, Minuten und Stunden, wodurch die Schmierung flexibel wird.<br \/>\n3. \u00dcberdruckventil, dessen Konstantdruckfunktion einen guten Zustand aufrechterh\u00e4lt und die Situation eines zu hohen Systemdrucks vermeidet.<br \/>\n4. Die JMG-Schmierpumpe verf\u00fcgt \u00fcber einen Timer. Der Betriebsstatus und abnormale Bedingungen des \u00d6lers k\u00f6nnen auf dem Bedienfeldbildschirm und der Kontrollleuchte angezeigt werden.<br \/>\n5. Mit der Druckschmiertaste \u201eRES\u201c an der Schmierpumpe JMG1 kann der Betriebszyklus der Pumpe zur\u00fcckgesetzt und neu gestartet werden.<br \/>\n6. Je nach den tats\u00e4chlichen Bedingungen des Kunden kann ein Druckschalter zur automatischen Steuerung ausgew\u00e4hlt werden.<br \/>\n7. Die <a href=\"https:\/\/en.wikipedia.org\/wiki\/Induction_motor\" target=\"_blank\" rel=\"noopener\">Induktionsmotor<\/a> Das in der Schmierpumpe JMG1 verwendete \u00d6l ist von h\u00f6chster Qualit\u00e4t und f\u00fcr den Langzeitbetrieb geeignet; es ist f\u00fcr langfristige Schmiervorg\u00e4nge geeignet.<\/p>\n<h2>Spezifikation<\/h2>\n<table>\n<tbody>\n<tr>\n<td>Modell<\/td>\n<td>JMG1<\/td>\n<\/tr>\n<tr>\n<td>Schmierzeit<\/td>\n<td>1-999 Sek.<\/td>\n<\/tr>\n<tr>\n<td>Intervallzeit<\/td>\n<td>1-999 Min<\/td>\n<\/tr>\n<tr>\n<td>Betriebstemperatur<\/td>\n<td>-10 \u00b0C bis +60 \u00b0C (bei niedrigen Temperaturen ist Frostschutzfett erforderlich)<\/td>\n<\/tr>\n<tr>\n<td>Anzahl der Filialen<\/td>\n<td>1<\/td>\n<\/tr>\n<tr>\n<td>Reservoirkapazit\u00e4t<\/td>\n<td>3 l (Harztank), 4 l, 6 l, 8 l, 20 l (Metalltank)<\/td>\n<\/tr>\n<tr>\n<td>Nachf\u00fcllen<\/td>\n<td>Von oben<\/td>\n<\/tr>\n<tr>\n<td>Schmiermittel<\/td>\n<td>NLGI 000#~00#<\/td>\n<\/tr>\n<tr>\n<td>Motorleistung<\/td>\n<td>40 W<\/td>\n<\/tr>\n<tr>\n<td>Entladung<\/td>\n<td>250 ml\/min<\/td>\n<\/tr>\n<tr>\n<td>Max. Betriebsdruck<\/td>\n<td>4,0 MPa<\/td>\n<\/tr>\n<tr>\n<td>Anschlussgewinde<\/td>\n<td>Auslass \u03a66<\/td>\n<\/tr>\n<tr>\n<td>Betriebsspannung<\/td>\n<td>110 V Wechselstrom, 220 V Wechselstrom, 12 V Gleichstrom, 24 V Gleichstrom<\/td>\n<\/tr>\n<tr>\n<td>Zertifizierung<\/td>\n<td>CE<\/td>\n<\/tr>\n<tr>\n<td>Niedrigniveauschalter<\/td>\n<td>\u00d6ffner<\/td>\n<\/tr>\n<\/tbody>\n<\/table>\n<h2>Anwendungen<\/h2>\n<p>Werkzeugmaschinenindustrie: In der Werkzeugmaschinenindustrie versorgt die Schmierpumpe die wichtigsten Teile der Werkzeugmaschinen wie F\u00fchrungsschienen, Leitspindeln, Lager usw. rechtzeitig und in ausreichender Menge mit Schmiermittel, um Reibung und Verschlei\u00df zu verringern.<br \/>\nKunststoffmaschinen: JMG1 kann in Kunststoffverarbeitungsmaschinen eingesetzt werden, um die normale Schmierung von Ger\u00e4ten wie Spritzgussmaschinen und Extrudern sicherzustellen. Eine bestimmte Schmiermittelmenge sorgt daf\u00fcr, dass die \u00dcberhitzung der Mechanik verhindert wird und die mechanische Genauigkeit und Stabilit\u00e4t erhalten bleibt.<br \/>\nDruckgussmaschine: In der Produktionslinie des Druckgusses schmiert JMG1 verschiedene Gleitteile der Druckgussmaschine und reduziert den Abrieb von Formen und mechanischen Teilen.<br \/>\nProzessfertigung: In den Prozessfertigungsbereichen der Lebensmittelverarbeitung und -verpackung sorgt die Schmierpumpe daf\u00fcr, dass F\u00f6rderb\u00e4nder, Abf\u00fcllmaschinen, Motoren und Lager bei hohen Geschwindigkeiten und minimalem Verschlei\u00df sauber und leise laufen.<\/p>\n<h2>Benutzerhandb\u00fccher<\/h2>\n<div class=\"sdm_download_button_box_default\"><div class=\"sdm_download_link\"><a href=\"https:\/\/www.jinpinlub.com\/de\/?sdm_process_download=1&download_id=3737\" class=\"sdm_download white\" title=\"Privat: JMG Grease Pump\" target=\"&quot;_blank&quot;\">Datenblatt anzeigen - JMG Fettpumpe<\/a><\/div><\/div>","protected":false},"excerpt":{"rendered":"<p>Die Schmierpumpe JMG1 wird in verschiedenen Zentralschmiersystemen wie Werkzeugmaschinen, Kunststoffmaschinen, Druckgussmaschinen usw. verwendet. Sie verf\u00fcgt \u00fcber eine automatische Zeitmessvorrichtung, einen Sensor f\u00fcr niedrigen Fl\u00fcssigkeitsstand, einen Drucksensor usw., um die Zuverl\u00e4ssigkeit des Schmiersystems zu verbessern.<\/p>","protected":false},"featured_media":3779,"template":"","meta":{"ocean_post_layout":"","ocean_both_sidebars_style":"","ocean_both_sidebars_content_width":0,"ocean_both_sidebars_sidebars_width":0,"ocean_sidebar":"0","ocean_second_sidebar":"0","ocean_disable_margins":"enable","ocean_add_body_class":"","ocean_shortcode_before_top_bar":"","ocean_shortcode_after_top_bar":"","ocean_shortcode_before_header":"","ocean_shortcode_after_header":"","ocean_has_shortcode":"","ocean_shortcode_after_title":"","ocean_shortcode_before_footer_widgets":"","ocean_shortcode_after_footer_widgets":"","ocean_shortcode_before_footer_bottom":"","ocean_shortcode_after_footer_bottom":"","ocean_display_top_bar":"default","ocean_display_header":"default","ocean_header_style":"","ocean_center_header_left_menu":"0","ocean_custom_header_template":"0","ocean_custom_logo":0,"ocean_custom_retina_logo":0,"ocean_custom_logo_max_width":0,"ocean_custom_logo_tablet_max_width":0,"ocean_custom_logo_mobile_max_width":0,"ocean_custom_logo_max_height":0,"ocean_custom_logo_tablet_max_height":0,"ocean_custom_logo_mobile_max_height":0,"ocean_header_custom_menu":"0","ocean_menu_typo_font_family":"0","ocean_menu_typo_font_subset":"","ocean_menu_typo_font_size":0,"ocean_menu_typo_font_size_tablet":0,"ocean_menu_typo_font_size_mobile":0,"ocean_menu_typo_font_size_unit":"px","ocean_menu_typo_font_weight":"","ocean_menu_typo_font_weight_tablet":"","ocean_menu_typo_font_weight_mobile":"","ocean_menu_typo_transform":"","ocean_menu_typo_transform_tablet":"","ocean_menu_typo_transform_mobile":"","ocean_menu_typo_line_height":0,"ocean_menu_typo_line_height_tablet":0,"ocean_menu_typo_line_height_mobile":0,"ocean_menu_typo_line_height_unit":"","ocean_menu_typo_spacing":0,"ocean_menu_typo_spacing_tablet":0,"ocean_menu_typo_spacing_mobile":0,"ocean_menu_typo_spacing_unit":"","ocean_menu_link_color":"","ocean_menu_link_color_hover":"","ocean_menu_link_color_active":"","ocean_menu_link_background":"","ocean_menu_link_hover_background":"","ocean_menu_link_active_background":"","ocean_menu_social_links_bg":"","ocean_menu_social_hover_links_bg":"","ocean_menu_social_links_color":"","ocean_menu_social_hover_links_color":"","ocean_disable_title":"default","ocean_disable_heading":"default","ocean_post_title":"","ocean_post_subheading":"","ocean_post_title_style":"","ocean_post_title_background_color":"","ocean_post_title_background":0,"ocean_post_title_bg_image_position":"","ocean_post_title_bg_image_attachment":"","ocean_post_title_bg_image_repeat":"","ocean_post_title_bg_image_size":"","ocean_post_title_height":0,"ocean_post_title_bg_overlay":0.5,"ocean_post_title_bg_overlay_color":"","ocean_disable_breadcrumbs":"default","ocean_breadcrumbs_color":"","ocean_breadcrumbs_separator_color":"","ocean_breadcrumbs_links_color":"","ocean_breadcrumbs_links_hover_color":"","ocean_display_footer_widgets":"default","ocean_display_footer_bottom":"default","ocean_custom_footer_template":"0","osh_disable_topbar_sticky":"default","osh_disable_header_sticky":"default","osh_sticky_header_style":"default","osh_sticky_header_effect":"","osh_custom_sticky_logo":0,"osh_custom_retina_sticky_logo":0,"osh_custom_sticky_logo_height":0,"osh_background_color":"","osh_links_color":"","osh_links_hover_color":"","osh_links_active_color":"","osh_links_bg_color":"","osh_links_hover_bg_color":"","osh_links_active_bg_color":"","osh_menu_social_links_color":"","osh_menu_social_hover_links_color":""},"product_brand":[],"product_cat":[42,41],"product_tag":[74,73,77,196,72],"class_list":{"0":"post-3778","1":"product","2":"type-product","3":"status-publish","4":"has-post-thumbnail","6":"product_cat-electric-progressive-pumps","7":"product_cat-progressive-grease-systems","8":"product_tag-automatic-lubrication-pump","9":"product_tag-electric-lubrication-pump","10":"product_tag-grease-lubrication-pump","11":"product_tag-grease-lubrication-system","12":"product_tag-lubrication-system","14":"entry","15":"has-media","17":"first","18":"instock","19":"shipping-taxable","20":"product-type-external","21":"col","22":"span_1_of_3","23":"owp-content-center","24":"owp-thumbs-layout-horizontal","25":"owp-btn-very-big","26":"owp-tabs-layout-horizontal"},"_links":{"self":[{"href":"https:\/\/www.jinpinlub.com\/de\/wp-json\/wp\/v2\/product\/3778","targetHints":{"allow":["GET"]}}],"collection":[{"href":"https:\/\/www.jinpinlub.com\/de\/wp-json\/wp\/v2\/product"}],"about":[{"href":"https:\/\/www.jinpinlub.com\/de\/wp-json\/wp\/v2\/types\/product"}],"wp:featuredmedia":[{"embeddable":true,"href":"https:\/\/www.jinpinlub.com\/de\/wp-json\/wp\/v2\/media\/3779"}],"wp:attachment":[{"href":"https:\/\/www.jinpinlub.com\/de\/wp-json\/wp\/v2\/media?parent=3778"}],"wp:term":[{"taxonomy":"product_brand","embeddable":true,"href":"https:\/\/www.jinpinlub.com\/de\/wp-json\/wp\/v2\/product_brand?post=3778"},{"taxonomy":"product_cat","embeddable":true,"href":"https:\/\/www.jinpinlub.com\/de\/wp-json\/wp\/v2\/product_cat?post=3778"},{"taxonomy":"product_tag","embeddable":true,"href":"https:\/\/www.jinpinlub.com\/de\/wp-json\/wp\/v2\/product_tag?post=3778"}],"curies":[{"name":"wp","href":"https:\/\/api.w.org\/{rel}","templated":true}]}}