{"id":3784,"date":"2024-10-11T04:47:30","date_gmt":"2024-10-10T20:47:30","guid":{"rendered":"https:\/\/www.jinpinlub.com\/?post_type=product&#038;p=3784"},"modified":"2024-10-11T04:50:40","modified_gmt":"2024-10-10T20:50:40","slug":"amg3-automatische-elektrische-fettschmierpumpe-mit-timer-4","status":"publish","type":"product","link":"https:\/\/www.jinpinlub.com\/de\/product\/jmg4-electric-positive-displacement-grease-lubrication-pump\/","title":{"rendered":"JMG4 Elektrische Verdr\u00e4nger-Fettschmierpumpe"},"content":{"rendered":"<h2>Merkmale<\/h2>\n<p>1. JMG4-Standardpumpen werden in Pumpen mit und ohne Druckschalter unterteilt. Standardprodukte mit Druckschalter sind mit Kontrollleuchte und Druckschmiertaste ausgestattet, w\u00e4hrend dies bei Produkten ohne Druckschalter nicht der Fall ist.<br \/>\n2. Die Schmierpumpe wird von einer SPS gesteuert und muss mit einem <a href=\"https:\/\/www.jinpinlub.com\/de\/produktkategorie\/einleitungs-fettsysteme\/druckbegrenzungs-dosierventile\/\" target=\"_blank\" rel=\"noopener\">Verdr\u00e4ngerverteiler<\/a>. Wie DPBG, MG, MU und CBB. Der Verteiler gibt Schmiermittel ab, wenn er arbeitet.<br \/>\n3. Die JMG4-Pumpe ist mit einem Druckregelventil ausgestattet, mit dem der Druck je nach Kundenwunsch eingestellt und \u00fcber das Manometer \u00fcberpr\u00fcft werden kann.<br \/>\n4. Es ist mit einem Schwimmerschalter ausgestattet, der ein Ger\u00e4t zur Erkennung des Fl\u00fcssigkeitsstands ist. Es ist der untere Einschaltkontakt. Das hei\u00dft, wenn der \u00d6lstand zu niedrig ist, kann automatisch ein abnormales Signal gesendet werden.<br \/>\n5. Das JMG4 bietet den Vorteil der \u201equantitativen Versorgung\u201c, da Verdr\u00e4ngerschmierpumpen die Mengen pr\u00e4zise dosieren.<br \/>\n6. Die Schmierpumpe verf\u00fcgt \u00fcber eine Zahnradpumpe und einen Induktionsmotor aus speziell legiertem Stahl mit langer Lebensdauer, stabilem Ausgangsdruck und ohne Ger\u00e4uschentwicklung.<br \/>\n7. AMG ist mit einem 40-W-Motor mit einem maximalen Druck von 35 Bar und einem Ausgangsvolumen von 250 ml\/min ausgestattet.<br \/>\n8. AMG verf\u00fcgt serienm\u00e4\u00dfig \u00fcber einen Druckschalter mit Schlie\u00dferkontakt. Der werkseitig eingestellte Anlaufdruck betr\u00e4gt 20 bar. \u00d6ffnerkontakt ist ebenfalls w\u00e4hlbar, bitte bei Bestellung angeben.<\/p>\n<h2>Spezifikation<\/h2>\n<table>\n<tbody>\n<tr>\n<td>Modell<\/td>\n<td>JMG4<\/td>\n<\/tr>\n<tr>\n<td>Schmierzeit<\/td>\n<td>SPS<\/td>\n<\/tr>\n<tr>\n<td>Intervallzeit<\/td>\n<td>SPS<\/td>\n<\/tr>\n<tr>\n<td>Betriebstemperatur<\/td>\n<td>-10 \u00b0C bis +60 \u00b0C (bei niedrigen Temperaturen ist Frostschutzfett erforderlich)<\/td>\n<\/tr>\n<tr>\n<td>Anzahl der Filialen<\/td>\n<td>1<\/td>\n<\/tr>\n<tr>\n<td>Reservoirkapazit\u00e4t<\/td>\n<td>3 l (Harztank), 4 l, 6 l, 8 l, 20 l (Metalltank)<\/td>\n<\/tr>\n<tr>\n<td>Nachf\u00fcllen<\/td>\n<td>Von oben<\/td>\n<\/tr>\n<tr>\n<td>Schmiermittel<\/td>\n<td>NLGI 000#~00#<\/td>\n<\/tr>\n<tr>\n<td>Motorleistung<\/td>\n<td>40 W<\/td>\n<\/tr>\n<tr>\n<td>Entladung<\/td>\n<td>250 ml\/min<\/td>\n<\/tr>\n<tr>\n<td>Max. Betriebsdruck<\/td>\n<td>4,0 MPa<\/td>\n<\/tr>\n<tr>\n<td>Anschlussgewinde<\/td>\n<td>Auslass \u03a66<\/td>\n<\/tr>\n<tr>\n<td>Betriebsspannung<\/td>\n<td>110 V Wechselstrom, 220 V Wechselstrom, 12 V Gleichstrom, 24 V Gleichstrom, 3~ 220 V, 3~ 380 V, 3~ 440 V, 3~ 460 V<\/td>\n<\/tr>\n<tr>\n<td>Zertifizierung<\/td>\n<td>CE<\/td>\n<\/tr>\n<tr>\n<td>Niedrigniveauschalter<\/td>\n<td>\u00d6ffner<\/td>\n<\/tr>\n<\/tbody>\n<\/table>\n<h2>Vorsichtsma\u00dfnahmen<\/h2>\n<p>1. Verschiedene Kontaktschalter d\u00fcrfen den Arbeitsstrom nicht \u00fcberschreiten, da sonst die Kontaktschalter durchbrennen.<br \/>\n2. Unterbrechen Sie bei der Montage oder Reparatur der Schmierpumpe bitte die Stromversorgung.<br \/>\n3. F\u00fchren Sie die Verkabelung gem\u00e4\u00df dem Schaltplan der Schmierpumpe (im Anschlusskasten) durch und schlie\u00dfen Sie die richtige Stromversorgung an.<br \/>\n4. Der anwendbare Schmierstoffviskosit\u00e4tsbereich liegt zwischen NLGI #000 und #00. Bitte verwenden Sie Standardschmierstoff. Wenn die elektrische Schmierpumpe aufgrund der Verwendung von unsauberem \u00d6l oder unsachgem\u00e4\u00dfer Bedienung ausf\u00e4llt, wird dies nicht von der Garantie abgedeckt.<br \/>\n5. Wenn die Schmierpumpe mit Schmiermittel nachgef\u00fcllt wird, achten Sie darauf, dass Sie das Schmiermittel durch das Filtersieb am Nachf\u00fcllanschluss laufen lassen, um das Eindringen von Schmutz zu verhindern.<br \/>\n6. Wenn die Schmierpumpe nicht normal funktioniert, \u00fcberpr\u00fcfen Sie bitte, ob die Rohrleitung besch\u00e4digt ist, ob Luft in der Rohrleitung str\u00f6mt und ob der Schmiermittelstand zu niedrig ist.<br \/>\n7. Es wird empfohlen, den \u00d6lfilter und den Auslassanschluss der Schmierpumpe alle sechs Monate zu reinigen.<\/p>\n<h2>Benutzerhandb\u00fccher<\/h2>\n<div class=\"sdm_download_button_box_default\"><div class=\"sdm_download_link\"><a href=\"https:\/\/www.jinpinlub.com\/de\/?sdm_process_download=1&download_id=3737\" class=\"sdm_download white\" title=\"Privat: JMG Grease Pump\" target=\"&quot;_blank&quot;\">Datenblatt anzeigen - JMG Fettpumpe<\/a><\/div><\/div>","protected":false},"excerpt":{"rendered":"<p>JMG4 ist eine volumetrische Schmierpumpe, die haupts\u00e4chlich in verschiedenen Schmiersystemen von Werkzeugmaschinen verwendet wird. Die Schmierpumpe ist mit einer Druckentlastungsvorrichtung ausgestattet, die mit einem Druckentlastungsfettverteiler zusammenarbeitet, um ein einleitungsbasiertes Druckentlastungsfettschmiersystem zu bilden.<\/p>","protected":false},"featured_media":3787,"template":"","meta":{"ocean_post_layout":"","ocean_both_sidebars_style":"","ocean_both_sidebars_content_width":0,"ocean_both_sidebars_sidebars_width":0,"ocean_sidebar":"0","ocean_second_sidebar":"0","ocean_disable_margins":"enable","ocean_add_body_class":"","ocean_shortcode_before_top_bar":"","ocean_shortcode_after_top_bar":"","ocean_shortcode_before_header":"","ocean_shortcode_after_header":"","ocean_has_shortcode":"","ocean_shortcode_after_title":"","ocean_shortcode_before_footer_widgets":"","ocean_shortcode_after_footer_widgets":"","ocean_shortcode_before_footer_bottom":"","ocean_shortcode_after_footer_bottom":"","ocean_display_top_bar":"default","ocean_display_header":"default","ocean_header_style":"","ocean_center_header_left_menu":"0","ocean_custom_header_template":"0","ocean_custom_logo":0,"ocean_custom_retina_logo":0,"ocean_custom_logo_max_width":0,"ocean_custom_logo_tablet_max_width":0,"ocean_custom_logo_mobile_max_width":0,"ocean_custom_logo_max_height":0,"ocean_custom_logo_tablet_max_height":0,"ocean_custom_logo_mobile_max_height":0,"ocean_header_custom_menu":"0","ocean_menu_typo_font_family":"0","ocean_menu_typo_font_subset":"","ocean_menu_typo_font_size":0,"ocean_menu_typo_font_size_tablet":0,"ocean_menu_typo_font_size_mobile":0,"ocean_menu_typo_font_size_unit":"px","ocean_menu_typo_font_weight":"","ocean_menu_typo_font_weight_tablet":"","ocean_menu_typo_font_weight_mobile":"","ocean_menu_typo_transform":"","ocean_menu_typo_transform_tablet":"","ocean_menu_typo_transform_mobile":"","ocean_menu_typo_line_height":0,"ocean_menu_typo_line_height_tablet":0,"ocean_menu_typo_line_height_mobile":0,"ocean_menu_typo_line_height_unit":"","ocean_menu_typo_spacing":0,"ocean_menu_typo_spacing_tablet":0,"ocean_menu_typo_spacing_mobile":0,"ocean_menu_typo_spacing_unit":"","ocean_menu_link_color":"","ocean_menu_link_color_hover":"","ocean_menu_link_color_active":"","ocean_menu_link_background":"","ocean_menu_link_hover_background":"","ocean_menu_link_active_background":"","ocean_menu_social_links_bg":"","ocean_menu_social_hover_links_bg":"","ocean_menu_social_links_color":"","ocean_menu_social_hover_links_color":"","ocean_disable_title":"default","ocean_disable_heading":"default","ocean_post_title":"","ocean_post_subheading":"","ocean_post_title_style":"","ocean_post_title_background_color":"","ocean_post_title_background":0,"ocean_post_title_bg_image_position":"","ocean_post_title_bg_image_attachment":"","ocean_post_title_bg_image_repeat":"","ocean_post_title_bg_image_size":"","ocean_post_title_height":0,"ocean_post_title_bg_overlay":0.5,"ocean_post_title_bg_overlay_color":"","ocean_disable_breadcrumbs":"default","ocean_breadcrumbs_color":"","ocean_breadcrumbs_separator_color":"","ocean_breadcrumbs_links_color":"","ocean_breadcrumbs_links_hover_color":"","ocean_display_footer_widgets":"default","ocean_display_footer_bottom":"default","ocean_custom_footer_template":"0","osh_disable_topbar_sticky":"default","osh_disable_header_sticky":"default","osh_sticky_header_style":"default","osh_sticky_header_effect":"","osh_custom_sticky_logo":0,"osh_custom_retina_sticky_logo":0,"osh_custom_sticky_logo_height":0,"osh_background_color":"","osh_links_color":"","osh_links_hover_color":"","osh_links_active_color":"","osh_links_bg_color":"","osh_links_hover_bg_color":"","osh_links_active_bg_color":"","osh_menu_social_links_color":"","osh_menu_social_hover_links_color":""},"product_brand":[],"product_cat":[38,37],"product_tag":[74,321,112,185,73],"class_list":{"0":"post-3784","1":"product","2":"type-product","3":"status-publish","4":"has-post-thumbnail","6":"product_cat-electric-pressure-relief-pumps","7":"product_cat-single-line-grease-systems","8":"product_tag-automatic-lubrication-pump","9":"product_tag-automatic-lubrication-system","10":"product_tag-centralized-lubrication-system","11":"product_tag-electric-grease-pump","12":"product_tag-electric-lubrication-pump","14":"entry","15":"has-media","17":"first","18":"instock","19":"shipping-taxable","20":"product-type-external","21":"col","22":"span_1_of_3","23":"owp-content-center","24":"owp-thumbs-layout-horizontal","25":"owp-btn-very-big","26":"owp-tabs-layout-horizontal"},"_links":{"self":[{"href":"https:\/\/www.jinpinlub.com\/de\/wp-json\/wp\/v2\/product\/3784","targetHints":{"allow":["GET"]}}],"collection":[{"href":"https:\/\/www.jinpinlub.com\/de\/wp-json\/wp\/v2\/product"}],"about":[{"href":"https:\/\/www.jinpinlub.com\/de\/wp-json\/wp\/v2\/types\/product"}],"wp:featuredmedia":[{"embeddable":true,"href":"https:\/\/www.jinpinlub.com\/de\/wp-json\/wp\/v2\/media\/3787"}],"wp:attachment":[{"href":"https:\/\/www.jinpinlub.com\/de\/wp-json\/wp\/v2\/media?parent=3784"}],"wp:term":[{"taxonomy":"product_brand","embeddable":true,"href":"https:\/\/www.jinpinlub.com\/de\/wp-json\/wp\/v2\/product_brand?post=3784"},{"taxonomy":"product_cat","embeddable":true,"href":"https:\/\/www.jinpinlub.com\/de\/wp-json\/wp\/v2\/product_cat?post=3784"},{"taxonomy":"product_tag","embeddable":true,"href":"https:\/\/www.jinpinlub.com\/de\/wp-json\/wp\/v2\/product_tag?post=3784"}],"curies":[{"name":"wp","href":"https:\/\/api.w.org\/{rel}","templated":true}]}}