{"id":3826,"date":"2024-10-21T11:11:19","date_gmt":"2024-10-21T03:11:19","guid":{"rendered":"https:\/\/www.jinpinlub.com\/?post_type=product&#038;p=3826"},"modified":"2024-10-21T11:51:36","modified_gmt":"2024-10-21T03:51:36","slug":"kvt-manuelle-zugstange-60-mpa-fettpresse-zum-befullen-mit-schmiermittel","status":"publish","type":"product","link":"https:\/\/www.jinpinlub.com\/de\/product\/kvt-manual-pull-rod-60-mpa-grease-gun-for-lubricant-filling\/","title":{"rendered":"KVT-Fettpresse mit manueller Zugstange und 60 MPa zum Bef\u00fcllen von Schmiermitteln"},"content":{"rendered":"<h2>Merkmale<\/h2>\n<p>Die Fettpresse ist mit einer industriellen \u00d6ldichtung ausgestattet, die kein \u00d6l austritt. Der gro\u00dfe Kolben und das Einzel-Doppelkolbendesign sorgen f\u00fcr hohen Druck und schnelle Entladung.<br \/>\nDer Pistolenkopf ist als Ganzes gegossen und h\u00e4lt einem maximalen Arbeitsdruck von 60 MPa stand.<br \/>\nEs ist mit einer dicken Feder ausgestattet und die industrielle W\u00e4rmebehandlung stellt sicher, dass es sich nicht so leicht verformt oder altert.<br \/>\nDie Fettpresse verf\u00fcgt \u00fcber eine strukturierte Gummimanschette, die ein Abrutschen und Verschlei\u00df wirksam verhindert.<br \/>\nEs verf\u00fcgt \u00fcber ein breites Anwendungsspektrum, beispielsweise zur Schmierung von Landmaschinen, Maschinenbau, Automobil- und Schiffsausr\u00fcstung sowie leichten und schweren Maschinen.<\/p>\n<h2>Spezifikation<\/h2>\n<table>\n<tbody>\n<tr>\n<td>Modell<\/td>\n<td>KVT<\/td>\n<\/tr>\n<tr>\n<td>Schmierzeit<\/td>\n<td>Handbuch<\/td>\n<\/tr>\n<tr>\n<td>Betriebstemperatur<\/td>\n<td>(-20 \u00b0C bis +60 \u00b0C, bei niedrigen Temperaturen ist Frostschutzfett erforderlich)<\/td>\n<\/tr>\n<tr>\n<td>Anzahl der Filialen<\/td>\n<td>1<\/td>\n<\/tr>\n<tr>\n<td>Reservoirkapazit\u00e4t<\/td>\n<td>600 ml<\/td>\n<\/tr>\n<tr>\n<td>Schmiermittel<\/td>\n<td>Bis zu NLGI #3<\/td>\n<\/tr>\n<tr>\n<td>Kolben<\/td>\n<td>8mm Durchmesser<\/td>\n<\/tr>\n<tr>\n<td>Max. Betriebsdruck<\/td>\n<td>60 MPa<\/td>\n<\/tr>\n<tr>\n<td>Zertifizierung<\/td>\n<td>CE<\/td>\n<\/tr>\n<\/tbody>\n<\/table>\n<h2>Vorsichtsma\u00dfnahmen<\/h2>\n<p>1. Schrauben Sie den Fettpressenkopf ab, um ihn vom Zylinder zu trennen.<br \/>\n2. Verriegeln Sie die Verriegelungsplatte am Ende des Laufs und schieben Sie den Griff am Ende des Laufs bis zum Ende.<br \/>\n3. Tauchen Sie das Ende der Fettpresse etwa 30 mm tief in das Fettfass ein und ziehen Sie am Griff am Ende des Fasses, um das Fett in das Fass zu saugen.<br \/>\n4. Schrauben Sie den Kopf der Fettpresse wieder fest, dr\u00fccken Sie die Verriegelungsplatte am Ende des Zylinders und dr\u00fccken Sie den angetriebenen Griff, um mit dem Ablassen zu beginnen.<br \/>\n5. Kontrollieren Sie die Abluft\u00f6ffnung mit den Fingerspitzen. Wenn Sie sehen, dass Fett aus der Abluft\u00f6ffnung austritt, ist die Abluft vollst\u00e4ndig ausgetreten.<br \/>\n6. Best\u00e4tigen Sie nach dem Bef\u00fcllen die Fettzugabeposition des Ger\u00e4ts, schlie\u00dfen Sie die D\u00fcse an und sch\u00fctteln Sie den Griff mit der Armkraft, um Fett hinzuzuf\u00fcgen.<\/p>\n<h2>Benutzerhandb\u00fccher<\/h2>\n<div class=\"sdm_download_button_box_default\"><div class=\"sdm_download_link\"><a href=\"https:\/\/www.jinpinlub.com\/de\/?sdm_process_download=1&download_id=3824\" class=\"sdm_download white\" title=\"Privat: KVT Manual Grease Gun\" target=\"&quot;_blank&quot;\">Datenblatt anzeigen - KVT Manuelle Fettpresse<\/a><\/div><\/div>","protected":false},"excerpt":{"rendered":"<p>Eine manuelle Fettpresse ist ein manuelles Werkzeug zum Bef\u00fcllen mechanischer Ger\u00e4te mit Fett. Sie hat ein gro\u00dfes Fassungsverm\u00f6gen, ist druckbest\u00e4ndig, hat ein sicheres Design, ist einfach zu bedienen und leicht zu tragen. Sie ist ein unverzichtbares Werkzeug f\u00fcr Landmaschinenbediener und Wartungszentren.<\/p>","protected":false},"featured_media":3818,"template":"","meta":{"ocean_post_layout":"","ocean_both_sidebars_style":"","ocean_both_sidebars_content_width":0,"ocean_both_sidebars_sidebars_width":0,"ocean_sidebar":"0","ocean_second_sidebar":"0","ocean_disable_margins":"enable","ocean_add_body_class":"","ocean_shortcode_before_top_bar":"","ocean_shortcode_after_top_bar":"","ocean_shortcode_before_header":"","ocean_shortcode_after_header":"","ocean_has_shortcode":"","ocean_shortcode_after_title":"","ocean_shortcode_before_footer_widgets":"","ocean_shortcode_after_footer_widgets":"","ocean_shortcode_before_footer_bottom":"","ocean_shortcode_after_footer_bottom":"","ocean_display_top_bar":"default","ocean_display_header":"default","ocean_header_style":"","ocean_center_header_left_menu":"0","ocean_custom_header_template":"0","ocean_custom_logo":0,"ocean_custom_retina_logo":0,"ocean_custom_logo_max_width":0,"ocean_custom_logo_tablet_max_width":0,"ocean_custom_logo_mobile_max_width":0,"ocean_custom_logo_max_height":0,"ocean_custom_logo_tablet_max_height":0,"ocean_custom_logo_mobile_max_height":0,"ocean_header_custom_menu":"0","ocean_menu_typo_font_family":"0","ocean_menu_typo_font_subset":"","ocean_menu_typo_font_size":0,"ocean_menu_typo_font_size_tablet":0,"ocean_menu_typo_font_size_mobile":0,"ocean_menu_typo_font_size_unit":"px","ocean_menu_typo_font_weight":"","ocean_menu_typo_font_weight_tablet":"","ocean_menu_typo_font_weight_mobile":"","ocean_menu_typo_transform":"","ocean_menu_typo_transform_tablet":"","ocean_menu_typo_transform_mobile":"","ocean_menu_typo_line_height":0,"ocean_menu_typo_line_height_tablet":0,"ocean_menu_typo_line_height_mobile":0,"ocean_menu_typo_line_height_unit":"","ocean_menu_typo_spacing":0,"ocean_menu_typo_spacing_tablet":0,"ocean_menu_typo_spacing_mobile":0,"ocean_menu_typo_spacing_unit":"","ocean_menu_link_color":"","ocean_menu_link_color_hover":"","ocean_menu_link_color_active":"","ocean_menu_link_background":"","ocean_menu_link_hover_background":"","ocean_menu_link_active_background":"","ocean_menu_social_links_bg":"","ocean_menu_social_hover_links_bg":"","ocean_menu_social_links_color":"","ocean_menu_social_hover_links_color":"","ocean_disable_title":"default","ocean_disable_heading":"default","ocean_post_title":"","ocean_post_subheading":"","ocean_post_title_style":"","ocean_post_title_background_color":"","ocean_post_title_background":0,"ocean_post_title_bg_image_position":"","ocean_post_title_bg_image_attachment":"","ocean_post_title_bg_image_repeat":"","ocean_post_title_bg_image_size":"","ocean_post_title_height":0,"ocean_post_title_bg_overlay":0.5,"ocean_post_title_bg_overlay_color":"","ocean_disable_breadcrumbs":"default","ocean_breadcrumbs_color":"","ocean_breadcrumbs_separator_color":"","ocean_breadcrumbs_links_color":"","ocean_breadcrumbs_links_hover_color":"","ocean_display_footer_widgets":"default","ocean_display_footer_bottom":"default","ocean_custom_footer_template":"0","osh_disable_topbar_sticky":"default","osh_disable_header_sticky":"default","osh_sticky_header_style":"default","osh_sticky_header_effect":"","osh_custom_sticky_logo":0,"osh_custom_retina_sticky_logo":0,"osh_custom_sticky_logo_height":0,"osh_background_color":"","osh_links_color":"","osh_links_hover_color":"","osh_links_active_color":"","osh_links_bg_color":"","osh_links_hover_bg_color":"","osh_links_active_bg_color":"","osh_menu_social_links_color":"","osh_menu_social_hover_links_color":""},"product_brand":[],"product_cat":[32],"product_tag":[327,326,328,325,324],"class_list":{"0":"post-3826","1":"product","2":"type-product","3":"status-publish","4":"has-post-thumbnail","6":"product_cat-lubricant-filling-pumps","7":"product_tag-grease-filler","8":"product_tag-grease-filling-gun","9":"product_tag-grease-syringe","10":"product_tag-hand-operated-grease-gun","11":"product_tag-manual-grease-gun","13":"entry","14":"has-media","16":"first","17":"instock","18":"shipping-taxable","19":"product-type-external","20":"col","21":"span_1_of_3","22":"owp-content-center","23":"owp-thumbs-layout-horizontal","24":"owp-btn-very-big","25":"owp-tabs-layout-horizontal"},"_links":{"self":[{"href":"https:\/\/www.jinpinlub.com\/de\/wp-json\/wp\/v2\/product\/3826","targetHints":{"allow":["GET"]}}],"collection":[{"href":"https:\/\/www.jinpinlub.com\/de\/wp-json\/wp\/v2\/product"}],"about":[{"href":"https:\/\/www.jinpinlub.com\/de\/wp-json\/wp\/v2\/types\/product"}],"wp:featuredmedia":[{"embeddable":true,"href":"https:\/\/www.jinpinlub.com\/de\/wp-json\/wp\/v2\/media\/3818"}],"wp:attachment":[{"href":"https:\/\/www.jinpinlub.com\/de\/wp-json\/wp\/v2\/media?parent=3826"}],"wp:term":[{"taxonomy":"product_brand","embeddable":true,"href":"https:\/\/www.jinpinlub.com\/de\/wp-json\/wp\/v2\/product_brand?post=3826"},{"taxonomy":"product_cat","embeddable":true,"href":"https:\/\/www.jinpinlub.com\/de\/wp-json\/wp\/v2\/product_cat?post=3826"},{"taxonomy":"product_tag","embeddable":true,"href":"https:\/\/www.jinpinlub.com\/de\/wp-json\/wp\/v2\/product_tag?post=3826"}],"curies":[{"name":"wp","href":"https:\/\/api.w.org\/{rel}","templated":true}]}}