{"id":3828,"date":"2024-10-21T15:11:16","date_gmt":"2024-10-21T07:11:16","guid":{"rendered":"https:\/\/www.jinpinlub.com\/?post_type=product&#038;p=3828"},"modified":"2024-10-29T17:04:52","modified_gmt":"2024-10-29T09:04:52","slug":"jdy-50s-ultrahochdruck-lithiumfett-abfullmaschine","status":"publish","type":"product","link":"https:\/\/www.jinpinlub.com\/de\/product\/jdy-50s-ultra-high-pressure-lithium-grease-filling-machine\/","title":{"rendered":"JDY-50S Ultrahochdruck-Lithiumfett-Abf\u00fcllmaschine"},"content":{"rendered":"<h2>Merkmale<\/h2>\n<p>Der \u00d6lansauganschluss der Schmierpumpe ist mit einem Filter ausgestattet, um das Eindringen von Verunreinigungen in den Pumpenk\u00f6rper zu verhindern. Der Pumpenkern verwendet hochwertige Polyurethan-\u00d6ldichtungen mit st\u00e4rkerer Verschlei\u00dffestigkeit. Er ist speziell f\u00fcr hochviskoses Fett ausgelegt und ist besser mit hochviskosem Fett kompatibel. Der Lufteinlass des pneumatischen Pumpenkopfes ist mit einem \u00d6l-Wasser-Abscheider mit Doppelbecher ausgestattet. Diese Abf\u00fcllmaschine ist mit nicht korrosiven \u00d6len kompatibel und eignet sich f\u00fcr: Lithium-basiertes Fett NLGI 00#~3# und hochtemperaturbest\u00e4ndiges Spezialfett.<\/p>\n<h2>Spezifikation<\/h2>\n<table>\n<tbody>\n<tr>\n<td>Druckverh\u00e4ltnis<\/td>\n<td>80:1<\/td>\n<\/tr>\n<tr>\n<td>Maximaler Druck<\/td>\n<td>80 MPa<\/td>\n<\/tr>\n<tr>\n<td>Maximaler Durchfluss<\/td>\n<td>600-900 g\/min<\/td>\n<\/tr>\n<tr>\n<td>Schmiermittel<\/td>\n<td>NLGI 00# ~ 3#<\/td>\n<\/tr>\n<tr>\n<td>Druckbereich<\/td>\n<td>0,5 bis 0,9 MPa<\/td>\n<\/tr>\n<tr>\n<td>Temperatur<\/td>\n<td>80\u2103<\/td>\n<\/tr>\n<tr>\n<td>F\u00f6rderkopf<\/td>\n<td>80 m<\/td>\n<\/tr>\n<tr>\n<td>Schlauchl\u00e4nge<\/td>\n<td>10 m\/15 m<\/td>\n<\/tr>\n<tr>\n<td>Fettf\u00fcllung<\/td>\n<td>15-20kg im Fass<\/td>\n<\/tr>\n<tr>\n<td>Gewicht<\/td>\n<td>15 kg<\/td>\n<\/tr>\n<tr>\n<td>Verpackung<\/td>\n<td>800 x 400 x 400 mm<\/td>\n<\/tr>\n<\/tbody>\n<\/table>\n<h2>Vorsichtsma\u00dfnahmen<\/h2>\n<p>1. Dies ist eine pneumatische Fettabf\u00fcllmaschine und muss vor der Verwendung an eine Luftquelle angeschlossen werden.<br \/>\n2. Es ist strengstens verboten, brennbares Gas f\u00fcr Fettmaschinen zu verwenden, andernfalls erfolgen die Folgen auf eigene Gefahr.<br \/>\n3. Fettabf\u00fcllmaschinen m\u00fcssen je nach Jahreszeit mit unterschiedlichen Schmiermitteln kompatibel sein: NLGI 1#~2# im Fr\u00fchjahr und Herbst, NLGI 2#~3# im Sommer und NLGI 0#~2# im Winter.<br \/>\n4. Wenn nicht gearbeitet werden muss, verwenden Sie die Fettmaschine nicht \u00fcber einen l\u00e4ngeren Zeitraum ohne Last, um eine Besch\u00e4digung der Innenteile zu vermeiden.<br \/>\n5. Es ist verboten, mit dieser Maschine Menschen und Tiere zu bespr\u00fchen.<br \/>\n6. Wenn die Fettpresse nicht mehr funktioniert, schalten Sie bitte die Luftquelle aus und schie\u00dfen Sie, um den Druck im Schlauch abzulassen.<br \/>\n7. Achten Sie auf die regelm\u00e4\u00dfige Wartung der Fettmaschine und reinigen Sie den Schlauch.<\/p>\n<h2>Benutzerhandb\u00fccher<\/h2>\n<div class=\"sdm_download_button_box_default\"><div class=\"sdm_download_link\"><a href=\"https:\/\/www.jinpinlub.com\/de\/?sdm_process_download=1&download_id=3825\" class=\"sdm_download white\" title=\"Privat: JDY-50S Filling Pump\" target=\"&quot;_blank&quot;\">Datenblatt anzeigen - JDY-50S F\u00fcllpumpe<\/a><\/div><\/div>","protected":false},"excerpt":{"rendered":"<p>JDY-50 ist eine pneumatische Fettf\u00fcllmaschine mit hohem Druck, einfacher Bedienung und hohem Durchfluss. Sie wird f\u00fcr die Autowartung, Lackierung, Transport, mechanische Werkzeuge, Windkrafttechnik, Kraftwerke, landwirtschaftliche Maschinen, Metallherstellung usw. verwendet.<\/p>","protected":false},"featured_media":3814,"template":"","meta":{"ocean_post_layout":"","ocean_both_sidebars_style":"","ocean_both_sidebars_content_width":0,"ocean_both_sidebars_sidebars_width":0,"ocean_sidebar":"0","ocean_second_sidebar":"0","ocean_disable_margins":"enable","ocean_add_body_class":"","ocean_shortcode_before_top_bar":"","ocean_shortcode_after_top_bar":"","ocean_shortcode_before_header":"","ocean_shortcode_after_header":"","ocean_has_shortcode":"","ocean_shortcode_after_title":"","ocean_shortcode_before_footer_widgets":"","ocean_shortcode_after_footer_widgets":"","ocean_shortcode_before_footer_bottom":"","ocean_shortcode_after_footer_bottom":"","ocean_display_top_bar":"default","ocean_display_header":"default","ocean_header_style":"","ocean_center_header_left_menu":"0","ocean_custom_header_template":"0","ocean_custom_logo":0,"ocean_custom_retina_logo":0,"ocean_custom_logo_max_width":0,"ocean_custom_logo_tablet_max_width":0,"ocean_custom_logo_mobile_max_width":0,"ocean_custom_logo_max_height":0,"ocean_custom_logo_tablet_max_height":0,"ocean_custom_logo_mobile_max_height":0,"ocean_header_custom_menu":"0","ocean_menu_typo_font_family":"0","ocean_menu_typo_font_subset":"","ocean_menu_typo_font_size":0,"ocean_menu_typo_font_size_tablet":0,"ocean_menu_typo_font_size_mobile":0,"ocean_menu_typo_font_size_unit":"px","ocean_menu_typo_font_weight":"","ocean_menu_typo_font_weight_tablet":"","ocean_menu_typo_font_weight_mobile":"","ocean_menu_typo_transform":"","ocean_menu_typo_transform_tablet":"","ocean_menu_typo_transform_mobile":"","ocean_menu_typo_line_height":0,"ocean_menu_typo_line_height_tablet":0,"ocean_menu_typo_line_height_mobile":0,"ocean_menu_typo_line_height_unit":"","ocean_menu_typo_spacing":0,"ocean_menu_typo_spacing_tablet":0,"ocean_menu_typo_spacing_mobile":0,"ocean_menu_typo_spacing_unit":"","ocean_menu_link_color":"","ocean_menu_link_color_hover":"","ocean_menu_link_color_active":"","ocean_menu_link_background":"","ocean_menu_link_hover_background":"","ocean_menu_link_active_background":"","ocean_menu_social_links_bg":"","ocean_menu_social_hover_links_bg":"","ocean_menu_social_links_color":"","ocean_menu_social_hover_links_color":"","ocean_disable_title":"default","ocean_disable_heading":"default","ocean_post_title":"","ocean_post_subheading":"","ocean_post_title_style":"","ocean_post_title_background_color":"","ocean_post_title_background":0,"ocean_post_title_bg_image_position":"","ocean_post_title_bg_image_attachment":"","ocean_post_title_bg_image_repeat":"","ocean_post_title_bg_image_size":"","ocean_post_title_height":0,"ocean_post_title_bg_overlay":0.5,"ocean_post_title_bg_overlay_color":"","ocean_disable_breadcrumbs":"default","ocean_breadcrumbs_color":"","ocean_breadcrumbs_separator_color":"","ocean_breadcrumbs_links_color":"","ocean_breadcrumbs_links_hover_color":"","ocean_display_footer_widgets":"default","ocean_display_footer_bottom":"default","ocean_custom_footer_template":"0","osh_disable_topbar_sticky":"default","osh_disable_header_sticky":"default","osh_sticky_header_style":"default","osh_sticky_header_effect":"","osh_custom_sticky_logo":0,"osh_custom_retina_sticky_logo":0,"osh_custom_sticky_logo_height":0,"osh_background_color":"","osh_links_color":"","osh_links_hover_color":"","osh_links_active_color":"","osh_links_bg_color":"","osh_links_hover_bg_color":"","osh_links_active_bg_color":"","osh_menu_social_links_color":"","osh_menu_social_hover_links_color":""},"product_brand":[],"product_cat":[32],"product_tag":[331,333,332,330,329],"class_list":{"0":"post-3828","1":"product","2":"type-product","3":"status-publish","4":"has-post-thumbnail","6":"product_cat-lubricant-filling-pumps","7":"product_tag-butter-filling-gun","8":"product_tag-high-pressure-grease-injector","9":"product_tag-mobile-grease-machine","10":"product_tag-oil-filling-machine","11":"product_tag-pneumatic-butter-machine","13":"entry","14":"has-media","16":"first","17":"instock","18":"shipping-taxable","19":"product-type-external","20":"col","21":"span_1_of_3","22":"owp-content-center","23":"owp-thumbs-layout-horizontal","24":"owp-btn-very-big","25":"owp-tabs-layout-horizontal"},"_links":{"self":[{"href":"https:\/\/www.jinpinlub.com\/de\/wp-json\/wp\/v2\/product\/3828","targetHints":{"allow":["GET"]}}],"collection":[{"href":"https:\/\/www.jinpinlub.com\/de\/wp-json\/wp\/v2\/product"}],"about":[{"href":"https:\/\/www.jinpinlub.com\/de\/wp-json\/wp\/v2\/types\/product"}],"wp:featuredmedia":[{"embeddable":true,"href":"https:\/\/www.jinpinlub.com\/de\/wp-json\/wp\/v2\/media\/3814"}],"wp:attachment":[{"href":"https:\/\/www.jinpinlub.com\/de\/wp-json\/wp\/v2\/media?parent=3828"}],"wp:term":[{"taxonomy":"product_brand","embeddable":true,"href":"https:\/\/www.jinpinlub.com\/de\/wp-json\/wp\/v2\/product_brand?post=3828"},{"taxonomy":"product_cat","embeddable":true,"href":"https:\/\/www.jinpinlub.com\/de\/wp-json\/wp\/v2\/product_cat?post=3828"},{"taxonomy":"product_tag","embeddable":true,"href":"https:\/\/www.jinpinlub.com\/de\/wp-json\/wp\/v2\/product_tag?post=3828"}],"curies":[{"name":"wp","href":"https:\/\/api.w.org\/{rel}","templated":true}]}}