{"id":3837,"date":"2024-10-30T03:05:19","date_gmt":"2024-10-29T19:05:19","guid":{"rendered":"https:\/\/www.jinpinlub.com\/?post_type=product&#038;p=3837"},"modified":"2024-10-30T03:15:16","modified_gmt":"2024-10-29T19:15:16","slug":"jom-pneumatischer-ol-luft-gemischter-einstellbarer-olnebel-schmierstoffgeber","status":"publish","type":"product","link":"https:\/\/www.jinpinlub.com\/de\/product\/jom-pneumatic-oil-air-mixed-adjustable-oil-mist-lubricator\/","title":{"rendered":"JOM Pneumatischer \u00d6l-Luft-Misch\u00f6ler mit einstellbarem \u00d6lnebel"},"content":{"rendered":"<h2>Merkmale<\/h2>\n<p>1. Die \u00d6lnebelpumpe von JOM eignet sich f\u00fcr die Hochgeschwindigkeits-Schneidschmierung, die Gro\u00dffl\u00e4chenschmierung, die spezielle Prozessschmierung und die K\u00fchlung.<br \/>\n2. Der Auslass der \u00d6lnebelpumpe kann mit verschiedenen D\u00fcsentypen ausgestattet werden, die f\u00fcr verschiedene Schneidwerkzeuge geeignet sind.<br \/>\n3. Die \u00d6lnebelpumpe ist mit einem \u00d6lmengeneinstellknopf ausgestattet, mit dem die \u00d6lmenge eingestellt werden kann. Drehen Sie den \u00d6lmengeneinstellknopf gegen den Uhrzeigersinn. Je gr\u00f6\u00dfer die Luftmenge, desto mehr \u00d6lnebel entsteht. Drehen Sie im Uhrzeigersinn, desto weniger \u00d6lnebel entsteht.<br \/>\n4. Durch das transparente \u00d6ltropfenfenster kann beobachtet werden, ob die Pumpe normal funktioniert, und durch den \u00d6lspiegel kann der \u00d6lstand beobachtet werden.<br \/>\n5. Die Luftdruckquelle der \u00d6lnebelpumpe kann direkt \u00fcber den Luftkompressor angetrieben werden, oder das Magnetventil kann zum Steuern des EIN-\/AUS-Schaltvorgangs der Luftquelle verwendet werden.<br \/>\n6. Der Bereich der Luftdruckquelle betr\u00e4gt 4 bis 8 Bar und der Zerst\u00e4ubungseffekt ist am besten.<br \/>\n7. Bitte verwenden Sie Schmier\u00f6l oder Schneidwasser mit einem Viskosit\u00e4tsbereich von 22\u201368 cst bei 40 \u00b0C. Die Zugabe von fl\u00fcchtigen \u00d6len wie Estern oder auf Ethylenglykol basierenden \u00d6len ist jedoch verboten.<\/p>\n<h2>Spezifikation<\/h2>\n<table>\n<tbody>\n<tr>\n<td>Lufteinlass<\/td>\n<td>PT\/4<\/td>\n<\/tr>\n<tr>\n<td>\u00d6lnebelauslass<\/td>\n<td>PT\/4<\/td>\n<\/tr>\n<tr>\n<td>Druckbereich<\/td>\n<td>Max 15bar<\/td>\n<\/tr>\n<tr>\n<td>Kapazit\u00e4t<\/td>\n<td>2 l, 4 l, 6 l<\/td>\n<\/tr>\n<tr>\n<td>Arbeitstemperatur<\/td>\n<td>5\u2103~60\u2103<\/td>\n<\/tr>\n<tr>\n<td>F\u00f6rderkopf<\/td>\n<td>80 m<\/td>\n<\/tr>\n<tr>\n<td>Fettf\u00fcllung<\/td>\n<td>15-20kg im Fass<\/td>\n<\/tr>\n<tr>\n<td>Gewicht<\/td>\n<td>5~10 kg<\/td>\n<\/tr>\n<\/tbody>\n<\/table>\n<h2>Vorsichtsma\u00dfnahmen<\/h2>\n<p>1. Nach l\u00e4ngerem Einsatz der \u00d6lnebelschmierpumpe sollten alle Rohrleitungen, Schl\u00e4uche und Anschl\u00fcsse regelm\u00e4\u00dfig auf von au\u00dfen sichtbare Undichtigkeiten oder Sch\u00e4den \u00fcberpr\u00fcft werden. Falls vorhanden, sollten diese umgehend repariert werden.<br \/>\n2. Bewahren Sie diese Bedienungsanleitung sorgf\u00e4ltig auf und legen Sie sie an einem leicht zug\u00e4nglichen Ort ab.<br \/>\n3. Es wird empfohlen, die \u00d6lnebelschmierpumpe t\u00e4glich zu \u00fcberpr\u00fcfen, um einen sicheren und guten Betrieb zu gew\u00e4hrleisten. Alle sechs Monate ist eine umfassendere Inspektion erforderlich, um festzustellen, ob das Ger\u00e4t abgenutzt oder gealtert ist.<br \/>\n4. Stellen Sie vor der Wartung oder Reparatur der \u00d6lnebel-Schmierpumpe sicher, dass die Antriebsvorrichtung nicht unbeabsichtigt startet, und schalten Sie die Stromversorgung aus und trennen Sie sie, bevor Sie damit arbeiten. Andernfalls kann es zu Verletzungen kommen.<br \/>\n5. Der Zweck der regelm\u00e4\u00dfigen Wartung besteht darin, sicherzustellen, dass das Ger\u00e4t normal funktioniert und seine Wirksamkeit maximiert. Daher kann eine gute Wartungsqualit\u00e4t den normalen Betrieb des Ger\u00e4ts aufrechterhalten.<\/p>\n<h2>Benutzerhandb\u00fccher<\/h2>\n<div class=\"sdm_download_button_box_default\"><div class=\"sdm_download_link\"><a href=\"https:\/\/www.jinpinlub.com\/de\/?sdm_process_download=1&download_id=3831\" class=\"sdm_download white\" title=\"Privat: JOM Oil-mist Pump\" target=\"&quot;_blank&quot;\">Datenblatt anzeigen - JOM \u00d6lnebelpumpe<\/a><\/div><\/div>","protected":false},"excerpt":{"rendered":"<p>Die pneumatische \u00d6lnebelschmierpumpe von JOM eignet sich f\u00fcr Hochgeschwindigkeitsschneiden, Gro\u00dffl\u00e4chenschmierung, Schmierung und K\u00fchlung mechanischer Bearbeitungen. Sie ist mit einem Sensor f\u00fcr niedrigen \u00d6lstand ausgestattet und verf\u00fcgt \u00fcber einen Einstellknopf zum Erh\u00f6hen oder Verringern der \u00d6lnebelmenge.<\/p>","protected":false},"featured_media":3833,"template":"","meta":{"ocean_post_layout":"","ocean_both_sidebars_style":"","ocean_both_sidebars_content_width":0,"ocean_both_sidebars_sidebars_width":0,"ocean_sidebar":"0","ocean_second_sidebar":"0","ocean_disable_margins":"enable","ocean_add_body_class":"","ocean_shortcode_before_top_bar":"","ocean_shortcode_after_top_bar":"","ocean_shortcode_before_header":"","ocean_shortcode_after_header":"","ocean_has_shortcode":"","ocean_shortcode_after_title":"","ocean_shortcode_before_footer_widgets":"","ocean_shortcode_after_footer_widgets":"","ocean_shortcode_before_footer_bottom":"","ocean_shortcode_after_footer_bottom":"","ocean_display_top_bar":"default","ocean_display_header":"default","ocean_header_style":"","ocean_center_header_left_menu":"0","ocean_custom_header_template":"0","ocean_custom_logo":0,"ocean_custom_retina_logo":0,"ocean_custom_logo_max_width":0,"ocean_custom_logo_tablet_max_width":0,"ocean_custom_logo_mobile_max_width":0,"ocean_custom_logo_max_height":0,"ocean_custom_logo_tablet_max_height":0,"ocean_custom_logo_mobile_max_height":0,"ocean_header_custom_menu":"0","ocean_menu_typo_font_family":"0","ocean_menu_typo_font_subset":"","ocean_menu_typo_font_size":0,"ocean_menu_typo_font_size_tablet":0,"ocean_menu_typo_font_size_mobile":0,"ocean_menu_typo_font_size_unit":"px","ocean_menu_typo_font_weight":"","ocean_menu_typo_font_weight_tablet":"","ocean_menu_typo_font_weight_mobile":"","ocean_menu_typo_transform":"","ocean_menu_typo_transform_tablet":"","ocean_menu_typo_transform_mobile":"","ocean_menu_typo_line_height":0,"ocean_menu_typo_line_height_tablet":0,"ocean_menu_typo_line_height_mobile":0,"ocean_menu_typo_line_height_unit":"","ocean_menu_typo_spacing":0,"ocean_menu_typo_spacing_tablet":0,"ocean_menu_typo_spacing_mobile":0,"ocean_menu_typo_spacing_unit":"","ocean_menu_link_color":"","ocean_menu_link_color_hover":"","ocean_menu_link_color_active":"","ocean_menu_link_background":"","ocean_menu_link_hover_background":"","ocean_menu_link_active_background":"","ocean_menu_social_links_bg":"","ocean_menu_social_hover_links_bg":"","ocean_menu_social_links_color":"","ocean_menu_social_hover_links_color":"","ocean_disable_title":"default","ocean_disable_heading":"default","ocean_post_title":"","ocean_post_subheading":"","ocean_post_title_style":"","ocean_post_title_background_color":"","ocean_post_title_background":0,"ocean_post_title_bg_image_position":"","ocean_post_title_bg_image_attachment":"","ocean_post_title_bg_image_repeat":"","ocean_post_title_bg_image_size":"","ocean_post_title_height":0,"ocean_post_title_bg_overlay":0.5,"ocean_post_title_bg_overlay_color":"","ocean_disable_breadcrumbs":"default","ocean_breadcrumbs_color":"","ocean_breadcrumbs_separator_color":"","ocean_breadcrumbs_links_color":"","ocean_breadcrumbs_links_hover_color":"","ocean_display_footer_widgets":"default","ocean_display_footer_bottom":"default","ocean_custom_footer_template":"0","osh_disable_topbar_sticky":"default","osh_disable_header_sticky":"default","osh_sticky_header_style":"default","osh_sticky_header_effect":"","osh_custom_sticky_logo":0,"osh_custom_retina_sticky_logo":0,"osh_custom_sticky_logo_height":0,"osh_background_color":"","osh_links_color":"","osh_links_hover_color":"","osh_links_active_color":"","osh_links_bg_color":"","osh_links_hover_bg_color":"","osh_links_active_bg_color":"","osh_menu_social_links_color":"","osh_menu_social_hover_links_color":""},"product_brand":[],"product_cat":[46],"product_tag":[338,337,334,336,335],"class_list":{"0":"post-3837","1":"product","2":"type-product","3":"status-publish","4":"has-post-thumbnail","6":"product_cat-oil-mist-lubrication-systems","7":"product_tag-atomizing-lubrication-pump","8":"product_tag-cooling-lubrication-pump","9":"product_tag-oil-mist-lubrication-pump","10":"product_tag-oil-air-mixing-pump","11":"product_tag-pneumatic-lubrication-pump","13":"entry","14":"has-media","16":"first","17":"instock","18":"shipping-taxable","19":"product-type-external","20":"col","21":"span_1_of_3","22":"owp-content-center","23":"owp-thumbs-layout-horizontal","24":"owp-btn-very-big","25":"owp-tabs-layout-horizontal"},"_links":{"self":[{"href":"https:\/\/www.jinpinlub.com\/de\/wp-json\/wp\/v2\/product\/3837","targetHints":{"allow":["GET"]}}],"collection":[{"href":"https:\/\/www.jinpinlub.com\/de\/wp-json\/wp\/v2\/product"}],"about":[{"href":"https:\/\/www.jinpinlub.com\/de\/wp-json\/wp\/v2\/types\/product"}],"wp:featuredmedia":[{"embeddable":true,"href":"https:\/\/www.jinpinlub.com\/de\/wp-json\/wp\/v2\/media\/3833"}],"wp:attachment":[{"href":"https:\/\/www.jinpinlub.com\/de\/wp-json\/wp\/v2\/media?parent=3837"}],"wp:term":[{"taxonomy":"product_brand","embeddable":true,"href":"https:\/\/www.jinpinlub.com\/de\/wp-json\/wp\/v2\/product_brand?post=3837"},{"taxonomy":"product_cat","embeddable":true,"href":"https:\/\/www.jinpinlub.com\/de\/wp-json\/wp\/v2\/product_cat?post=3837"},{"taxonomy":"product_tag","embeddable":true,"href":"https:\/\/www.jinpinlub.com\/de\/wp-json\/wp\/v2\/product_tag?post=3837"}],"curies":[{"name":"wp","href":"https:\/\/api.w.org\/{rel}","templated":true}]}}