{"id":3838,"date":"2024-11-01T03:13:38","date_gmt":"2024-10-31T19:13:38","guid":{"rendered":"https:\/\/www.jinpinlub.com\/?post_type=product&#038;p=3838"},"modified":"2024-11-01T03:36:26","modified_gmt":"2024-10-31T19:36:26","slug":"nylon-olburste-mit-sockel-zur-schmierung-der-kettenfuhrungsschiene","status":"publish","type":"product","link":"https:\/\/www.jinpinlub.com\/de\/product\/nylon-oil-brush-with-base-for-chain-guide-rail-lubrication\/","title":{"rendered":"Nylon-\u00d6lb\u00fcrste mit Sockel zur Schmierung der Kettenf\u00fchrungsschiene"},"content":{"rendered":"<h2>Merkmale<\/h2>\n<p>Um die M\u00e4ngel der manuellen Schmierung der Kette zu beheben, empfehlen wir die Verwendung einer zeitgesteuerten automatischen Schmierung, kombiniert mit \u00d6lb\u00fcrsten f\u00fcr eine gute Schmierung.<br \/>\n1. Verl\u00e4ngern Sie die Lebensdauer der Kette.<br \/>\n2. Reduzieren Sie die Anzahl der Ausfallzeiten und Ausfallzeiten.<br \/>\n3. Reduzieren Sie den Energieverlust.<br \/>\n4. Die \u00d6lb\u00fcrste kann den Schmier\u00f6lverlust reduzieren.<br \/>\n5. Die \u00d6lb\u00fcrste kann die Vibrationen und St\u00f6\u00dfe der Kette absorbieren und Ger\u00e4usche reduzieren.<br \/>\n6. Reduzieren Sie die Temperatur der schnell laufenden Kette.<br \/>\n7. Die \u00d6lb\u00fcrste entfernt Staub und Verunreinigungen usw. und bildet besser einen \u00d6lfilm zum Schutz der Ketten\u00fcbertragung.<br \/>\nDie optionalen g\u00e4ngigen Gr\u00f6\u00dfen von Kettenb\u00fcrsten sind 30 mm, 45 mm, 60 mm und 80 mm.<\/p>\n<h2>Spezifikation<\/h2>\n<figure id=\"attachment_3839\" aria-describedby=\"caption-attachment-3839\" style=\"width: 800px\" class=\"wp-caption alignnone\"><img loading=\"lazy\" decoding=\"async\" class=\"size-full wp-image-3839\" src=\"https:\/\/www.jinpinlub.com\/wp-content\/uploads\/2024\/11\/Nylon-oil-brush-5.jpg\" alt=\"Nylon-\u00d6lpinsel (5)\" width=\"800\" height=\"326\" srcset=\"https:\/\/www.jinpinlub.com\/wp-content\/uploads\/2024\/11\/Nylon-oil-brush-5.jpg 800w, https:\/\/www.jinpinlub.com\/wp-content\/uploads\/2024\/11\/Nylon-oil-brush-5-300x122.jpg 300w, https:\/\/www.jinpinlub.com\/wp-content\/uploads\/2024\/11\/Nylon-oil-brush-5-768x313.jpg 768w, https:\/\/www.jinpinlub.com\/wp-content\/uploads\/2024\/11\/Nylon-oil-brush-5-18x7.jpg 18w\" sizes=\"auto, (max-width: 800px) 100vw, 800px\" \/><figcaption id=\"caption-attachment-3839\" class=\"wp-caption-text\">Nylon-\u00d6lpinsel (5)<\/figcaption><\/figure>\n<table>\n<tbody>\n<tr>\n<td>Modell<\/td>\n<td>Innengewinde<\/td>\n<td>NW (g)<\/td>\n<\/tr>\n<tr>\n<td>OM408<\/td>\n<td>M8xP1.0<\/td>\n<td>11<\/td>\n<\/tr>\n<tr>\n<td>OM610<\/td>\n<td>M10xP1.0<\/td>\n<td>15<\/td>\n<\/tr>\n<tr>\n<td>OM601<\/td>\n<td>PT1\/8<\/td>\n<td>17<\/td>\n<\/tr>\n<tr>\n<td>OML601<\/td>\n<td>PT1\/8<\/td>\n<td>25<\/td>\n<\/tr>\n<tr>\n<td>OML401<\/td>\n<td>PT1\/8<\/td>\n<td>27<\/td>\n<\/tr>\n<\/tbody>\n<\/table>\n<h2>Anwendung<\/h2>\n<p>Die am h\u00e4ufigsten verwendete Anwendung von B\u00fcrsten f\u00fcr automatische Schmiersysteme ist die Kettenschmierung. Dazu geh\u00f6ren haupts\u00e4chlich F\u00f6rderketten, Antriebsketten, spezielle professionelle Ketten, Zugketten usw. Kettenantriebe werden h\u00e4ufig im Bereich mechanischer Antriebe eingesetzt. Die meisten herk\u00f6mmlichen Ketten verwenden hochviskoses Schmier\u00f6l und -fett, das manuell auf die Oberfl\u00e4che der Kette aufgetragen wird. Das automatische Kettenschmiersystem mit \u00d6lb\u00fcrsten kann die meisten Kettenfehler beheben, wie zum Beispiel:<br \/>\nWenn die Innenseite der Kette nicht ausreichend geschmiert ist, kann es leicht zu Verschlei\u00df und Korrosion kommen, wodurch sich die Kette lockert oder knickt.<br \/>\nBeim Laufen der Kette wird durch die hohe Geschwindigkeit das an der Oberfl\u00e4che haftende Schmier\u00f6l abgeworfen, wodurch die Kette den Schutz des Schmier\u00f6ls verliert.<br \/>\nWenn die Kette l\u00e4uft und die Umgebung feucht oder staubig ist, k\u00f6nnen Staub und andere Verunreinigungen in das Innere der Kette gelangen und Verschlei\u00df und Korrosion verursachen.<\/p>\n<h2>Benutzerhandb\u00fccher<\/h2>\n<div class=\"sdm_download_button_box_default\"><div class=\"sdm_download_link\"><a href=\"https:\/\/www.jinpinlub.com\/de\/?sdm_process_download=1&download_id=3171\" class=\"sdm_download white\" title=\"Privat: OM\/JD\/PKD\/PJD\/PJDB\" target=\"&quot;_blank&quot;\">Datenblatt anzeigen \u2013 OM\/JD\/PKD\/PJD\/PJDB<\/a><\/div><\/div>","protected":false},"excerpt":{"rendered":"<p>Nylon-\u00d6lb\u00fcrsten werden in automatischen Schmiersystemen zur Kettenschmierung, F\u00fchrungsschienenschmierung usw. verwendet. Sie k\u00f6nnen nicht nur f\u00fcr eine ausreichende Infiltrationsschmierung der Schmierteile sorgen, sondern auch an den Schmierteilen haftende Verunreinigungen wie Staub und Schmutz entfernen.<\/p>","protected":false},"featured_media":3842,"template":"","meta":{"ocean_post_layout":"","ocean_both_sidebars_style":"","ocean_both_sidebars_content_width":0,"ocean_both_sidebars_sidebars_width":0,"ocean_sidebar":"0","ocean_second_sidebar":"0","ocean_disable_margins":"enable","ocean_add_body_class":"","ocean_shortcode_before_top_bar":"","ocean_shortcode_after_top_bar":"","ocean_shortcode_before_header":"","ocean_shortcode_after_header":"","ocean_has_shortcode":"","ocean_shortcode_after_title":"","ocean_shortcode_before_footer_widgets":"","ocean_shortcode_after_footer_widgets":"","ocean_shortcode_before_footer_bottom":"","ocean_shortcode_after_footer_bottom":"","ocean_display_top_bar":"default","ocean_display_header":"default","ocean_header_style":"","ocean_center_header_left_menu":"0","ocean_custom_header_template":"0","ocean_custom_logo":0,"ocean_custom_retina_logo":0,"ocean_custom_logo_max_width":0,"ocean_custom_logo_tablet_max_width":0,"ocean_custom_logo_mobile_max_width":0,"ocean_custom_logo_max_height":0,"ocean_custom_logo_tablet_max_height":0,"ocean_custom_logo_mobile_max_height":0,"ocean_header_custom_menu":"0","ocean_menu_typo_font_family":"0","ocean_menu_typo_font_subset":"","ocean_menu_typo_font_size":0,"ocean_menu_typo_font_size_tablet":0,"ocean_menu_typo_font_size_mobile":0,"ocean_menu_typo_font_size_unit":"px","ocean_menu_typo_font_weight":"","ocean_menu_typo_font_weight_tablet":"","ocean_menu_typo_font_weight_mobile":"","ocean_menu_typo_transform":"","ocean_menu_typo_transform_tablet":"","ocean_menu_typo_transform_mobile":"","ocean_menu_typo_line_height":0,"ocean_menu_typo_line_height_tablet":0,"ocean_menu_typo_line_height_mobile":0,"ocean_menu_typo_line_height_unit":"","ocean_menu_typo_spacing":0,"ocean_menu_typo_spacing_tablet":0,"ocean_menu_typo_spacing_mobile":0,"ocean_menu_typo_spacing_unit":"","ocean_menu_link_color":"","ocean_menu_link_color_hover":"","ocean_menu_link_color_active":"","ocean_menu_link_background":"","ocean_menu_link_hover_background":"","ocean_menu_link_active_background":"","ocean_menu_social_links_bg":"","ocean_menu_social_hover_links_bg":"","ocean_menu_social_links_color":"","ocean_menu_social_hover_links_color":"","ocean_disable_title":"default","ocean_disable_heading":"default","ocean_post_title":"","ocean_post_subheading":"","ocean_post_title_style":"","ocean_post_title_background_color":"","ocean_post_title_background":0,"ocean_post_title_bg_image_position":"","ocean_post_title_bg_image_attachment":"","ocean_post_title_bg_image_repeat":"","ocean_post_title_bg_image_size":"","ocean_post_title_height":0,"ocean_post_title_bg_overlay":0.5,"ocean_post_title_bg_overlay_color":"","ocean_disable_breadcrumbs":"default","ocean_breadcrumbs_color":"","ocean_breadcrumbs_separator_color":"","ocean_breadcrumbs_links_color":"","ocean_breadcrumbs_links_hover_color":"","ocean_display_footer_widgets":"default","ocean_display_footer_bottom":"default","ocean_custom_footer_template":"0","osh_disable_topbar_sticky":"default","osh_disable_header_sticky":"default","osh_sticky_header_style":"default","osh_sticky_header_effect":"","osh_custom_sticky_logo":0,"osh_custom_retina_sticky_logo":0,"osh_custom_sticky_logo_height":0,"osh_background_color":"","osh_links_color":"","osh_links_hover_color":"","osh_links_active_color":"","osh_links_bg_color":"","osh_links_hover_bg_color":"","osh_links_active_bg_color":"","osh_menu_social_links_color":"","osh_menu_social_hover_links_color":""},"product_brand":[],"product_cat":[31],"product_tag":[339,342,343,341,340],"class_list":{"0":"post-3838","1":"product","2":"type-product","3":"status-publish","4":"has-post-thumbnail","6":"product_cat-lube-system-accessories","7":"product_tag-automatic-lubrication-brush","8":"product_tag-chain-lubricating-oil-brush","9":"product_tag-escalator-lubrication-brush","10":"product_tag-lubrication-system-brush","11":"product_tag-nylon-oil-brush","13":"entry","14":"has-media","16":"first","17":"instock","18":"shipping-taxable","19":"product-type-external","20":"col","21":"span_1_of_3","22":"owp-content-center","23":"owp-thumbs-layout-horizontal","24":"owp-btn-very-big","25":"owp-tabs-layout-horizontal"},"_links":{"self":[{"href":"https:\/\/www.jinpinlub.com\/de\/wp-json\/wp\/v2\/product\/3838","targetHints":{"allow":["GET"]}}],"collection":[{"href":"https:\/\/www.jinpinlub.com\/de\/wp-json\/wp\/v2\/product"}],"about":[{"href":"https:\/\/www.jinpinlub.com\/de\/wp-json\/wp\/v2\/types\/product"}],"wp:featuredmedia":[{"embeddable":true,"href":"https:\/\/www.jinpinlub.com\/de\/wp-json\/wp\/v2\/media\/3842"}],"wp:attachment":[{"href":"https:\/\/www.jinpinlub.com\/de\/wp-json\/wp\/v2\/media?parent=3838"}],"wp:term":[{"taxonomy":"product_brand","embeddable":true,"href":"https:\/\/www.jinpinlub.com\/de\/wp-json\/wp\/v2\/product_brand?post=3838"},{"taxonomy":"product_cat","embeddable":true,"href":"https:\/\/www.jinpinlub.com\/de\/wp-json\/wp\/v2\/product_cat?post=3838"},{"taxonomy":"product_tag","embeddable":true,"href":"https:\/\/www.jinpinlub.com\/de\/wp-json\/wp\/v2\/product_tag?post=3838"}],"curies":[{"name":"wp","href":"https:\/\/api.w.org\/{rel}","templated":true}]}}