{"id":3896,"date":"2024-11-28T21:44:02","date_gmt":"2024-11-28T13:44:02","guid":{"rendered":"https:\/\/www.jinpinlub.com\/?post_type=product&#038;p=3896"},"modified":"2024-12-01T03:27:08","modified_gmt":"2024-11-30T19:27:08","slug":"mg2k-fettsystem-druckentlastung-mengenverteiler-2","status":"publish","type":"product","link":"https:\/\/www.jinpinlub.com\/de\/product\/mg2k-grease-system-pressure-relief-quantitative-distributor-2\/","title":{"rendered":"MG2K Fettsystem Druckentlastung Mengenverteiler"},"content":{"rendered":"<h2>Besonderheit<\/h2>\n<p>1. Unter Druck stehendes quantitatives Dosierventil, ein Typ mit direkter Druckwirkung.<br \/>\nDas von der Pumpe gef\u00f6rderte Druck\u00f6l versetzt den im Dosierventil eingebauten Kolben in Bewegung und bewirkt so die Abgabe der Schmierstoffmenge.<br \/>\nBei Pumpenstillstand wird der Kolben des Dosierteils durch die Federkraft zur\u00fcckgestellt, d.h. die Schmierstoffmenge wird gespeichert.<br \/>\n2. Genaue Entladung, der Dosierteil wird nur einmal in einem Zyklus entladen und der Abstand zueinander im System, ob weit, nah, hoch oder niedrig, horizontale oder vertikale Installation, hat keinen Einfluss auf die Entladung.<br \/>\n3. Zwangsentladung, sensible Wirkung. Zwei Dichtungen verhindern, dass das Entladen zur\u00fcckflie\u00dft.<br \/>\n4. MG2K-Dosierventile k\u00f6nnen entsprechend den Anforderungen der einzelnen Schmierstellen ausgew\u00e4hlt und in Kombination mit der MG2J-Verbindung entweder in Reihe oder parallel verwendet werden.<br \/>\n5. H\u00fclsentyp: \u03a64-Nylonrohr muss mit PA4-Kompressionsbuchse und PB4-H\u00fclse kombiniert werden. Schnellstecktyp: \u03a64-Nylonrohr kann eingesetzt werden.<br \/>\n6. Gilt f\u00fcr Fette der NLGI-Klasse 000#, 00#, 0#, 1# und 2#.<\/p>\n<h2>Spezifikation<\/h2>\n<table>\n<tbody>\n<tr>\n<td>Funktionsprinzip<\/td>\n<td>Druckbegrenzungs-Dosierventil<\/td>\n<\/tr>\n<tr>\n<td>Anzahl der Verkaufsstellen<\/td>\n<td>1~12<\/td>\n<\/tr>\n<tr>\n<td>Dosiermenge<\/td>\n<td>0,03, 0,05, 0,13, 0,20, 0,30, 0,50 ml\/Zyklus<\/td>\n<\/tr>\n<tr>\n<td>Schmiermittel<\/td>\n<td>NLGI 000#, 00#, 0#, 1# und 2#<\/td>\n<\/tr>\n<tr>\n<td>Betriebstemperatur<\/td>\n<td>-20 bis +80 \u00b0C<\/td>\n<\/tr>\n<tr>\n<td>Betriebsdruck<\/td>\n<td>\u22652,5 MPa<\/td>\n<\/tr>\n<tr>\n<td>Material<\/td>\n<td>Aluminium+Kupfer<\/td>\n<\/tr>\n<tr>\n<td>Anschluss Ausgang<\/td>\n<td>Einlass M10x1\/Rc1\/8, Auslass \u03a64(M8x1)<\/td>\n<\/tr>\n<tr>\n<td>Auslaufarmaturen<\/td>\n<td>H\u00fclsentyp, Schnelltyp<\/td>\n<\/tr>\n<tr>\n<td>Einbaulage<\/td>\n<td>Beliebig<\/td>\n<\/tr>\n<\/tbody>\n<\/table>\n<h2>Anwendung<\/h2>\n<p>MG2K wird in der Werkzeugmaschinenindustrie zur Schmierung von CNC-Werkzeugmaschinen, Drehmaschinen, Fr\u00e4s- und Schleifmaschinen usw. verwendet, um eine lange Lebensdauer und effiziente Arbeitsleistung zu gew\u00e4hrleisten.<br \/>\nAutomatisierte Produktionslinie: MG2K in der automatisierten Produktionslinie stellt den Schmierbedarf im Dauerbetrieb sicher und verbessert die Produktionseffizienz.<br \/>\nBaumaschinen: wie Bagger, Lader und andere schwere Maschinen, reduzieren den Ger\u00e4teverschlei\u00df und verl\u00e4ngern die Lebensdauer.<br \/>\nTextilmaschinen: Das MG2K dient zur Schmierung von Textilmaschinen und sorgt f\u00fcr einen reibungslosen Betrieb.<\/p>\n<h2>Benutzerhandb\u00fccher<\/h2>\n<div class=\"sdm_download_button_box_default\"><div class=\"sdm_download_link\"><a href=\"https:\/\/www.jinpinlub.com\/de\/?sdm_process_download=1&download_id=3891\" class=\"sdm_download white\" title=\"Privat: MG2K Metering Valve\" target=\"&quot;_blank&quot;\">Datenblatt anzeigen - MG2K-Distributor<\/a><\/div><\/div>","protected":false},"excerpt":{"rendered":"<p>Der MG2K-Verteiler ist f\u00fcr Schmierfette der NLGI-Klassen 000#, 00#, 0#, 1# und 2# geeignet und mit einer Vielzahl von Einleitungsschmiersystemen mit Druckentlastung kompatibel. Er besteht aus einem Dosierventil und einem Anschlussst\u00fcck, und Benutzer k\u00f6nnen den Verteiler je nach Bedarf kombinieren.<\/p>","protected":false},"featured_media":3899,"template":"","meta":{"ocean_post_layout":"","ocean_both_sidebars_style":"","ocean_both_sidebars_content_width":0,"ocean_both_sidebars_sidebars_width":0,"ocean_sidebar":"0","ocean_second_sidebar":"0","ocean_disable_margins":"enable","ocean_add_body_class":"","ocean_shortcode_before_top_bar":"","ocean_shortcode_after_top_bar":"","ocean_shortcode_before_header":"","ocean_shortcode_after_header":"","ocean_has_shortcode":"","ocean_shortcode_after_title":"","ocean_shortcode_before_footer_widgets":"","ocean_shortcode_after_footer_widgets":"","ocean_shortcode_before_footer_bottom":"","ocean_shortcode_after_footer_bottom":"","ocean_display_top_bar":"default","ocean_display_header":"default","ocean_header_style":"","ocean_center_header_left_menu":"0","ocean_custom_header_template":"0","ocean_custom_logo":0,"ocean_custom_retina_logo":0,"ocean_custom_logo_max_width":0,"ocean_custom_logo_tablet_max_width":0,"ocean_custom_logo_mobile_max_width":0,"ocean_custom_logo_max_height":0,"ocean_custom_logo_tablet_max_height":0,"ocean_custom_logo_mobile_max_height":0,"ocean_header_custom_menu":"0","ocean_menu_typo_font_family":"0","ocean_menu_typo_font_subset":"","ocean_menu_typo_font_size":0,"ocean_menu_typo_font_size_tablet":0,"ocean_menu_typo_font_size_mobile":0,"ocean_menu_typo_font_size_unit":"px","ocean_menu_typo_font_weight":"","ocean_menu_typo_font_weight_tablet":"","ocean_menu_typo_font_weight_mobile":"","ocean_menu_typo_transform":"","ocean_menu_typo_transform_tablet":"","ocean_menu_typo_transform_mobile":"","ocean_menu_typo_line_height":0,"ocean_menu_typo_line_height_tablet":0,"ocean_menu_typo_line_height_mobile":0,"ocean_menu_typo_line_height_unit":"","ocean_menu_typo_spacing":0,"ocean_menu_typo_spacing_tablet":0,"ocean_menu_typo_spacing_mobile":0,"ocean_menu_typo_spacing_unit":"","ocean_menu_link_color":"","ocean_menu_link_color_hover":"","ocean_menu_link_color_active":"","ocean_menu_link_background":"","ocean_menu_link_hover_background":"","ocean_menu_link_active_background":"","ocean_menu_social_links_bg":"","ocean_menu_social_hover_links_bg":"","ocean_menu_social_links_color":"","ocean_menu_social_hover_links_color":"","ocean_disable_title":"default","ocean_disable_heading":"default","ocean_post_title":"","ocean_post_subheading":"","ocean_post_title_style":"","ocean_post_title_background_color":"","ocean_post_title_background":0,"ocean_post_title_bg_image_position":"","ocean_post_title_bg_image_attachment":"","ocean_post_title_bg_image_repeat":"","ocean_post_title_bg_image_size":"","ocean_post_title_height":0,"ocean_post_title_bg_overlay":0.5,"ocean_post_title_bg_overlay_color":"","ocean_disable_breadcrumbs":"default","ocean_breadcrumbs_color":"","ocean_breadcrumbs_separator_color":"","ocean_breadcrumbs_links_color":"","ocean_breadcrumbs_links_hover_color":"","ocean_display_footer_widgets":"default","ocean_display_footer_bottom":"default","ocean_custom_footer_template":"0","osh_disable_topbar_sticky":"default","osh_disable_header_sticky":"default","osh_sticky_header_style":"default","osh_sticky_header_effect":"","osh_custom_sticky_logo":0,"osh_custom_retina_sticky_logo":0,"osh_custom_sticky_logo_height":0,"osh_background_color":"","osh_links_color":"","osh_links_hover_color":"","osh_links_active_color":"","osh_links_bg_color":"","osh_links_hover_bg_color":"","osh_links_active_bg_color":"","osh_menu_social_links_color":"","osh_menu_social_hover_links_color":""},"product_brand":[],"product_cat":[40,37],"product_tag":[87,98,100,85,86],"class_list":{"0":"post-3896","1":"product","2":"type-product","3":"status-publish","4":"has-post-thumbnail","6":"product_cat-pressure-relief-metering-valves","7":"product_cat-single-line-grease-systems","8":"product_tag-grease-distributor","9":"product_tag-grease-metering-device","10":"product_tag-grease-metering-valve","11":"product_tag-pressure-relief-metering-valve","12":"product_tag-single-line-distributor","14":"entry","15":"has-media","17":"first","18":"instock","19":"shipping-taxable","20":"product-type-external","21":"col","22":"span_1_of_3","23":"owp-content-center","24":"owp-thumbs-layout-horizontal","25":"owp-btn-very-big","26":"owp-tabs-layout-horizontal"},"_links":{"self":[{"href":"https:\/\/www.jinpinlub.com\/de\/wp-json\/wp\/v2\/product\/3896","targetHints":{"allow":["GET"]}}],"collection":[{"href":"https:\/\/www.jinpinlub.com\/de\/wp-json\/wp\/v2\/product"}],"about":[{"href":"https:\/\/www.jinpinlub.com\/de\/wp-json\/wp\/v2\/types\/product"}],"wp:featuredmedia":[{"embeddable":true,"href":"https:\/\/www.jinpinlub.com\/de\/wp-json\/wp\/v2\/media\/3899"}],"wp:attachment":[{"href":"https:\/\/www.jinpinlub.com\/de\/wp-json\/wp\/v2\/media?parent=3896"}],"wp:term":[{"taxonomy":"product_brand","embeddable":true,"href":"https:\/\/www.jinpinlub.com\/de\/wp-json\/wp\/v2\/product_brand?post=3896"},{"taxonomy":"product_cat","embeddable":true,"href":"https:\/\/www.jinpinlub.com\/de\/wp-json\/wp\/v2\/product_cat?post=3896"},{"taxonomy":"product_tag","embeddable":true,"href":"https:\/\/www.jinpinlub.com\/de\/wp-json\/wp\/v2\/product_tag?post=3896"}],"curies":[{"name":"wp","href":"https:\/\/api.w.org\/{rel}","templated":true}]}}