{"id":3911,"date":"2024-11-29T17:59:40","date_gmt":"2024-11-29T09:59:40","guid":{"rendered":"https:\/\/www.jinpinlub.com\/?post_type=product&#038;p=3911"},"modified":"2024-12-01T03:26:47","modified_gmt":"2024-11-30T19:26:47","slug":"mgk-10-schnellverbinder-volumetrisches-fettverteilgerat","status":"publish","type":"product","link":"https:\/\/www.jinpinlub.com\/de\/product\/mgk-10-quick-connector-volumetric-grease-distributor-device\/","title":{"rendered":"MGK-10 Schnellverbinder-Volumenverteilerger\u00e4t f\u00fcr Fett"},"content":{"rendered":"<h2>Besonderheit<\/h2>\n<p>1. Unter Druck stehendes quantitatives Dosierventil, ein Typ mit direkter Druckwirkung.<br \/>\nDas von der Pumpe gef\u00f6rderte Druck\u00f6l versetzt den im Dosierventil eingebauten Kolben in Bewegung und bewirkt so die Abgabe der Schmierstoffmenge.<br \/>\nBei Pumpenstillstand wird der Kolben des Dosierteils durch die Federkraft zur\u00fcckgestellt, d.h. die Schmierstoffmenge wird gespeichert.<br \/>\n2. Genaue Entladung, der Dosierteil wird nur einmal in einem Zyklus entladen und der Abstand zueinander im System, ob weit, nah, hoch oder niedrig, horizontale oder vertikale Installation, hat keinen Einfluss auf die Entladung.<br \/>\n3. Zwangsentladung, sensible Wirkung. Zwei Dichtungen verhindern, dass das Entladen zur\u00fcckflie\u00dft.<br \/>\n4. Dosierventile k\u00f6nnen entsprechend den Anforderungen der einzelnen Schmierstellen ausgew\u00e4hlt und in Kombination mit der MGJ-Verbindung entweder in Reihe oder parallel verwendet werden.<br \/>\n5. H\u00fclsentyp: \u03a64-Nylonrohr muss mit PA-4-Verbindung und PB-4-Doppelkegelh\u00fclse kombiniert werden. Schnellstecktyp: \u03a64-Nylonrohr kann eingesteckt werden.<br \/>\n6. Gilt f\u00fcr Fette der Klasse NLGI 000# und 00#.<\/p>\n<h2>Spezifikation<\/h2>\n<table>\n<tbody>\n<tr>\n<td>Funktionsprinzip<\/td>\n<td>Druckbegrenzungs-Dosierventil<\/td>\n<\/tr>\n<tr>\n<td>Anzahl der Verkaufsstellen<\/td>\n<td>1~12<\/td>\n<\/tr>\n<tr>\n<td>Dosiermenge<\/td>\n<td>0,03, 0,05, 0,13, 0,20, 0,30, 0,50 ml\/Zyklus<\/td>\n<\/tr>\n<tr>\n<td>Schmiermittel<\/td>\n<td>NLGI 000#, 00# Fett.<\/td>\n<\/tr>\n<tr>\n<td>Betriebstemperatur<\/td>\n<td>-20 bis +80 \u00b0C<\/td>\n<\/tr>\n<tr>\n<td>Betriebsdruck<\/td>\n<td>0,5 bis 1,5 MPa<\/td>\n<\/tr>\n<tr>\n<td>Material<\/td>\n<td>Kupfer, Aluminium<\/td>\n<\/tr>\n<tr>\n<td>Anschluss Ausgang<\/td>\n<td>Einlass Rc1\/8, Auslass \u03a64(Rc1\/8)<\/td>\n<\/tr>\n<tr>\n<td>Auslaufarmaturen<\/td>\n<td>H\u00fclsentyp, Schnelltyp<\/td>\n<\/tr>\n<tr>\n<td>Einbaulage<\/td>\n<td>Beliebig<\/td>\n<\/tr>\n<\/tbody>\n<\/table>\n<h2>Fehlerbehebung<\/h2>\n<p><span id=\"input-sentence~0\">Regelm\u00e4\u00dfige Inspektion: Der Fettverteiler sollte auf Verschlei\u00df, Besch\u00e4digungen und Leckagen \u00fcberpr\u00fcft werden und alle Verbindungen m\u00fcssen richtig festgezogen und ausgerichtet sein.<br \/>\nSchmierung: Die richtige Art von Schmierfett, das gem\u00e4\u00df den Anweisungen des Herstellers auf den Verteiler aufgetragen wird, verringert Reibung und Verschlei\u00df.<\/span><span id=\"input-sentence~1\"><br \/>\nReinigung: Der Fettverteiler und seine Teile m\u00fcssen regelm\u00e4\u00dfig gereinigt werden, da Schmutz, Ablagerungen oder altes Fett die Funktion dieses Teils beeintr\u00e4chtigen k\u00f6nnen.<br \/>\nAustausch von Teilen: Ersetzen Sie abgenutzte oder besch\u00e4digte Teile wie Dichtungen oder O-Ringe, um Leckagen und Effizienzverluste zu vermeiden.<br \/>\nDruckpr\u00fcfungen: Betriebs- und R\u00fcckstelldr\u00fccke sollten im angegebenen Bereich \u00fcberwacht werden.<\/span><\/p>\n<h2>Benutzerhandb\u00fccher<\/h2>\n<div class=\"sdm_download_button_box_default\"><div class=\"sdm_download_link\"><a href=\"https:\/\/www.jinpinlub.com\/de\/?sdm_process_download=1&download_id=2470\" class=\"sdm_download white\" title=\"Privat: MGK Metering Valve\" target=\"&quot;_blank&quot;\">Datenblatt anzeigen - MGK Dosierventil<\/a><\/div><\/div>","protected":false},"excerpt":{"rendered":"<p>Fett-PDI-Ventile MG\/MGC sind Teil von Einleitungsschmiersystemen mit positiver Verdr\u00e4ngung. Diese Ventile sind f\u00fcr Zentralschmiersysteme konzipiert, um eine kontinuierliche und wirtschaftliche Fettversorgung zu gew\u00e4hrleisten. Sie sind in verschiedenen Modellen mit unterschiedlicher Abgabe erh\u00e4ltlich.<\/p>","protected":false},"featured_media":3915,"template":"","meta":{"ocean_post_layout":"","ocean_both_sidebars_style":"","ocean_both_sidebars_content_width":0,"ocean_both_sidebars_sidebars_width":0,"ocean_sidebar":"0","ocean_second_sidebar":"0","ocean_disable_margins":"enable","ocean_add_body_class":"","ocean_shortcode_before_top_bar":"","ocean_shortcode_after_top_bar":"","ocean_shortcode_before_header":"","ocean_shortcode_after_header":"","ocean_has_shortcode":"","ocean_shortcode_after_title":"","ocean_shortcode_before_footer_widgets":"","ocean_shortcode_after_footer_widgets":"","ocean_shortcode_before_footer_bottom":"","ocean_shortcode_after_footer_bottom":"","ocean_display_top_bar":"default","ocean_display_header":"default","ocean_header_style":"","ocean_center_header_left_menu":"0","ocean_custom_header_template":"0","ocean_custom_logo":0,"ocean_custom_retina_logo":0,"ocean_custom_logo_max_width":0,"ocean_custom_logo_tablet_max_width":0,"ocean_custom_logo_mobile_max_width":0,"ocean_custom_logo_max_height":0,"ocean_custom_logo_tablet_max_height":0,"ocean_custom_logo_mobile_max_height":0,"ocean_header_custom_menu":"0","ocean_menu_typo_font_family":"0","ocean_menu_typo_font_subset":"","ocean_menu_typo_font_size":0,"ocean_menu_typo_font_size_tablet":0,"ocean_menu_typo_font_size_mobile":0,"ocean_menu_typo_font_size_unit":"px","ocean_menu_typo_font_weight":"","ocean_menu_typo_font_weight_tablet":"","ocean_menu_typo_font_weight_mobile":"","ocean_menu_typo_transform":"","ocean_menu_typo_transform_tablet":"","ocean_menu_typo_transform_mobile":"","ocean_menu_typo_line_height":0,"ocean_menu_typo_line_height_tablet":0,"ocean_menu_typo_line_height_mobile":0,"ocean_menu_typo_line_height_unit":"","ocean_menu_typo_spacing":0,"ocean_menu_typo_spacing_tablet":0,"ocean_menu_typo_spacing_mobile":0,"ocean_menu_typo_spacing_unit":"","ocean_menu_link_color":"","ocean_menu_link_color_hover":"","ocean_menu_link_color_active":"","ocean_menu_link_background":"","ocean_menu_link_hover_background":"","ocean_menu_link_active_background":"","ocean_menu_social_links_bg":"","ocean_menu_social_hover_links_bg":"","ocean_menu_social_links_color":"","ocean_menu_social_hover_links_color":"","ocean_disable_title":"default","ocean_disable_heading":"default","ocean_post_title":"","ocean_post_subheading":"","ocean_post_title_style":"","ocean_post_title_background_color":"","ocean_post_title_background":0,"ocean_post_title_bg_image_position":"","ocean_post_title_bg_image_attachment":"","ocean_post_title_bg_image_repeat":"","ocean_post_title_bg_image_size":"","ocean_post_title_height":0,"ocean_post_title_bg_overlay":0.5,"ocean_post_title_bg_overlay_color":"","ocean_disable_breadcrumbs":"default","ocean_breadcrumbs_color":"","ocean_breadcrumbs_separator_color":"","ocean_breadcrumbs_links_color":"","ocean_breadcrumbs_links_hover_color":"","ocean_display_footer_widgets":"default","ocean_display_footer_bottom":"default","ocean_custom_footer_template":"0","osh_disable_topbar_sticky":"default","osh_disable_header_sticky":"default","osh_sticky_header_style":"default","osh_sticky_header_effect":"","osh_custom_sticky_logo":0,"osh_custom_retina_sticky_logo":0,"osh_custom_sticky_logo_height":0,"osh_background_color":"","osh_links_color":"","osh_links_hover_color":"","osh_links_active_color":"","osh_links_bg_color":"","osh_links_hover_bg_color":"","osh_links_active_bg_color":"","osh_menu_social_links_color":"","osh_menu_social_hover_links_color":""},"product_brand":[],"product_cat":[40,37],"product_tag":[87,97,361,85,86],"class_list":{"0":"post-3911","1":"product","2":"type-product","3":"status-publish","4":"has-post-thumbnail","6":"product_cat-pressure-relief-metering-valves","7":"product_cat-single-line-grease-systems","8":"product_tag-grease-distributor","9":"product_tag-grease-injector","10":"product_tag-metering-valves","11":"product_tag-pressure-relief-metering-valve","12":"product_tag-single-line-distributor","14":"entry","15":"has-media","17":"first","18":"instock","19":"shipping-taxable","20":"product-type-external","21":"col","22":"span_1_of_3","23":"owp-content-center","24":"owp-thumbs-layout-horizontal","25":"owp-btn-very-big","26":"owp-tabs-layout-horizontal"},"_links":{"self":[{"href":"https:\/\/www.jinpinlub.com\/de\/wp-json\/wp\/v2\/product\/3911","targetHints":{"allow":["GET"]}}],"collection":[{"href":"https:\/\/www.jinpinlub.com\/de\/wp-json\/wp\/v2\/product"}],"about":[{"href":"https:\/\/www.jinpinlub.com\/de\/wp-json\/wp\/v2\/types\/product"}],"wp:featuredmedia":[{"embeddable":true,"href":"https:\/\/www.jinpinlub.com\/de\/wp-json\/wp\/v2\/media\/3915"}],"wp:attachment":[{"href":"https:\/\/www.jinpinlub.com\/de\/wp-json\/wp\/v2\/media?parent=3911"}],"wp:term":[{"taxonomy":"product_brand","embeddable":true,"href":"https:\/\/www.jinpinlub.com\/de\/wp-json\/wp\/v2\/product_brand?post=3911"},{"taxonomy":"product_cat","embeddable":true,"href":"https:\/\/www.jinpinlub.com\/de\/wp-json\/wp\/v2\/product_cat?post=3911"},{"taxonomy":"product_tag","embeddable":true,"href":"https:\/\/www.jinpinlub.com\/de\/wp-json\/wp\/v2\/product_tag?post=3911"}],"curies":[{"name":"wp","href":"https:\/\/api.w.org\/{rel}","templated":true}]}}