{"id":3916,"date":"2024-11-29T23:45:15","date_gmt":"2024-11-29T15:45:15","guid":{"rendered":"https:\/\/www.jinpinlub.com\/?post_type=product&#038;p=3916"},"modified":"2024-12-01T03:26:42","modified_gmt":"2024-11-30T19:26:42","slug":"abnehmbarer-druckfettverteiler-mgk-12","status":"publish","type":"product","link":"https:\/\/www.jinpinlub.com\/de\/product\/mgk-12-detachable-pressurized-grease-distribution-injector\/","title":{"rendered":"MGK-12 Abnehmbarer Druckfettverteiler"},"content":{"rendered":"<h2>Besonderheit<\/h2>\n<p>Der MGK-\u00d6lverteiler ist f\u00fcr Schmierstoffe der NLGI 000#, 00# geeignet und muss mit einer Verdr\u00e4ngerschmierpumpe verwendet werden.<br \/>\nDas MG-Druckschmiermitteldosierventil gibt Schmiermittel ab, wenn das Schmiersystem unter Druck steht, und das Dosierventil speichert \u00d6l im Inneren, wenn das System drucklos ist. Es ist f\u00fcr volumetrische periodische Schmiersysteme geeignet.<br \/>\nDer MGK-Verteiler kann Schmier\u00f6l entsprechend der gew\u00e4hlten Ausgabemenge quantitativ an Schmierstellen liefern. Er ist f\u00fcr Schmiersysteme mit einem Arbeitsdruck von 1,0\u20133,5 MPa geeignet und weist eine hohe Pr\u00e4zision auf.<br \/>\nDieses Dosierventil verf\u00fcgt \u00fcber 10 Ausgangsvolumenmodelle, alle mit M8*1-Innengewinde, verbunden mit 4 mm Nylonrohren oder Kupfer- und Aluminiumrohren. Das Dosierventil ist je nach Ausgangsmarke in 3, 5, 10, 20, 30 und 50 unterteilt, und f\u00fcr die Auslassanschl\u00fcsse gibt es Optionen vom Typ H\u00fclsentyp und Schnellsteckertyp.<\/p>\n<h2>Spezifikation<\/h2>\n<table>\n<tbody>\n<tr>\n<td>Funktionsprinzip<\/td>\n<td>Druckbegrenzungs-Dosierventil<\/td>\n<\/tr>\n<tr>\n<td>Anzahl der Verkaufsstellen<\/td>\n<td>1~12<\/td>\n<\/tr>\n<tr>\n<td>Dosiermenge<\/td>\n<td>0,03, 0,05, 0,13, 0,20, 0,30, 0,50 ml\/Zyklus<\/td>\n<\/tr>\n<tr>\n<td>Schmiermittel<\/td>\n<td>NLGI 000#, 00# Fett.<\/td>\n<\/tr>\n<tr>\n<td>Betriebstemperatur<\/td>\n<td>-20 bis +80 \u00b0C<\/td>\n<\/tr>\n<tr>\n<td>Betriebsdruck<\/td>\n<td>0,5 bis 1,5 MPa<\/td>\n<\/tr>\n<tr>\n<td>Material<\/td>\n<td>Kupfer, Aluminium<\/td>\n<\/tr>\n<tr>\n<td>Anschluss Ausgang<\/td>\n<td>Einlass Rc1\/8, Auslass \u03a64(Rc1\/8)<\/td>\n<\/tr>\n<tr>\n<td>Auslaufarmaturen<\/td>\n<td>H\u00fclsentyp, Schnelltyp<\/td>\n<\/tr>\n<tr>\n<td>Einbaulage<\/td>\n<td>Beliebig<\/td>\n<\/tr>\n<\/tbody>\n<\/table>\n<h2>Prinzip<\/h2>\n<p>Wenn die Schmierpumpe arbeitet und unter Druck steht, liefert der Schmierstoffverteiler das darin gespeicherte Schmiermittel in Mengen an die Schmierstelle. Nachdem das darin enthaltene Schmiermittel in Mengen abgegeben wurde, wird die Ausgabe gestoppt, wodurch jedes Mal der Effekt einer quantitativen und genauen \u00d6labgabe erreicht wird. Nachdem die Schmierstoffpumpe aufgeh\u00f6rt hat zu arbeiten (Druckabbau), wird die Hauptschmierleitung drucklos gemacht, der Kolben des Verteilers wird zur\u00fcckgesetzt und gleichzeitig gelangt neues \u00d6l in den Kolbenzylinder. Nachdem die \u00d6lspeicherung abgeschlossen ist, warten Sie, bis die Schmierstoffpumpe arbeitet und das im Kolbenzylinder enthaltene Schmiermittel in die Schmierstelle einspritzt.<\/p>\n<h2>Benutzerhandb\u00fccher<\/h2>\n<div class=\"sdm_download_button_box_default\"><div class=\"sdm_download_link\"><a href=\"https:\/\/www.jinpinlub.com\/de\/?sdm_process_download=1&download_id=2470\" class=\"sdm_download white\" title=\"Privat: MGK Metering Valve\" target=\"&quot;_blank&quot;\">Datenblatt anzeigen - MGK Dosierventil<\/a><\/div><\/div>","protected":false},"excerpt":{"rendered":"<p>MGK ist ein abnehmbarer Druckverteiler mit einem zerlegten Dosierventil. Das Dosierventil hat eine feste Leistung pro Zyklus. Die Anzahl der Ausg\u00e4nge des Verteilers kann auf der Verwendungskombination basieren und f\u00fcr jeden Ausgang k\u00f6nnen unterschiedliche Durchflussraten ausgew\u00e4hlt werden.<\/p>","protected":false},"featured_media":3919,"template":"","meta":{"ocean_post_layout":"","ocean_both_sidebars_style":"","ocean_both_sidebars_content_width":0,"ocean_both_sidebars_sidebars_width":0,"ocean_sidebar":"0","ocean_second_sidebar":"0","ocean_disable_margins":"enable","ocean_add_body_class":"","ocean_shortcode_before_top_bar":"","ocean_shortcode_after_top_bar":"","ocean_shortcode_before_header":"","ocean_shortcode_after_header":"","ocean_has_shortcode":"","ocean_shortcode_after_title":"","ocean_shortcode_before_footer_widgets":"","ocean_shortcode_after_footer_widgets":"","ocean_shortcode_before_footer_bottom":"","ocean_shortcode_after_footer_bottom":"","ocean_display_top_bar":"default","ocean_display_header":"default","ocean_header_style":"","ocean_center_header_left_menu":"0","ocean_custom_header_template":"0","ocean_custom_logo":0,"ocean_custom_retina_logo":0,"ocean_custom_logo_max_width":0,"ocean_custom_logo_tablet_max_width":0,"ocean_custom_logo_mobile_max_width":0,"ocean_custom_logo_max_height":0,"ocean_custom_logo_tablet_max_height":0,"ocean_custom_logo_mobile_max_height":0,"ocean_header_custom_menu":"0","ocean_menu_typo_font_family":"0","ocean_menu_typo_font_subset":"","ocean_menu_typo_font_size":0,"ocean_menu_typo_font_size_tablet":0,"ocean_menu_typo_font_size_mobile":0,"ocean_menu_typo_font_size_unit":"px","ocean_menu_typo_font_weight":"","ocean_menu_typo_font_weight_tablet":"","ocean_menu_typo_font_weight_mobile":"","ocean_menu_typo_transform":"","ocean_menu_typo_transform_tablet":"","ocean_menu_typo_transform_mobile":"","ocean_menu_typo_line_height":0,"ocean_menu_typo_line_height_tablet":0,"ocean_menu_typo_line_height_mobile":0,"ocean_menu_typo_line_height_unit":"","ocean_menu_typo_spacing":0,"ocean_menu_typo_spacing_tablet":0,"ocean_menu_typo_spacing_mobile":0,"ocean_menu_typo_spacing_unit":"","ocean_menu_link_color":"","ocean_menu_link_color_hover":"","ocean_menu_link_color_active":"","ocean_menu_link_background":"","ocean_menu_link_hover_background":"","ocean_menu_link_active_background":"","ocean_menu_social_links_bg":"","ocean_menu_social_hover_links_bg":"","ocean_menu_social_links_color":"","ocean_menu_social_hover_links_color":"","ocean_disable_title":"default","ocean_disable_heading":"default","ocean_post_title":"","ocean_post_subheading":"","ocean_post_title_style":"","ocean_post_title_background_color":"","ocean_post_title_background":0,"ocean_post_title_bg_image_position":"","ocean_post_title_bg_image_attachment":"","ocean_post_title_bg_image_repeat":"","ocean_post_title_bg_image_size":"","ocean_post_title_height":0,"ocean_post_title_bg_overlay":0.5,"ocean_post_title_bg_overlay_color":"","ocean_disable_breadcrumbs":"default","ocean_breadcrumbs_color":"","ocean_breadcrumbs_separator_color":"","ocean_breadcrumbs_links_color":"","ocean_breadcrumbs_links_hover_color":"","ocean_display_footer_widgets":"default","ocean_display_footer_bottom":"default","ocean_custom_footer_template":"0","osh_disable_topbar_sticky":"default","osh_disable_header_sticky":"default","osh_sticky_header_style":"default","osh_sticky_header_effect":"","osh_custom_sticky_logo":0,"osh_custom_retina_sticky_logo":0,"osh_custom_sticky_logo_height":0,"osh_background_color":"","osh_links_color":"","osh_links_hover_color":"","osh_links_active_color":"","osh_links_bg_color":"","osh_links_hover_bg_color":"","osh_links_active_bg_color":"","osh_menu_social_links_color":"","osh_menu_social_hover_links_color":""},"product_brand":[],"product_cat":[40,37],"product_tag":[141,362,240,360,363],"class_list":{"0":"post-3916","1":"product","2":"type-product","3":"status-publish","4":"has-post-thumbnail","6":"product_cat-pressure-relief-metering-valves","7":"product_cat-single-line-grease-systems","8":"product_tag-lubrication-distributor","9":"product_tag-metering-device","10":"product_tag-pressurized-distributor","11":"product_tag-pressurized-injector","12":"product_tag-quantitative-valve","14":"entry","15":"has-media","17":"first","18":"instock","19":"shipping-taxable","20":"product-type-external","21":"col","22":"span_1_of_3","23":"owp-content-center","24":"owp-thumbs-layout-horizontal","25":"owp-btn-very-big","26":"owp-tabs-layout-horizontal"},"_links":{"self":[{"href":"https:\/\/www.jinpinlub.com\/de\/wp-json\/wp\/v2\/product\/3916","targetHints":{"allow":["GET"]}}],"collection":[{"href":"https:\/\/www.jinpinlub.com\/de\/wp-json\/wp\/v2\/product"}],"about":[{"href":"https:\/\/www.jinpinlub.com\/de\/wp-json\/wp\/v2\/types\/product"}],"wp:featuredmedia":[{"embeddable":true,"href":"https:\/\/www.jinpinlub.com\/de\/wp-json\/wp\/v2\/media\/3919"}],"wp:attachment":[{"href":"https:\/\/www.jinpinlub.com\/de\/wp-json\/wp\/v2\/media?parent=3916"}],"wp:term":[{"taxonomy":"product_brand","embeddable":true,"href":"https:\/\/www.jinpinlub.com\/de\/wp-json\/wp\/v2\/product_brand?post=3916"},{"taxonomy":"product_cat","embeddable":true,"href":"https:\/\/www.jinpinlub.com\/de\/wp-json\/wp\/v2\/product_cat?post=3916"},{"taxonomy":"product_tag","embeddable":true,"href":"https:\/\/www.jinpinlub.com\/de\/wp-json\/wp\/v2\/product_tag?post=3916"}],"curies":[{"name":"wp","href":"https:\/\/api.w.org\/{rel}","templated":true}]}}