{"id":3922,"date":"2024-11-30T02:48:33","date_gmt":"2024-11-29T18:48:33","guid":{"rendered":"https:\/\/www.jinpinlub.com\/?post_type=product&#038;p=3922"},"modified":"2024-12-01T03:28:41","modified_gmt":"2024-11-30T19:28:41","slug":"mok-5-metering-valve-for-positive-displacement-lube-system","status":"publish","type":"product","link":"https:\/\/www.jinpinlub.com\/de\/product\/mok-5-metering-valve-for-positive-displacement-lube-system\/","title":{"rendered":"MOK-5 Dosierventil f\u00fcr Verdr\u00e4ngerschmiersystem"},"content":{"rendered":"<h2>Besonderheit<\/h2>\n<p>Pr\u00e4zise Steuerung: Die Bewegung des Verteilerkolbens gew\u00e4hrleistet bei jedem Zyklus die exakte \u00d6lmenge, die eingespritzt wird.<br \/>\nKonsistenz: Der Verteiler ist so konzipiert, dass er eine gleichm\u00e4\u00dfige Schmierung gew\u00e4hrleistet, die f\u00fcr den zuverl\u00e4ssigen Betrieb der Maschinen wichtig ist.<br \/>\nZuverl\u00e4ssigkeit: Durch die Verdr\u00e4ngung bleibt die gef\u00f6rderte \u00d6lmenge auch bei Druckschwankungen konstant.<br \/>\nVielseitigkeit: Sorgt daf\u00fcr, dass kritische Komponenten von Industriemaschinen stets gut geschmiert sind, um Verschlei\u00df zu vermeiden. Wird in Schmiersystemen eingesetzt, um den Fahrzeugmotor und andere bewegliche Teile instand zu halten. H\u00e4lt Fertigungsanlagen durch pr\u00e4zise Schmierstoffdosierung am Laufen.<\/p>\n<h2>Spezifikation<\/h2>\n<table>\n<tbody>\n<tr>\n<td>Funktionsprinzip<\/td>\n<td>Druckbegrenzungs-Dosierventil<\/td>\n<\/tr>\n<tr>\n<td>Anzahl der Verkaufsstellen<\/td>\n<td>1~12<\/td>\n<\/tr>\n<tr>\n<td>Dosiermenge<\/td>\n<td>0,03, 0,05, 0,13, 0,20, 0,30, 0,50 ml\/Zyklus<\/td>\n<\/tr>\n<tr>\n<td>Schmiermittel<\/td>\n<td>15-90 CSt bei 40 \u00b0C<\/td>\n<\/tr>\n<tr>\n<td>Betriebstemperatur<\/td>\n<td>-20 bis +80 \u00b0C<\/td>\n<\/tr>\n<tr>\n<td>Betriebsdruck<\/td>\n<td>Mindestens 1,0 MPa<\/td>\n<\/tr>\n<tr>\n<td>Material<\/td>\n<td>Kupfer, Aluminium<\/td>\n<\/tr>\n<tr>\n<td>Anschluss Ausgang<\/td>\n<td>Einlass Rc1\/8, Auslass \u03a64(Rc1\/8)<\/td>\n<\/tr>\n<tr>\n<td>Auslaufarmaturen<\/td>\n<td>H\u00fclsentyp, Schnelltyp<\/td>\n<\/tr>\n<tr>\n<td>Einbaulage<\/td>\n<td>Beliebig<\/td>\n<\/tr>\n<\/tbody>\n<\/table>\n<h2>Prinzip<\/h2>\n<p><span id=\"input-sentence~0\">\u00d6lbeh\u00e4lter und Absaugung: Der Kolben im Dosierventil bewegt sich, wenn das System eingeschaltet wird, und erzeugt ein Vakuum, das das \u00d6l aus dem Beh\u00e4lter in die Kammer saugt.<br \/>\nF\u00fcllen der Kammer: Wenn sich der Kolben des Dosierventils zur\u00fcckzieht, \u00f6ffnet er eine Einlass\u00f6ffnung, durch die \u00d6l in die Kammer flie\u00dft.<\/span><span id=\"input-sentence~1\"> Die in die Kammer eintretende \u00d6lmenge wird pr\u00e4zise kontrolliert, um eine genaue Dosierung zu gew\u00e4hrleisten.<br \/>\nKompression und Einspritzung: Sobald die Kammer mit der erforderlichen \u00d6lmenge gef\u00fcllt ist, bewegt sich der Kolben vorw\u00e4rts. Diese Vorw\u00e4rtsbewegung schlie\u00dft die Einlass\u00f6ffnung und komprimiert das \u00d6l in der Kammer.<\/span><span id=\"input-sentence~2\"><br \/>\nAblassen: Das komprimierte \u00d6l wird durch den Auslassanschluss abgelassen. Dieser Auslassanschluss f\u00fchrt zur Schmierstelle, wo das \u00d6l ben\u00f6tigt wird.<br \/>\nR\u00fcckstellmechanismus: Nach dem Ablassen des \u00d6ls kehrt der Kolben in seine Ausgangsposition zur\u00fcck. Dadurch kann sich die Kammer f\u00fcr den n\u00e4chsten Zyklus wieder mit \u00d6l f\u00fcllen.<\/span><\/p>\n<h2>Benutzerhandb\u00fccher<\/h2>\n<div class=\"sdm_download_button_box_default\"><div class=\"sdm_download_link\"><a href=\"https:\/\/www.jinpinlub.com\/de\/?sdm_process_download=1&download_id=3886\" class=\"sdm_download white\" title=\"Privat: MOK Metering Valve\" target=\"&quot;_blank&quot;\">Datenblatt anzeigen - MOK Dosierventil<\/a><\/div><\/div>","protected":false},"excerpt":{"rendered":"<p>Das Verdr\u00e4nger-Einspritzventil MO2\/MO2C ist ein mechanisches Dosierventil f\u00fcr \u00d6lschmiersysteme. Kombiniert mit einem Aluminium-Anschlussblock bildet dieses Dosierventil einen 1-12-Punkt-Druck\u00f6lverteiler f\u00fcr den Einsatz in volumetrischen Schmiersystemen.<\/p>","protected":false},"featured_media":3926,"template":"","meta":{"ocean_post_layout":"","ocean_both_sidebars_style":"","ocean_both_sidebars_content_width":0,"ocean_both_sidebars_sidebars_width":0,"ocean_sidebar":"0","ocean_second_sidebar":"0","ocean_disable_margins":"enable","ocean_add_body_class":"","ocean_shortcode_before_top_bar":"","ocean_shortcode_after_top_bar":"","ocean_shortcode_before_header":"","ocean_shortcode_after_header":"","ocean_has_shortcode":"","ocean_shortcode_after_title":"","ocean_shortcode_before_footer_widgets":"","ocean_shortcode_after_footer_widgets":"","ocean_shortcode_before_footer_bottom":"","ocean_shortcode_after_footer_bottom":"","ocean_display_top_bar":"default","ocean_display_header":"default","ocean_header_style":"","ocean_center_header_left_menu":"0","ocean_custom_header_template":"0","ocean_custom_logo":0,"ocean_custom_retina_logo":0,"ocean_custom_logo_max_width":0,"ocean_custom_logo_tablet_max_width":0,"ocean_custom_logo_mobile_max_width":0,"ocean_custom_logo_max_height":0,"ocean_custom_logo_tablet_max_height":0,"ocean_custom_logo_mobile_max_height":0,"ocean_header_custom_menu":"0","ocean_menu_typo_font_family":"0","ocean_menu_typo_font_subset":"","ocean_menu_typo_font_size":0,"ocean_menu_typo_font_size_tablet":0,"ocean_menu_typo_font_size_mobile":0,"ocean_menu_typo_font_size_unit":"px","ocean_menu_typo_font_weight":"","ocean_menu_typo_font_weight_tablet":"","ocean_menu_typo_font_weight_mobile":"","ocean_menu_typo_transform":"","ocean_menu_typo_transform_tablet":"","ocean_menu_typo_transform_mobile":"","ocean_menu_typo_line_height":0,"ocean_menu_typo_line_height_tablet":0,"ocean_menu_typo_line_height_mobile":0,"ocean_menu_typo_line_height_unit":"","ocean_menu_typo_spacing":0,"ocean_menu_typo_spacing_tablet":0,"ocean_menu_typo_spacing_mobile":0,"ocean_menu_typo_spacing_unit":"","ocean_menu_link_color":"","ocean_menu_link_color_hover":"","ocean_menu_link_color_active":"","ocean_menu_link_background":"","ocean_menu_link_hover_background":"","ocean_menu_link_active_background":"","ocean_menu_social_links_bg":"","ocean_menu_social_hover_links_bg":"","ocean_menu_social_links_color":"","ocean_menu_social_hover_links_color":"","ocean_disable_title":"default","ocean_disable_heading":"default","ocean_post_title":"","ocean_post_subheading":"","ocean_post_title_style":"","ocean_post_title_background_color":"","ocean_post_title_background":0,"ocean_post_title_bg_image_position":"","ocean_post_title_bg_image_attachment":"","ocean_post_title_bg_image_repeat":"","ocean_post_title_bg_image_size":"","ocean_post_title_height":0,"ocean_post_title_bg_overlay":0.5,"ocean_post_title_bg_overlay_color":"","ocean_disable_breadcrumbs":"default","ocean_breadcrumbs_color":"","ocean_breadcrumbs_separator_color":"","ocean_breadcrumbs_links_color":"","ocean_breadcrumbs_links_hover_color":"","ocean_display_footer_widgets":"default","ocean_display_footer_bottom":"default","ocean_custom_footer_template":"0","osh_disable_topbar_sticky":"default","osh_disable_header_sticky":"default","osh_sticky_header_style":"default","osh_sticky_header_effect":"","osh_custom_sticky_logo":0,"osh_custom_retina_sticky_logo":0,"osh_custom_sticky_logo_height":0,"osh_background_color":"","osh_links_color":"","osh_links_hover_color":"","osh_links_active_color":"","osh_links_bg_color":"","osh_links_hover_bg_color":"","osh_links_active_bg_color":"","osh_menu_social_links_color":"","osh_menu_social_hover_links_color":""},"product_brand":[],"product_cat":[49,47],"product_tag":[139,229,364,82,240],"class_list":{"0":"post-3922","1":"product","2":"type-product","3":"status-publish","4":"has-post-thumbnail","6":"product_cat-volumetric-oil-injectors","7":"product_cat-volumetric-thin-oil-systems","8":"product_tag-oil-distributor","9":"product_tag-oil-metering-valve","10":"product_tag-positive-displacement-distributor","11":"product_tag-positive-displacement-injector","12":"product_tag-pressurized-distributor","14":"entry","15":"has-media","17":"first","18":"instock","19":"shipping-taxable","20":"product-type-external","21":"col","22":"span_1_of_3","23":"owp-content-center","24":"owp-thumbs-layout-horizontal","25":"owp-btn-very-big","26":"owp-tabs-layout-horizontal"},"_links":{"self":[{"href":"https:\/\/www.jinpinlub.com\/de\/wp-json\/wp\/v2\/product\/3922","targetHints":{"allow":["GET"]}}],"collection":[{"href":"https:\/\/www.jinpinlub.com\/de\/wp-json\/wp\/v2\/product"}],"about":[{"href":"https:\/\/www.jinpinlub.com\/de\/wp-json\/wp\/v2\/types\/product"}],"wp:featuredmedia":[{"embeddable":true,"href":"https:\/\/www.jinpinlub.com\/de\/wp-json\/wp\/v2\/media\/3926"}],"wp:attachment":[{"href":"https:\/\/www.jinpinlub.com\/de\/wp-json\/wp\/v2\/media?parent=3922"}],"wp:term":[{"taxonomy":"product_brand","embeddable":true,"href":"https:\/\/www.jinpinlub.com\/de\/wp-json\/wp\/v2\/product_brand?post=3922"},{"taxonomy":"product_cat","embeddable":true,"href":"https:\/\/www.jinpinlub.com\/de\/wp-json\/wp\/v2\/product_cat?post=3922"},{"taxonomy":"product_tag","embeddable":true,"href":"https:\/\/www.jinpinlub.com\/de\/wp-json\/wp\/v2\/product_tag?post=3922"}],"curies":[{"name":"wp","href":"https:\/\/api.w.org\/{rel}","templated":true}]}}