{"id":3930,"date":"2024-11-30T03:21:08","date_gmt":"2024-11-29T19:21:08","guid":{"rendered":"https:\/\/www.jinpinlub.com\/?post_type=product&#038;p=3930"},"modified":"2024-12-01T03:28:50","modified_gmt":"2024-11-30T19:28:50","slug":"mok-6-oldosierventile-mit-verdrangereinspritzung","status":"publish","type":"product","link":"https:\/\/www.jinpinlub.com\/de\/product\/mok-6-positive-displacement-injection-oil-metering-valves\/","title":{"rendered":"MOK-6 \u00d6ldosierventile mit positiver Verdr\u00e4ngungseinspritzung"},"content":{"rendered":"<h2>Besonderheit<\/h2>\n<p>1. Das unter Druck stehende (volumetrische) Dosierventil ist ein Ventil mit direkter Druckwirkung.<br \/>\nDas von der Schmierpumpe gef\u00f6rderte Druck\u00f6l dr\u00fcckt den im Dosierventil eingebauten Kolben, um das auszutragende \u00d6l zu bewegen und zu zwingen. Wenn die Schmierpumpe nicht mehr funktioniert, wird der Kolben des Dosierteils unter Einwirkung der Federkraft zur\u00fcckgesetzt, d. h. die Dosierung und Speicherung des quantitativen \u00d6ls wird durchgef\u00fchrt.<br \/>\n2. Das Dosierventil hat eine genaue \u00d6labgabe und der Dosierteil gibt \u00d6l nur einmal in einem \u00d6lversorgungszyklus ab. Der Abstand zwischen den Dosierventilen im Schmiersystem ist weit, nah, hoch, niedrig und horizontal oder vertikal installiert. Es hat keinen Einfluss auf seine Verschiebung.<br \/>\n3. Das Dosierventil ist empfindlich und verhindert mit zwei Dichtungen ein Zur\u00fcckflie\u00dfen des austretenden \u00d6ls.<br \/>\n4. Das Dosierventil und die Verbindung sind getrennte Strukturen. Je nach \u00d6lbedarf jeder Schmierstelle kann das entsprechende Dosierventil nach Belieben ausgew\u00e4hlt und mit der MOJ-Verbindung kombiniert werden (sowohl Serien- als auch Parallelkombinationen sind verf\u00fcgbar).<br \/>\n5. Der Auslassdurchmesser des Dosierventils betr\u00e4gt \u03a64 und es gibt zwei M\u00f6glichkeiten, es anzuschlie\u00dfen.<br \/>\nKartenh\u00fclsentyp: Das Rohr muss in Kombination mit einer PA4-Kompressionsbuchse und einer PB4-H\u00fclse verwendet werden.<br \/>\nSchnellstecktyp: Stecken Sie das \u03a64-Rohr direkt ein.<\/p>\n<h2>Spezifikation<\/h2>\n<table>\n<tbody>\n<tr>\n<td>Funktionsprinzip<\/td>\n<td>Druckbegrenzungs-Dosierventil<\/td>\n<\/tr>\n<tr>\n<td>Anzahl der Verkaufsstellen<\/td>\n<td>1~12<\/td>\n<\/tr>\n<tr>\n<td>Dosiermenge<\/td>\n<td>0,03, 0,05, 0,13, 0,20, 0,30, 0,50 ml\/Zyklus<\/td>\n<\/tr>\n<tr>\n<td>Schmiermittel<\/td>\n<td>15-90 CSt bei 40 \u00b0C<\/td>\n<\/tr>\n<tr>\n<td>Betriebstemperatur<\/td>\n<td>-20 bis +80 \u00b0C<\/td>\n<\/tr>\n<tr>\n<td>Betriebsdruck<\/td>\n<td>Mindestens 1,0 MPa<\/td>\n<\/tr>\n<tr>\n<td>Material<\/td>\n<td>Kupfer, Aluminium<\/td>\n<\/tr>\n<tr>\n<td>Anschluss Ausgang<\/td>\n<td>Einlass Rc1\/8, Auslass \u03a64(Rc1\/8)<\/td>\n<\/tr>\n<tr>\n<td>Auslaufarmaturen<\/td>\n<td>H\u00fclsentyp, Schnelltyp<\/td>\n<\/tr>\n<tr>\n<td>Einbaulage<\/td>\n<td>Beliebig<\/td>\n<\/tr>\n<\/tbody>\n<\/table>\n<h2>Anwendung<\/h2>\n<p><span id=\"input-sentence~0\">Industrielle Maschinen<br \/>\nCNC-Maschinen: Schmiert wichtige bewegliche Teile, um einen reibungslosen Betrieb zu gew\u00e4hrleisten.<br \/>\nF\u00f6rderb\u00e4nder: Schmiert Lager und Rollen, um Reibung und Verschlei\u00df zu reduzieren.<br \/>\nTextilmaschinen: Sorgt f\u00fcr einen reibungslosen Betrieb von Komponenten wie Spindeln und Zahnr\u00e4dern.<br \/>\nAutomobilindustrie<br \/>\nMotoren: Versorgt die verschiedenen Teile des Motors mit der exakt richtigen \u00d6lmenge und verbessert so Leistung und Haltbarkeit.<\/span><span id=\"input-sentence~1\"><br \/>\nFahrgestellschmierung: Erm\u00f6glicht eine reibungslose Bewegung der Aufh\u00e4ngung und Lenkung.<br \/>\nHerstellung<br \/>\nRoboterarme: Gelenke und bewegliche Teile werden geschmiert, um eine reibungslose und pr\u00e4zise Bewegung zu gew\u00e4hrleisten.<br \/>\nVerpackungsausr\u00fcstung: Sorgt f\u00fcr die Schmierung von Zahnr\u00e4dern und anderen mechanischen Elementen, um deren Effizienz aufrechtzuerhalten.<br \/>\nSchweres Ger\u00e4t<br \/>\nBaumaschinen: Hydrauliksysteme und andere wichtige Komponenten in Baumaschinen m\u00fcssen gut geschmiert gehalten werden.<br \/>\nLandwirtschaftliche Ger\u00e4te: Zahnr\u00e4der, Ketten und andere bewegliche Teile werden geschmiert, um Verschlei\u00df zu verringern.<\/span><\/p>\n<h2>Benutzerhandb\u00fccher<\/h2>\n<div class=\"sdm_download_button_box_default\"><div class=\"sdm_download_link\"><a href=\"https:\/\/www.jinpinlub.com\/de\/?sdm_process_download=1&download_id=3886\" class=\"sdm_download white\" title=\"Privat: MOK Metering Valve\" target=\"&quot;_blank&quot;\">Datenblatt anzeigen - MOK Dosierventil<\/a><\/div><\/div>","protected":false},"excerpt":{"rendered":"<p>Der quantitative Druck\u00f6lverteiler MOK ist ein volumetrisches D\u00fcnn\u00f6ldosierventil, das f\u00fcr zentralisierte Verdr\u00e4ngerschmiersysteme entwickelt wurde. Seine Hauptmerkmale sind genaue \u00d6labgabe, anpassbare Durchflussrate und Korrosionsbest\u00e4ndigkeit.<\/p>","protected":false},"featured_media":3933,"template":"","meta":{"ocean_post_layout":"","ocean_both_sidebars_style":"","ocean_both_sidebars_content_width":0,"ocean_both_sidebars_sidebars_width":0,"ocean_sidebar":"0","ocean_second_sidebar":"0","ocean_disable_margins":"enable","ocean_add_body_class":"","ocean_shortcode_before_top_bar":"","ocean_shortcode_after_top_bar":"","ocean_shortcode_before_header":"","ocean_shortcode_after_header":"","ocean_has_shortcode":"","ocean_shortcode_after_title":"","ocean_shortcode_before_footer_widgets":"","ocean_shortcode_after_footer_widgets":"","ocean_shortcode_before_footer_bottom":"","ocean_shortcode_after_footer_bottom":"","ocean_display_top_bar":"default","ocean_display_header":"default","ocean_header_style":"","ocean_center_header_left_menu":"0","ocean_custom_header_template":"0","ocean_custom_logo":0,"ocean_custom_retina_logo":0,"ocean_custom_logo_max_width":0,"ocean_custom_logo_tablet_max_width":0,"ocean_custom_logo_mobile_max_width":0,"ocean_custom_logo_max_height":0,"ocean_custom_logo_tablet_max_height":0,"ocean_custom_logo_mobile_max_height":0,"ocean_header_custom_menu":"0","ocean_menu_typo_font_family":"0","ocean_menu_typo_font_subset":"","ocean_menu_typo_font_size":0,"ocean_menu_typo_font_size_tablet":0,"ocean_menu_typo_font_size_mobile":0,"ocean_menu_typo_font_size_unit":"px","ocean_menu_typo_font_weight":"","ocean_menu_typo_font_weight_tablet":"","ocean_menu_typo_font_weight_mobile":"","ocean_menu_typo_transform":"","ocean_menu_typo_transform_tablet":"","ocean_menu_typo_transform_mobile":"","ocean_menu_typo_line_height":0,"ocean_menu_typo_line_height_tablet":0,"ocean_menu_typo_line_height_mobile":0,"ocean_menu_typo_line_height_unit":"","ocean_menu_typo_spacing":0,"ocean_menu_typo_spacing_tablet":0,"ocean_menu_typo_spacing_mobile":0,"ocean_menu_typo_spacing_unit":"","ocean_menu_link_color":"","ocean_menu_link_color_hover":"","ocean_menu_link_color_active":"","ocean_menu_link_background":"","ocean_menu_link_hover_background":"","ocean_menu_link_active_background":"","ocean_menu_social_links_bg":"","ocean_menu_social_hover_links_bg":"","ocean_menu_social_links_color":"","ocean_menu_social_hover_links_color":"","ocean_disable_title":"default","ocean_disable_heading":"default","ocean_post_title":"","ocean_post_subheading":"","ocean_post_title_style":"","ocean_post_title_background_color":"","ocean_post_title_background":0,"ocean_post_title_bg_image_position":"","ocean_post_title_bg_image_attachment":"","ocean_post_title_bg_image_repeat":"","ocean_post_title_bg_image_size":"","ocean_post_title_height":0,"ocean_post_title_bg_overlay":0.5,"ocean_post_title_bg_overlay_color":"","ocean_disable_breadcrumbs":"default","ocean_breadcrumbs_color":"","ocean_breadcrumbs_separator_color":"","ocean_breadcrumbs_links_color":"","ocean_breadcrumbs_links_hover_color":"","ocean_display_footer_widgets":"default","ocean_display_footer_bottom":"default","ocean_custom_footer_template":"0","osh_disable_topbar_sticky":"default","osh_disable_header_sticky":"default","osh_sticky_header_style":"default","osh_sticky_header_effect":"","osh_custom_sticky_logo":0,"osh_custom_retina_sticky_logo":0,"osh_custom_sticky_logo_height":0,"osh_background_color":"","osh_links_color":"","osh_links_hover_color":"","osh_links_active_color":"","osh_links_bg_color":"","osh_links_hover_bg_color":"","osh_links_active_bg_color":"","osh_menu_social_links_color":"","osh_menu_social_hover_links_color":""},"product_brand":[],"product_cat":[49,47],"product_tag":[139,229,364,82,240],"class_list":{"0":"post-3930","1":"product","2":"type-product","3":"status-publish","4":"has-post-thumbnail","6":"product_cat-volumetric-oil-injectors","7":"product_cat-volumetric-thin-oil-systems","8":"product_tag-oil-distributor","9":"product_tag-oil-metering-valve","10":"product_tag-positive-displacement-distributor","11":"product_tag-positive-displacement-injector","12":"product_tag-pressurized-distributor","14":"entry","15":"has-media","17":"first","18":"instock","19":"shipping-taxable","20":"product-type-external","21":"col","22":"span_1_of_3","23":"owp-content-center","24":"owp-thumbs-layout-horizontal","25":"owp-btn-very-big","26":"owp-tabs-layout-horizontal"},"_links":{"self":[{"href":"https:\/\/www.jinpinlub.com\/de\/wp-json\/wp\/v2\/product\/3930","targetHints":{"allow":["GET"]}}],"collection":[{"href":"https:\/\/www.jinpinlub.com\/de\/wp-json\/wp\/v2\/product"}],"about":[{"href":"https:\/\/www.jinpinlub.com\/de\/wp-json\/wp\/v2\/types\/product"}],"wp:featuredmedia":[{"embeddable":true,"href":"https:\/\/www.jinpinlub.com\/de\/wp-json\/wp\/v2\/media\/3933"}],"wp:attachment":[{"href":"https:\/\/www.jinpinlub.com\/de\/wp-json\/wp\/v2\/media?parent=3930"}],"wp:term":[{"taxonomy":"product_brand","embeddable":true,"href":"https:\/\/www.jinpinlub.com\/de\/wp-json\/wp\/v2\/product_brand?post=3930"},{"taxonomy":"product_cat","embeddable":true,"href":"https:\/\/www.jinpinlub.com\/de\/wp-json\/wp\/v2\/product_cat?post=3930"},{"taxonomy":"product_tag","embeddable":true,"href":"https:\/\/www.jinpinlub.com\/de\/wp-json\/wp\/v2\/product_tag?post=3930"}],"curies":[{"name":"wp","href":"https:\/\/api.w.org\/{rel}","templated":true}]}}