{"id":3935,"date":"2024-11-30T10:05:10","date_gmt":"2024-11-30T02:05:10","guid":{"rendered":"https:\/\/www.jinpinlub.com\/?post_type=product&#038;p=3935"},"modified":"2024-12-01T03:28:56","modified_gmt":"2024-11-30T19:28:56","slug":"msk-9-verdrangereinspritzung-dunner-olverteiler","status":"publish","type":"product","link":"https:\/\/www.jinpinlub.com\/de\/product\/msk-9-positive-displacement-injection-thin-oil-distributor\/","title":{"rendered":"MSK-9 Verdr\u00e4ngungseinspritz-D\u00fcnn\u00f6lverteiler"},"content":{"rendered":"<h2>Besonderheit<\/h2>\n<p><span id=\"input-sentence~0\">Volumen verschiedener Entladungen: Kann je nach Modell unterschiedlich genutzt werden, das Hubvolumen reicht von 0,03 bis 0,5 ml.<br \/>\nBetrieb unter hohem Druck: Der Betriebsdruck kann bis zu 1,0 MPa betragen.<br \/>\nSchnelles Zur\u00fccksetzen: Der R\u00fccksetzdruck betr\u00e4gt 0,3 MPa und erm\u00f6glicht eine schnellere Wiederherstellung zwischen den Zyklen.<\/span><span id=\"input-sentence~1\"><br \/>\nKonstruktion: Verteiler aus Messing, daher robust und verschlei\u00dffest.<br \/>\nWartungsfreundlich: Die einfache Montage und Demontage soll die Wartung so unkompliziert wie m\u00f6glich gestalten und Produktionsausf\u00e4lle minimieren.<br \/>\nKorrosionsbest\u00e4ndigkeit: Die Baumaterialien gew\u00e4hrleisten Korrosionsbest\u00e4ndigkeit, sodass das Ventil auch in widrigen Umgebungen lange h\u00e4lt.<br \/>\nAnpassbar: Der Verteiler ist au\u00dferdem in verschiedenen Gr\u00f6\u00dfen und Spezifikationen erh\u00e4ltlich, die den unterschiedlichen Bed\u00fcrfnissen und Anforderungen jeder Anwendung gerecht werden.<\/span><\/p>\n<h2>Spezifikation<\/h2>\n<table>\n<tbody>\n<tr>\n<td>Funktionsprinzip<\/td>\n<td>Verdr\u00e4ngungsinjektor<\/td>\n<\/tr>\n<tr>\n<td>Anzahl der Verkaufsstellen<\/td>\n<td>1~12<\/td>\n<\/tr>\n<tr>\n<td>Dosiermenge<\/td>\n<td>0,03, 0,05, 0,13, 0,20, 0,30, 0,50 ml\/Zyklus<\/td>\n<\/tr>\n<tr>\n<td>Schmiermittel<\/td>\n<td>15-90 CSt bei 40 \u00b0C<\/td>\n<\/tr>\n<tr>\n<td>Betriebstemperatur<\/td>\n<td>-20 bis +80 \u00b0C<\/td>\n<\/tr>\n<tr>\n<td>Betriebsdruck<\/td>\n<td>Mindestens 1,0 MPa<\/td>\n<\/tr>\n<tr>\n<td>Material<\/td>\n<td>Kupfer, Aluminium<\/td>\n<\/tr>\n<tr>\n<td>Anschluss Ausgang<\/td>\n<td>Einlass Rc1\/8, Auslass \u03a64(Rc1\/8)<\/td>\n<\/tr>\n<tr>\n<td>Auslaufarmaturen<\/td>\n<td>H\u00fclsentyp, Schnelltyp<\/td>\n<\/tr>\n<tr>\n<td>Einbaulage<\/td>\n<td>Beliebig<\/td>\n<\/tr>\n<\/tbody>\n<\/table>\n<h2>Testen<\/h2>\n<p>Sichtpr\u00fcfung: \u00dcberpr\u00fcfen Sie den Injektor und alle seine Anschl\u00fcsse auf Anzeichen von Besch\u00e4digungen oder Lecks.<br \/>\nDrucktest: Schlie\u00dfen Sie den Injektor an eine Druckquelle an und erh\u00f6hen Sie den Druck schrittweise auf den Betriebsdruck von 1,0 MPa. Achten Sie auf Lecks oder andere Anomalien.<br \/>\nDurchflusstest: Messen Sie das abgegebene Volumen, um sicherzustellen, dass es im Bereich zwischen 0,03 und 0,5 ml pro Hub liegt. Dies kann mithilfe eines kalibrierten Messger\u00e4ts erreicht werden.<br \/>\nR\u00fccksetztest: \u00dcberpr\u00fcfen Sie, ob der Injektor beim eingestellten R\u00fccksetzdruck von 0,3 MPa korrekt zur\u00fcckgesetzt wird.<br \/>\nBetriebstest: F\u00fchren Sie mehrere Zyklen mit dem Injektor durch, um eine gleichbleibende Leistung sicherzustellen und festzustellen, ob es im Betrieb zu Unregelm\u00e4\u00dfigkeiten kommt.<\/p>\n<h2>Benutzerhandb\u00fccher<\/h2>\n<div class=\"sdm_download_button_box_default\"><div class=\"sdm_download_link\"><a href=\"https:\/\/www.jinpinlub.com\/de\/?sdm_process_download=1&download_id=3889\" class=\"sdm_download white\" title=\"Privat: MSK Metering Valve\" target=\"&quot;_blank&quot;\">Datenblatt anzeigen - MSK Dosierventil<\/a><\/div><\/div>","protected":false},"excerpt":{"rendered":"<p>Das Verdr\u00e4nger-Jetventil MSK ist ein Jetventil, das in einer Vielzahl von industriellen Anwendungen eingesetzt wird. Es ist f\u00fcr einen pr\u00e4zisen Fl\u00fcssigkeitsstrahl ausgelegt. Diese Ventile werden f\u00fcr eine genaue und zuverl\u00e4ssige Fl\u00fcssigkeitszufuhr verwendet, typischerweise in Schmiersystemen.<\/p>","protected":false},"featured_media":3938,"template":"","meta":{"ocean_post_layout":"","ocean_both_sidebars_style":"","ocean_both_sidebars_content_width":0,"ocean_both_sidebars_sidebars_width":0,"ocean_sidebar":"0","ocean_second_sidebar":"0","ocean_disable_margins":"enable","ocean_add_body_class":"","ocean_shortcode_before_top_bar":"","ocean_shortcode_after_top_bar":"","ocean_shortcode_before_header":"","ocean_shortcode_after_header":"","ocean_has_shortcode":"","ocean_shortcode_after_title":"","ocean_shortcode_before_footer_widgets":"","ocean_shortcode_after_footer_widgets":"","ocean_shortcode_before_footer_bottom":"","ocean_shortcode_after_footer_bottom":"","ocean_display_top_bar":"default","ocean_display_header":"default","ocean_header_style":"","ocean_center_header_left_menu":"0","ocean_custom_header_template":"0","ocean_custom_logo":0,"ocean_custom_retina_logo":0,"ocean_custom_logo_max_width":0,"ocean_custom_logo_tablet_max_width":0,"ocean_custom_logo_mobile_max_width":0,"ocean_custom_logo_max_height":0,"ocean_custom_logo_tablet_max_height":0,"ocean_custom_logo_mobile_max_height":0,"ocean_header_custom_menu":"0","ocean_menu_typo_font_family":"0","ocean_menu_typo_font_subset":"","ocean_menu_typo_font_size":0,"ocean_menu_typo_font_size_tablet":0,"ocean_menu_typo_font_size_mobile":0,"ocean_menu_typo_font_size_unit":"px","ocean_menu_typo_font_weight":"","ocean_menu_typo_font_weight_tablet":"","ocean_menu_typo_font_weight_mobile":"","ocean_menu_typo_transform":"","ocean_menu_typo_transform_tablet":"","ocean_menu_typo_transform_mobile":"","ocean_menu_typo_line_height":0,"ocean_menu_typo_line_height_tablet":0,"ocean_menu_typo_line_height_mobile":0,"ocean_menu_typo_line_height_unit":"","ocean_menu_typo_spacing":0,"ocean_menu_typo_spacing_tablet":0,"ocean_menu_typo_spacing_mobile":0,"ocean_menu_typo_spacing_unit":"","ocean_menu_link_color":"","ocean_menu_link_color_hover":"","ocean_menu_link_color_active":"","ocean_menu_link_background":"","ocean_menu_link_hover_background":"","ocean_menu_link_active_background":"","ocean_menu_social_links_bg":"","ocean_menu_social_hover_links_bg":"","ocean_menu_social_links_color":"","ocean_menu_social_hover_links_color":"","ocean_disable_title":"default","ocean_disable_heading":"default","ocean_post_title":"","ocean_post_subheading":"","ocean_post_title_style":"","ocean_post_title_background_color":"","ocean_post_title_background":0,"ocean_post_title_bg_image_position":"","ocean_post_title_bg_image_attachment":"","ocean_post_title_bg_image_repeat":"","ocean_post_title_bg_image_size":"","ocean_post_title_height":0,"ocean_post_title_bg_overlay":0.5,"ocean_post_title_bg_overlay_color":"","ocean_disable_breadcrumbs":"default","ocean_breadcrumbs_color":"","ocean_breadcrumbs_separator_color":"","ocean_breadcrumbs_links_color":"","ocean_breadcrumbs_links_hover_color":"","ocean_display_footer_widgets":"default","ocean_display_footer_bottom":"default","ocean_custom_footer_template":"0","osh_disable_topbar_sticky":"default","osh_disable_header_sticky":"default","osh_sticky_header_style":"default","osh_sticky_header_effect":"","osh_custom_sticky_logo":0,"osh_custom_retina_sticky_logo":0,"osh_custom_sticky_logo_height":0,"osh_background_color":"","osh_links_color":"","osh_links_hover_color":"","osh_links_active_color":"","osh_links_bg_color":"","osh_links_hover_bg_color":"","osh_links_active_bg_color":"","osh_menu_social_links_color":"","osh_menu_social_hover_links_color":""},"product_brand":[],"product_cat":[49,47],"product_tag":[139,229,364,82,240],"class_list":{"0":"post-3935","1":"product","2":"type-product","3":"status-publish","4":"has-post-thumbnail","6":"product_cat-volumetric-oil-injectors","7":"product_cat-volumetric-thin-oil-systems","8":"product_tag-oil-distributor","9":"product_tag-oil-metering-valve","10":"product_tag-positive-displacement-distributor","11":"product_tag-positive-displacement-injector","12":"product_tag-pressurized-distributor","14":"entry","15":"has-media","17":"first","18":"instock","19":"shipping-taxable","20":"product-type-external","21":"col","22":"span_1_of_3","23":"owp-content-center","24":"owp-thumbs-layout-horizontal","25":"owp-btn-very-big","26":"owp-tabs-layout-horizontal"},"_links":{"self":[{"href":"https:\/\/www.jinpinlub.com\/de\/wp-json\/wp\/v2\/product\/3935","targetHints":{"allow":["GET"]}}],"collection":[{"href":"https:\/\/www.jinpinlub.com\/de\/wp-json\/wp\/v2\/product"}],"about":[{"href":"https:\/\/www.jinpinlub.com\/de\/wp-json\/wp\/v2\/types\/product"}],"wp:featuredmedia":[{"embeddable":true,"href":"https:\/\/www.jinpinlub.com\/de\/wp-json\/wp\/v2\/media\/3938"}],"wp:attachment":[{"href":"https:\/\/www.jinpinlub.com\/de\/wp-json\/wp\/v2\/media?parent=3935"}],"wp:term":[{"taxonomy":"product_brand","embeddable":true,"href":"https:\/\/www.jinpinlub.com\/de\/wp-json\/wp\/v2\/product_brand?post=3935"},{"taxonomy":"product_cat","embeddable":true,"href":"https:\/\/www.jinpinlub.com\/de\/wp-json\/wp\/v2\/product_cat?post=3935"},{"taxonomy":"product_tag","embeddable":true,"href":"https:\/\/www.jinpinlub.com\/de\/wp-json\/wp\/v2\/product_tag?post=3935"}],"curies":[{"name":"wp","href":"https:\/\/api.w.org\/{rel}","templated":true}]}}