{"id":3943,"date":"2024-11-30T11:25:08","date_gmt":"2024-11-30T03:25:08","guid":{"rendered":"https:\/\/www.jinpinlub.com\/?post_type=product&#038;p=3943"},"modified":"2024-12-01T03:29:03","modified_gmt":"2024-11-30T19:29:03","slug":"msk-abnehmbarer-volumenverteiler-fur-dunnolschmierung","status":"publish","type":"product","link":"https:\/\/www.jinpinlub.com\/de\/product\/msk-detachable-thin-oil-lubrication-volumetric-distributor\/","title":{"rendered":"MSK Abnehmbarer Volumenverteiler f\u00fcr D\u00fcnn\u00f6lschmierung"},"content":{"rendered":"<h2>Besonderheit<\/h2>\n<p>Unterschiedliche Abgabemengen: Der \u00d6lverteiler der MSK-Serie bietet unterschiedliche Abgabemengen von 0,01 bis 1,5 ml pro Hub und erf\u00fcllt so den Schmierbedarf in unterschiedlichen Situationen.<br \/>\nArbeitsdruck und Gegendruck: Der Arbeitsdruck dieses \u00d6lventils dieser Serie betr\u00e4gt haupts\u00e4chlich 1,0 MPa und der Gegendruck 0,3 MPa, um sicherzustellen, dass der Verteiler stabil arbeiten kann.<br \/>\nMaterial: Der Hauptk\u00f6rper des \u00d6lverteilers der MSK-Serie besteht aus Messing, das \u00fcber gute Korrosionsbest\u00e4ndigkeit und mechanische Eigenschaften verf\u00fcgt.<br \/>\nModell und Teilenummer: Der \u00d6lverteiler MSK bietet eine Vielzahl von Modellen an. Jedes Modell verf\u00fcgt \u00fcber die entsprechende Teilenummer, sodass Benutzer bequem das entsprechende Modell ausw\u00e4hlen und entsprechend ihren Anforderungen bestellen k\u00f6nnen.<br \/>\nWartungsfreundlich: Der MSK-\u00d6lverteiler ist f\u00fcr eine einfache Montage und Demontage konzipiert, was die Wartung unkompliziert macht und Ausfallzeiten minimiert.<\/p>\n<h2>Spezifikation<\/h2>\n<table>\n<tbody>\n<tr>\n<td>Funktionsprinzip<\/td>\n<td>Verdr\u00e4ngungsinjektor<\/td>\n<\/tr>\n<tr>\n<td>Anzahl der Verkaufsstellen<\/td>\n<td>1~12<\/td>\n<\/tr>\n<tr>\n<td>Dosiermenge<\/td>\n<td>0,03, 0,05, 0,13, 0,20, 0,30, 0,50 ml\/Zyklus<\/td>\n<\/tr>\n<tr>\n<td>Schmiermittel<\/td>\n<td>15-90 CSt bei 40 \u00b0C<\/td>\n<\/tr>\n<tr>\n<td>Betriebstemperatur<\/td>\n<td>-20 bis +80 \u00b0C<\/td>\n<\/tr>\n<tr>\n<td>Betriebsdruck<\/td>\n<td>Mindestens 1,0 MPa<\/td>\n<\/tr>\n<tr>\n<td>Material<\/td>\n<td>Kupfer, Aluminium<\/td>\n<\/tr>\n<tr>\n<td>Anschluss Ausgang<\/td>\n<td>Einlass Rc1\/8, Auslass \u03a64(Rc1\/8)<\/td>\n<\/tr>\n<tr>\n<td>Auslaufarmaturen<\/td>\n<td>H\u00fclsentyp, Schnelltyp<\/td>\n<\/tr>\n<tr>\n<td>Einbaulage<\/td>\n<td>Beliebig<\/td>\n<\/tr>\n<\/tbody>\n<\/table>\n<h2>Installation<\/h2>\n<p>Vorbereitung: Alle notwendigen Werkzeuge und Materialien sollten zur Hand sein, insbesondere Ventil, Schl\u00e4uche, Armaturen, Dichtungsmittel und Adapter (falls zutreffend).<br \/>\nMontage: Den Verteiler an der gew\u00fcnschten Stelle montieren, gut befestigen und passend zum Rohrleitungssystem ausrichten.<br \/>\nSchl\u00e4uche anschlie\u00dfen: Verbinden Sie die Schl\u00e4uche mit dem Verteiler, entweder mit Kompressionsverschraubungen (bei einigen Modellen) oder mit Steckverschraubungen (bei anderen). Achten Sie auf gute, solide Verbindungen, um Leckagen zu vermeiden.<br \/>\nAbdichtung: Tragen Sie auf Gewindeverbindungen ein geeignetes Dichtungsmittel auf, um Leckagen bei der Montage zu vermeiden.<br \/>\nDruckpr\u00fcfung: F\u00fchren Sie nach der ordnungsgem\u00e4\u00dfen Installation eine Druckpr\u00fcfung durch, um zu pr\u00fcfen, ob das installierte Ventil Lecks aufweist, um die ordnungsgem\u00e4\u00dfe Funktion sicherzustellen.<br \/>\nLetzte Anpassungen: Nehmen Sie alle Verteilereinstellungen und Verbindungen vor, um die Leistung zu optimieren.<\/p>\n<h2>Benutzerhandb\u00fccher<\/h2>\n<div class=\"sdm_download_button_box_default\"><div class=\"sdm_download_link\"><a href=\"https:\/\/www.jinpinlub.com\/de\/?sdm_process_download=1&download_id=3889\" class=\"sdm_download white\" title=\"Privat: MSK Metering Valve\" target=\"&quot;_blank&quot;\">Datenblatt anzeigen - MSK Dosierventil<\/a><\/div><\/div>","protected":false},"excerpt":{"rendered":"<p>Das Verdr\u00e4nger-Einspritzventil MSK ist ein Verteiler, der f\u00fcr die pr\u00e4zise Einspritzung d\u00fcnner \u00d6le konzipiert ist. Der Ventilk\u00f6rper besteht normalerweise aus korrosionsbest\u00e4ndigem Messing und wird h\u00e4ufig in Schmiersystemen und Fertigungsprozessen eingesetzt, um Zuverl\u00e4ssigkeit und lange Lebensdauer zu gew\u00e4hrleisten.<\/p>","protected":false},"featured_media":3944,"template":"","meta":{"ocean_post_layout":"","ocean_both_sidebars_style":"","ocean_both_sidebars_content_width":0,"ocean_both_sidebars_sidebars_width":0,"ocean_sidebar":"0","ocean_second_sidebar":"0","ocean_disable_margins":"enable","ocean_add_body_class":"","ocean_shortcode_before_top_bar":"","ocean_shortcode_after_top_bar":"","ocean_shortcode_before_header":"","ocean_shortcode_after_header":"","ocean_has_shortcode":"","ocean_shortcode_after_title":"","ocean_shortcode_before_footer_widgets":"","ocean_shortcode_after_footer_widgets":"","ocean_shortcode_before_footer_bottom":"","ocean_shortcode_after_footer_bottom":"","ocean_display_top_bar":"default","ocean_display_header":"default","ocean_header_style":"","ocean_center_header_left_menu":"0","ocean_custom_header_template":"0","ocean_custom_logo":0,"ocean_custom_retina_logo":0,"ocean_custom_logo_max_width":0,"ocean_custom_logo_tablet_max_width":0,"ocean_custom_logo_mobile_max_width":0,"ocean_custom_logo_max_height":0,"ocean_custom_logo_tablet_max_height":0,"ocean_custom_logo_mobile_max_height":0,"ocean_header_custom_menu":"0","ocean_menu_typo_font_family":"0","ocean_menu_typo_font_subset":"","ocean_menu_typo_font_size":0,"ocean_menu_typo_font_size_tablet":0,"ocean_menu_typo_font_size_mobile":0,"ocean_menu_typo_font_size_unit":"px","ocean_menu_typo_font_weight":"","ocean_menu_typo_font_weight_tablet":"","ocean_menu_typo_font_weight_mobile":"","ocean_menu_typo_transform":"","ocean_menu_typo_transform_tablet":"","ocean_menu_typo_transform_mobile":"","ocean_menu_typo_line_height":0,"ocean_menu_typo_line_height_tablet":0,"ocean_menu_typo_line_height_mobile":0,"ocean_menu_typo_line_height_unit":"","ocean_menu_typo_spacing":0,"ocean_menu_typo_spacing_tablet":0,"ocean_menu_typo_spacing_mobile":0,"ocean_menu_typo_spacing_unit":"","ocean_menu_link_color":"","ocean_menu_link_color_hover":"","ocean_menu_link_color_active":"","ocean_menu_link_background":"","ocean_menu_link_hover_background":"","ocean_menu_link_active_background":"","ocean_menu_social_links_bg":"","ocean_menu_social_hover_links_bg":"","ocean_menu_social_links_color":"","ocean_menu_social_hover_links_color":"","ocean_disable_title":"default","ocean_disable_heading":"default","ocean_post_title":"","ocean_post_subheading":"","ocean_post_title_style":"","ocean_post_title_background_color":"","ocean_post_title_background":0,"ocean_post_title_bg_image_position":"","ocean_post_title_bg_image_attachment":"","ocean_post_title_bg_image_repeat":"","ocean_post_title_bg_image_size":"","ocean_post_title_height":0,"ocean_post_title_bg_overlay":0.5,"ocean_post_title_bg_overlay_color":"","ocean_disable_breadcrumbs":"default","ocean_breadcrumbs_color":"","ocean_breadcrumbs_separator_color":"","ocean_breadcrumbs_links_color":"","ocean_breadcrumbs_links_hover_color":"","ocean_display_footer_widgets":"default","ocean_display_footer_bottom":"default","ocean_custom_footer_template":"0","osh_disable_topbar_sticky":"default","osh_disable_header_sticky":"default","osh_sticky_header_style":"default","osh_sticky_header_effect":"","osh_custom_sticky_logo":0,"osh_custom_retina_sticky_logo":0,"osh_custom_sticky_logo_height":0,"osh_background_color":"","osh_links_color":"","osh_links_hover_color":"","osh_links_active_color":"","osh_links_bg_color":"","osh_links_hover_bg_color":"","osh_links_active_bg_color":"","osh_menu_social_links_color":"","osh_menu_social_hover_links_color":""},"product_brand":[],"product_cat":[49,47],"product_tag":[229,364,82,240,228],"class_list":{"0":"post-3943","1":"product","2":"type-product","3":"status-publish","4":"has-post-thumbnail","6":"product_cat-volumetric-oil-injectors","7":"product_cat-volumetric-thin-oil-systems","8":"product_tag-oil-metering-valve","9":"product_tag-positive-displacement-distributor","10":"product_tag-positive-displacement-injector","11":"product_tag-pressurized-distributor","12":"product_tag-thin-oil-injector","14":"entry","15":"has-media","17":"first","18":"instock","19":"shipping-taxable","20":"product-type-external","21":"col","22":"span_1_of_3","23":"owp-content-center","24":"owp-thumbs-layout-horizontal","25":"owp-btn-very-big","26":"owp-tabs-layout-horizontal"},"_links":{"self":[{"href":"https:\/\/www.jinpinlub.com\/de\/wp-json\/wp\/v2\/product\/3943","targetHints":{"allow":["GET"]}}],"collection":[{"href":"https:\/\/www.jinpinlub.com\/de\/wp-json\/wp\/v2\/product"}],"about":[{"href":"https:\/\/www.jinpinlub.com\/de\/wp-json\/wp\/v2\/types\/product"}],"wp:featuredmedia":[{"embeddable":true,"href":"https:\/\/www.jinpinlub.com\/de\/wp-json\/wp\/v2\/media\/3944"}],"wp:attachment":[{"href":"https:\/\/www.jinpinlub.com\/de\/wp-json\/wp\/v2\/media?parent=3943"}],"wp:term":[{"taxonomy":"product_brand","embeddable":true,"href":"https:\/\/www.jinpinlub.com\/de\/wp-json\/wp\/v2\/product_brand?post=3943"},{"taxonomy":"product_cat","embeddable":true,"href":"https:\/\/www.jinpinlub.com\/de\/wp-json\/wp\/v2\/product_cat?post=3943"},{"taxonomy":"product_tag","embeddable":true,"href":"https:\/\/www.jinpinlub.com\/de\/wp-json\/wp\/v2\/product_tag?post=3943"}],"curies":[{"name":"wp","href":"https:\/\/api.w.org\/{rel}","templated":true}]}}