{"id":3948,"date":"2024-12-01T00:46:54","date_gmt":"2024-11-30T16:46:54","guid":{"rendered":"https:\/\/www.jinpinlub.com\/?post_type=product&#038;p=3948"},"modified":"2024-12-01T01:25:25","modified_gmt":"2024-11-30T17:25:25","slug":"u-typ-216-ausgange-progressivverteiler-verteilerventile","status":"publish","type":"product","link":"https:\/\/www.jinpinlub.com\/de\/product\/u-type-216-outlets-progressive-distributor-divider-valves\/","title":{"rendered":"U-Typ 2-16 Ausl\u00e4sse Progressivverteilerventile"},"content":{"rendered":"<h2>Besonderheit<\/h2>\n<p>Der integrierte progressive \u00d6lverteiler vom Typ \u222a kann bei mittlerem Druck und gro\u00dfen Temperaturschwankungen eingesetzt werden. Er kann ein Einleitungsschmiersystem mit manuellen, elektrischen, pneumatischen Pumpen usw. bilden. Er wird f\u00fcr verschiedene kleine Werkzeugmaschinen und Kunststoffmaschinen oder als Unterverteiler eines gro\u00dfen Einleitungsschmiersystems verwendet.<br \/>\nEin typischer Satz U-Typ-Verteiler kann normalerweise Schmierung f\u00fcr 4, 6, 8, 10 oder 12 Schmierstellen bereitstellen. Der U-Typ-Verteiler hat nur eine Verdr\u00e4ngungsspezifikation von 0,3 ml\/Zyklus. Beachten Sie, dass beim \u00d6lauslass des Verteilers kein \u00d6lauslass blockiert werden darf, um seinen normalen Betrieb zu beeintr\u00e4chtigen, da sonst der Verteiler besch\u00e4digt wird.<\/p>\n<h2>Spezifikation<\/h2>\n<p>1. Maximaler Nenndruck: 15 MPa<br \/>\n2. Standardverschiebung: 0,3 ml\/Cyc<br \/>\n3. Schmierstoffbereich (bei Standardtemperatur): Schmier\u00f6l \u2265 N68, Fett NLGI 000#~1#<br \/>\n4. Arbeitsumgebungstemperatur: -10\u2103 ~ +60\u2103<br \/>\n5. Maximale Umlaufrate des Kolbenpaars des mechanischen Zyklusanzeigers: 60 Zyklen\/min<br \/>\n6. Maximale Zirkulationsrate des Kolbenpaars: 200 cyc\/min<br \/>\n7. Anzahl der Schmierstellen: 4, 6, 8, 10, 12<br \/>\n8. Rohrleitungsl\u00e4nge: \u03a64\/0,5~2,5 m, \u03a66\/1,2~3,5 m<br \/>\n9. Ventilk\u00f6rpermaterial: Aluminiumlegierung<\/p>\n<h2>Prinzip<\/h2>\n<p>Der U-f\u00f6rmige Verteiler ist ein Progressivverteiler, der von jedem Arbeitskolben im Ventilk\u00f6rper eine bestimmte Menge Fett in einer festgelegten Reihenfolge an die Schmierstellen abgibt. Jedes Arbeitskolbenpaar liefert basierend auf dem Prinzip der durch progressive Wirkung erzeugten hydraulischen Kraft eine quantitative Fettmenge an die Schmierstelle. Damit der Verteiler eine konstante Leistung hat, muss der U-f\u00f6rmige Verteiler mit Fett mit einem bestimmten Druck versorgt werden. Andernfalls liefert das Arbeitskolbenpaar das Fett nicht progressiv und in der festgelegten Reihenfolge an die Schmierstelle. Sobald das unter Druck zugef\u00fchrte Fett nicht mehr flie\u00dft, stoppt auch das Arbeitskolbenpaar des Verteilers seine Bewegung. Erst wenn das unter Druck stehende Fett wieder in den Ventilk\u00f6rper zu flie\u00dfen beginnt, wiederholt jedes Arbeitskolbenpaar im Verteiler seinen \u00d6lf\u00fcllzyklus-Arbeitsvorgang an derselben Stelle.<\/p>\n<h2>Benutzerhandb\u00fccher<\/h2>\n<div class=\"sdm_download_button_box_default\"><div class=\"sdm_download_link\"><a href=\"https:\/\/www.jinpinlub.com\/de\/?sdm_process_download=1&download_id=3949\" class=\"sdm_download white\" title=\"Privat: U-type Distributor\" target=\"&quot;_blank&quot;\">Datenblatt anzeigen - U-Typ-Verteiler<\/a><\/div><\/div>","protected":false},"excerpt":{"rendered":"<p>Die Anzahl der Ausl\u00e4sse des U-f\u00f6rmigen Progressivverteilers betr\u00e4gt 2, 4, 6, 8, 10, 12 und das Ausgabevolumen betr\u00e4gt 0,3 ml\/Zykl. Dieser Verteiler kann mit manuellen, elektrischen und pneumatischen Pumpen kombiniert werden, um ein Einleitungs-Progressivschmiersystem zu bilden.<\/p>","protected":false},"featured_media":3951,"template":"","meta":{"ocean_post_layout":"","ocean_both_sidebars_style":"","ocean_both_sidebars_content_width":0,"ocean_both_sidebars_sidebars_width":0,"ocean_sidebar":"0","ocean_second_sidebar":"0","ocean_disable_margins":"enable","ocean_add_body_class":"","ocean_shortcode_before_top_bar":"","ocean_shortcode_after_top_bar":"","ocean_shortcode_before_header":"","ocean_shortcode_after_header":"","ocean_has_shortcode":"","ocean_shortcode_after_title":"","ocean_shortcode_before_footer_widgets":"","ocean_shortcode_after_footer_widgets":"","ocean_shortcode_before_footer_bottom":"","ocean_shortcode_after_footer_bottom":"","ocean_display_top_bar":"default","ocean_display_header":"default","ocean_header_style":"","ocean_center_header_left_menu":"0","ocean_custom_header_template":"0","ocean_custom_logo":0,"ocean_custom_retina_logo":0,"ocean_custom_logo_max_width":0,"ocean_custom_logo_tablet_max_width":0,"ocean_custom_logo_mobile_max_width":0,"ocean_custom_logo_max_height":0,"ocean_custom_logo_tablet_max_height":0,"ocean_custom_logo_mobile_max_height":0,"ocean_header_custom_menu":"0","ocean_menu_typo_font_family":"0","ocean_menu_typo_font_subset":"","ocean_menu_typo_font_size":0,"ocean_menu_typo_font_size_tablet":0,"ocean_menu_typo_font_size_mobile":0,"ocean_menu_typo_font_size_unit":"px","ocean_menu_typo_font_weight":"","ocean_menu_typo_font_weight_tablet":"","ocean_menu_typo_font_weight_mobile":"","ocean_menu_typo_transform":"","ocean_menu_typo_transform_tablet":"","ocean_menu_typo_transform_mobile":"","ocean_menu_typo_line_height":0,"ocean_menu_typo_line_height_tablet":0,"ocean_menu_typo_line_height_mobile":0,"ocean_menu_typo_line_height_unit":"","ocean_menu_typo_spacing":0,"ocean_menu_typo_spacing_tablet":0,"ocean_menu_typo_spacing_mobile":0,"ocean_menu_typo_spacing_unit":"","ocean_menu_link_color":"","ocean_menu_link_color_hover":"","ocean_menu_link_color_active":"","ocean_menu_link_background":"","ocean_menu_link_hover_background":"","ocean_menu_link_active_background":"","ocean_menu_social_links_bg":"","ocean_menu_social_hover_links_bg":"","ocean_menu_social_links_color":"","ocean_menu_social_hover_links_color":"","ocean_disable_title":"default","ocean_disable_heading":"default","ocean_post_title":"","ocean_post_subheading":"","ocean_post_title_style":"","ocean_post_title_background_color":"","ocean_post_title_background":0,"ocean_post_title_bg_image_position":"","ocean_post_title_bg_image_attachment":"","ocean_post_title_bg_image_repeat":"","ocean_post_title_bg_image_size":"","ocean_post_title_height":0,"ocean_post_title_bg_overlay":0.5,"ocean_post_title_bg_overlay_color":"","ocean_disable_breadcrumbs":"default","ocean_breadcrumbs_color":"","ocean_breadcrumbs_separator_color":"","ocean_breadcrumbs_links_color":"","ocean_breadcrumbs_links_hover_color":"","ocean_display_footer_widgets":"default","ocean_display_footer_bottom":"default","ocean_custom_footer_template":"0","osh_disable_topbar_sticky":"default","osh_disable_header_sticky":"default","osh_sticky_header_style":"default","osh_sticky_header_effect":"","osh_custom_sticky_logo":0,"osh_custom_retina_sticky_logo":0,"osh_custom_sticky_logo_height":0,"osh_background_color":"","osh_links_color":"","osh_links_hover_color":"","osh_links_active_color":"","osh_links_bg_color":"","osh_links_hover_bg_color":"","osh_links_active_bg_color":"","osh_menu_social_links_color":"","osh_menu_social_hover_links_color":""},"product_brand":[],"product_cat":[44,41],"product_tag":[87,366,230,99,365],"class_list":{"0":"post-3948","1":"product","2":"type-product","3":"status-publish","4":"has-post-thumbnail","6":"product_cat-progressive-grease-dividers","7":"product_cat-progressive-grease-systems","8":"product_tag-grease-distributor","9":"product_tag-ihi-pump-divider","10":"product_tag-lubrication-metering-device","11":"product_tag-progressive-distributor","12":"product_tag-u-type-divider","14":"entry","15":"has-media","17":"first","18":"instock","19":"shipping-taxable","20":"product-type-external","21":"col","22":"span_1_of_3","23":"owp-content-center","24":"owp-thumbs-layout-horizontal","25":"owp-btn-very-big","26":"owp-tabs-layout-horizontal"},"_links":{"self":[{"href":"https:\/\/www.jinpinlub.com\/de\/wp-json\/wp\/v2\/product\/3948","targetHints":{"allow":["GET"]}}],"collection":[{"href":"https:\/\/www.jinpinlub.com\/de\/wp-json\/wp\/v2\/product"}],"about":[{"href":"https:\/\/www.jinpinlub.com\/de\/wp-json\/wp\/v2\/types\/product"}],"wp:featuredmedia":[{"embeddable":true,"href":"https:\/\/www.jinpinlub.com\/de\/wp-json\/wp\/v2\/media\/3951"}],"wp:attachment":[{"href":"https:\/\/www.jinpinlub.com\/de\/wp-json\/wp\/v2\/media?parent=3948"}],"wp:term":[{"taxonomy":"product_brand","embeddable":true,"href":"https:\/\/www.jinpinlub.com\/de\/wp-json\/wp\/v2\/product_brand?post=3948"},{"taxonomy":"product_cat","embeddable":true,"href":"https:\/\/www.jinpinlub.com\/de\/wp-json\/wp\/v2\/product_cat?post=3948"},{"taxonomy":"product_tag","embeddable":true,"href":"https:\/\/www.jinpinlub.com\/de\/wp-json\/wp\/v2\/product_tag?post=3948"}],"curies":[{"name":"wp","href":"https:\/\/api.w.org\/{rel}","templated":true}]}}