{"id":3966,"date":"2024-12-11T15:44:55","date_gmt":"2024-12-11T07:44:55","guid":{"rendered":"https:\/\/www.jinpinlub.com\/?post_type=product&#038;p=3966"},"modified":"2024-12-11T16:36:42","modified_gmt":"2024-12-11T08:36:42","slug":"teflon-ptfe-turcite-b-cnc-fuhrungsschienen-verschleisschutzblech","status":"publish","type":"product","link":"https:\/\/www.jinpinlub.com\/de\/product\/teflon-ptfe-turcite-b-cnc-guide-rail-wear-resistant-sheet\/","title":{"rendered":"Teflon PTFE Turcite-B CNC-F\u00fchrungsschienen-Verschlei\u00dfschutzplatte"},"content":{"rendered":"<h2>Besonderheit<\/h2>\n<p>\u00b7Hohe Verschlei\u00dffestigkeit: Die Verschlei\u00dffestigkeit ist zehnmal h\u00f6her als bei F\u00fchrungsschienen aus Gusseisen und die F\u00fchrungsschienen weisen eine gute Pr\u00e4zisionsbest\u00e4ndigkeit auf.<br \/>\n\u00b7Geringe Reibung: Der Reibungskoeffizient betr\u00e4gt &lt;0,04, also nur 1\/3 der F\u00fchrungsschienen aus Gusseisen, wodurch der Energieverbrauch des Antriebs erheblich reduziert wird.<br \/>\n\u00b7 Kein Kriechen: Die dynamischen und statischen Reibungskoeffizienten liegen nahe beieinander, die Mikrovorschubpositionierung ist gut und der Betrieb ist reibungslos.<br \/>\n\u00b7 Gute Sto\u00dfd\u00e4mpfung: Sie kann L\u00e4rm und Vibrationen reduzieren und die Verarbeitungsgenauigkeit verbessern.<br \/>\n\u00b7 Gute Schmierung: Gute Selbstschmierleistung, selbst wenn das Schmiersystem ausf\u00e4llt, k\u00f6nnen Kratzer an der F\u00fchrungsschiene vermieden werden.<br \/>\n\u00b7 Wartungsfreundlich: Da die H\u00e4rte des weichen Riemens deutlich geringer ist als die von Metall, tritt der Verschlei\u00df haupts\u00e4chlich am weichen Riemen auf. Die Wartung erfordert lediglich den Austausch eines neuen weichen Riemens und verhindert zudem die Konkavit\u00e4t der Bettf\u00fchrungsschiene.<\/p>\n<h2>Spezifikation<\/h2>\n<figure id=\"attachment_3971\" aria-describedby=\"caption-attachment-3971\" style=\"width: 850px\" class=\"wp-caption alignnone\"><img loading=\"lazy\" decoding=\"async\" class=\"size-full wp-image-3971\" src=\"https:\/\/www.jinpinlub.com\/wp-content\/uploads\/2024\/12\/GT15-Turcite-B-5.jpg\" alt=\"GT15 Turcite-B (5)\" width=\"850\" height=\"589\" srcset=\"https:\/\/www.jinpinlub.com\/wp-content\/uploads\/2024\/12\/GT15-Turcite-B-5.jpg 850w, https:\/\/www.jinpinlub.com\/wp-content\/uploads\/2024\/12\/GT15-Turcite-B-5-300x208.jpg 300w, https:\/\/www.jinpinlub.com\/wp-content\/uploads\/2024\/12\/GT15-Turcite-B-5-768x532.jpg 768w, https:\/\/www.jinpinlub.com\/wp-content\/uploads\/2024\/12\/GT15-Turcite-B-5-18x12.jpg 18w, https:\/\/www.jinpinlub.com\/wp-content\/uploads\/2024\/12\/GT15-Turcite-B-5-800x554.jpg 800w\" sizes=\"auto, (max-width: 850px) 100vw, 850px\" \/><figcaption id=\"caption-attachment-3971\" class=\"wp-caption-text\">GT15 Turcite-B (5)<\/figcaption><\/figure>\n<h2>Anwendung<\/h2>\n<p>Bei der F\u00fchrungsschiene des Werkzeugmaschinen-Arbeitstisches kann die Reibung zwischen Arbeitstisch und Bettf\u00fchrungsschiene nach dem Aufkleben reduziert werden. Beispielsweise kann sich der Arbeitstisch einer Fr\u00e4smaschine bei geringer Antriebskraft pr\u00e4zise bewegen. Bei der Montage muss die F\u00fchrungsschiene gereinigt und nivelliert und eine verschlei\u00dffeste Platte passender Gr\u00f6\u00dfe zugeschnitten werden. Diese wird aufgeklebt, verdichtet und mit Spezialkleber fixiert.<br \/>\nDie Bettf\u00fchrungsschiene dient als Grundtr\u00e4ger der Werkzeugmaschine. Wenn sich der Drehwerkzeughalter bewegt, kann sie Vibrationsger\u00e4usche reduzieren, die Genauigkeit verbessern und Korrosion vorbeugen. \u00dcberpr\u00fcfen und reparieren Sie die F\u00fchrungsschiene vor dem Aufkleben. Achten Sie dabei auf die Montagerichtung und die Klebstoffdicke.<br \/>\nF\u00fcr die S\u00e4ulenf\u00fchrungsschiene der Werkzeugmaschine kann die vertikale Bewegung des Spindelkastens und anderer Teile reibungslos und pr\u00e4zise gew\u00e4hrleistet werden, beispielsweise die Z-Achsen-Bewegung des Spindelkastens des Bearbeitungszentrums. Achten Sie beim Aufkleben auf die Flie\u00dff\u00e4higkeit und Vertikalit\u00e4t des Klebers und \u00fcberpr\u00fcfen Sie die Genauigkeit nach dem Aush\u00e4rten.<\/p>\n<h2>Benutzerhandb\u00fccher<\/h2>\n<div class=\"sdm_download_button_box_default\"><div class=\"sdm_download_link\"><a href=\"https:\/\/www.jinpinlub.com\/de\/?sdm_process_download=1&download_id=3964\" class=\"sdm_download white\" title=\"Privat: PTFE Turcite-B Sheet\" target=\"&quot;_blank&quot;\">Datenblatt anzeigen \u2013 Turcite-B-Blatt<\/a><\/div><\/div>","protected":false},"excerpt":{"rendered":"<p>Durch das Anbringen von Teflonmaterial auf der Oberfl\u00e4che der Werkzeugmaschinenf\u00fchrungsschiene k\u00f6nnen deren Verschlei\u00dffestigkeit und Lebensdauer verbessert werden. Dieses Verfahren ist auf verschiedene Arten von F\u00fchrungsschienen anwendbar, darunter Linearf\u00fchrungsschienen, Rollf\u00fchrungsschienen und Gleitf\u00fchrungsschienen.<\/p>","protected":false},"featured_media":3968,"template":"","meta":{"ocean_post_layout":"","ocean_both_sidebars_style":"","ocean_both_sidebars_content_width":0,"ocean_both_sidebars_sidebars_width":0,"ocean_sidebar":"0","ocean_second_sidebar":"0","ocean_disable_margins":"enable","ocean_add_body_class":"","ocean_shortcode_before_top_bar":"","ocean_shortcode_after_top_bar":"","ocean_shortcode_before_header":"","ocean_shortcode_after_header":"","ocean_has_shortcode":"","ocean_shortcode_after_title":"","ocean_shortcode_before_footer_widgets":"","ocean_shortcode_after_footer_widgets":"","ocean_shortcode_before_footer_bottom":"","ocean_shortcode_after_footer_bottom":"","ocean_display_top_bar":"default","ocean_display_header":"default","ocean_header_style":"","ocean_center_header_left_menu":"0","ocean_custom_header_template":"0","ocean_custom_logo":0,"ocean_custom_retina_logo":0,"ocean_custom_logo_max_width":0,"ocean_custom_logo_tablet_max_width":0,"ocean_custom_logo_mobile_max_width":0,"ocean_custom_logo_max_height":0,"ocean_custom_logo_tablet_max_height":0,"ocean_custom_logo_mobile_max_height":0,"ocean_header_custom_menu":"0","ocean_menu_typo_font_family":"0","ocean_menu_typo_font_subset":"","ocean_menu_typo_font_size":0,"ocean_menu_typo_font_size_tablet":0,"ocean_menu_typo_font_size_mobile":0,"ocean_menu_typo_font_size_unit":"px","ocean_menu_typo_font_weight":"","ocean_menu_typo_font_weight_tablet":"","ocean_menu_typo_font_weight_mobile":"","ocean_menu_typo_transform":"","ocean_menu_typo_transform_tablet":"","ocean_menu_typo_transform_mobile":"","ocean_menu_typo_line_height":0,"ocean_menu_typo_line_height_tablet":0,"ocean_menu_typo_line_height_mobile":0,"ocean_menu_typo_line_height_unit":"","ocean_menu_typo_spacing":0,"ocean_menu_typo_spacing_tablet":0,"ocean_menu_typo_spacing_mobile":0,"ocean_menu_typo_spacing_unit":"","ocean_menu_link_color":"","ocean_menu_link_color_hover":"","ocean_menu_link_color_active":"","ocean_menu_link_background":"","ocean_menu_link_hover_background":"","ocean_menu_link_active_background":"","ocean_menu_social_links_bg":"","ocean_menu_social_hover_links_bg":"","ocean_menu_social_links_color":"","ocean_menu_social_hover_links_color":"","ocean_disable_title":"default","ocean_disable_heading":"default","ocean_post_title":"","ocean_post_subheading":"","ocean_post_title_style":"","ocean_post_title_background_color":"","ocean_post_title_background":0,"ocean_post_title_bg_image_position":"","ocean_post_title_bg_image_attachment":"","ocean_post_title_bg_image_repeat":"","ocean_post_title_bg_image_size":"","ocean_post_title_height":0,"ocean_post_title_bg_overlay":0.5,"ocean_post_title_bg_overlay_color":"","ocean_disable_breadcrumbs":"default","ocean_breadcrumbs_color":"","ocean_breadcrumbs_separator_color":"","ocean_breadcrumbs_links_color":"","ocean_breadcrumbs_links_hover_color":"","ocean_display_footer_widgets":"default","ocean_display_footer_bottom":"default","ocean_custom_footer_template":"0","osh_disable_topbar_sticky":"default","osh_disable_header_sticky":"default","osh_sticky_header_style":"default","osh_sticky_header_effect":"","osh_custom_sticky_logo":0,"osh_custom_retina_sticky_logo":0,"osh_custom_sticky_logo_height":0,"osh_background_color":"","osh_links_color":"","osh_links_hover_color":"","osh_links_active_color":"","osh_links_bg_color":"","osh_links_hover_bg_color":"","osh_links_active_bg_color":"","osh_menu_social_links_color":"","osh_menu_social_hover_links_color":""},"product_brand":[],"product_cat":[31],"product_tag":[371,367,368,369,370],"class_list":{"0":"post-3966","1":"product","2":"type-product","3":"status-publish","4":"has-post-thumbnail","6":"product_cat-lube-system-accessories","7":"product_tag-cnc-plastic-strip","8":"product_tag-guide-rail-wear-resistant-sheet","9":"product_tag-ptfe-guide-rail-belt","10":"product_tag-teflon-soft-belt","11":"product_tag-turcite-b","13":"entry","14":"has-media","16":"first","17":"instock","18":"shipping-taxable","19":"product-type-external","20":"col","21":"span_1_of_3","22":"owp-content-center","23":"owp-thumbs-layout-horizontal","24":"owp-btn-very-big","25":"owp-tabs-layout-horizontal"},"_links":{"self":[{"href":"https:\/\/www.jinpinlub.com\/de\/wp-json\/wp\/v2\/product\/3966","targetHints":{"allow":["GET"]}}],"collection":[{"href":"https:\/\/www.jinpinlub.com\/de\/wp-json\/wp\/v2\/product"}],"about":[{"href":"https:\/\/www.jinpinlub.com\/de\/wp-json\/wp\/v2\/types\/product"}],"wp:featuredmedia":[{"embeddable":true,"href":"https:\/\/www.jinpinlub.com\/de\/wp-json\/wp\/v2\/media\/3968"}],"wp:attachment":[{"href":"https:\/\/www.jinpinlub.com\/de\/wp-json\/wp\/v2\/media?parent=3966"}],"wp:term":[{"taxonomy":"product_brand","embeddable":true,"href":"https:\/\/www.jinpinlub.com\/de\/wp-json\/wp\/v2\/product_brand?post=3966"},{"taxonomy":"product_cat","embeddable":true,"href":"https:\/\/www.jinpinlub.com\/de\/wp-json\/wp\/v2\/product_cat?post=3966"},{"taxonomy":"product_tag","embeddable":true,"href":"https:\/\/www.jinpinlub.com\/de\/wp-json\/wp\/v2\/product_tag?post=3966"}],"curies":[{"name":"wp","href":"https:\/\/api.w.org\/{rel}","templated":true}]}}