{"id":3972,"date":"2024-12-11T16:39:53","date_gmt":"2024-12-11T08:39:53","guid":{"rendered":"https:\/\/www.jinpinlub.com\/?post_type=product&#038;p=3972"},"modified":"2024-12-11T17:18:14","modified_gmt":"2024-12-11T09:18:14","slug":"j100-3d-300ml-abnehmbarer-behalter-elektrische-schmierpumpe","status":"publish","type":"product","link":"https:\/\/www.jinpinlub.com\/de\/product\/j100-3d-300ml-detachable-reservoir-electric-lubrication-pump\/","title":{"rendered":"J100-3D 300 ml Elektrische Schmierpumpe mit abnehmbarem Reservoir"},"content":{"rendered":"<h2>Merkmale<\/h2>\n<p>\u2013 Stabiler Betrieb: Der zuverl\u00e4ssige Betrieb in Einleitungs-Schmiersystemen mit bis zu 20 Schmierstellen und einer Hauptleitungsl\u00e4nge von knapp 15 Metern ist m\u00f6glich.<br \/>\n\u2013 Integrierte Druckbegrenzungsfunktion: Das optional integrierte Druckbegrenzungsventil erf\u00fcllt die Anforderungen von Einleitungsschmiersystempumpen und kann stabil eingesetzt werden in <a href=\"https:\/\/www.jinpinlub.com\/de\/produktkategorie\/einleitungs-fettsysteme\/\" target=\"_blank\" rel=\"noopener\">Einleitungs-Automatikschmiersysteme<\/a>.<br \/>\n\u2013 Flexible Anzahl der Ausl\u00e4sse: Es gibt Ausf\u00fchrungen mit 1 oder 2 \u00d6lausl\u00e4ssen, die je nach tats\u00e4chlichem Bedarf ausgew\u00e4hlt werden k\u00f6nnen.<br \/>\n\u2013 Einfache Installation: Die Entl\u00fcftungsschraube ist leicht erreichbar, was eine einfache Installation und Inbetriebnahme erm\u00f6glicht.<br \/>\n\u2013 Fl\u00fcssigkeitsstands\u00fcberwachung: Es bietet eine F\u00fcllstands\u00fcberwachung mit Fr\u00fchwarnfunktion, mit der der Fl\u00fcssigkeitsstand des \u00d6ltanks oder der Fettkartusche \u00fcberwacht werden kann.<br \/>\n\u2013 Mehrere Kapazit\u00e4ten: Es gibt drei Reservoirversionen: Version mit festem Reservoir, Version mit abnehmbarem Reservoir und Version mit austauschbarer Kartusche, und jede Version hat unterschiedliche Kapazit\u00e4ten.<br \/>\n\u2013 Kompakte Struktur: Die Gesamtgr\u00f6\u00dfe ist relativ klein, nimmt nicht zu viel Platz ein, kann an eine kompaktere Installationsumgebung angepasst werden und ist praktisch f\u00fcr den Einsatz in verschiedenen kleinen Maschinen oder Ger\u00e4ten.<\/p>\n<h2>Spezifikation<\/h2>\n<table>\n<tbody>\n<tr>\n<td>Modell<\/td>\n<td>J100-3D<\/td>\n<\/tr>\n<tr>\n<td>Schmierzeit<\/td>\n<td>SPS oder externe Steuerung<\/td>\n<\/tr>\n<tr>\n<td>Intervallzeit<\/td>\n<td>SPS oder externe Steuerung<\/td>\n<\/tr>\n<tr>\n<td>Betriebstemperatur<\/td>\n<td>0 \u00b0C \u2013 +50 \u00b0C (Niedrigtemperaturbedingungen erfordern Frostschutzfett)<\/td>\n<\/tr>\n<tr>\n<td>Anzahl der Filialen<\/td>\n<td>1 oder 2<\/td>\n<\/tr>\n<tr>\n<td>Reservoirkapazit\u00e4t<\/td>\n<td>0,3 l, 0,5 l, 0,7 l, 1,5 l<\/td>\n<\/tr>\n<tr>\n<td>Nachf\u00fcllen<\/td>\n<td>Einf\u00fcll\u00f6ffnung\/abnehmbar\/Kartusche<\/td>\n<\/tr>\n<tr>\n<td>Schmiermittel<\/td>\n<td>NLGI 000#~2#<\/td>\n<\/tr>\n<tr>\n<td>\u00dcberdruckventil<\/td>\n<td>Optional<\/td>\n<\/tr>\n<tr>\n<td>Entladung<\/td>\n<td>15 ml\/min<\/td>\n<\/tr>\n<tr>\n<td>Max. Betriebsdruck<\/td>\n<td>8,0 MPa<\/td>\n<\/tr>\n<tr>\n<td>Anschlussgewinde<\/td>\n<td>Auslass \u03a66<\/td>\n<\/tr>\n<tr>\n<td>Betriebsspannung<\/td>\n<td>24 V Gleichstrom<\/td>\n<\/tr>\n<tr>\n<td>Zertifizierung<\/td>\n<td>CE<\/td>\n<\/tr>\n<tr>\n<td>Niedrigniveauschalter<\/td>\n<td>\u00d6ffner<\/td>\n<\/tr>\n<\/tbody>\n<\/table>\n<h2>Pipeline<\/h2>\n<p>In Bezug auf Rohrmaterialien und -spezifikationen ist es erforderlich, geeignete \u00f6l- und korrosionsbest\u00e4ndige Rohre entsprechend den Eigenschaften des Schmiermittels, dem Systemdruck und der Umgebung auszuw\u00e4hlen.<br \/>\nDie Rohrreinigung ist sehr wichtig. Vor der Installation m\u00fcssen Verunreinigungen gr\u00fcndlich mit Druckluft und chemischer Reinigung entfernt werden, um zu verhindern, dass Fremdk\u00f6rper in die Schmierpumpe gelangen und Teile besch\u00e4digen und den Betrieb st\u00f6ren. Au\u00dferdem muss sichergestellt werden, dass das Schmiermittel reibungslos und rein flie\u00dft.<br \/>\nBeim Anschlie\u00dfen sollten die Dichtungen sorgf\u00e4ltig ausgew\u00e4hlt und die Schrauben und Muttern mit dem angegebenen Drehmoment angezogen werden, um eine gute und feste Abdichtung zu gew\u00e4hrleisten. Au\u00dferdem sollten Sie regelm\u00e4\u00dfig auf Undichtigkeiten pr\u00fcfen.<br \/>\nAchten Sie bei der Anordnung darauf, die Anzahl der Rohre zu reduzieren, scharfe Biegungen und Verdrehungen zu vermeiden, einen reibungslosen Fluss der Schmiermittel sicherzustellen, f\u00fcr eine ordnungsgem\u00e4\u00dfe Unterst\u00fctzung und Befestigung zu sorgen und Schwingungsverschiebungen vorzubeugen.<br \/>\nZum Schluss nach der Installation entl\u00fcften. Stellen Sie ein Auslassventil an einem hohen Punkt ein, \u00f6ffnen Sie es langsam und lassen Sie die Luft ab. Warten Sie, bis das Schmiermittel blasenfrei ausflie\u00dft, um eine ungleichm\u00e4\u00dfige Schmierung und einen Leerlauf der Pumpe zu verhindern.<\/p>\n<h2>Benutzerhandb\u00fccher<\/h2>\n<div class=\"sdm_download_button_box_default\"><div class=\"sdm_download_link\"><a href=\"https:\/\/www.jinpinlub.com\/de\/?sdm_process_download=1&download_id=3960\" class=\"sdm_download white\" title=\"Privat: J100 Electric Grease Pump\" target=\"&quot;_blank&quot;\">Datenblatt anzeigen - J100 Fettpumpe<\/a><\/div><\/div>","protected":false},"excerpt":{"rendered":"<p>Die kompakte Schmierpumpe J100 ist zuverl\u00e4ssig und langlebig und verf\u00fcgt \u00fcber mehrere Kapazit\u00e4ten, die sich an verschiedene Schmiermitteltypen anpassen lassen. Sie ist einfach und bequem zu bedienen und zu warten und kann per SPS gesteuert werden, wodurch sie effiziente L\u00f6sungen f\u00fcr Schmiervorg\u00e4nge bietet.<\/p>","protected":false},"featured_media":3973,"template":"","meta":{"ocean_post_layout":"","ocean_both_sidebars_style":"","ocean_both_sidebars_content_width":0,"ocean_both_sidebars_sidebars_width":0,"ocean_sidebar":"0","ocean_second_sidebar":"0","ocean_disable_margins":"enable","ocean_add_body_class":"","ocean_shortcode_before_top_bar":"","ocean_shortcode_after_top_bar":"","ocean_shortcode_before_header":"","ocean_shortcode_after_header":"","ocean_has_shortcode":"","ocean_shortcode_after_title":"","ocean_shortcode_before_footer_widgets":"","ocean_shortcode_after_footer_widgets":"","ocean_shortcode_before_footer_bottom":"","ocean_shortcode_after_footer_bottom":"","ocean_display_top_bar":"default","ocean_display_header":"default","ocean_header_style":"","ocean_center_header_left_menu":"0","ocean_custom_header_template":"0","ocean_custom_logo":0,"ocean_custom_retina_logo":0,"ocean_custom_logo_max_width":0,"ocean_custom_logo_tablet_max_width":0,"ocean_custom_logo_mobile_max_width":0,"ocean_custom_logo_max_height":0,"ocean_custom_logo_tablet_max_height":0,"ocean_custom_logo_mobile_max_height":0,"ocean_header_custom_menu":"0","ocean_menu_typo_font_family":"0","ocean_menu_typo_font_subset":"","ocean_menu_typo_font_size":0,"ocean_menu_typo_font_size_tablet":0,"ocean_menu_typo_font_size_mobile":0,"ocean_menu_typo_font_size_unit":"px","ocean_menu_typo_font_weight":"","ocean_menu_typo_font_weight_tablet":"","ocean_menu_typo_font_weight_mobile":"","ocean_menu_typo_transform":"","ocean_menu_typo_transform_tablet":"","ocean_menu_typo_transform_mobile":"","ocean_menu_typo_line_height":0,"ocean_menu_typo_line_height_tablet":0,"ocean_menu_typo_line_height_mobile":0,"ocean_menu_typo_line_height_unit":"","ocean_menu_typo_spacing":0,"ocean_menu_typo_spacing_tablet":0,"ocean_menu_typo_spacing_mobile":0,"ocean_menu_typo_spacing_unit":"","ocean_menu_link_color":"","ocean_menu_link_color_hover":"","ocean_menu_link_color_active":"","ocean_menu_link_background":"","ocean_menu_link_hover_background":"","ocean_menu_link_active_background":"","ocean_menu_social_links_bg":"","ocean_menu_social_hover_links_bg":"","ocean_menu_social_links_color":"","ocean_menu_social_hover_links_color":"","ocean_disable_title":"default","ocean_disable_heading":"default","ocean_post_title":"","ocean_post_subheading":"","ocean_post_title_style":"","ocean_post_title_background_color":"","ocean_post_title_background":0,"ocean_post_title_bg_image_position":"","ocean_post_title_bg_image_attachment":"","ocean_post_title_bg_image_repeat":"","ocean_post_title_bg_image_size":"","ocean_post_title_height":0,"ocean_post_title_bg_overlay":0.5,"ocean_post_title_bg_overlay_color":"","ocean_disable_breadcrumbs":"default","ocean_breadcrumbs_color":"","ocean_breadcrumbs_separator_color":"","ocean_breadcrumbs_links_color":"","ocean_breadcrumbs_links_hover_color":"","ocean_display_footer_widgets":"default","ocean_display_footer_bottom":"default","ocean_custom_footer_template":"0","osh_disable_topbar_sticky":"default","osh_disable_header_sticky":"default","osh_sticky_header_style":"default","osh_sticky_header_effect":"","osh_custom_sticky_logo":0,"osh_custom_retina_sticky_logo":0,"osh_custom_sticky_logo_height":0,"osh_background_color":"","osh_links_color":"","osh_links_hover_color":"","osh_links_active_color":"","osh_links_bg_color":"","osh_links_hover_bg_color":"","osh_links_active_bg_color":"","osh_menu_social_links_color":"","osh_menu_social_hover_links_color":""},"product_brand":[],"product_cat":[42,41],"product_tag":[372,73,77,373,91],"class_list":{"0":"post-3972","1":"product","2":"type-product","3":"status-publish","4":"has-post-thumbnail","6":"product_cat-electric-progressive-pumps","7":"product_cat-progressive-grease-systems","8":"product_tag-compact-lubrication-pump","9":"product_tag-electric-lubrication-pump","10":"product_tag-grease-lubrication-pump","11":"product_tag-grease-lubricator","12":"product_tag-progressive-lubrication-pump","14":"entry","15":"has-media","17":"first","18":"instock","19":"shipping-taxable","20":"product-type-external","21":"col","22":"span_1_of_3","23":"owp-content-center","24":"owp-thumbs-layout-horizontal","25":"owp-btn-very-big","26":"owp-tabs-layout-horizontal"},"_links":{"self":[{"href":"https:\/\/www.jinpinlub.com\/de\/wp-json\/wp\/v2\/product\/3972","targetHints":{"allow":["GET"]}}],"collection":[{"href":"https:\/\/www.jinpinlub.com\/de\/wp-json\/wp\/v2\/product"}],"about":[{"href":"https:\/\/www.jinpinlub.com\/de\/wp-json\/wp\/v2\/types\/product"}],"wp:featuredmedia":[{"embeddable":true,"href":"https:\/\/www.jinpinlub.com\/de\/wp-json\/wp\/v2\/media\/3973"}],"wp:attachment":[{"href":"https:\/\/www.jinpinlub.com\/de\/wp-json\/wp\/v2\/media?parent=3972"}],"wp:term":[{"taxonomy":"product_brand","embeddable":true,"href":"https:\/\/www.jinpinlub.com\/de\/wp-json\/wp\/v2\/product_brand?post=3972"},{"taxonomy":"product_cat","embeddable":true,"href":"https:\/\/www.jinpinlub.com\/de\/wp-json\/wp\/v2\/product_cat?post=3972"},{"taxonomy":"product_tag","embeddable":true,"href":"https:\/\/www.jinpinlub.com\/de\/wp-json\/wp\/v2\/product_tag?post=3972"}],"curies":[{"name":"wp","href":"https:\/\/api.w.org\/{rel}","templated":true}]}}