{"id":3977,"date":"2024-12-11T17:28:20","date_gmt":"2024-12-11T09:28:20","guid":{"rendered":"https:\/\/www.jinpinlub.com\/?post_type=product&#038;p=3977"},"modified":"2024-12-11T18:11:05","modified_gmt":"2024-12-11T10:11:05","slug":"j100-3d-einleitungsschmierpumpe-mit-druckentlastung","status":"publish","type":"product","link":"https:\/\/www.jinpinlub.com\/de\/product\/j100-3d-single-line-lubrication-pump-with-pressure-relief\/","title":{"rendered":"J100-3D Einleitungs-Schmierpumpe mit Druckentlastung"},"content":{"rendered":"<h2>Merkmale<\/h2>\n<p>\u2013 Die Schmierpumpe J100 wird von einem Motor angetrieben, der die Kolbenpumpe vor- und zur\u00fcckbewegt, um Fett zum Pumpenauslass und dann \u00fcber den Druckverteiler zum Schmierpunkt zu bef\u00f6rdern. Wenn der voreingestellte Druck erreicht ist, stoppt der Motor und das Druckbegrenzungsventil beginnt entsprechend zu arbeiten, wodurch der Druck im System abgelassen wird. Ein Zyklus ist abgeschlossen.<br \/>\n\u2013 Die Schmierpumpe kann \u00fcber eine externe Steuerung gesteuert werden, die im Wesentlichen Schmierfrequenz, Anschlusszeit und Intervallzeit einstellt.<br \/>\n\u2013 Der Systemdruck kann durch einen Druckschalter \u00fcberwacht werden, der normalerweise in der \u00d6lleitung des letzten Verteilers installiert ist. Wenn der Druckschalter ein Signal an die Steuereinheit sendet, stoppt das Signal die Pumpe.<br \/>\n\u2013 Der maximale Druck der Schmierpumpe J100 betr\u00e4gt 8 MPa, das minimale Schmierintervall betr\u00e4gt 5 Minuten und die Hauptleitungsl\u00e4nge betr\u00e4gt 15 Meter. Sie eignet sich f\u00fcr kleine und mittelgro\u00dfe Ger\u00e4te mit bis zu 100 Schmierstellen f\u00fcr den Innenbereich.<\/p>\n<h2>Spezifikation<\/h2>\n<table>\n<tbody>\n<tr>\n<td>Modell<\/td>\n<td>J100-3D<\/td>\n<\/tr>\n<tr>\n<td>Schmierzeit<\/td>\n<td>SPS oder externe Steuerung<\/td>\n<\/tr>\n<tr>\n<td>Intervallzeit<\/td>\n<td>SPS oder externe Steuerung<\/td>\n<\/tr>\n<tr>\n<td>Betriebstemperatur<\/td>\n<td>0 \u00b0C \u2013 +50 \u00b0C (Niedrigtemperaturbedingungen erfordern Frostschutzfett)<\/td>\n<\/tr>\n<tr>\n<td>Anzahl der Filialen<\/td>\n<td>1 oder 2<\/td>\n<\/tr>\n<tr>\n<td>Reservoirkapazit\u00e4t<\/td>\n<td>0,3 l, 0,5 l, 0,7 l, 1,5 l<\/td>\n<\/tr>\n<tr>\n<td>Nachf\u00fcllen<\/td>\n<td>Einf\u00fcll\u00f6ffnung\/abnehmbar\/Kartusche<\/td>\n<\/tr>\n<tr>\n<td>Schmiermittel<\/td>\n<td>NLGI 000#~2#<\/td>\n<\/tr>\n<tr>\n<td>\u00dcberdruckventil<\/td>\n<td>Optional<\/td>\n<\/tr>\n<tr>\n<td>Entladung<\/td>\n<td>15 ml\/min<\/td>\n<\/tr>\n<tr>\n<td>Max. Betriebsdruck<\/td>\n<td>8,0 MPa<\/td>\n<\/tr>\n<tr>\n<td>Anschlussgewinde<\/td>\n<td>Auslass \u03a66<\/td>\n<\/tr>\n<tr>\n<td>Betriebsspannung<\/td>\n<td>24 V Gleichstrom<\/td>\n<\/tr>\n<tr>\n<td>Zertifizierung<\/td>\n<td>CE<\/td>\n<\/tr>\n<tr>\n<td>Niedrigniveauschalter<\/td>\n<td>\u00d6ffner<\/td>\n<\/tr>\n<\/tbody>\n<\/table>\n<h2>Montage<\/h2>\n<p>\u2013 Befestigen Sie die Schmierpumpe auf einer vertikalen und flachen Oberfl\u00e4che, die das Gewicht der Pumpe vollst\u00e4ndig tragen kann.<br \/>\n\u2013 Installieren und befestigen Sie die Schmierpumpe mit 6 M8-Schrauben durch die \u03c69-L\u00f6cher.<br \/>\n\u2013 Es wird empfohlen, Antivibrationskleber aufzutragen, wenn die Schmierpumpe Vibrationen ausgesetzt ist.<br \/>\n\u2013 Installieren Sie die Schmierpumpe an einem Ort, der vor Wasser, \u00d6l, Sp\u00e4nen und Staub gesch\u00fctzt ist.<br \/>\n\u2013 Die Vibration am Installationsort darf h\u00f6chstens 9G (88 m\/s2) betragen.<br \/>\n\u2013 Achten Sie beim elektrischen Anschluss der Schmierpumpeneinheit darauf, geeignete Ma\u00dfnahmen zu ergreifen, um St\u00f6rungen zwischen Signalen aufgrund von Induktivit\u00e4t, Kapazit\u00e4t oder elektromagnetischer Kopplung zu verhindern. Obwohl die Kabel getrennt verlegt sind, verwenden Sie an Stellen, an denen elektrische St\u00f6rfelder die Signal\u00fcbertragung verzerren k\u00f6nnen, st\u00f6rungsfreie Kabel.<\/p>\n<h2>Benutzerhandb\u00fccher<\/h2>\n<div class=\"sdm_download_button_box_default\"><div class=\"sdm_download_link\"><a href=\"https:\/\/www.jinpinlub.com\/de\/?sdm_process_download=1&download_id=3960\" class=\"sdm_download white\" title=\"Privat: J100 Electric Grease Pump\" target=\"&quot;_blank&quot;\">Datenblatt anzeigen - J100 Fettpumpe<\/a><\/div><\/div>","protected":false},"excerpt":{"rendered":"<p>Die Schmierpumpe J100 ist hocheffizient und einfach zu bedienen. Sie ist f\u00fcr kleine und mittelgro\u00dfe Maschinen konzipiert. Sie verf\u00fcgt \u00fcber verschiedene Kapazit\u00e4ten und mehrere Nachf\u00fcllm\u00f6glichkeiten. Sie kann als Einleitungs-Zentralschmiersystem und als Progressivschmiersystem verwendet werden.<\/p>","protected":false},"featured_media":3978,"template":"","meta":{"ocean_post_layout":"","ocean_both_sidebars_style":"","ocean_both_sidebars_content_width":0,"ocean_both_sidebars_sidebars_width":0,"ocean_sidebar":"0","ocean_second_sidebar":"0","ocean_disable_margins":"enable","ocean_add_body_class":"","ocean_shortcode_before_top_bar":"","ocean_shortcode_after_top_bar":"","ocean_shortcode_before_header":"","ocean_shortcode_after_header":"","ocean_has_shortcode":"","ocean_shortcode_after_title":"","ocean_shortcode_before_footer_widgets":"","ocean_shortcode_after_footer_widgets":"","ocean_shortcode_before_footer_bottom":"","ocean_shortcode_after_footer_bottom":"","ocean_display_top_bar":"default","ocean_display_header":"default","ocean_header_style":"","ocean_center_header_left_menu":"0","ocean_custom_header_template":"0","ocean_custom_logo":0,"ocean_custom_retina_logo":0,"ocean_custom_logo_max_width":0,"ocean_custom_logo_tablet_max_width":0,"ocean_custom_logo_mobile_max_width":0,"ocean_custom_logo_max_height":0,"ocean_custom_logo_tablet_max_height":0,"ocean_custom_logo_mobile_max_height":0,"ocean_header_custom_menu":"0","ocean_menu_typo_font_family":"0","ocean_menu_typo_font_subset":"","ocean_menu_typo_font_size":0,"ocean_menu_typo_font_size_tablet":0,"ocean_menu_typo_font_size_mobile":0,"ocean_menu_typo_font_size_unit":"px","ocean_menu_typo_font_weight":"","ocean_menu_typo_font_weight_tablet":"","ocean_menu_typo_font_weight_mobile":"","ocean_menu_typo_transform":"","ocean_menu_typo_transform_tablet":"","ocean_menu_typo_transform_mobile":"","ocean_menu_typo_line_height":0,"ocean_menu_typo_line_height_tablet":0,"ocean_menu_typo_line_height_mobile":0,"ocean_menu_typo_line_height_unit":"","ocean_menu_typo_spacing":0,"ocean_menu_typo_spacing_tablet":0,"ocean_menu_typo_spacing_mobile":0,"ocean_menu_typo_spacing_unit":"","ocean_menu_link_color":"","ocean_menu_link_color_hover":"","ocean_menu_link_color_active":"","ocean_menu_link_background":"","ocean_menu_link_hover_background":"","ocean_menu_link_active_background":"","ocean_menu_social_links_bg":"","ocean_menu_social_hover_links_bg":"","ocean_menu_social_links_color":"","ocean_menu_social_hover_links_color":"","ocean_disable_title":"default","ocean_disable_heading":"default","ocean_post_title":"","ocean_post_subheading":"","ocean_post_title_style":"","ocean_post_title_background_color":"","ocean_post_title_background":0,"ocean_post_title_bg_image_position":"","ocean_post_title_bg_image_attachment":"","ocean_post_title_bg_image_repeat":"","ocean_post_title_bg_image_size":"","ocean_post_title_height":0,"ocean_post_title_bg_overlay":0.5,"ocean_post_title_bg_overlay_color":"","ocean_disable_breadcrumbs":"default","ocean_breadcrumbs_color":"","ocean_breadcrumbs_separator_color":"","ocean_breadcrumbs_links_color":"","ocean_breadcrumbs_links_hover_color":"","ocean_display_footer_widgets":"default","ocean_display_footer_bottom":"default","ocean_custom_footer_template":"0","osh_disable_topbar_sticky":"default","osh_disable_header_sticky":"default","osh_sticky_header_style":"default","osh_sticky_header_effect":"","osh_custom_sticky_logo":0,"osh_custom_retina_sticky_logo":0,"osh_custom_sticky_logo_height":0,"osh_background_color":"","osh_links_color":"","osh_links_hover_color":"","osh_links_active_color":"","osh_links_bg_color":"","osh_links_hover_bg_color":"","osh_links_active_bg_color":"","osh_menu_social_links_color":"","osh_menu_social_hover_links_color":""},"product_brand":[],"product_cat":[38,37],"product_tag":[372,73,77,373,92],"class_list":{"0":"post-3977","1":"product","2":"type-product","3":"status-publish","4":"has-post-thumbnail","6":"product_cat-electric-pressure-relief-pumps","7":"product_cat-single-line-grease-systems","8":"product_tag-compact-lubrication-pump","9":"product_tag-electric-lubrication-pump","10":"product_tag-grease-lubrication-pump","11":"product_tag-grease-lubricator","12":"product_tag-single-line-lubrication-pump","14":"entry","15":"has-media","17":"first","18":"instock","19":"shipping-taxable","20":"product-type-external","21":"col","22":"span_1_of_3","23":"owp-content-center","24":"owp-thumbs-layout-horizontal","25":"owp-btn-very-big","26":"owp-tabs-layout-horizontal"},"_links":{"self":[{"href":"https:\/\/www.jinpinlub.com\/de\/wp-json\/wp\/v2\/product\/3977","targetHints":{"allow":["GET"]}}],"collection":[{"href":"https:\/\/www.jinpinlub.com\/de\/wp-json\/wp\/v2\/product"}],"about":[{"href":"https:\/\/www.jinpinlub.com\/de\/wp-json\/wp\/v2\/types\/product"}],"wp:featuredmedia":[{"embeddable":true,"href":"https:\/\/www.jinpinlub.com\/de\/wp-json\/wp\/v2\/media\/3978"}],"wp:attachment":[{"href":"https:\/\/www.jinpinlub.com\/de\/wp-json\/wp\/v2\/media?parent=3977"}],"wp:term":[{"taxonomy":"product_brand","embeddable":true,"href":"https:\/\/www.jinpinlub.com\/de\/wp-json\/wp\/v2\/product_brand?post=3977"},{"taxonomy":"product_cat","embeddable":true,"href":"https:\/\/www.jinpinlub.com\/de\/wp-json\/wp\/v2\/product_cat?post=3977"},{"taxonomy":"product_tag","embeddable":true,"href":"https:\/\/www.jinpinlub.com\/de\/wp-json\/wp\/v2\/product_tag?post=3977"}],"curies":[{"name":"wp","href":"https:\/\/api.w.org\/{rel}","templated":true}]}}