{"id":3982,"date":"2024-12-12T00:54:08","date_gmt":"2024-12-11T16:54:08","guid":{"rendered":"https:\/\/www.jinpinlub.com\/?post_type=product&#038;p=3982"},"modified":"2024-12-12T01:58:51","modified_gmt":"2024-12-11T17:58:51","slug":"j100-3r-300ml-elektrisch-angetriebene-fettschmierpumpe","status":"publish","type":"product","link":"https:\/\/www.jinpinlub.com\/de\/product\/j100-3r-300ml-electrically-driven-grease-lubrication-pump\/","title":{"rendered":"J100-3R 300\u00a0ml elektrisch betriebene Fettschmierpumpe"},"content":{"rendered":"<h2>Merkmale<\/h2>\n<p>\u2013 Verwendungszweck: Schmierpumpe J100 zur Lager- und Linearf\u00fchrungsschmierung in Kleinmaschinen, geeignet f\u00fcr den Einsatz mit \u00d6l und Flie\u00dffett.<br \/>\n\u2013 Eingebaute Druckentlastungsfunktion: Durch die in die Pumpe integrierte Druckentlastungsfunktion erf\u00fcllt die Schmierpumpe J100 alle Anforderungen einer Einleitungsschmiersystempumpe.<br \/>\n\u2013 Stromversorgung: Der Betrieb erfolgt \u00fcber eine 24-V-Gleichstromversorgung. Die Steuerung kann \u00fcber eine programmierbare SPS der Maschine erfolgen.<br \/>\n\u2013 F\u00fcllstands\u00fcberwachung: Kann mit einem optionalen F\u00fcllstandsschalter verwendet werden, um den F\u00fcllstand des \u00d6ltanks oder der Fettkartusche zu \u00fcberwachen.<br \/>\n\u2013 Kompatibilit\u00e4t: Die Schmierpumpe J100 ist mit den Flie\u00dffettsorten NLGI 000 und 1# kompatibel.<br \/>\n\u2013 Auslassdesign: Die Schmierpumpe J100 hat 2 Ausl\u00e4sse und kann zwei Schmierleitungen gleichzeitig versorgen.<br \/>\n\u2013 Mehrere Kapazit\u00e4ten: Erh\u00e4ltlich mit nachf\u00fcllbaren Schmiermittelbeh\u00e4ltern von 0,3 bis 1,5 l oder leicht austauschbaren Standard-Schmiermittelkartuschen von 0,3 und 0,7 l.<\/p>\n<h2>Spezifikation<\/h2>\n<table>\n<tbody>\n<tr>\n<td>Modell<\/td>\n<td>J100-3R<\/td>\n<\/tr>\n<tr>\n<td>Schmierzeit<\/td>\n<td>SPS oder externe Steuerung<\/td>\n<\/tr>\n<tr>\n<td>Intervallzeit<\/td>\n<td>SPS oder externe Steuerung<\/td>\n<\/tr>\n<tr>\n<td>Betriebstemperatur<\/td>\n<td>0 \u00b0C \u2013 +50 \u00b0C (Niedrigtemperaturbedingungen erfordern Frostschutzfett)<\/td>\n<\/tr>\n<tr>\n<td>Anzahl der Filialen<\/td>\n<td>1 oder 2<\/td>\n<\/tr>\n<tr>\n<td>Reservoirkapazit\u00e4t<\/td>\n<td>0,3 l, 0,5 l, 0,7 l, 1,5 l<\/td>\n<\/tr>\n<tr>\n<td>Nachf\u00fcllen<\/td>\n<td>Einf\u00fcll\u00f6ffnung\/abnehmbar\/Kartusche<\/td>\n<\/tr>\n<tr>\n<td>Schmiermittel<\/td>\n<td>NLGI 000#~2#<\/td>\n<\/tr>\n<tr>\n<td>\u00dcberdruckventil<\/td>\n<td>Optional<\/td>\n<\/tr>\n<tr>\n<td>Entladung<\/td>\n<td>15 ml\/min<\/td>\n<\/tr>\n<tr>\n<td>Max. Betriebsdruck<\/td>\n<td>8,0 MPa<\/td>\n<\/tr>\n<tr>\n<td>Anschlussgewinde<\/td>\n<td>Auslass \u03a66<\/td>\n<\/tr>\n<tr>\n<td>Betriebsspannung<\/td>\n<td>24 V Gleichstrom<\/td>\n<\/tr>\n<tr>\n<td>Zertifizierung<\/td>\n<td>CE<\/td>\n<\/tr>\n<tr>\n<td>Niedrigniveauschalter<\/td>\n<td>\u00d6ffner<\/td>\n<\/tr>\n<\/tbody>\n<\/table>\n<h2>Anwendung<\/h2>\n<p><span id=\"input-sentence~0\">\u2013 Werkzeugmaschinenindustrie: J100 wird zur Schmierung von Lagern und Linearf\u00fchrungen in Werkzeugmaschinen verwendet, um den Verschlei\u00df zu verringern und die Lebensdauer der Ger\u00e4te zu verl\u00e4ngern.<br \/>\n\u2013 Verpackungsproduktionslinie: In Verpackungsmaschinen sorgt J100 f\u00fcr eine gute Schmierung von Lagern und beweglichen Teilen, um die Produktionseffizienz zu verbessern.<\/span><span id=\"input-sentence~1\"><br \/>\n\u2013 Automatisierungsausr\u00fcstung: Unter den Umst\u00e4nden der f\u00fcr die Schmierung erforderlichen pr\u00e4zisen Steuerung kann die Schmierpumpe J100 die Zuverl\u00e4ssigkeit der Betriebsausr\u00fcstung in der Automatisierungsproduktionslinie oder Roboterverbindung gew\u00e4hrleisten.<br \/>\n\u2013 Lebensmittel und Getr\u00e4nke: Einige Ger\u00e4te zur Lebensmittel- und Getr\u00e4nkeverarbeitung erfordern eine spezielle Klasse von Schmier\u00f6len oder -fetten, an die sich die Serie J100 problemlos anpassen kann.<\/span><\/p>\n<h2>Benutzerhandb\u00fccher<\/h2>\n<div class=\"sdm_download_button_box_default\"><div class=\"sdm_download_link\"><a href=\"https:\/\/www.jinpinlub.com\/de\/?sdm_process_download=1&download_id=3960\" class=\"sdm_download white\" title=\"Privat: J100 Electric Grease Pump\" target=\"&quot;_blank&quot;\">Datenblatt anzeigen - J100 Fettpumpe<\/a><\/div><\/div>","protected":false},"excerpt":{"rendered":"<p>J100-3R ist eine elektrische Pumpe zur Lager- und F\u00fchrungsbahnschmierung kleiner Maschinen, mit eingebauter Druckentlastungsfunktion, ausgestattet mit manuellem Zusatzschmierzyklusschalter und optionaler F\u00fcllstands\u00fcberwachung, mit 2 Ausl\u00e4ssen zur gleichzeitigen Versorgung von zwei Schmierleitungen.<\/p>","protected":false},"featured_media":3983,"template":"","meta":{"ocean_post_layout":"","ocean_both_sidebars_style":"","ocean_both_sidebars_content_width":0,"ocean_both_sidebars_sidebars_width":0,"ocean_sidebar":"0","ocean_second_sidebar":"0","ocean_disable_margins":"enable","ocean_add_body_class":"","ocean_shortcode_before_top_bar":"","ocean_shortcode_after_top_bar":"","ocean_shortcode_before_header":"","ocean_shortcode_after_header":"","ocean_has_shortcode":"","ocean_shortcode_after_title":"","ocean_shortcode_before_footer_widgets":"","ocean_shortcode_after_footer_widgets":"","ocean_shortcode_before_footer_bottom":"","ocean_shortcode_after_footer_bottom":"","ocean_display_top_bar":"default","ocean_display_header":"default","ocean_header_style":"","ocean_center_header_left_menu":"0","ocean_custom_header_template":"0","ocean_custom_logo":0,"ocean_custom_retina_logo":0,"ocean_custom_logo_max_width":0,"ocean_custom_logo_tablet_max_width":0,"ocean_custom_logo_mobile_max_width":0,"ocean_custom_logo_max_height":0,"ocean_custom_logo_tablet_max_height":0,"ocean_custom_logo_mobile_max_height":0,"ocean_header_custom_menu":"0","ocean_menu_typo_font_family":"0","ocean_menu_typo_font_subset":"","ocean_menu_typo_font_size":0,"ocean_menu_typo_font_size_tablet":0,"ocean_menu_typo_font_size_mobile":0,"ocean_menu_typo_font_size_unit":"px","ocean_menu_typo_font_weight":"","ocean_menu_typo_font_weight_tablet":"","ocean_menu_typo_font_weight_mobile":"","ocean_menu_typo_transform":"","ocean_menu_typo_transform_tablet":"","ocean_menu_typo_transform_mobile":"","ocean_menu_typo_line_height":0,"ocean_menu_typo_line_height_tablet":0,"ocean_menu_typo_line_height_mobile":0,"ocean_menu_typo_line_height_unit":"","ocean_menu_typo_spacing":0,"ocean_menu_typo_spacing_tablet":0,"ocean_menu_typo_spacing_mobile":0,"ocean_menu_typo_spacing_unit":"","ocean_menu_link_color":"","ocean_menu_link_color_hover":"","ocean_menu_link_color_active":"","ocean_menu_link_background":"","ocean_menu_link_hover_background":"","ocean_menu_link_active_background":"","ocean_menu_social_links_bg":"","ocean_menu_social_hover_links_bg":"","ocean_menu_social_links_color":"","ocean_menu_social_hover_links_color":"","ocean_disable_title":"default","ocean_disable_heading":"default","ocean_post_title":"","ocean_post_subheading":"","ocean_post_title_style":"","ocean_post_title_background_color":"","ocean_post_title_background":0,"ocean_post_title_bg_image_position":"","ocean_post_title_bg_image_attachment":"","ocean_post_title_bg_image_repeat":"","ocean_post_title_bg_image_size":"","ocean_post_title_height":0,"ocean_post_title_bg_overlay":0.5,"ocean_post_title_bg_overlay_color":"","ocean_disable_breadcrumbs":"default","ocean_breadcrumbs_color":"","ocean_breadcrumbs_separator_color":"","ocean_breadcrumbs_links_color":"","ocean_breadcrumbs_links_hover_color":"","ocean_display_footer_widgets":"default","ocean_display_footer_bottom":"default","ocean_custom_footer_template":"0","osh_disable_topbar_sticky":"default","osh_disable_header_sticky":"default","osh_sticky_header_style":"default","osh_sticky_header_effect":"","osh_custom_sticky_logo":0,"osh_custom_retina_sticky_logo":0,"osh_custom_sticky_logo_height":0,"osh_background_color":"","osh_links_color":"","osh_links_hover_color":"","osh_links_active_color":"","osh_links_bg_color":"","osh_links_hover_bg_color":"","osh_links_active_bg_color":"","osh_menu_social_links_color":"","osh_menu_social_hover_links_color":""},"product_brand":[],"product_cat":[42,41],"product_tag":[190,185,73,374,375],"class_list":{"0":"post-3982","1":"product","2":"type-product","3":"status-publish","4":"has-post-thumbnail","6":"product_cat-electric-progressive-pumps","7":"product_cat-progressive-grease-systems","8":"product_tag-bearing-lubrication-pump","9":"product_tag-electric-grease-pump","10":"product_tag-electric-lubrication-pump","11":"product_tag-guideway-lubrication-pump","12":"product_tag-lubrication-pump-unit","14":"entry","15":"has-media","17":"first","18":"instock","19":"shipping-taxable","20":"product-type-external","21":"col","22":"span_1_of_3","23":"owp-content-center","24":"owp-thumbs-layout-horizontal","25":"owp-btn-very-big","26":"owp-tabs-layout-horizontal"},"_links":{"self":[{"href":"https:\/\/www.jinpinlub.com\/de\/wp-json\/wp\/v2\/product\/3982","targetHints":{"allow":["GET"]}}],"collection":[{"href":"https:\/\/www.jinpinlub.com\/de\/wp-json\/wp\/v2\/product"}],"about":[{"href":"https:\/\/www.jinpinlub.com\/de\/wp-json\/wp\/v2\/types\/product"}],"wp:featuredmedia":[{"embeddable":true,"href":"https:\/\/www.jinpinlub.com\/de\/wp-json\/wp\/v2\/media\/3983"}],"wp:attachment":[{"href":"https:\/\/www.jinpinlub.com\/de\/wp-json\/wp\/v2\/media?parent=3982"}],"wp:term":[{"taxonomy":"product_brand","embeddable":true,"href":"https:\/\/www.jinpinlub.com\/de\/wp-json\/wp\/v2\/product_brand?post=3982"},{"taxonomy":"product_cat","embeddable":true,"href":"https:\/\/www.jinpinlub.com\/de\/wp-json\/wp\/v2\/product_cat?post=3982"},{"taxonomy":"product_tag","embeddable":true,"href":"https:\/\/www.jinpinlub.com\/de\/wp-json\/wp\/v2\/product_tag?post=3982"}],"curies":[{"name":"wp","href":"https:\/\/api.w.org\/{rel}","templated":true}]}}