{"id":3992,"date":"2024-12-12T03:47:40","date_gmt":"2024-12-11T19:47:40","guid":{"rendered":"https:\/\/www.jinpinlub.com\/?post_type=product&#038;p=3992"},"modified":"2024-12-12T04:01:46","modified_gmt":"2024-12-11T20:01:46","slug":"j100-7c-automatische-cnc-progressivschmierpumpen","status":"publish","type":"product","link":"https:\/\/www.jinpinlub.com\/de\/product\/j100-7c-automatic-cnc-progressive-graese-lubrication-pumps\/","title":{"rendered":"J100-7C Automatische CNC-Progressivschmierpumpen"},"content":{"rendered":"<h2>Merkmale<\/h2>\n<p>\u2013 Hohe Dosiergenauigkeit, die Schmierpumpe J100 kann die Menge an Flie\u00dffett mit bis zu 15 ml\/min messen, wodurch die Schmierstoffausgabe genau gesteuert und eine stabile und zuverl\u00e4ssige Schmierwirkung gew\u00e4hrleistet werden kann.<br \/>\n\u2013 Der Arbeitsdruck der Schmierpumpe J100 kann maximal 80 bar erreichen, was den Druckanforderungen der meisten Schmiersysteme entspricht und sicherstellt, dass der Schmierstoff effektiv an die Schmierstelle gef\u00f6rdert wird.<br \/>\n\u2013 Der J100 verf\u00fcgt \u00fcber eine Fl\u00fcssigkeitsstands\u00fcberwachung und Fr\u00fchwarnfunktion, die den \u00d6ltank oder den Patronenstand in Echtzeit \u00fcberwachen, fr\u00fchzeitig warnen und Ger\u00e4teausf\u00e4lle aufgrund unzureichender Schmierung verhindern kann.<br \/>\n\u2013 Der J100 verwendet eine 24-V-Gleichstrom-Betriebsspannung mit geringem Energieverbrauch, die den Energiesparanforderungen moderner Ger\u00e4te entspricht, die Betriebskosten senkt und die Auswirkungen auf das Stromnetz verringert, um eine stabile Stromversorgung des Systems zu gew\u00e4hrleisten.<br \/>\n\u2013 Mehrere Installationsmethoden, die J100-Pumpe bietet maximale Installationsflexibilit\u00e4t durch eine Montageplatte mit 4 optionalen Montagel\u00f6chern.<br \/>\n\u2013 Einfache Bedienung. Der manuelle Schmierknopf dient zum Starten oder Entl\u00fcften des Schmiersystems. Mit der Entl\u00fcftungsschraube ist der Entl\u00fcftungsvorgang nach dem Systemstart oder dem Kartuschenwechsel einfach und unkompliziert. Die Bedienung und Fehlersuche an der Ausr\u00fcstung ist f\u00fcr das Wartungspersonal einfach.<\/p>\n<h2>Spezifikation<\/h2>\n<table>\n<tbody>\n<tr>\n<td>Modell<\/td>\n<td>J100-7C<\/td>\n<\/tr>\n<tr>\n<td>Schmierzeit<\/td>\n<td>SPS oder externe Steuerung<\/td>\n<\/tr>\n<tr>\n<td>Intervallzeit<\/td>\n<td>SPS oder externe Steuerung<\/td>\n<\/tr>\n<tr>\n<td>Betriebstemperatur<\/td>\n<td>0 \u00b0C \u2013 +50 \u00b0C (Niedrigtemperaturbedingungen erfordern Frostschutzfett)<\/td>\n<\/tr>\n<tr>\n<td>Anzahl der Filialen<\/td>\n<td>1 oder 2<\/td>\n<\/tr>\n<tr>\n<td>Reservoirkapazit\u00e4t<\/td>\n<td>0,3 l, 0,5 l, 0,7 l, 1,5 l<\/td>\n<\/tr>\n<tr>\n<td>Nachf\u00fcllen<\/td>\n<td>Einf\u00fcll\u00f6ffnung\/abnehmbar\/Kartusche<\/td>\n<\/tr>\n<tr>\n<td>Schmiermittel<\/td>\n<td>NLGI 000#~2#<\/td>\n<\/tr>\n<tr>\n<td>\u00dcberdruckventil<\/td>\n<td>Optional<\/td>\n<\/tr>\n<tr>\n<td>Entladung<\/td>\n<td>15 ml\/min<\/td>\n<\/tr>\n<tr>\n<td>Max. Betriebsdruck<\/td>\n<td>8,0 MPa<\/td>\n<\/tr>\n<tr>\n<td>Anschlussgewinde<\/td>\n<td>Auslass \u03a66<\/td>\n<\/tr>\n<tr>\n<td>Betriebsspannung<\/td>\n<td>24 V Gleichstrom<\/td>\n<\/tr>\n<tr>\n<td>Zertifizierung<\/td>\n<td>CE<\/td>\n<\/tr>\n<tr>\n<td>Niedrigniveauschalter<\/td>\n<td>\u00d6ffner<\/td>\n<\/tr>\n<\/tbody>\n<\/table>\n<h2>Vorsichtsma\u00dfnahmen<\/h2>\n<p>\u2013 Das Entfernen einer unbenutzten Fettkartusche und deren Anschluss an die Schmierpumpe kann aufgrund von Restluft in der Kartusche zu Fehlfunktionen f\u00fchren. Stellen Sie sicher, dass das Schmiermittel vor dem Austausch vollst\u00e4ndig verbraucht ist.<br \/>\n\u2013 Schalten Sie den Strom nicht ein, wenn eine leere Kartusche entnommen wurde. Andernfalls saugt die Schmierpumpe J100 Luft oder Fremdk\u00f6rper an, was zu einer Fehlfunktion f\u00fchrt.<br \/>\n\u2013 Wischen Sie beim Auswechseln der Kartusche den Bereich um den Einlass der Schmierpumpe nicht mit einem schmutzigen Tuch ab. Dadurch saugt die Schmierpumpe Fremdk\u00f6rper an und es kommt zu Fehlfunktionen.<br \/>\n\u2013 Es werden nur Standardkartuschen unterst\u00fctzt. Die Verwendung anderer Fette kann zu Systemst\u00f6rungen f\u00fchren.<br \/>\n\u2013 F\u00fcllen Sie niemals Fett in eine gebrauchte, leere Kartusche und verwenden Sie diese erneut, da dies zum Bersten der Kartusche oder zu Fehlfunktionen der Schmierpumpe durch eindringende Luft oder Fremdk\u00f6rper f\u00fchren kann.<\/p>\n<h2>Benutzerhandb\u00fccher<\/h2>\n<div class=\"sdm_download_button_box_default\"><div class=\"sdm_download_link\"><a href=\"https:\/\/www.jinpinlub.com\/de\/?sdm_process_download=1&download_id=3960\" class=\"sdm_download white\" title=\"Privat: J100 Electric Grease Pump\" target=\"&quot;_blank&quot;\">Datenblatt anzeigen - J100 Fettpumpe<\/a><\/div><\/div>","protected":false},"excerpt":{"rendered":"<p>J100 arbeitet mit 24 V, 80 bar und einem weiten Temperaturbereich. Es verf\u00fcgt \u00fcber Funktionen wie F\u00fcllstands\u00fcberwachung und manuelle Schmierung, um Ausfallzeiten zu reduzieren. Es verf\u00fcgt \u00fcber eine Vielzahl von Tankspezifikationen und Verbindungsmethoden, ist flexibel installierbar und wird in vielen Bereichen eingesetzt.<\/p>","protected":false},"featured_media":3993,"template":"","meta":{"ocean_post_layout":"","ocean_both_sidebars_style":"","ocean_both_sidebars_content_width":0,"ocean_both_sidebars_sidebars_width":0,"ocean_sidebar":"0","ocean_second_sidebar":"0","ocean_disable_margins":"enable","ocean_add_body_class":"","ocean_shortcode_before_top_bar":"","ocean_shortcode_after_top_bar":"","ocean_shortcode_before_header":"","ocean_shortcode_after_header":"","ocean_has_shortcode":"","ocean_shortcode_after_title":"","ocean_shortcode_before_footer_widgets":"","ocean_shortcode_after_footer_widgets":"","ocean_shortcode_before_footer_bottom":"","ocean_shortcode_after_footer_bottom":"","ocean_display_top_bar":"default","ocean_display_header":"default","ocean_header_style":"","ocean_center_header_left_menu":"0","ocean_custom_header_template":"0","ocean_custom_logo":0,"ocean_custom_retina_logo":0,"ocean_custom_logo_max_width":0,"ocean_custom_logo_tablet_max_width":0,"ocean_custom_logo_mobile_max_width":0,"ocean_custom_logo_max_height":0,"ocean_custom_logo_tablet_max_height":0,"ocean_custom_logo_mobile_max_height":0,"ocean_header_custom_menu":"0","ocean_menu_typo_font_family":"0","ocean_menu_typo_font_subset":"","ocean_menu_typo_font_size":0,"ocean_menu_typo_font_size_tablet":0,"ocean_menu_typo_font_size_mobile":0,"ocean_menu_typo_font_size_unit":"px","ocean_menu_typo_font_weight":"","ocean_menu_typo_font_weight_tablet":"","ocean_menu_typo_font_weight_mobile":"","ocean_menu_typo_transform":"","ocean_menu_typo_transform_tablet":"","ocean_menu_typo_transform_mobile":"","ocean_menu_typo_line_height":0,"ocean_menu_typo_line_height_tablet":0,"ocean_menu_typo_line_height_mobile":0,"ocean_menu_typo_line_height_unit":"","ocean_menu_typo_spacing":0,"ocean_menu_typo_spacing_tablet":0,"ocean_menu_typo_spacing_mobile":0,"ocean_menu_typo_spacing_unit":"","ocean_menu_link_color":"","ocean_menu_link_color_hover":"","ocean_menu_link_color_active":"","ocean_menu_link_background":"","ocean_menu_link_hover_background":"","ocean_menu_link_active_background":"","ocean_menu_social_links_bg":"","ocean_menu_social_hover_links_bg":"","ocean_menu_social_links_color":"","ocean_menu_social_hover_links_color":"","ocean_disable_title":"default","ocean_disable_heading":"default","ocean_post_title":"","ocean_post_subheading":"","ocean_post_title_style":"","ocean_post_title_background_color":"","ocean_post_title_background":0,"ocean_post_title_bg_image_position":"","ocean_post_title_bg_image_attachment":"","ocean_post_title_bg_image_repeat":"","ocean_post_title_bg_image_size":"","ocean_post_title_height":0,"ocean_post_title_bg_overlay":0.5,"ocean_post_title_bg_overlay_color":"","ocean_disable_breadcrumbs":"default","ocean_breadcrumbs_color":"","ocean_breadcrumbs_separator_color":"","ocean_breadcrumbs_links_color":"","ocean_breadcrumbs_links_hover_color":"","ocean_display_footer_widgets":"default","ocean_display_footer_bottom":"default","ocean_custom_footer_template":"0","osh_disable_topbar_sticky":"default","osh_disable_header_sticky":"default","osh_sticky_header_style":"default","osh_sticky_header_effect":"","osh_custom_sticky_logo":0,"osh_custom_retina_sticky_logo":0,"osh_custom_sticky_logo_height":0,"osh_background_color":"","osh_links_color":"","osh_links_hover_color":"","osh_links_active_color":"","osh_links_bg_color":"","osh_links_hover_bg_color":"","osh_links_active_bg_color":"","osh_menu_social_links_color":"","osh_menu_social_hover_links_color":""},"product_brand":[],"product_cat":[42,41],"product_tag":[321,112,76,196,221],"class_list":{"0":"post-3992","1":"product","2":"type-product","3":"status-publish","4":"has-post-thumbnail","6":"product_cat-electric-progressive-pumps","7":"product_cat-progressive-grease-systems","8":"product_tag-automatic-lubrication-system","9":"product_tag-centralized-lubrication-system","10":"product_tag-electric-lubrication-system","11":"product_tag-grease-lubrication-system","12":"product_tag-progressive-lubrication-system","14":"entry","15":"has-media","17":"first","18":"instock","19":"shipping-taxable","20":"product-type-external","21":"col","22":"span_1_of_3","23":"owp-content-center","24":"owp-thumbs-layout-horizontal","25":"owp-btn-very-big","26":"owp-tabs-layout-horizontal"},"_links":{"self":[{"href":"https:\/\/www.jinpinlub.com\/de\/wp-json\/wp\/v2\/product\/3992","targetHints":{"allow":["GET"]}}],"collection":[{"href":"https:\/\/www.jinpinlub.com\/de\/wp-json\/wp\/v2\/product"}],"about":[{"href":"https:\/\/www.jinpinlub.com\/de\/wp-json\/wp\/v2\/types\/product"}],"wp:featuredmedia":[{"embeddable":true,"href":"https:\/\/www.jinpinlub.com\/de\/wp-json\/wp\/v2\/media\/3993"}],"wp:attachment":[{"href":"https:\/\/www.jinpinlub.com\/de\/wp-json\/wp\/v2\/media?parent=3992"}],"wp:term":[{"taxonomy":"product_brand","embeddable":true,"href":"https:\/\/www.jinpinlub.com\/de\/wp-json\/wp\/v2\/product_brand?post=3992"},{"taxonomy":"product_cat","embeddable":true,"href":"https:\/\/www.jinpinlub.com\/de\/wp-json\/wp\/v2\/product_cat?post=3992"},{"taxonomy":"product_tag","embeddable":true,"href":"https:\/\/www.jinpinlub.com\/de\/wp-json\/wp\/v2\/product_tag?post=3992"}],"curies":[{"name":"wp","href":"https:\/\/api.w.org\/{rel}","templated":true}]}}