{"id":4008,"date":"2024-12-12T05:23:20","date_gmt":"2024-12-11T21:23:20","guid":{"rendered":"https:\/\/www.jinpinlub.com\/?post_type=product&#038;p=4008"},"modified":"2024-12-12T05:41:01","modified_gmt":"2024-12-11T21:41:01","slug":"j100-7c-24-vdc-elektrische-automatische-fettschmierpumpen","status":"publish","type":"product","link":"https:\/\/www.jinpinlub.com\/de\/produkt\/j100-7c-24-vdc-elektrische-automatische-fettschmierpumpen\/","title":{"rendered":"J100-7C 24VDC Elektrische automatische Fettschmierpumpen"},"content":{"rendered":"<h2>Merkmale<\/h2>\n<p>\u2013 Elektrischer Antrieb: Der Elektromotor treibt die Kolbenpumpeneinheit der Schmierpumpe J100 an und treibt \u00fcber einen Exzenter den F\u00f6rderkolben in axialer Richtung an.<br \/>\n\u2013 Schmierstofff\u00f6rderung: Der F\u00f6rderkolben dr\u00fcckt den Schmierstoff aus der Schmierstoffkartusche oder dem \u00d6lbeh\u00e4lter der Schmierstoffpumpe \u00fcber ein internes Steuerventil zum Schmierstoffauslass.<br \/>\n\u2013 Druckentlastung: Nach dem Schmierzyklus sorgt ein Druckbegrenzungsventil beim Abschalten des Schmierpumpenmotors f\u00fcr die Freigabe des bei Einleitungsverteilern ben\u00f6tigten Systemdrucks.<br \/>\n\u2013 Druckbegrenzung: Das integrierte Druckbegrenzungsventil begrenzt den maximalen Systemdruck der Zentralschmieranlage auf 80 bar.<br \/>\n\u2013 Schmierstoffversorgung: Die Schmierstoffversorgung kann \u00fcber eine Einweg-Schmierstoffkartusche oder einen \u00d6lbeh\u00e4lter erfolgen.<br \/>\n\u2013 F\u00fcllstands\u00fcberwachung: Die Schmierpumpe J100 kann optional mit einem F\u00fcllstandsschalter zur \u00dcberwachung des Mindestf\u00fcllstands ausgestattet werden.<\/p>\n<h2>Spezifikation<\/h2>\n<table>\n<tbody>\n<tr>\n<td>Modell<\/td>\n<td>J100-3C<\/td>\n<\/tr>\n<tr>\n<td>Schmierzeit<\/td>\n<td>SPS oder externe Steuerung<\/td>\n<\/tr>\n<tr>\n<td>Intervallzeit<\/td>\n<td>SPS oder externe Steuerung<\/td>\n<\/tr>\n<tr>\n<td>Betriebstemperatur<\/td>\n<td>0 \u00b0C \u2013 +50 \u00b0C (Niedrigtemperaturbedingungen erfordern Frostschutzfett)<\/td>\n<\/tr>\n<tr>\n<td>Anzahl der Filialen<\/td>\n<td>1 oder 2<\/td>\n<\/tr>\n<tr>\n<td>Reservoirkapazit\u00e4t<\/td>\n<td>0,3 l, 0,5 l, 0,7 l, 1,5 l<\/td>\n<\/tr>\n<tr>\n<td>Nachf\u00fcllen<\/td>\n<td>Einf\u00fcll\u00f6ffnung\/abnehmbar\/Kartusche<\/td>\n<\/tr>\n<tr>\n<td>Schmiermittel<\/td>\n<td>NLGI 000#~2#<\/td>\n<\/tr>\n<tr>\n<td>\u00dcberdruckventil<\/td>\n<td>Optional<\/td>\n<\/tr>\n<tr>\n<td>Entladung<\/td>\n<td>15 ml\/min<\/td>\n<\/tr>\n<tr>\n<td>Max. Betriebsdruck<\/td>\n<td>8,0 MPa<\/td>\n<\/tr>\n<tr>\n<td>Anschlussgewinde<\/td>\n<td>Auslass \u03a66<\/td>\n<\/tr>\n<tr>\n<td>Betriebsspannung<\/td>\n<td>24 V Gleichstrom<\/td>\n<\/tr>\n<tr>\n<td>Zertifizierung<\/td>\n<td>CE<\/td>\n<\/tr>\n<tr>\n<td>Niedrigniveauschalter<\/td>\n<td>\u00d6ffner<\/td>\n<\/tr>\n<\/tbody>\n<\/table>\n<h2>Wartung<\/h2>\n<p>\u2013 Schmierstoffstand pr\u00fcfen: Regelm\u00e4\u00dfig pr\u00fcfen, abh\u00e4ngig von der Anzahl der Pumpzyklen und der Anlagenkonfiguration.<br \/>\n\u2013 Systemleckpr\u00fcfung: Bei jeder Pumpenbef\u00fcllung werden die Systemkomponenten auf Lecks gepr\u00fcft und die gefundenen Lecks umgehend behoben.<br \/>\n\u2013 Elektrische Sicherheit: Die Kabel der elektrischen Schmierpumpe sollten regelm\u00e4\u00dfig auf Sch\u00e4den \u00fcberpr\u00fcft werden. Alle elektrischen Arbeiten, wie Reparaturen und \u00c4nderungen, m\u00fcssen von einem qualifizierten Techniker nach Abschalten der Stromversorgung durchgef\u00fchrt werden.<br \/>\n\u2013 Reinigung und Vermeidung von Verunreinigungen: Verwenden Sie ein kompatibles Reinigungsmittel, um eine Verunreinigung der Schmierpumpe J100 zu vermeiden.<br \/>\n\u2013 Befolgen Sie die Sicherheitsverfahren: Stellen Sie vor Beginn von Wartungs-, Reinigungs- oder Reparaturarbeiten an der Pumpe sicher, dass die folgenden Sicherheitsma\u00dfnahmen strikt eingehalten werden: Stromunterbrechung, Druckabbau, Sperren\/Kennzeichnen der Ausr\u00fcstung und pers\u00f6nliche Schutzausr\u00fcstung.<\/p>\n<h2>Benutzerhandb\u00fccher<\/h2>\n<div class=\"sdm_download_button_box_default\"><div class=\"sdm_download_link\"><a href=\"https:\/\/www.jinpinlub.com\/de\/?sdm_process_download=1&download_id=3960\" class=\"sdm_download white\" title=\"Privat: J100 Electric Grease Pump\" target=\"&quot;_blank&quot;\">Datenblatt anzeigen - J100 Fettpumpe<\/a><\/div><\/div>","protected":false},"excerpt":{"rendered":"<p>Die elektrische Kolbenpumpeneinheit der Serie J100 ist ein Ger\u00e4t f\u00fcr Einleitungs-Zentralschmiersysteme und zeichnet sich durch kompaktes Design, schnellen Austausch von Schmierstoffkartuschen, Schmierstoffzufuhr mit zwei Ausl\u00e4ssen, automatisches Steuersystem und pr\u00e4zise Schmierstoffabgabe aus.<\/p>","protected":false},"featured_media":4009,"template":"","meta":{"ocean_post_layout":"","ocean_both_sidebars_style":"","ocean_both_sidebars_content_width":0,"ocean_both_sidebars_sidebars_width":0,"ocean_sidebar":"0","ocean_second_sidebar":"0","ocean_disable_margins":"enable","ocean_add_body_class":"","ocean_shortcode_before_top_bar":"","ocean_shortcode_after_top_bar":"","ocean_shortcode_before_header":"","ocean_shortcode_after_header":"","ocean_has_shortcode":"","ocean_shortcode_after_title":"","ocean_shortcode_before_footer_widgets":"","ocean_shortcode_after_footer_widgets":"","ocean_shortcode_before_footer_bottom":"","ocean_shortcode_after_footer_bottom":"","ocean_display_top_bar":"default","ocean_display_header":"default","ocean_header_style":"","ocean_center_header_left_menu":"0","ocean_custom_header_template":"0","ocean_custom_logo":0,"ocean_custom_retina_logo":0,"ocean_custom_logo_max_width":0,"ocean_custom_logo_tablet_max_width":0,"ocean_custom_logo_mobile_max_width":0,"ocean_custom_logo_max_height":0,"ocean_custom_logo_tablet_max_height":0,"ocean_custom_logo_mobile_max_height":0,"ocean_header_custom_menu":"0","ocean_menu_typo_font_family":"0","ocean_menu_typo_font_subset":"","ocean_menu_typo_font_size":0,"ocean_menu_typo_font_size_tablet":0,"ocean_menu_typo_font_size_mobile":0,"ocean_menu_typo_font_size_unit":"px","ocean_menu_typo_font_weight":"","ocean_menu_typo_font_weight_tablet":"","ocean_menu_typo_font_weight_mobile":"","ocean_menu_typo_transform":"","ocean_menu_typo_transform_tablet":"","ocean_menu_typo_transform_mobile":"","ocean_menu_typo_line_height":0,"ocean_menu_typo_line_height_tablet":0,"ocean_menu_typo_line_height_mobile":0,"ocean_menu_typo_line_height_unit":"","ocean_menu_typo_spacing":0,"ocean_menu_typo_spacing_tablet":0,"ocean_menu_typo_spacing_mobile":0,"ocean_menu_typo_spacing_unit":"","ocean_menu_link_color":"","ocean_menu_link_color_hover":"","ocean_menu_link_color_active":"","ocean_menu_link_background":"","ocean_menu_link_hover_background":"","ocean_menu_link_active_background":"","ocean_menu_social_links_bg":"","ocean_menu_social_hover_links_bg":"","ocean_menu_social_links_color":"","ocean_menu_social_hover_links_color":"","ocean_disable_title":"default","ocean_disable_heading":"default","ocean_post_title":"","ocean_post_subheading":"","ocean_post_title_style":"","ocean_post_title_background_color":"","ocean_post_title_background":0,"ocean_post_title_bg_image_position":"","ocean_post_title_bg_image_attachment":"","ocean_post_title_bg_image_repeat":"","ocean_post_title_bg_image_size":"","ocean_post_title_height":0,"ocean_post_title_bg_overlay":0.5,"ocean_post_title_bg_overlay_color":"","ocean_disable_breadcrumbs":"default","ocean_breadcrumbs_color":"","ocean_breadcrumbs_separator_color":"","ocean_breadcrumbs_links_color":"","ocean_breadcrumbs_links_hover_color":"","ocean_display_footer_widgets":"default","ocean_display_footer_bottom":"default","ocean_custom_footer_template":"0","osh_disable_topbar_sticky":"default","osh_disable_header_sticky":"default","osh_sticky_header_style":"default","osh_sticky_header_effect":"","osh_custom_sticky_logo":0,"osh_custom_retina_sticky_logo":0,"osh_custom_sticky_logo_height":0,"osh_background_color":"","osh_links_color":"","osh_links_hover_color":"","osh_links_active_color":"","osh_links_bg_color":"","osh_links_hover_bg_color":"","osh_links_active_bg_color":"","osh_menu_social_links_color":"","osh_menu_social_hover_links_color":""},"product_brand":[],"product_cat":[37,38],"product_tag":[377,321,376,73,76],"class_list":{"0":"post-4008","1":"product","2":"type-product","3":"status-publish","4":"has-post-thumbnail","6":"product_cat-single-line-grease-systems","7":"product_cat-electric-pressure-relief-pumps","8":"product_tag-automatic-grease-pump","9":"product_tag-automatic-lubrication-system","10":"product_tag-cartridge-lubrication-pump","11":"product_tag-electric-lubrication-pump","12":"product_tag-electric-lubrication-system","14":"entry","15":"has-media","17":"first","18":"instock","19":"shipping-taxable","20":"product-type-external","21":"col","22":"span_1_of_3","23":"owp-content-center","24":"owp-thumbs-layout-horizontal","25":"owp-btn-very-big","26":"owp-tabs-layout-horizontal"},"_links":{"self":[{"href":"https:\/\/www.jinpinlub.com\/de\/wp-json\/wp\/v2\/product\/4008","targetHints":{"allow":["GET"]}}],"collection":[{"href":"https:\/\/www.jinpinlub.com\/de\/wp-json\/wp\/v2\/product"}],"about":[{"href":"https:\/\/www.jinpinlub.com\/de\/wp-json\/wp\/v2\/types\/product"}],"wp:featuredmedia":[{"embeddable":true,"href":"https:\/\/www.jinpinlub.com\/de\/wp-json\/wp\/v2\/media\/4009"}],"wp:attachment":[{"href":"https:\/\/www.jinpinlub.com\/de\/wp-json\/wp\/v2\/media?parent=4008"}],"wp:term":[{"taxonomy":"product_brand","embeddable":true,"href":"https:\/\/www.jinpinlub.com\/de\/wp-json\/wp\/v2\/product_brand?post=4008"},{"taxonomy":"product_cat","embeddable":true,"href":"https:\/\/www.jinpinlub.com\/de\/wp-json\/wp\/v2\/product_cat?post=4008"},{"taxonomy":"product_tag","embeddable":true,"href":"https:\/\/www.jinpinlub.com\/de\/wp-json\/wp\/v2\/product_tag?post=4008"}],"curies":[{"name":"wp","href":"https:\/\/api.w.org\/{rel}","templated":true}]}}