{"id":4013,"date":"2024-12-12T17:45:07","date_gmt":"2024-12-12T09:45:07","guid":{"rendered":"https:\/\/www.jinpinlub.com\/?post_type=product&#038;p=4013"},"modified":"2024-12-13T05:49:02","modified_gmt":"2024-12-12T21:49:02","slug":"einleitungsschmierpumpe-j200-3r-fur-prazise-schmierung","status":"publish","type":"product","link":"https:\/\/www.jinpinlub.com\/de\/product\/j200-3r-single-line-lubrication-pump-for-precise-lubrication\/","title":{"rendered":"Einleitungs-Schmierpumpe J200-3R f\u00fcr pr\u00e4zise Schmierung"},"content":{"rendered":"<h2>Merkmale<\/h2>\n<p>\u2013 Pr\u00e4zise Schmierstoffabgabe: Durch Dosierventile wird eine pr\u00e4zise Abgabe kleiner Schmierstoffmengen erreicht, um eine pr\u00e4zise Schmierung jeder Schmierstelle der Maschine zu gew\u00e4hrleisten.<br \/>\n\u2013 Fl\u00fcssigkeitsstandschalter: Im Kartuschenadapter integriert, kann er die Pumpe rechtzeitig stoppen, wenn die Kartusche kein \u00d6l mehr hat, wirksam verhindern, dass sich Luft in das Schmiersystem einmischt und die Schmierwirkung sicherstellen.<br \/>\n\u2013 Einfacher Kartuschenwechsel: Er muss gem\u00e4\u00df den Schritten durchgef\u00fchrt werden, wie z. B. Drehen zum Entfernen der alten Kartusche, Einsetzen der neuen Kartusche und Festziehen der Abdeckung.<br \/>\n\u2013 Abnehmbarer Beh\u00e4lter: Optionale Version mit abnehmbarem Beh\u00e4lter, kein Austausch der Kartusche zum einfachen wiederholten Bef\u00fcllen mit Fett erforderlich.<br \/>\n\u2013 Starke Anpassungsf\u00e4higkeit an die Umgebung: Es kann bei einer Umgebungstemperatur von 0 \u2013 50 \u00b0C und einer Luftfeuchtigkeit von 35 \u2013 85%RH betrieben werden, und der Vibrationsbedarf liegt unter 9 G (88 m\/s\u00b2), wodurch es dem Einfluss widriger Umgebungsfaktoren wie Wasser, \u00d6l, Schmutz, Staub usw. bis zu einem gewissen Grad standhalten kann.<\/p>\n<h2>Spezifikation<\/h2>\n<table>\n<tbody>\n<tr>\n<td>Modell<\/td>\n<td>J200-3D<\/td>\n<\/tr>\n<tr>\n<td>Schmierzeit<\/td>\n<td>SPS oder externe Steuerung<\/td>\n<\/tr>\n<tr>\n<td>Intervallzeit<\/td>\n<td>SPS oder externe Steuerung<\/td>\n<\/tr>\n<tr>\n<td>Betriebstemperatur<\/td>\n<td>0 \u00b0C \u2013 +50 \u00b0C (Niedrigtemperaturbedingungen erfordern Frostschutzfett)<\/td>\n<\/tr>\n<tr>\n<td>Anzahl der Filialen<\/td>\n<td>1 oder 2<\/td>\n<\/tr>\n<tr>\n<td>Reservoirkapazit\u00e4t<\/td>\n<td>0,3 l, 0,5 l, 0,7 l<\/td>\n<\/tr>\n<tr>\n<td>Nachf\u00fcllen<\/td>\n<td>Abnehmbarer Beh\u00e4lter\/Kartusche<\/td>\n<\/tr>\n<tr>\n<td>Schmiermittel<\/td>\n<td>Fette NLGI-Klasse 000~2#<\/td>\n<\/tr>\n<tr>\n<td>\u00dcberdruckventil<\/td>\n<td>Montiert<\/td>\n<\/tr>\n<tr>\n<td>Entladung<\/td>\n<td>7 ml\/min<\/td>\n<\/tr>\n<tr>\n<td>Max. Betriebsdruck<\/td>\n<td>5,0 oder 8,0 MPa<\/td>\n<\/tr>\n<tr>\n<td>Anschlussgewinde<\/td>\n<td>Auslass \u03a66<\/td>\n<\/tr>\n<tr>\n<td>Betriebsspannung<\/td>\n<td>24 V Gleichstrom<\/td>\n<\/tr>\n<tr>\n<td>Zertifizierung<\/td>\n<td>CE<\/td>\n<\/tr>\n<tr>\n<td>Niedrigniveauschalter<\/td>\n<td>\u00d6ffner<\/td>\n<\/tr>\n<\/tbody>\n<\/table>\n<h2>Verdrahtung<\/h2>\n<p><span id=\"input-sentence~0\">\u2013 Qualifikation des Personals: Die Verkabelung der Schmierpumpe sollte von Personal durchgef\u00fchrt werden, das \u00fcber eine Elektrofachkraft verf\u00fcgt, um sicherzustellen, dass die Verkabelung sachgerecht und sicher ist.<br \/>\n\u2013 Polarit\u00e4tspr\u00fcfung: Der Motor hat eine Polarit\u00e4t. Beim Anschlie\u00dfen der (+) und (-) Kabel sollte man sich zur sorgf\u00e4ltigen Pr\u00fcfung an das Diagramm halten, um Ger\u00e4teausf\u00e4lle aufgrund falscher Polarit\u00e4t zu vermeiden.<\/span><span id=\"input-sentence~1\"><br \/>\n\u2013 Isolierungsma\u00dfnahmen: Wenn die Dr\u00e4hte der 24-VDC-Stromversorgung mit dem Geh\u00e4use der Schmierpumpe, dem menschlichen K\u00f6rper oder umliegenden Objekten in Kontakt kommen k\u00f6nnen, m\u00fcssen isolierte Dr\u00e4hte verwendet werden, um Leckagen und Stromschlagunf\u00e4lle zu vermeiden.<br \/>\n\u2013 Erdungsanschluss: Verbinden Sie das Erdungskabel mit der angegebenen Komponente, um Leckagen und Stromschl\u00e4ge zu vermeiden. Achten Sie gleichzeitig auf die Strombegrenzung, um Br\u00e4nde durch \u00dcberstrom zu vermeiden. Wenn der Strom 1,2 A \u00fcberschreitet, kehrt der interne Antriebsmechanismus der Schmierpumpe in die Ausgangsposition zur\u00fcck.<\/span><\/p>\n<h2>Benutzerhandb\u00fccher<\/h2>\n<div class=\"sdm_download_button_box_default\"><div class=\"sdm_download_link\"><a href=\"https:\/\/www.jinpinlub.com\/de\/?sdm_process_download=1&download_id=3962\" class=\"sdm_download white\" title=\"Privat: J200 Electric Pump\" target=\"&quot;_blank&quot;\">Datenblatt anzeigen - J200 Fettpumpe<\/a><\/div><\/div>","protected":false},"excerpt":{"rendered":"<p>J200 ist ein hocheffizientes Schmierger\u00e4t mit Funktionen wie: DC24V-Stromversorgung, 7 ml\/min Abgabevolumen und 5-8 MPa Abgabedruck. Es eignet sich f\u00fcr eine Vielzahl industrieller Anwendungen, um einen langfristig stabilen Betrieb der Ger\u00e4te zu gew\u00e4hrleisten.<\/p>","protected":false},"featured_media":4014,"template":"","meta":{"ocean_post_layout":"","ocean_both_sidebars_style":"","ocean_both_sidebars_content_width":0,"ocean_both_sidebars_sidebars_width":0,"ocean_sidebar":"0","ocean_second_sidebar":"0","ocean_disable_margins":"enable","ocean_add_body_class":"","ocean_shortcode_before_top_bar":"","ocean_shortcode_after_top_bar":"","ocean_shortcode_before_header":"","ocean_shortcode_after_header":"","ocean_has_shortcode":"","ocean_shortcode_after_title":"","ocean_shortcode_before_footer_widgets":"","ocean_shortcode_after_footer_widgets":"","ocean_shortcode_before_footer_bottom":"","ocean_shortcode_after_footer_bottom":"","ocean_display_top_bar":"default","ocean_display_header":"default","ocean_header_style":"","ocean_center_header_left_menu":"0","ocean_custom_header_template":"0","ocean_custom_logo":0,"ocean_custom_retina_logo":0,"ocean_custom_logo_max_width":0,"ocean_custom_logo_tablet_max_width":0,"ocean_custom_logo_mobile_max_width":0,"ocean_custom_logo_max_height":0,"ocean_custom_logo_tablet_max_height":0,"ocean_custom_logo_mobile_max_height":0,"ocean_header_custom_menu":"0","ocean_menu_typo_font_family":"0","ocean_menu_typo_font_subset":"","ocean_menu_typo_font_size":0,"ocean_menu_typo_font_size_tablet":0,"ocean_menu_typo_font_size_mobile":0,"ocean_menu_typo_font_size_unit":"px","ocean_menu_typo_font_weight":"","ocean_menu_typo_font_weight_tablet":"","ocean_menu_typo_font_weight_mobile":"","ocean_menu_typo_transform":"","ocean_menu_typo_transform_tablet":"","ocean_menu_typo_transform_mobile":"","ocean_menu_typo_line_height":0,"ocean_menu_typo_line_height_tablet":0,"ocean_menu_typo_line_height_mobile":0,"ocean_menu_typo_line_height_unit":"","ocean_menu_typo_spacing":0,"ocean_menu_typo_spacing_tablet":0,"ocean_menu_typo_spacing_mobile":0,"ocean_menu_typo_spacing_unit":"","ocean_menu_link_color":"","ocean_menu_link_color_hover":"","ocean_menu_link_color_active":"","ocean_menu_link_background":"","ocean_menu_link_hover_background":"","ocean_menu_link_active_background":"","ocean_menu_social_links_bg":"","ocean_menu_social_hover_links_bg":"","ocean_menu_social_links_color":"","ocean_menu_social_hover_links_color":"","ocean_disable_title":"default","ocean_disable_heading":"default","ocean_post_title":"","ocean_post_subheading":"","ocean_post_title_style":"","ocean_post_title_background_color":"","ocean_post_title_background":0,"ocean_post_title_bg_image_position":"","ocean_post_title_bg_image_attachment":"","ocean_post_title_bg_image_repeat":"","ocean_post_title_bg_image_size":"","ocean_post_title_height":0,"ocean_post_title_bg_overlay":0.5,"ocean_post_title_bg_overlay_color":"","ocean_disable_breadcrumbs":"default","ocean_breadcrumbs_color":"","ocean_breadcrumbs_separator_color":"","ocean_breadcrumbs_links_color":"","ocean_breadcrumbs_links_hover_color":"","ocean_display_footer_widgets":"default","ocean_display_footer_bottom":"default","ocean_custom_footer_template":"0","osh_disable_topbar_sticky":"default","osh_disable_header_sticky":"default","osh_sticky_header_style":"default","osh_sticky_header_effect":"","osh_custom_sticky_logo":0,"osh_custom_retina_sticky_logo":0,"osh_custom_sticky_logo_height":0,"osh_background_color":"","osh_links_color":"","osh_links_hover_color":"","osh_links_active_color":"","osh_links_bg_color":"","osh_links_hover_bg_color":"","osh_links_active_bg_color":"","osh_menu_social_links_color":"","osh_menu_social_hover_links_color":""},"product_brand":[],"product_cat":[38,37],"product_tag":[191,73,378,379,92],"class_list":{"0":"post-4013","1":"product","2":"type-product","3":"status-publish","4":"has-post-thumbnail","6":"product_cat-electric-pressure-relief-pumps","7":"product_cat-single-line-grease-systems","8":"product_tag-cnc-lubrication-pump","9":"product_tag-electric-lubrication-pump","10":"product_tag-lhl-lubrication-pump","11":"product_tag-machine-tool-lubrication-pump","12":"product_tag-single-line-lubrication-pump","14":"entry","15":"has-media","17":"first","18":"instock","19":"shipping-taxable","20":"product-type-external","21":"col","22":"span_1_of_3","23":"owp-content-center","24":"owp-thumbs-layout-horizontal","25":"owp-btn-very-big","26":"owp-tabs-layout-horizontal"},"_links":{"self":[{"href":"https:\/\/www.jinpinlub.com\/de\/wp-json\/wp\/v2\/product\/4013","targetHints":{"allow":["GET"]}}],"collection":[{"href":"https:\/\/www.jinpinlub.com\/de\/wp-json\/wp\/v2\/product"}],"about":[{"href":"https:\/\/www.jinpinlub.com\/de\/wp-json\/wp\/v2\/types\/product"}],"wp:featuredmedia":[{"embeddable":true,"href":"https:\/\/www.jinpinlub.com\/de\/wp-json\/wp\/v2\/media\/4014"}],"wp:attachment":[{"href":"https:\/\/www.jinpinlub.com\/de\/wp-json\/wp\/v2\/media?parent=4013"}],"wp:term":[{"taxonomy":"product_brand","embeddable":true,"href":"https:\/\/www.jinpinlub.com\/de\/wp-json\/wp\/v2\/product_brand?post=4013"},{"taxonomy":"product_cat","embeddable":true,"href":"https:\/\/www.jinpinlub.com\/de\/wp-json\/wp\/v2\/product_cat?post=4013"},{"taxonomy":"product_tag","embeddable":true,"href":"https:\/\/www.jinpinlub.com\/de\/wp-json\/wp\/v2\/product_tag?post=4013"}],"curies":[{"name":"wp","href":"https:\/\/api.w.org\/{rel}","templated":true}]}}