{"id":4018,"date":"2024-12-12T23:27:32","date_gmt":"2024-12-12T15:27:32","guid":{"rendered":"https:\/\/www.jinpinlub.com\/?post_type=product&#038;p=4018"},"modified":"2024-12-13T05:49:09","modified_gmt":"2024-12-12T21:49:09","slug":"j200-5d-elektrische-schmierpumpe-mit-abnehmbarem-behalter","status":"publish","type":"product","link":"https:\/\/www.jinpinlub.com\/de\/product\/j200-5d-electric-lubrication-pump-with-detachable-reservoir\/","title":{"rendered":"J200-5D Elektrische Schmierpumpe mit abnehmbarem Beh\u00e4lter"},"content":{"rendered":"<h2>Merkmale<\/h2>\n<p><span id=\"input-sentence~0\">1. Stromversorgung und Inbetriebnahme<br \/>\nDie Schmierpumpe wird \u00fcber eine 24-V-Gleichstromversorgung mit Strom versorgt. Wenn die Stromversorgung eingeschaltet wird, startet der Motor. Der Nennstrom des Motors betr\u00e4gt 0,8 A. Innerhalb des normalen Stromversorgungsbereichs kann der Motor stabil laufen und die Pumpe mit Strom versorgen.<\/span><span id=\"input-sentence~1\"><br \/>\n2. Schmierstoffzufuhr<br \/>\nDer Motor treibt die Schmierpumpe an. Das Schmiermittel wird durch die innere Struktur, einschlie\u00dflich Kolben, Zahnr\u00e4der usw., aus dem Vorratsbeh\u00e4lter oder der Kartusche entnommen und mit einer F\u00f6rderleistung von 7 ml\/min durch die Rohrleitung an jeden Schmierpunkt der Maschine geliefert.<\/span><span id=\"input-sentence~2\"> W\u00e4hrend des Liefervorgangs kann der Auslassdruck 8 MPa erreichen.<br \/>\n3. Messung und Steuerung<br \/>\nIm Schmiersystem wird der Verdr\u00e4ngerverteiler zur pr\u00e4zisen Steuerung der zuzuf\u00fchrenden Schmierstoffmenge verwendet. Dadurch kann jeder Schmierpunkt die entsprechende Schmierstoffmenge erhalten, um eine optimale Schmierwirkung zu erzielen, anstatt Schmierstoff zu verschwenden. Die Laufzeit und der Intervallzyklus der Schmierstoffpumpe werden durch den an der Maschine installierten Timer eingestellt und funktionieren gem\u00e4\u00df Programmeinrichtung.<\/span><\/p>\n<h2>Spezifikation<\/h2>\n<table>\n<tbody>\n<tr>\n<td>Modell<\/td>\n<td>J200-5D<\/td>\n<\/tr>\n<tr>\n<td>Schmierzeit<\/td>\n<td>SPS oder externe Steuerung<\/td>\n<\/tr>\n<tr>\n<td>Intervallzeit<\/td>\n<td>SPS oder externe Steuerung<\/td>\n<\/tr>\n<tr>\n<td>Betriebstemperatur<\/td>\n<td>0 \u00b0C \u2013 +50 \u00b0C (Niedrigtemperaturbedingungen erfordern Frostschutzfett)<\/td>\n<\/tr>\n<tr>\n<td>Anzahl der Filialen<\/td>\n<td>1 oder 2<\/td>\n<\/tr>\n<tr>\n<td>Reservoirkapazit\u00e4t<\/td>\n<td>0,3 l, 0,5 l, 0,7 l<\/td>\n<\/tr>\n<tr>\n<td>Nachf\u00fcllen<\/td>\n<td>Abnehmbarer Beh\u00e4lter\/Kartusche<\/td>\n<\/tr>\n<tr>\n<td>Schmiermittel<\/td>\n<td>Fette NLGI-Klasse 000~2#<\/td>\n<\/tr>\n<tr>\n<td>\u00dcberdruckventil<\/td>\n<td>Montiert<\/td>\n<\/tr>\n<tr>\n<td>Entladung<\/td>\n<td>7 ml\/min<\/td>\n<\/tr>\n<tr>\n<td>Max. Betriebsdruck<\/td>\n<td>5,0 oder 8,0 MPa<\/td>\n<\/tr>\n<tr>\n<td>Anschlussgewinde<\/td>\n<td>Auslass \u03a66<\/td>\n<\/tr>\n<tr>\n<td>Betriebsspannung<\/td>\n<td>24 V Gleichstrom<\/td>\n<\/tr>\n<tr>\n<td>Zertifizierung<\/td>\n<td>CE<\/td>\n<\/tr>\n<tr>\n<td>Niedrigniveauschalter<\/td>\n<td>\u00d6ffner<\/td>\n<\/tr>\n<\/tbody>\n<\/table>\n<h2>Nachf\u00fcllen<\/h2>\n<p><span id=\"input-sentence~0\">\u2013 Ersetzen Sie die Kartusche, nachdem das LHL in der Kartusche vollst\u00e4ndig aufgebraucht ist, um zu vermeiden, dass durch Fettr\u00fcckst\u00e4nde Luft in die Kartusche gelangt, was zu Fehlfunktionen der Schmierpumpe f\u00fchren kann.<br \/>\n\u2013 Achten Sie beim Auswechseln der Kartusche darauf, dass die Umgebung sauber ist, um zu verhindern, dass Fremdk\u00f6rper wie Staub und Verunreinigungen in das Geh\u00e4use oder die Kartusche der Schmierpumpe gelangen.<\/span><span id=\"input-sentence~1\"><br \/>\n\u2013 Es ist strengstens verboten, den Strom einzuschalten, wenn die Kartusche nicht eingesetzt oder entfernt ist, da die Schmierpumpe sonst Luft oder Fremdk\u00f6rper einsaugen kann.<br \/>\n\u2013 Wenn Sie beim Auswechseln der Kartusche den Bereich um die \u00d6lansaug\u00f6ffnung der Pumpe herum abwischen m\u00fcssen, verwenden Sie unbedingt ein sauberes Tuch, um zu verhindern, dass Fremdk\u00f6rper in die Schmierpumpe gesaugt werden.<br \/>\n\u2013 Verwenden Sie ausschlie\u00dflich die angegebene LHL-Fettkartusche. Die Verwendung anderer, nicht angegebener Schmierstoffe kann zu einem Ausfall des Schmiersystems f\u00fchren.<br \/>\n\u2013 Die leere Fettkartusche niemals mit Schmierstoff bef\u00fcllen und erneut verwenden.<\/span><\/p>\n<h2>Benutzerhandb\u00fccher<\/h2>\n<div class=\"sdm_download_button_box_default\"><div class=\"sdm_download_link\"><a href=\"https:\/\/www.jinpinlub.com\/de\/?sdm_process_download=1&download_id=3962\" class=\"sdm_download white\" title=\"Privat: J200 Electric Pump\" target=\"&quot;_blank&quot;\">Datenblatt anzeigen - J200 Fettpumpe<\/a><\/div><\/div>","protected":false},"excerpt":{"rendered":"<p>J200 ist eine elektrische Schmierpumpe, eine Pumpeneinheit f\u00fcr Einleitungsschmiersysteme. Zu den wichtigsten Merkmalen geh\u00f6ren: Stromversorgung DC24V, F\u00f6rdervolumen 7 ml pro Minute, F\u00f6rderdruck 5 MPa bis 8 MPa, geeignet f\u00fcr Lithiumfett, Schutzklasse IP54.<\/p>","protected":false},"featured_media":4019,"template":"","meta":{"ocean_post_layout":"","ocean_both_sidebars_style":"","ocean_both_sidebars_content_width":0,"ocean_both_sidebars_sidebars_width":0,"ocean_sidebar":"0","ocean_second_sidebar":"0","ocean_disable_margins":"enable","ocean_add_body_class":"","ocean_shortcode_before_top_bar":"","ocean_shortcode_after_top_bar":"","ocean_shortcode_before_header":"","ocean_shortcode_after_header":"","ocean_has_shortcode":"","ocean_shortcode_after_title":"","ocean_shortcode_before_footer_widgets":"","ocean_shortcode_after_footer_widgets":"","ocean_shortcode_before_footer_bottom":"","ocean_shortcode_after_footer_bottom":"","ocean_display_top_bar":"default","ocean_display_header":"default","ocean_header_style":"","ocean_center_header_left_menu":"0","ocean_custom_header_template":"0","ocean_custom_logo":0,"ocean_custom_retina_logo":0,"ocean_custom_logo_max_width":0,"ocean_custom_logo_tablet_max_width":0,"ocean_custom_logo_mobile_max_width":0,"ocean_custom_logo_max_height":0,"ocean_custom_logo_tablet_max_height":0,"ocean_custom_logo_mobile_max_height":0,"ocean_header_custom_menu":"0","ocean_menu_typo_font_family":"0","ocean_menu_typo_font_subset":"","ocean_menu_typo_font_size":0,"ocean_menu_typo_font_size_tablet":0,"ocean_menu_typo_font_size_mobile":0,"ocean_menu_typo_font_size_unit":"px","ocean_menu_typo_font_weight":"","ocean_menu_typo_font_weight_tablet":"","ocean_menu_typo_font_weight_mobile":"","ocean_menu_typo_transform":"","ocean_menu_typo_transform_tablet":"","ocean_menu_typo_transform_mobile":"","ocean_menu_typo_line_height":0,"ocean_menu_typo_line_height_tablet":0,"ocean_menu_typo_line_height_mobile":0,"ocean_menu_typo_line_height_unit":"","ocean_menu_typo_spacing":0,"ocean_menu_typo_spacing_tablet":0,"ocean_menu_typo_spacing_mobile":0,"ocean_menu_typo_spacing_unit":"","ocean_menu_link_color":"","ocean_menu_link_color_hover":"","ocean_menu_link_color_active":"","ocean_menu_link_background":"","ocean_menu_link_hover_background":"","ocean_menu_link_active_background":"","ocean_menu_social_links_bg":"","ocean_menu_social_hover_links_bg":"","ocean_menu_social_links_color":"","ocean_menu_social_hover_links_color":"","ocean_disable_title":"default","ocean_disable_heading":"default","ocean_post_title":"","ocean_post_subheading":"","ocean_post_title_style":"","ocean_post_title_background_color":"","ocean_post_title_background":0,"ocean_post_title_bg_image_position":"","ocean_post_title_bg_image_attachment":"","ocean_post_title_bg_image_repeat":"","ocean_post_title_bg_image_size":"","ocean_post_title_height":0,"ocean_post_title_bg_overlay":0.5,"ocean_post_title_bg_overlay_color":"","ocean_disable_breadcrumbs":"default","ocean_breadcrumbs_color":"","ocean_breadcrumbs_separator_color":"","ocean_breadcrumbs_links_color":"","ocean_breadcrumbs_links_hover_color":"","ocean_display_footer_widgets":"default","ocean_display_footer_bottom":"default","ocean_custom_footer_template":"0","osh_disable_topbar_sticky":"default","osh_disable_header_sticky":"default","osh_sticky_header_style":"default","osh_sticky_header_effect":"","osh_custom_sticky_logo":0,"osh_custom_retina_sticky_logo":0,"osh_custom_sticky_logo_height":0,"osh_background_color":"","osh_links_color":"","osh_links_hover_color":"","osh_links_active_color":"","osh_links_bg_color":"","osh_links_hover_bg_color":"","osh_links_active_bg_color":"","osh_menu_social_links_color":"","osh_menu_social_hover_links_color":""},"product_brand":[],"product_cat":[38,37],"product_tag":[191,73,378,379,92],"class_list":{"0":"post-4018","1":"product","2":"type-product","3":"status-publish","4":"has-post-thumbnail","6":"product_cat-electric-pressure-relief-pumps","7":"product_cat-single-line-grease-systems","8":"product_tag-cnc-lubrication-pump","9":"product_tag-electric-lubrication-pump","10":"product_tag-lhl-lubrication-pump","11":"product_tag-machine-tool-lubrication-pump","12":"product_tag-single-line-lubrication-pump","14":"entry","15":"has-media","17":"first","18":"instock","19":"shipping-taxable","20":"product-type-external","21":"col","22":"span_1_of_3","23":"owp-content-center","24":"owp-thumbs-layout-horizontal","25":"owp-btn-very-big","26":"owp-tabs-layout-horizontal"},"_links":{"self":[{"href":"https:\/\/www.jinpinlub.com\/de\/wp-json\/wp\/v2\/product\/4018","targetHints":{"allow":["GET"]}}],"collection":[{"href":"https:\/\/www.jinpinlub.com\/de\/wp-json\/wp\/v2\/product"}],"about":[{"href":"https:\/\/www.jinpinlub.com\/de\/wp-json\/wp\/v2\/types\/product"}],"wp:featuredmedia":[{"embeddable":true,"href":"https:\/\/www.jinpinlub.com\/de\/wp-json\/wp\/v2\/media\/4019"}],"wp:attachment":[{"href":"https:\/\/www.jinpinlub.com\/de\/wp-json\/wp\/v2\/media?parent=4018"}],"wp:term":[{"taxonomy":"product_brand","embeddable":true,"href":"https:\/\/www.jinpinlub.com\/de\/wp-json\/wp\/v2\/product_brand?post=4018"},{"taxonomy":"product_cat","embeddable":true,"href":"https:\/\/www.jinpinlub.com\/de\/wp-json\/wp\/v2\/product_cat?post=4018"},{"taxonomy":"product_tag","embeddable":true,"href":"https:\/\/www.jinpinlub.com\/de\/wp-json\/wp\/v2\/product_tag?post=4018"}],"curies":[{"name":"wp","href":"https:\/\/api.w.org\/{rel}","templated":true}]}}