{"id":4028,"date":"2024-12-13T05:32:23","date_gmt":"2024-12-12T21:32:23","guid":{"rendered":"https:\/\/www.jinpinlub.com\/?post_type=product&#038;p=4028"},"modified":"2024-12-13T05:48:01","modified_gmt":"2024-12-12T21:48:01","slug":"j200-abnehmbare-prazisionsschmierpumpe-zum-schleifen-von-cnc","status":"publish","type":"product","link":"https:\/\/www.jinpinlub.com\/de\/product\/j200-detachable-precision-lubrication-pump-for-grinding-cnc\/","title":{"rendered":"J200 Abnehmbare Pr\u00e4zisions-Schmierpumpe zum CNC-Schleifen"},"content":{"rendered":"<h2>Merkmale<\/h2>\n<p>F\u00fcllstandsschalterfunktion<br \/>\nDer Niveauschalter ist in die Schmierpumpe J200 integriert. Wenn der Niveauschalter aktiviert wird, kann die Pumpe gestoppt werden, bevor das Fett vollst\u00e4ndig verbraucht ist. Dadurch wird wirksam verhindert, dass sich Luft in das Fett einmischt, und der normale Betrieb des Schmiersystems wird sichergestellt.<br \/>\nEinschr\u00e4nkungen der Arbeitsbedingungen<br \/>\nDer Niveauschalter gibt nur dann ein Signal aus, wenn die Schmierpumpe J200 eingeschaltet ist. Da die Pumpe stoppt, wenn der Niveauschalter aktiviert wird, kann dies dazu f\u00fchren, dass der Druckschalter nicht richtig funktioniert und ein anormales Drucksignal ausgibt.<br \/>\nVorsichtsma\u00dfnahmen beim Betrieb<br \/>\nDer Niveauschalter und der Filteradapter bilden eine integrierte Einheit. Wenn die leere Kartusche entfernt wird, bleibt die abnormale Ausgabe auf der Ger\u00e4teseite bestehen. Wenn in diesem Fall der Strom eingeschaltet wird, saugt die Schmierpumpe J200 Luft an. Setzen Sie daher unbedingt eine neue Kartusche ein, bevor Sie den Strom wieder einschalten und die abnormale Ausgabe freigeben.<\/p>\n<h2>Spezifikation<\/h2>\n<table>\n<tbody>\n<tr>\n<td>Modell<\/td>\n<td>J200-5D<\/td>\n<\/tr>\n<tr>\n<td>Schmierzeit<\/td>\n<td>SPS oder externe Steuerung<\/td>\n<\/tr>\n<tr>\n<td>Intervallzeit<\/td>\n<td>SPS oder externe Steuerung<\/td>\n<\/tr>\n<tr>\n<td>Betriebstemperatur<\/td>\n<td>0 \u00b0C \u2013 +50 \u00b0C (Niedrigtemperaturbedingungen erfordern Frostschutzfett)<\/td>\n<\/tr>\n<tr>\n<td>Anzahl der Filialen<\/td>\n<td>1 oder 2<\/td>\n<\/tr>\n<tr>\n<td>Reservoirkapazit\u00e4t<\/td>\n<td>0,3 l, 0,5 l, 0,7 l<\/td>\n<\/tr>\n<tr>\n<td>Nachf\u00fcllen<\/td>\n<td>Abnehmbarer Beh\u00e4lter\/Kartusche<\/td>\n<\/tr>\n<tr>\n<td>Schmiermittel<\/td>\n<td>Fette NLGI-Klasse 000~2#<\/td>\n<\/tr>\n<tr>\n<td>\u00dcberdruckventil<\/td>\n<td>Montiert<\/td>\n<\/tr>\n<tr>\n<td>Entladung<\/td>\n<td>7 ml\/min<\/td>\n<\/tr>\n<tr>\n<td>Max. Betriebsdruck<\/td>\n<td>5,0 oder 8,0 MPa<\/td>\n<\/tr>\n<tr>\n<td>Anschlussgewinde<\/td>\n<td>Auslass \u03a66<\/td>\n<\/tr>\n<tr>\n<td>Betriebsspannung<\/td>\n<td>24 V Gleichstrom<\/td>\n<\/tr>\n<tr>\n<td>Zertifizierung<\/td>\n<td>CE<\/td>\n<\/tr>\n<tr>\n<td>Niedrigniveauschalter<\/td>\n<td>\u00d6ffner<\/td>\n<\/tr>\n<\/tbody>\n<\/table>\n<h2>Pipeline<\/h2>\n<p>1. Verbindungsschritte<br \/>\nSchlie\u00dfen Sie das Rohr an den Auslass der Schmierpumpe an. Verwenden Sie ein Rohr mit einer Druckfestigkeit von 10 MPa oder mehr. Fixieren Sie die Verbindung zun\u00e4chst manuell, um die anf\u00e4ngliche Stabilit\u00e4t der Verbindung sicherzustellen. Ziehen Sie sie dann mit einem Schraubenschl\u00fcssel fest. Achten Sie bei diesem Vorgang auf die m\u00e4\u00dfige Kraft. Das geeignete Drehmoment betr\u00e4gt 7,1 Nm.<br \/>\n2. Nach dem Anschluss pr\u00fcfen<br \/>\n\u00dcberpr\u00fcfen Sie nach Abschluss der Verbindung sorgf\u00e4ltig, ob an der Verbindung Fett austritt, um sicherzustellen, dass die Verbindung dicht ist. Lassen Sie dann die Luft ab, um die Luft zu entfernen, die sich m\u00f6glicherweise im Rohr und in der Schmierpumpe befindet.<br \/>\n3. Beschreibung der Drucksituation<br \/>\nObwohl bei einer kurzen Hauptleitung ein Druck von 8 MPa oder mehr auftreten kann, verursacht dies bei normalem Gebrauch keine Probleme. Dennoch muss auf die Druck\u00e4nderungen im Schmiersystem geachtet werden, um sicherzustellen, dass diese im normalen Arbeitsbereich liegen.<\/p>\n<h2>Benutzerhandb\u00fccher<\/h2>\n<div class=\"sdm_download_button_box_default\"><div class=\"sdm_download_link\"><a href=\"https:\/\/www.jinpinlub.com\/de\/?sdm_process_download=1&download_id=3962\" class=\"sdm_download white\" title=\"Privat: J200 Electric Pump\" target=\"&quot;_blank&quot;\">Datenblatt anzeigen - J200 Fettpumpe<\/a><\/div><\/div>","protected":false},"excerpt":{"rendered":"<p>Jinpinlub J200 ist eine Hochleistungsschmierpumpe. Ihr Durchfluss ist pr\u00e4zise, das strukturelle Design ist exquisit und kompakt, die Installation ist bequem und sie ist f\u00fcr verschiedene Ger\u00e4ter\u00e4ume geeignet. Extrem ger\u00e4uscharm w\u00e4hrend des Betriebs, was eine ruhige Arbeitsumgebung schafft.<\/p>","protected":false},"featured_media":4029,"template":"","meta":{"ocean_post_layout":"","ocean_both_sidebars_style":"","ocean_both_sidebars_content_width":0,"ocean_both_sidebars_sidebars_width":0,"ocean_sidebar":"0","ocean_second_sidebar":"0","ocean_disable_margins":"enable","ocean_add_body_class":"","ocean_shortcode_before_top_bar":"","ocean_shortcode_after_top_bar":"","ocean_shortcode_before_header":"","ocean_shortcode_after_header":"","ocean_has_shortcode":"","ocean_shortcode_after_title":"","ocean_shortcode_before_footer_widgets":"","ocean_shortcode_after_footer_widgets":"","ocean_shortcode_before_footer_bottom":"","ocean_shortcode_after_footer_bottom":"","ocean_display_top_bar":"default","ocean_display_header":"default","ocean_header_style":"","ocean_center_header_left_menu":"0","ocean_custom_header_template":"0","ocean_custom_logo":0,"ocean_custom_retina_logo":0,"ocean_custom_logo_max_width":0,"ocean_custom_logo_tablet_max_width":0,"ocean_custom_logo_mobile_max_width":0,"ocean_custom_logo_max_height":0,"ocean_custom_logo_tablet_max_height":0,"ocean_custom_logo_mobile_max_height":0,"ocean_header_custom_menu":"0","ocean_menu_typo_font_family":"0","ocean_menu_typo_font_subset":"","ocean_menu_typo_font_size":0,"ocean_menu_typo_font_size_tablet":0,"ocean_menu_typo_font_size_mobile":0,"ocean_menu_typo_font_size_unit":"px","ocean_menu_typo_font_weight":"","ocean_menu_typo_font_weight_tablet":"","ocean_menu_typo_font_weight_mobile":"","ocean_menu_typo_transform":"","ocean_menu_typo_transform_tablet":"","ocean_menu_typo_transform_mobile":"","ocean_menu_typo_line_height":0,"ocean_menu_typo_line_height_tablet":0,"ocean_menu_typo_line_height_mobile":0,"ocean_menu_typo_line_height_unit":"","ocean_menu_typo_spacing":0,"ocean_menu_typo_spacing_tablet":0,"ocean_menu_typo_spacing_mobile":0,"ocean_menu_typo_spacing_unit":"","ocean_menu_link_color":"","ocean_menu_link_color_hover":"","ocean_menu_link_color_active":"","ocean_menu_link_background":"","ocean_menu_link_hover_background":"","ocean_menu_link_active_background":"","ocean_menu_social_links_bg":"","ocean_menu_social_hover_links_bg":"","ocean_menu_social_links_color":"","ocean_menu_social_hover_links_color":"","ocean_disable_title":"default","ocean_disable_heading":"default","ocean_post_title":"","ocean_post_subheading":"","ocean_post_title_style":"","ocean_post_title_background_color":"","ocean_post_title_background":0,"ocean_post_title_bg_image_position":"","ocean_post_title_bg_image_attachment":"","ocean_post_title_bg_image_repeat":"","ocean_post_title_bg_image_size":"","ocean_post_title_height":0,"ocean_post_title_bg_overlay":0.5,"ocean_post_title_bg_overlay_color":"","ocean_disable_breadcrumbs":"default","ocean_breadcrumbs_color":"","ocean_breadcrumbs_separator_color":"","ocean_breadcrumbs_links_color":"","ocean_breadcrumbs_links_hover_color":"","ocean_display_footer_widgets":"default","ocean_display_footer_bottom":"default","ocean_custom_footer_template":"0","osh_disable_topbar_sticky":"default","osh_disable_header_sticky":"default","osh_sticky_header_style":"default","osh_sticky_header_effect":"","osh_custom_sticky_logo":0,"osh_custom_retina_sticky_logo":0,"osh_custom_sticky_logo_height":0,"osh_background_color":"","osh_links_color":"","osh_links_hover_color":"","osh_links_active_color":"","osh_links_bg_color":"","osh_links_hover_bg_color":"","osh_links_active_bg_color":"","osh_menu_social_links_color":"","osh_menu_social_hover_links_color":""},"product_brand":[],"product_cat":[38,37],"product_tag":[73,380,378,111,92],"class_list":{"0":"post-4028","1":"product","2":"type-product","3":"status-publish","4":"has-post-thumbnail","6":"product_cat-electric-pressure-relief-pumps","7":"product_cat-single-line-grease-systems","8":"product_tag-electric-lubrication-pump","9":"product_tag-jinpuinlub-lubrication-pump","10":"product_tag-lhl-lubrication-pump","11":"product_tag-oil-lubrication-pump","12":"product_tag-single-line-lubrication-pump","14":"entry","15":"has-media","17":"first","18":"instock","19":"shipping-taxable","20":"product-type-external","21":"col","22":"span_1_of_3","23":"owp-content-center","24":"owp-thumbs-layout-horizontal","25":"owp-btn-very-big","26":"owp-tabs-layout-horizontal"},"_links":{"self":[{"href":"https:\/\/www.jinpinlub.com\/de\/wp-json\/wp\/v2\/product\/4028","targetHints":{"allow":["GET"]}}],"collection":[{"href":"https:\/\/www.jinpinlub.com\/de\/wp-json\/wp\/v2\/product"}],"about":[{"href":"https:\/\/www.jinpinlub.com\/de\/wp-json\/wp\/v2\/types\/product"}],"wp:featuredmedia":[{"embeddable":true,"href":"https:\/\/www.jinpinlub.com\/de\/wp-json\/wp\/v2\/media\/4029"}],"wp:attachment":[{"href":"https:\/\/www.jinpinlub.com\/de\/wp-json\/wp\/v2\/media?parent=4028"}],"wp:term":[{"taxonomy":"product_brand","embeddable":true,"href":"https:\/\/www.jinpinlub.com\/de\/wp-json\/wp\/v2\/product_brand?post=4028"},{"taxonomy":"product_cat","embeddable":true,"href":"https:\/\/www.jinpinlub.com\/de\/wp-json\/wp\/v2\/product_cat?post=4028"},{"taxonomy":"product_tag","embeddable":true,"href":"https:\/\/www.jinpinlub.com\/de\/wp-json\/wp\/v2\/product_tag?post=4028"}],"curies":[{"name":"wp","href":"https:\/\/api.w.org\/{rel}","templated":true}]}}