{"id":4035,"date":"2024-12-16T21:43:19","date_gmt":"2024-12-16T13:43:19","guid":{"rendered":"https:\/\/www.jinpinlub.com\/?post_type=product&#038;p=4035"},"modified":"2024-12-16T22:10:13","modified_gmt":"2024-12-16T14:10:13","slug":"j203-elektrisches-progressivschmiersystem-fur-bagger","status":"publish","type":"product","link":"https:\/\/www.jinpinlub.com\/de\/product\/j203-electric-progressive-lubrication-system-for-excavator\/","title":{"rendered":"J203 Elektrisches Progressivschmiersystem f\u00fcr Bagger"},"content":{"rendered":"<h2>Merkmale<\/h2>\n<p>1. Der K\u00f6rper der Schmierpumpe ist in verschiedenen Ausf\u00fchrungen erh\u00e4ltlich: Es gibt Ausf\u00fchrungen mit oder ohne Folgeplatten, die Folgeplatten verbessern die \u00d6laufnahmekapazit\u00e4t, es gibt verschiedene Pumpenkomponenten, die f\u00fcr unterschiedliche Fette geeignet sind, und die Ausf\u00fchrung ist flexibel.<br \/>\n2. Genaue Steuerung und \u00dcberwachung: Die Steuerplatine verf\u00fcgt \u00fcber umfangreiche Funktionen und kann die Zeit genau einstellen. Einige Schmierpumpen sind mit Sensoren zur \u00dcberwachung des Fl\u00fcssigkeitsstands ausgestattet. Die Signalverarbeitung erfordert eine Programmierung, um einen stabilen Betrieb zu gew\u00e4hrleisten.<br \/>\n3. Vielf\u00e4ltige elektrische Anschl\u00fcsse: Optionale Spannung, mehrere Anschlussmethoden, abh\u00e4ngig von der Art der Schmierpumpe, m\u00fcssen den Normen zur Gew\u00e4hrleistung der Sicherheit entsprechen und der Schutzgrad bezieht sich auf die Komponenten.<br \/>\n4. Gute Anpassungsf\u00e4higkeit an die Umgebung: Die Temperatur beeinflusst die Leistung, verschiedene Schmierpumpen haben entsprechende Anforderungen, das Beh\u00e4lterdesign ist vielf\u00e4ltig, es k\u00f6nnen verschiedene Kapazit\u00e4ten von 2 l, 4 l, 8 l, 15 l ausgew\u00e4hlt werden, die Installation ist flexibel und an verschiedene Arbeitsbedingungen anpassbar.<br \/>\n5. Hervorragende F\u00f6rderleistung: Die Nennf\u00f6rderleistung variiert je nach Komponenten und Fett, wird von vielen Faktoren beeinflusst und kann angepasst werden. Es gibt Diagramme, die bei der Berechnung und Anpassung helfen.<\/p>\n<h2>Spezifikation<\/h2>\n<table>\n<tbody>\n<tr>\n<td>Betriebstemperatur<\/td>\n<td>(-40\u00b0C bis +70\u00b0C)<\/td>\n<\/tr>\n<tr>\n<td>Anzahl der Filialen<\/td>\n<td>1, 2 oder 3<\/td>\n<\/tr>\n<tr>\n<td>Reservoirkapazit\u00e4t<\/td>\n<td>2 l, 4 l, 8 l, 15 l<\/td>\n<\/tr>\n<tr>\n<td>Nachf\u00fcllen<\/td>\n<td>Hydraulischer Schmiernippel oder von oben<\/td>\n<\/tr>\n<tr>\n<td>Schmiermittel<\/td>\n<td>Fette mindestens der NLGI-Klasse 2, \u00d6le bis 40mm\u00b2\/s (cSt) bei 40\u00b0 C<\/td>\n<\/tr>\n<tr>\n<td>Schutzklasse<\/td>\n<td>IP6K 9K<\/td>\n<\/tr>\n<tr>\n<td>Kolbendurchmesser, K5<\/td>\n<td>5 mm, ca. 2 cm\u00b3\/min<\/td>\n<\/tr>\n<tr>\n<td>Kolbendurchmesser, (Standard) K6<\/td>\n<td>6mm, ca. 2,8cm\u00b3\/min<\/td>\n<\/tr>\n<tr>\n<td>Kolbendurchmesser, K7<\/td>\n<td>7 mm, ca. 4 cm\u00b3\/min<\/td>\n<\/tr>\n<tr>\n<td>Max. Betriebsdruck<\/td>\n<td>350 bar<\/td>\n<\/tr>\n<tr>\n<td>Anschlussgewinde<\/td>\n<td>G 1\/4<\/td>\n<\/tr>\n<tr>\n<td>Betriebsspannung<\/td>\n<td>12 V Gleichstrom, 24 V Gleichstrom, 110-240 V Wechselstrom<\/td>\n<\/tr>\n<\/tbody>\n<\/table>\n<h2>Wartung<\/h2>\n<p>1. Betriebsspezifikationen<br \/>\nDer t\u00e4gliche Betrieb des Schmiersystems dreht sich um das Nachf\u00fcllen von Fett, das Ausl\u00f6sen zus\u00e4tzlicher Schmierung und das Zur\u00fccksetzen von Fehlermeldungen. Es gibt verschiedene M\u00f6glichkeiten, Fett nachzuf\u00fcllen, und w\u00e4hrend des Betriebs sollten Risiken wie das Herauspressen des R\u00fchrfl\u00fcgels und Verletzungen durch Federspannung vermieden werden.<br \/>\nDie Ausl\u00f6se- und R\u00fccksetzvorg\u00e4nge werden mit Hilfe der Tasten auf der Steuerplatine durchgef\u00fchrt. Vor dem Zur\u00fccksetzen sollte eine Fehlerbehebung durchgef\u00fchrt werden. Die neuen Einstellungen werden nach dem Neustart der Stromversorgung wirksam. Die Tastenvorg\u00e4nge sind zeitlich und funktional begrenzt.<br \/>\n2. Gr\u00fcndliche Wartung<br \/>\n\u00dcberpr\u00fcfen Sie regelm\u00e4\u00dfig und umfassend den elektrischen Anschluss, die Leistung, die Komponenteninstallation, den Druckschutz, den Ger\u00e4testatus und die Schmierbedingungen der Maschine und der Schmierpumpe.<br \/>\nBevor Sie die Schmierpumpe reinigen, schalten Sie zun\u00e4chst den Strom aus, verwenden Sie ein geeignetes Reinigungsmittel, um R\u00fcckst\u00e4nde zu entfernen, sorgen Sie f\u00fcr guten Schutz und vermeiden Sie den Kontakt mit sch\u00e4dlichen Substanzen.<\/p>\n<h2>Benutzerhandb\u00fccher<\/h2>\n<div class=\"sdm_download_button_box_default\"><div class=\"sdm_download_link\"><a href=\"https:\/\/www.jinpinlub.com\/de\/?sdm_process_download=1&download_id=2429\" class=\"sdm_download white\" title=\"Privat: J203 Grease Pump\" target=\"&quot;_blank&quot;\">Datenblatt anzeigen - J203 Fettpumpe<\/a><\/div><\/div>","protected":false},"excerpt":{"rendered":"<p>J203 ist ein elektrisches Progressivschmiersystem von Jinpinlub, das f\u00fcr eine Vielzahl von Industrieanlagen geeignet ist. Es ist kompakt, wirtschaftlich, kann bis zu 150 Schmierstellen versorgen, unterst\u00fctzt Gleich- oder Wechselstrom und hat einen maximalen Arbeitsdruck von 350 bar.<\/p>","protected":false},"featured_media":4036,"template":"","meta":{"ocean_post_layout":"","ocean_both_sidebars_style":"","ocean_both_sidebars_content_width":0,"ocean_both_sidebars_sidebars_width":0,"ocean_sidebar":"0","ocean_second_sidebar":"0","ocean_disable_margins":"enable","ocean_add_body_class":"","ocean_shortcode_before_top_bar":"","ocean_shortcode_after_top_bar":"","ocean_shortcode_before_header":"","ocean_shortcode_after_header":"","ocean_has_shortcode":"","ocean_shortcode_after_title":"","ocean_shortcode_before_footer_widgets":"","ocean_shortcode_after_footer_widgets":"","ocean_shortcode_before_footer_bottom":"","ocean_shortcode_after_footer_bottom":"","ocean_display_top_bar":"default","ocean_display_header":"default","ocean_header_style":"","ocean_center_header_left_menu":"0","ocean_custom_header_template":"0","ocean_custom_logo":0,"ocean_custom_retina_logo":0,"ocean_custom_logo_max_width":0,"ocean_custom_logo_tablet_max_width":0,"ocean_custom_logo_mobile_max_width":0,"ocean_custom_logo_max_height":0,"ocean_custom_logo_tablet_max_height":0,"ocean_custom_logo_mobile_max_height":0,"ocean_header_custom_menu":"0","ocean_menu_typo_font_family":"0","ocean_menu_typo_font_subset":"","ocean_menu_typo_font_size":0,"ocean_menu_typo_font_size_tablet":0,"ocean_menu_typo_font_size_mobile":0,"ocean_menu_typo_font_size_unit":"px","ocean_menu_typo_font_weight":"","ocean_menu_typo_font_weight_tablet":"","ocean_menu_typo_font_weight_mobile":"","ocean_menu_typo_transform":"","ocean_menu_typo_transform_tablet":"","ocean_menu_typo_transform_mobile":"","ocean_menu_typo_line_height":0,"ocean_menu_typo_line_height_tablet":0,"ocean_menu_typo_line_height_mobile":0,"ocean_menu_typo_line_height_unit":"","ocean_menu_typo_spacing":0,"ocean_menu_typo_spacing_tablet":0,"ocean_menu_typo_spacing_mobile":0,"ocean_menu_typo_spacing_unit":"","ocean_menu_link_color":"","ocean_menu_link_color_hover":"","ocean_menu_link_color_active":"","ocean_menu_link_background":"","ocean_menu_link_hover_background":"","ocean_menu_link_active_background":"","ocean_menu_social_links_bg":"","ocean_menu_social_hover_links_bg":"","ocean_menu_social_links_color":"","ocean_menu_social_hover_links_color":"","ocean_disable_title":"default","ocean_disable_heading":"default","ocean_post_title":"","ocean_post_subheading":"","ocean_post_title_style":"","ocean_post_title_background_color":"","ocean_post_title_background":0,"ocean_post_title_bg_image_position":"","ocean_post_title_bg_image_attachment":"","ocean_post_title_bg_image_repeat":"","ocean_post_title_bg_image_size":"","ocean_post_title_height":0,"ocean_post_title_bg_overlay":0.5,"ocean_post_title_bg_overlay_color":"","ocean_disable_breadcrumbs":"default","ocean_breadcrumbs_color":"","ocean_breadcrumbs_separator_color":"","ocean_breadcrumbs_links_color":"","ocean_breadcrumbs_links_hover_color":"","ocean_display_footer_widgets":"default","ocean_display_footer_bottom":"default","ocean_custom_footer_template":"0","osh_disable_topbar_sticky":"default","osh_disable_header_sticky":"default","osh_sticky_header_style":"default","osh_sticky_header_effect":"","osh_custom_sticky_logo":0,"osh_custom_retina_sticky_logo":0,"osh_custom_sticky_logo_height":0,"osh_background_color":"","osh_links_color":"","osh_links_hover_color":"","osh_links_active_color":"","osh_links_bg_color":"","osh_links_hover_bg_color":"","osh_links_active_bg_color":"","osh_menu_social_links_color":"","osh_menu_social_hover_links_color":""},"product_brand":[],"product_cat":[42,41],"product_tag":[74,321,73,78,77],"class_list":{"0":"post-4035","1":"product","2":"type-product","3":"status-publish","4":"has-post-thumbnail","6":"product_cat-electric-progressive-pumps","7":"product_cat-progressive-grease-systems","8":"product_tag-automatic-lubrication-pump","9":"product_tag-automatic-lubrication-system","10":"product_tag-electric-lubrication-pump","11":"product_tag-excavator-lubrication-pump","12":"product_tag-grease-lubrication-pump","14":"entry","15":"has-media","17":"first","18":"instock","19":"shipping-taxable","20":"product-type-external","21":"col","22":"span_1_of_3","23":"owp-content-center","24":"owp-thumbs-layout-horizontal","25":"owp-btn-very-big","26":"owp-tabs-layout-horizontal"},"_links":{"self":[{"href":"https:\/\/www.jinpinlub.com\/de\/wp-json\/wp\/v2\/product\/4035","targetHints":{"allow":["GET"]}}],"collection":[{"href":"https:\/\/www.jinpinlub.com\/de\/wp-json\/wp\/v2\/product"}],"about":[{"href":"https:\/\/www.jinpinlub.com\/de\/wp-json\/wp\/v2\/types\/product"}],"wp:featuredmedia":[{"embeddable":true,"href":"https:\/\/www.jinpinlub.com\/de\/wp-json\/wp\/v2\/media\/4036"}],"wp:attachment":[{"href":"https:\/\/www.jinpinlub.com\/de\/wp-json\/wp\/v2\/media?parent=4035"}],"wp:term":[{"taxonomy":"product_brand","embeddable":true,"href":"https:\/\/www.jinpinlub.com\/de\/wp-json\/wp\/v2\/product_brand?post=4035"},{"taxonomy":"product_cat","embeddable":true,"href":"https:\/\/www.jinpinlub.com\/de\/wp-json\/wp\/v2\/product_cat?post=4035"},{"taxonomy":"product_tag","embeddable":true,"href":"https:\/\/www.jinpinlub.com\/de\/wp-json\/wp\/v2\/product_tag?post=4035"}],"curies":[{"name":"wp","href":"https:\/\/api.w.org\/{rel}","templated":true}]}}