{"id":4045,"date":"2024-12-17T01:12:55","date_gmt":"2024-12-16T17:12:55","guid":{"rendered":"https:\/\/www.jinpinlub.com\/?post_type=product&#038;p=4045"},"modified":"2024-12-17T01:54:14","modified_gmt":"2024-12-16T17:54:14","slug":"jinpinlub-zentralschmiersystem-elektrische-fettpumpe","status":"publish","type":"product","link":"https:\/\/www.jinpinlub.com\/de\/product\/jinpinlub-central-lubrication-system-electric-grease-pump\/","title":{"rendered":"Elektrische Fettpumpe f\u00fcr Zentralschmiersystem von Jinpinlub"},"content":{"rendered":"<h2>Merkmale<\/h2>\n<p>1. J203 Schmierpumpe ohne Folgeplatte<br \/>\nFunktion von Vorratsbeh\u00e4lter und R\u00fchrpaddel: Der \u00d6ltank speichert Schmiermittel. Der Deckel ist schmutzabweisend und erleichtert das Betanken. Die Bel\u00fcftungsvorrichtung sorgt f\u00fcr die Luftzirkulation im \u00d6ltank bei laufender Pumpe. Das R\u00fchrpaddel homogenisiert das Schmiermittel und unterst\u00fctzt die Pumpe beim Ansaugen des \u00d6ls.<br \/>\nPumpensockel und Innenanschluss: Im Sockel sind Motor, Elektroanschl\u00fcsse, Nachf\u00fcllzubeh\u00f6r und bis zu 3 Pumpenelemente untergebracht, wobei die F\u00f6rderleistung der einzelnen Elemente variiert.<br \/>\n2. J203 Schmierpumpe mit Folgeplatte<br \/>\nBeh\u00e4lter und Sonderteile: Die Funktion des Beh\u00e4lters \u00e4hnelt der einer Pumpe ohne Folgeplatte. Die Bel\u00fcftungsvorrichtung spielt beim Betrieb und Bef\u00fcllen eine Rolle. Die neu hinzugef\u00fcgte Folgeplatte presst das \u00d6l mithilfe einer Feder, und die Kontaktstange erm\u00f6glicht die Erkennung und Anzeige eines niedrigen Fl\u00fcssigkeitsstands \u00fcber den Reed-Kontakt.<br \/>\nAnschluss- und Funktionserweiterung: Die Funktion des Pumpengeh\u00e4uses bleibt unver\u00e4ndert, der elektrische Anschluss erg\u00e4nzt die F\u00fcllstandsanzeige. Als Anschlussvarianten stehen Quaderstecker oder M12-Stecker zur Verf\u00fcgung.<\/p>\n<h2>Spezifikation<\/h2>\n<table>\n<tbody>\n<tr>\n<td>Betriebstemperatur<\/td>\n<td>(-40\u00b0C bis +70\u00b0C)<\/td>\n<\/tr>\n<tr>\n<td>Anzahl der Filialen<\/td>\n<td>1, 2 oder 3<\/td>\n<\/tr>\n<tr>\n<td>Reservoirkapazit\u00e4t<\/td>\n<td>2 l, 4 l, 8 l, 15 l<\/td>\n<\/tr>\n<tr>\n<td>Nachf\u00fcllen<\/td>\n<td>Hydraulischer Schmiernippel oder von oben<\/td>\n<\/tr>\n<tr>\n<td>Schmiermittel<\/td>\n<td>Fette mindestens der NLGI-Klasse 2, \u00d6le bis 40mm\u00b2\/s (cSt) bei 40\u00b0 C<\/td>\n<\/tr>\n<tr>\n<td>Schutzklasse<\/td>\n<td>IP6K 9K<\/td>\n<\/tr>\n<tr>\n<td>Kolbendurchmesser, K5<\/td>\n<td>5 mm, ca. 2 cm\u00b3\/min<\/td>\n<\/tr>\n<tr>\n<td>Kolbendurchmesser, (Standard) K6<\/td>\n<td>6mm, ca. 2,8cm\u00b3\/min<\/td>\n<\/tr>\n<tr>\n<td>Kolbendurchmesser, K7<\/td>\n<td>7 mm, ca. 4 cm\u00b3\/min<\/td>\n<\/tr>\n<tr>\n<td>Max. Betriebsdruck<\/td>\n<td>350 bar<\/td>\n<\/tr>\n<tr>\n<td>Anschlussgewinde<\/td>\n<td>G 1\/4<\/td>\n<\/tr>\n<tr>\n<td>Betriebsspannung<\/td>\n<td>12 V Gleichstrom, 24 V Gleichstrom, 110-240 V Wechselstrom<\/td>\n<\/tr>\n<\/tbody>\n<\/table>\n<h2><span data-slate-fragment=\"JTVCJTdCJTIydHlwZSUyMiUzQSUyMnBhcmFncmFwaCUyMiUyQyUyMmNoaWxkcmVuJTIyJTNBJTVCJTdCJTIyaWQlMjIlM0ElMjJXUDU4YUw0Snc3JTIyJTJDJTIycGFyYUlkeCUyMiUzQTAlMkMlMjJzcmMlMjIlM0ElMjJtYWludGVuYW5jZSUyMiUyQyUyMmRzdCUyMiUzQSUyMiVFNyVCQiVCNCVFNCVCRiVBRSUyMiUyQyUyMm1ldGFkYXRhJTIyJTNBJTIyJTIyJTJDJTIybWV0YURhdGElMjIlM0ElNUIlNUQlMkMlMjJ0ZXh0JTIyJTNBJTIybWFpbnRlbmFuY2UlMjIlN0QlNUQlN0QlNUQ=\">Wartung<\/span><\/h2>\n<p>1. Die Schmierpumpe l\u00e4uft nicht<br \/>\n\u2013 Stromausfall: Die Obermaschine ist ausgeschaltet, das Anschlusskabel ist lose oder besch\u00e4digt, die externe Sicherung ist durchgebrannt, pr\u00fcfen und reparieren.<br \/>\n\u2013 Problem mit dem Betriebsmodus: Passen Sie im Pausenzeitmodus den Betriebsmodus an.<br \/>\n\u2013 Interner Fehler: Der Motor oder die Leistungsplatine ist besch\u00e4digt oder das interne Kabel ist gebrochen. Professionelle Inspektion und Reparatur oder Austausch von Teilen.<br \/>\n2. Die Schmierpumpe l\u00e4uft, aber die \u00d6lzufuhr ist klein oder gar nicht<br \/>\n\u2013 Ausfall einer Systemkomponente: Das elektrische Schmiersystem ist blockiert, das R\u00fcckschlagventil oder das \u00dcberdruckventil ist besch\u00e4digt. Ersetzen Sie die fehlerhaften Teile.<br \/>\n\u2013 Problem mit der Komponente der Schmierpumpe: Die \u00d6lansaug\u00f6ffnung ist blockiert, die Komponente ist geschlossen, das Schmiermittel weist Blasen auf oder weist eine abnormale Viskosit\u00e4t auf. \u00dcberpr\u00fcfen und handhaben Sie die Pumpenkomponenten und das Schmiermittel.<br \/>\n\u2013 Problem mit dem Messger\u00e4t: Das Messger\u00e4t ist falsch konfiguriert. Konfigurieren Sie es erneut korrekt. Stellen Sie vor der Wartung sicher, dass Sicherheitsma\u00dfnahmen vorhanden sind und das Ger\u00e4t ordnungsgem\u00e4\u00df funktioniert.<\/p>\n<h2>Benutzerhandb\u00fccher<\/h2>\n<div class=\"sdm_download_button_box_default\"><div class=\"sdm_download_link\"><a href=\"https:\/\/www.jinpinlub.com\/de\/?sdm_process_download=1&download_id=2429\" class=\"sdm_download white\" title=\"Privat: J203 Grease Pump\" target=\"&quot;_blank&quot;\">Datenblatt anzeigen - J203 Fettpumpe<\/a><\/div><\/div>","protected":false},"excerpt":{"rendered":"<p>J203 ist eine automatische Zentralschmierpumpe, die bis zu 3 Pumpenelemente unterst\u00fctzen und bis zu 150 Schmierstellen bereitstellen kann. Sie eignet sich f\u00fcr Szenarien wie Baumaschinen, Busfahrgestelle, kleine und mittelgro\u00dfe Maschinen sowie konventionelle Industrien.<\/p>","protected":false},"featured_media":4046,"template":"","meta":{"ocean_post_layout":"","ocean_both_sidebars_style":"","ocean_both_sidebars_content_width":0,"ocean_both_sidebars_sidebars_width":0,"ocean_sidebar":"0","ocean_second_sidebar":"0","ocean_disable_margins":"enable","ocean_add_body_class":"","ocean_shortcode_before_top_bar":"","ocean_shortcode_after_top_bar":"","ocean_shortcode_before_header":"","ocean_shortcode_after_header":"","ocean_has_shortcode":"","ocean_shortcode_after_title":"","ocean_shortcode_before_footer_widgets":"","ocean_shortcode_after_footer_widgets":"","ocean_shortcode_before_footer_bottom":"","ocean_shortcode_after_footer_bottom":"","ocean_display_top_bar":"default","ocean_display_header":"default","ocean_header_style":"","ocean_center_header_left_menu":"0","ocean_custom_header_template":"0","ocean_custom_logo":0,"ocean_custom_retina_logo":0,"ocean_custom_logo_max_width":0,"ocean_custom_logo_tablet_max_width":0,"ocean_custom_logo_mobile_max_width":0,"ocean_custom_logo_max_height":0,"ocean_custom_logo_tablet_max_height":0,"ocean_custom_logo_mobile_max_height":0,"ocean_header_custom_menu":"0","ocean_menu_typo_font_family":"0","ocean_menu_typo_font_subset":"","ocean_menu_typo_font_size":0,"ocean_menu_typo_font_size_tablet":0,"ocean_menu_typo_font_size_mobile":0,"ocean_menu_typo_font_size_unit":"px","ocean_menu_typo_font_weight":"","ocean_menu_typo_font_weight_tablet":"","ocean_menu_typo_font_weight_mobile":"","ocean_menu_typo_transform":"","ocean_menu_typo_transform_tablet":"","ocean_menu_typo_transform_mobile":"","ocean_menu_typo_line_height":0,"ocean_menu_typo_line_height_tablet":0,"ocean_menu_typo_line_height_mobile":0,"ocean_menu_typo_line_height_unit":"","ocean_menu_typo_spacing":0,"ocean_menu_typo_spacing_tablet":0,"ocean_menu_typo_spacing_mobile":0,"ocean_menu_typo_spacing_unit":"","ocean_menu_link_color":"","ocean_menu_link_color_hover":"","ocean_menu_link_color_active":"","ocean_menu_link_background":"","ocean_menu_link_hover_background":"","ocean_menu_link_active_background":"","ocean_menu_social_links_bg":"","ocean_menu_social_hover_links_bg":"","ocean_menu_social_links_color":"","ocean_menu_social_hover_links_color":"","ocean_disable_title":"default","ocean_disable_heading":"default","ocean_post_title":"","ocean_post_subheading":"","ocean_post_title_style":"","ocean_post_title_background_color":"","ocean_post_title_background":0,"ocean_post_title_bg_image_position":"","ocean_post_title_bg_image_attachment":"","ocean_post_title_bg_image_repeat":"","ocean_post_title_bg_image_size":"","ocean_post_title_height":0,"ocean_post_title_bg_overlay":0.5,"ocean_post_title_bg_overlay_color":"","ocean_disable_breadcrumbs":"default","ocean_breadcrumbs_color":"","ocean_breadcrumbs_separator_color":"","ocean_breadcrumbs_links_color":"","ocean_breadcrumbs_links_hover_color":"","ocean_display_footer_widgets":"default","ocean_display_footer_bottom":"default","ocean_custom_footer_template":"0","osh_disable_topbar_sticky":"default","osh_disable_header_sticky":"default","osh_sticky_header_style":"default","osh_sticky_header_effect":"","osh_custom_sticky_logo":0,"osh_custom_retina_sticky_logo":0,"osh_custom_sticky_logo_height":0,"osh_background_color":"","osh_links_color":"","osh_links_hover_color":"","osh_links_active_color":"","osh_links_bg_color":"","osh_links_hover_bg_color":"","osh_links_active_bg_color":"","osh_menu_social_links_color":"","osh_menu_social_hover_links_color":""},"product_brand":[],"product_cat":[42,41],"product_tag":[321,73,76,77,91],"class_list":{"0":"post-4045","1":"product","2":"type-product","3":"status-publish","4":"has-post-thumbnail","6":"product_cat-electric-progressive-pumps","7":"product_cat-progressive-grease-systems","8":"product_tag-automatic-lubrication-system","9":"product_tag-electric-lubrication-pump","10":"product_tag-electric-lubrication-system","11":"product_tag-grease-lubrication-pump","12":"product_tag-progressive-lubrication-pump","14":"entry","15":"has-media","17":"first","18":"instock","19":"shipping-taxable","20":"product-type-external","21":"col","22":"span_1_of_3","23":"owp-content-center","24":"owp-thumbs-layout-horizontal","25":"owp-btn-very-big","26":"owp-tabs-layout-horizontal"},"_links":{"self":[{"href":"https:\/\/www.jinpinlub.com\/de\/wp-json\/wp\/v2\/product\/4045","targetHints":{"allow":["GET"]}}],"collection":[{"href":"https:\/\/www.jinpinlub.com\/de\/wp-json\/wp\/v2\/product"}],"about":[{"href":"https:\/\/www.jinpinlub.com\/de\/wp-json\/wp\/v2\/types\/product"}],"wp:featuredmedia":[{"embeddable":true,"href":"https:\/\/www.jinpinlub.com\/de\/wp-json\/wp\/v2\/media\/4046"}],"wp:attachment":[{"href":"https:\/\/www.jinpinlub.com\/de\/wp-json\/wp\/v2\/media?parent=4045"}],"wp:term":[{"taxonomy":"product_brand","embeddable":true,"href":"https:\/\/www.jinpinlub.com\/de\/wp-json\/wp\/v2\/product_brand?post=4045"},{"taxonomy":"product_cat","embeddable":true,"href":"https:\/\/www.jinpinlub.com\/de\/wp-json\/wp\/v2\/product_cat?post=4045"},{"taxonomy":"product_tag","embeddable":true,"href":"https:\/\/www.jinpinlub.com\/de\/wp-json\/wp\/v2\/product_tag?post=4045"}],"curies":[{"name":"wp","href":"https:\/\/api.w.org\/{rel}","templated":true}]}}