{"id":4065,"date":"2025-01-02T01:03:48","date_gmt":"2025-01-01T17:03:48","guid":{"rendered":"https:\/\/www.jinpinlub.com\/?post_type=product&#038;p=4065"},"modified":"2025-01-11T11:48:58","modified_gmt":"2025-01-11T03:48:58","slug":"mikroprazisions-spruhschmiersystem-fur-die-metallzerspanung","status":"publish","type":"product","link":"https:\/\/www.jinpinlub.com\/de\/product\/micro-precision-spray-lubrication-system-for-metal-cutting\/","title":{"rendered":"Mikropr\u00e4zisions-Spr\u00fchschmiersystem zum Metallschneiden"},"content":{"rendered":"<h2>Besonderheit<\/h2>\n<p><span id=\"input-sentence~0\">\u2013 Luft- und \u00d6lgemisch: Die Minimalmengenschmierpumpe kann ein Luft- und \u00d6lgemisch bereitstellen, das f\u00fcr verschiedene Anwendungsszenarien verwendet werden kann, die eine pr\u00e4zise Schmierung erfordern.<br \/>\n\u2013 Einstellfunktion: Durch Hubregler und Impulsgeber in der Minimalmengenschmierpumpe kann der Anwender die Umw\u00e4lzmenge und F\u00f6rderleistung pro Hub der Pumpe bedarfsgerecht regeln und somit pr\u00e4zise regeln.<\/span><span id=\"input-sentence~1\"><br \/>\n<span id=\"input-sentence~0\">&#8211; <\/span>Umweltfreundlich: Das von der Pumpe empfohlene Werkzeugmaschinenf\u00fchrungs\u00f6l ISO VG 68 weist umweltfreundliche Eigenschaften auf und eine pr\u00e4zise Mikro\u00f6lnebelschmierung kann die Auswirkungen auf die Umwelt weiter reduzieren.<br \/>\n<span id=\"input-sentence~0\">&#8211; <\/span>Hochleistungsmaterialien: D\u00fcsen aus unterschiedlichen Materialien eignen sich f\u00fcr unterschiedliche Arbeitsumgebungen, beispielsweise D\u00fcsen aus Edelstahl f\u00fcr Umgebungen, die eine hohe Steifigkeit erfordern, w\u00e4hrend flexible Kunststoffd\u00fcsen f\u00fcr Umgebungen geeignet sind, die eine einfache Richtungsanpassung erfordern.<\/span><\/p>\n<h2>Spezifikation<\/h2>\n<table>\n<tbody>\n<tr>\n<td>Versorgungsluftdruck<\/td>\n<td>Saubere, trockene Druckluft, 4\u20137 bar, mindestens 708 LPM<\/td>\n<\/tr>\n<tr>\n<td>Pumpenviskosit\u00e4t<\/td>\n<td>50 bis 1000 SUS<\/td>\n<\/tr>\n<tr>\n<td>Pumpenleistung bei Vollhub<\/td>\n<td>0,033 ml (1-Tropfen-Standard), 0,100 ml (3-Tropfen-Standard)<\/td>\n<\/tr>\n<tr>\n<td>Pumpenleistung<\/td>\n<td>0\u2013396\u00a0ml\/h (1-Tropfen-Standard), 0\u20131200\u00a0ml\/h (3-Tropfen-Standard)<\/td>\n<\/tr>\n<tr>\n<td>Luftdurchsatz<\/td>\n<td>0~4 SCFM f\u00fcr jeden Luft- und \u00d6lausgang, 1~2 SCFM typisch<\/td>\n<\/tr>\n<tr>\n<td>Impulsgenerator<\/td>\n<td>5\u201350 Impulse\/min, max. 200 Impulse\/min (nicht empfohlen)<\/td>\n<\/tr>\n<tr>\n<td>Betriebstemperatur<\/td>\n<td>0\u2103 ~ +50\u02daC<\/td>\n<\/tr>\n<tr>\n<td>Lagertemperatur<\/td>\n<td>(-16\u2103 ~ +70\u02daC)<\/td>\n<\/tr>\n<tr>\n<td>Fl\u00fcssigkeitsbeh\u00e4lter<\/td>\n<td>Anpassbar, Standard 0,5 l, 1,0 l, 2 l, 4 l<\/td>\n<\/tr>\n<\/tbody>\n<\/table>\n<h2>Montage<\/h2>\n<p><span id=\"input-sentence~0\">1. Montagevorbereitung: Lesen Sie die Betriebsanleitung und machen Sie sich mit den Prinzipien des Minimalmengenschmiersystems, den Komponentenfunktionen und den Einstellmethoden vertraut. Legen Sie alle f\u00fcr die Montage ben\u00f6tigten Werkzeuge bereit.<br \/>\n2. Installationsort: W\u00e4hlen Sie einen Platz in der N\u00e4he der Maschine, der f\u00fcr Bedienung und Wartung einfach zu handhaben ist. Achten Sie darauf, dass die Minimalmengenschmierpumpe horizontal mit dem Fl\u00fcssigkeitsvorratsbeh\u00e4lter nach oben installiert wird.<\/span><span id=\"input-sentence~1\"><br \/>\n3. Installationsmethode: Befestigung mit Schrauben an vier Installationsstellen des Minimalmengenschmiersystems. Bei der Installation mit Magneten muss die Installation an einem sauberen und ebenen Installationsort erfolgen.<br \/>\n4. Luftanschluss: Halten Sie den Luftversorgungsdruck zwischen 4 und 7 Bar, schlie\u00dfen Sie die Luftversorgungsleitung durch den Luftfilter an und versiegeln Sie die Schnittstelle.<br \/>\n5. D\u00fcnnfl\u00fcssiges \u00d6l einf\u00fcllen: F\u00fcllen Sie das geeignete D\u00fcnnfl\u00fcssige \u00d6l bis zu einem Volumen von 75% in den \u00d6ltank ein. Dr\u00fccken Sie w\u00e4hrend des Einf\u00fcllens den Deckel nach unten, um \u00fcbersch\u00fcssige Luft abzulassen.<\/span><\/p>\n<h2>Benutzerhandb\u00fccher<\/h2>\n<div class=\"sdm_download_button_box_default\"><div class=\"sdm_download_link\"><a href=\"https:\/\/www.jinpinlub.com\/de\/?sdm_process_download=1&download_id=4054\" class=\"sdm_download white\" title=\"Privat: Minimal Quantity Lubrication\" target=\"&quot;_blank&quot;\">Datenblatt anzeigen - Minimalmengenschmierung<\/a><\/div><\/div>","protected":false},"excerpt":{"rendered":"<p>Die MLS-Mikroschmierpumpe ersetzt das herk\u00f6mmliche K\u00fchlsystem mit wasserl\u00f6slicher Schneidfl\u00fcssigkeit. Sie spr\u00fcht durch Hochdruckzerst\u00e4ubung ein Luft-\u00d6l-Gemisch in den Bearbeitungsbereich, sodass eine kleine Menge Schmier\u00f6l gleichm\u00e4\u00dfiger verteilt wird.<\/p>","protected":false},"featured_media":4066,"template":"","meta":{"ocean_post_layout":"","ocean_both_sidebars_style":"","ocean_both_sidebars_content_width":0,"ocean_both_sidebars_sidebars_width":0,"ocean_sidebar":"0","ocean_second_sidebar":"0","ocean_disable_margins":"enable","ocean_add_body_class":"","ocean_shortcode_before_top_bar":"","ocean_shortcode_after_top_bar":"","ocean_shortcode_before_header":"","ocean_shortcode_after_header":"","ocean_has_shortcode":"","ocean_shortcode_after_title":"","ocean_shortcode_before_footer_widgets":"","ocean_shortcode_after_footer_widgets":"","ocean_shortcode_before_footer_bottom":"","ocean_shortcode_after_footer_bottom":"","ocean_display_top_bar":"default","ocean_display_header":"default","ocean_header_style":"","ocean_center_header_left_menu":"0","ocean_custom_header_template":"0","ocean_custom_logo":0,"ocean_custom_retina_logo":0,"ocean_custom_logo_max_width":0,"ocean_custom_logo_tablet_max_width":0,"ocean_custom_logo_mobile_max_width":0,"ocean_custom_logo_max_height":0,"ocean_custom_logo_tablet_max_height":0,"ocean_custom_logo_mobile_max_height":0,"ocean_header_custom_menu":"0","ocean_menu_typo_font_family":"0","ocean_menu_typo_font_subset":"","ocean_menu_typo_font_size":0,"ocean_menu_typo_font_size_tablet":0,"ocean_menu_typo_font_size_mobile":0,"ocean_menu_typo_font_size_unit":"px","ocean_menu_typo_font_weight":"","ocean_menu_typo_font_weight_tablet":"","ocean_menu_typo_font_weight_mobile":"","ocean_menu_typo_transform":"","ocean_menu_typo_transform_tablet":"","ocean_menu_typo_transform_mobile":"","ocean_menu_typo_line_height":0,"ocean_menu_typo_line_height_tablet":0,"ocean_menu_typo_line_height_mobile":0,"ocean_menu_typo_line_height_unit":"","ocean_menu_typo_spacing":0,"ocean_menu_typo_spacing_tablet":0,"ocean_menu_typo_spacing_mobile":0,"ocean_menu_typo_spacing_unit":"","ocean_menu_link_color":"","ocean_menu_link_color_hover":"","ocean_menu_link_color_active":"","ocean_menu_link_background":"","ocean_menu_link_hover_background":"","ocean_menu_link_active_background":"","ocean_menu_social_links_bg":"","ocean_menu_social_hover_links_bg":"","ocean_menu_social_links_color":"","ocean_menu_social_hover_links_color":"","ocean_disable_title":"default","ocean_disable_heading":"default","ocean_post_title":"","ocean_post_subheading":"","ocean_post_title_style":"","ocean_post_title_background_color":"","ocean_post_title_background":0,"ocean_post_title_bg_image_position":"","ocean_post_title_bg_image_attachment":"","ocean_post_title_bg_image_repeat":"","ocean_post_title_bg_image_size":"","ocean_post_title_height":0,"ocean_post_title_bg_overlay":0.5,"ocean_post_title_bg_overlay_color":"","ocean_disable_breadcrumbs":"default","ocean_breadcrumbs_color":"","ocean_breadcrumbs_separator_color":"","ocean_breadcrumbs_links_color":"","ocean_breadcrumbs_links_hover_color":"","ocean_display_footer_widgets":"default","ocean_display_footer_bottom":"default","ocean_custom_footer_template":"0","osh_disable_topbar_sticky":"default","osh_disable_header_sticky":"default","osh_sticky_header_style":"default","osh_sticky_header_effect":"","osh_custom_sticky_logo":0,"osh_custom_retina_sticky_logo":0,"osh_custom_sticky_logo_height":0,"osh_background_color":"","osh_links_color":"","osh_links_hover_color":"","osh_links_active_color":"","osh_links_bg_color":"","osh_links_hover_bg_color":"","osh_links_active_bg_color":"","osh_menu_social_links_color":"","osh_menu_social_hover_links_color":""},"product_brand":[],"product_cat":[46],"product_tag":[386,382,387,389,390],"class_list":{"0":"post-4065","1":"product","2":"type-product","3":"status-publish","4":"has-post-thumbnail","6":"product_cat-oil-mist-lubrication-systems","7":"product_tag-micro-lubrication-system","8":"product_tag-minimal-quantity-lubrication","9":"product_tag-oil-mist-coolant-pumps","10":"product_tag-pneumatic-oil-mist-pump","11":"product_tag-pneumatic-spray-pump","13":"entry","14":"has-media","16":"first","17":"instock","18":"featured","19":"shipping-taxable","20":"product-type-external","21":"col","22":"span_1_of_3","23":"owp-content-center","24":"owp-thumbs-layout-horizontal","25":"owp-btn-very-big","26":"owp-tabs-layout-horizontal"},"_links":{"self":[{"href":"https:\/\/www.jinpinlub.com\/de\/wp-json\/wp\/v2\/product\/4065","targetHints":{"allow":["GET"]}}],"collection":[{"href":"https:\/\/www.jinpinlub.com\/de\/wp-json\/wp\/v2\/product"}],"about":[{"href":"https:\/\/www.jinpinlub.com\/de\/wp-json\/wp\/v2\/types\/product"}],"wp:featuredmedia":[{"embeddable":true,"href":"https:\/\/www.jinpinlub.com\/de\/wp-json\/wp\/v2\/media\/4066"}],"wp:attachment":[{"href":"https:\/\/www.jinpinlub.com\/de\/wp-json\/wp\/v2\/media?parent=4065"}],"wp:term":[{"taxonomy":"product_brand","embeddable":true,"href":"https:\/\/www.jinpinlub.com\/de\/wp-json\/wp\/v2\/product_brand?post=4065"},{"taxonomy":"product_cat","embeddable":true,"href":"https:\/\/www.jinpinlub.com\/de\/wp-json\/wp\/v2\/product_cat?post=4065"},{"taxonomy":"product_tag","embeddable":true,"href":"https:\/\/www.jinpinlub.com\/de\/wp-json\/wp\/v2\/product_tag?post=4065"}],"curies":[{"name":"wp","href":"https:\/\/api.w.org\/{rel}","templated":true}]}}