{"id":4070,"date":"2025-01-02T01:48:41","date_gmt":"2025-01-01T17:48:41","guid":{"rendered":"https:\/\/www.jinpinlub.com\/?post_type=product&#038;p=4070"},"modified":"2025-01-02T02:05:48","modified_gmt":"2025-01-01T18:05:48","slug":"anpassen-des-pneumatischen-mikroschmiergerats-fur-die-sagemaschine","status":"publish","type":"product","link":"https:\/\/www.jinpinlub.com\/de\/product\/customize-pneumatic-micro-lubrication-device-for-saw-machine\/","title":{"rendered":"Passen Sie das pneumatische Mikroschmierger\u00e4t f\u00fcr die S\u00e4gemaschine an"},"content":{"rendered":"<h2>Besonderheit<\/h2>\n<p><span id=\"input-sentence~0\">\u2013 Einfach zu installieren und zu warten: Dieses Mikroschmiersystem ist f\u00fcr eine einfache Installation und Wartung konzipiert, wodurch die Maschinenausfallzeiten reduziert werden.<br \/>\n\u2013 Gro\u00dfe Auswahl an Konfigurationsm\u00f6glichkeiten: Das Minimalmengenschmiersystem ist modular aufgebaut und l\u00e4sst sich f\u00fcr viele verschiedene Industrieanwendungen einsetzen, von einfach bis komplex, und kann je nach Bedarf individuell angepasst werden, unabh\u00e4ngig von Schmierstoffausgang oder Beh\u00e4lterkapazit\u00e4t.<\/span><span id=\"input-sentence~1\"><br \/>\n<span id=\"input-sentence~0\">&#8211; <\/span>Starke Anpassungsf\u00e4higkeit: VG 68 Werkzeugmaschinen-F\u00fchrungs\u00f6l kann aber auch mit Fl\u00fcssigkeiten unterschiedlicher Viskosit\u00e4t innerhalb des Parameterbereichs f\u00fcr verschiedene industrielle Anwendungen zusammenarbeiten.<br \/>\n<span id=\"input-sentence~0\">&#8211; <\/span>Temperatur-Anpassungsf\u00e4higkeit: Dieses \u00d6lnebel-K\u00fchlsystem ist so konzipiert, dass es sich an extreme Temperaturschwankungen anpasst und Stabilit\u00e4t und Zuverl\u00e4ssigkeit in verschiedenen Umgebungen innerhalb des Betriebstemperaturbereichs gew\u00e4hrleistet.<\/span><\/p>\n<h2>Spezifikation<\/h2>\n<table>\n<tbody>\n<tr>\n<td>Versorgungsluftdruck<\/td>\n<td>Saubere, trockene Druckluft, 4\u20137 bar, mindestens 708 LPM<\/td>\n<\/tr>\n<tr>\n<td>Pumpenviskosit\u00e4t<\/td>\n<td>50 bis 1000 SUS<\/td>\n<\/tr>\n<tr>\n<td>Pumpenleistung bei Vollhub<\/td>\n<td>0,033 ml (1-Tropfen-Standard), 0,100 ml (3-Tropfen-Standard)<\/td>\n<\/tr>\n<tr>\n<td>Pumpenleistung<\/td>\n<td>0\u2013396\u00a0ml\/h (1-Tropfen-Standard), 0\u20131200\u00a0ml\/h (3-Tropfen-Standard)<\/td>\n<\/tr>\n<tr>\n<td>Luftdurchsatz<\/td>\n<td>0~4 SCFM f\u00fcr jeden Luft- und \u00d6lausgang, 1~2 SCFM typisch<\/td>\n<\/tr>\n<tr>\n<td>Impulsgenerator<\/td>\n<td>5\u201350 Impulse\/min, max. 200 Impulse\/min (nicht empfohlen)<\/td>\n<\/tr>\n<tr>\n<td>Betriebstemperatur<\/td>\n<td>0\u2103 ~ +50\u02daC<\/td>\n<\/tr>\n<tr>\n<td>Lagertemperatur<\/td>\n<td>(-16\u2103 ~ +70\u02daC)<\/td>\n<\/tr>\n<tr>\n<td>Fl\u00fcssigkeitsbeh\u00e4lter<\/td>\n<td>Anpassbar, Standard 0,5 l, 1,0 l, 2 l, 4 l<\/td>\n<\/tr>\n<\/tbody>\n<\/table>\n<h2>Anwendung<\/h2>\n<p>\u2013 Bearbeitungszentrum: In CNC-Bearbeitungszentren ersetzt das MQL-Mikroschmiersystem die herk\u00f6mmliche Emulsionsschmierung und reduziert so die Abfallfl\u00fcssigkeitsbehandlung und Umweltschutzprobleme.<br \/>\n\u200c- Drehmaschine\u200c: Bei Drehmaschinen reduziert das MQL-System die Verschwendung von Schmier\u00f6l und Reinigungsprobleme, die durch eine gro\u00dfe Menge Spr\u00fchschmierung verursacht werden. Durch Mikroschmierung wird die Reibung zwischen Werkzeug und Werkst\u00fcck verringert und die Schneidleistung verbessert.<br \/>\n\u2013 S\u00e4gemaschine: Bei S\u00e4gemaschinen ersetzt das MQL-System die herk\u00f6mmliche Emulsionsschmierung, verbessert die Arbeitsumgebung und reduziert die Probleme mangelnder Schmierung und Werkzeugverschlei\u00df.<br \/>\n\u2013 Aluminium- und Kupferverarbeitung: Das MQL-System wird zum Schneiden und S\u00e4gen von Aluminium- und Kupferstangen, zum Schneiden und S\u00e4gen von Aluminium- und Kupferbarren verschiedener Spezifikationen, zum Fr\u00e4sen von Plattenbarren und zum Schneiden von Profilen nach der Extrusion durch Extruder verwendet. Die Werkzeuglebensdauer wird um das 2- bis 3-fache verl\u00e4ngert und die Verarbeitungsproduktionseffizienz um mehr als 50% gesteigert.<\/p>\n<h2>Benutzerhandb\u00fccher<\/h2>\n<div class=\"sdm_download_button_box_default\"><div class=\"sdm_download_link\"><a href=\"https:\/\/www.jinpinlub.com\/de\/?sdm_process_download=1&download_id=4054\" class=\"sdm_download white\" title=\"Privat: Minimal Quantity Lubrication\" target=\"&quot;_blank&quot;\">Datenblatt anzeigen - Minimalmengenschmierung<\/a><\/div><\/div>","protected":false},"excerpt":{"rendered":"<p>Das MQL-System (Minimum Quantity Lubrication) ist ein Ger\u00e4t, das eine effektive Schmierung und K\u00fchlung erreicht, indem es Schmiermittel in Form von Zerst\u00e4ubung oder feinem Spr\u00fchnebel direkt in den Verarbeitungsbereich spr\u00fcht und gleichzeitig den gro\u00dffl\u00e4chigen Einsatz herk\u00f6mmlicher K\u00fchlmittel reduziert.<\/p>","protected":false},"featured_media":4071,"template":"","meta":{"ocean_post_layout":"","ocean_both_sidebars_style":"","ocean_both_sidebars_content_width":0,"ocean_both_sidebars_sidebars_width":0,"ocean_sidebar":"0","ocean_second_sidebar":"0","ocean_disable_margins":"enable","ocean_add_body_class":"","ocean_shortcode_before_top_bar":"","ocean_shortcode_after_top_bar":"","ocean_shortcode_before_header":"","ocean_shortcode_after_header":"","ocean_has_shortcode":"","ocean_shortcode_after_title":"","ocean_shortcode_before_footer_widgets":"","ocean_shortcode_after_footer_widgets":"","ocean_shortcode_before_footer_bottom":"","ocean_shortcode_after_footer_bottom":"","ocean_display_top_bar":"default","ocean_display_header":"default","ocean_header_style":"","ocean_center_header_left_menu":"0","ocean_custom_header_template":"0","ocean_custom_logo":0,"ocean_custom_retina_logo":0,"ocean_custom_logo_max_width":0,"ocean_custom_logo_tablet_max_width":0,"ocean_custom_logo_mobile_max_width":0,"ocean_custom_logo_max_height":0,"ocean_custom_logo_tablet_max_height":0,"ocean_custom_logo_mobile_max_height":0,"ocean_header_custom_menu":"0","ocean_menu_typo_font_family":"0","ocean_menu_typo_font_subset":"","ocean_menu_typo_font_size":0,"ocean_menu_typo_font_size_tablet":0,"ocean_menu_typo_font_size_mobile":0,"ocean_menu_typo_font_size_unit":"px","ocean_menu_typo_font_weight":"","ocean_menu_typo_font_weight_tablet":"","ocean_menu_typo_font_weight_mobile":"","ocean_menu_typo_transform":"","ocean_menu_typo_transform_tablet":"","ocean_menu_typo_transform_mobile":"","ocean_menu_typo_line_height":0,"ocean_menu_typo_line_height_tablet":0,"ocean_menu_typo_line_height_mobile":0,"ocean_menu_typo_line_height_unit":"","ocean_menu_typo_spacing":0,"ocean_menu_typo_spacing_tablet":0,"ocean_menu_typo_spacing_mobile":0,"ocean_menu_typo_spacing_unit":"","ocean_menu_link_color":"","ocean_menu_link_color_hover":"","ocean_menu_link_color_active":"","ocean_menu_link_background":"","ocean_menu_link_hover_background":"","ocean_menu_link_active_background":"","ocean_menu_social_links_bg":"","ocean_menu_social_hover_links_bg":"","ocean_menu_social_links_color":"","ocean_menu_social_hover_links_color":"","ocean_disable_title":"default","ocean_disable_heading":"default","ocean_post_title":"","ocean_post_subheading":"","ocean_post_title_style":"","ocean_post_title_background_color":"","ocean_post_title_background":0,"ocean_post_title_bg_image_position":"","ocean_post_title_bg_image_attachment":"","ocean_post_title_bg_image_repeat":"","ocean_post_title_bg_image_size":"","ocean_post_title_height":0,"ocean_post_title_bg_overlay":0.5,"ocean_post_title_bg_overlay_color":"","ocean_disable_breadcrumbs":"default","ocean_breadcrumbs_color":"","ocean_breadcrumbs_separator_color":"","ocean_breadcrumbs_links_color":"","ocean_breadcrumbs_links_hover_color":"","ocean_display_footer_widgets":"default","ocean_display_footer_bottom":"default","ocean_custom_footer_template":"0","osh_disable_topbar_sticky":"default","osh_disable_header_sticky":"default","osh_sticky_header_style":"default","osh_sticky_header_effect":"","osh_custom_sticky_logo":0,"osh_custom_retina_sticky_logo":0,"osh_custom_sticky_logo_height":0,"osh_background_color":"","osh_links_color":"","osh_links_hover_color":"","osh_links_active_color":"","osh_links_bg_color":"","osh_links_hover_bg_color":"","osh_links_active_bg_color":"","osh_menu_social_links_color":"","osh_menu_social_hover_links_color":""},"product_brand":[],"product_cat":[46],"product_tag":[385,383,381,384,389],"class_list":{"0":"post-4070","1":"product","2":"type-product","3":"status-publish","4":"has-post-thumbnail","6":"product_cat-oil-mist-lubrication-systems","7":"product_tag-cooling-lubrication-system","8":"product_tag-micro-lubrication-pump","9":"product_tag-mql-lubrication-pump","10":"product_tag-oil-mist-lubrication-system","11":"product_tag-pneumatic-oil-mist-pump","13":"entry","14":"has-media","16":"first","17":"instock","18":"shipping-taxable","19":"product-type-external","20":"col","21":"span_1_of_3","22":"owp-content-center","23":"owp-thumbs-layout-horizontal","24":"owp-btn-very-big","25":"owp-tabs-layout-horizontal"},"_links":{"self":[{"href":"https:\/\/www.jinpinlub.com\/de\/wp-json\/wp\/v2\/product\/4070","targetHints":{"allow":["GET"]}}],"collection":[{"href":"https:\/\/www.jinpinlub.com\/de\/wp-json\/wp\/v2\/product"}],"about":[{"href":"https:\/\/www.jinpinlub.com\/de\/wp-json\/wp\/v2\/types\/product"}],"wp:featuredmedia":[{"embeddable":true,"href":"https:\/\/www.jinpinlub.com\/de\/wp-json\/wp\/v2\/media\/4071"}],"wp:attachment":[{"href":"https:\/\/www.jinpinlub.com\/de\/wp-json\/wp\/v2\/media?parent=4070"}],"wp:term":[{"taxonomy":"product_brand","embeddable":true,"href":"https:\/\/www.jinpinlub.com\/de\/wp-json\/wp\/v2\/product_brand?post=4070"},{"taxonomy":"product_cat","embeddable":true,"href":"https:\/\/www.jinpinlub.com\/de\/wp-json\/wp\/v2\/product_cat?post=4070"},{"taxonomy":"product_tag","embeddable":true,"href":"https:\/\/www.jinpinlub.com\/de\/wp-json\/wp\/v2\/product_tag?post=4070"}],"curies":[{"name":"wp","href":"https:\/\/api.w.org\/{rel}","templated":true}]}}