{"id":4075,"date":"2025-01-02T03:59:02","date_gmt":"2025-01-01T19:59:02","guid":{"rendered":"https:\/\/www.jinpinlub.com\/?post_type=product&#038;p=4075"},"modified":"2025-01-02T04:17:15","modified_gmt":"2025-01-01T20:17:15","slug":"custom-minimal-quantity-lubrication-pump-for-hole-drilling","status":"publish","type":"product","link":"https:\/\/www.jinpinlub.com\/de\/product\/custom-minimal-quantity-lubrication-pump-for-hole-drilling\/","title":{"rendered":"Kundenspezifische Minimalmengen-Schmierpumpe zum Bohren von L\u00f6chern"},"content":{"rendered":"<h2>Besonderheit<\/h2>\n<p>1. Beh\u00e4lterkapazit\u00e4t: Das MLS-Minimalmengenschmiersystem bietet Vorratstanks mit unterschiedlichen Kapazit\u00e4ten. Bei einer Standardkapazit\u00e4t von 0,5 l, 1 l, 2 l und 4 l k\u00f6nnen Benutzer den geeigneten Vorratstank je nach tats\u00e4chlichem Verbrauch ausw\u00e4hlen.<br \/>\n2. Luftstromregelung: Der Luftstrom der Zerst\u00e4uberpumpe wird durch die Luftdosierschraube geregelt, und die Spr\u00fchdichte und -distanz werden durch die Luftdosierschraube und den Einstellknopf f\u00fcr den Pumpenhub bestimmt.<br \/>\n3. Einstellung der Impulsgeberfrequenz: Der Impulsgeber der MLS-Minimalmengenschmierung ist ein speziell entwickelter und hergestellter variabler pneumatischer Zeitgeber zur Steuerung der Umw\u00e4lzgeschwindigkeit der Pumpe mit einer empfohlenen Frequenz von 5-50 Impulsen pro Minute.<br \/>\n4. Elektromagnetisches Ventil zur Steuerung des Ausgangs: Der pneumatische Kreislauf der MLS-Minimalmengenschmierung kann auch durch ein elektromagnetisches Ventil gesteuert werden und die Lufteingangsfrequenz kann eingestellt werden, um eine pr\u00e4zise Steuerung der Ausgangsfrequenz der Zerst\u00e4uberpumpe durch das elektromagnetische Ventil zu erreichen.<\/p>\n<h2>Spezifikation<\/h2>\n<table>\n<tbody>\n<tr>\n<td>Versorgungsluftdruck<\/td>\n<td>Saubere, trockene Druckluft, 4\u20137 bar, mindestens 708 LPM<\/td>\n<\/tr>\n<tr>\n<td>Pumpenviskosit\u00e4t<\/td>\n<td>50 bis 1000 SUS<\/td>\n<\/tr>\n<tr>\n<td>Pumpenleistung bei Vollhub<\/td>\n<td>0,033 ml (1-Tropfen-Standard), 0,100 ml (3-Tropfen-Standard)<\/td>\n<\/tr>\n<tr>\n<td>Pumpenleistung<\/td>\n<td>0\u2013396\u00a0ml\/h (1-Tropfen-Standard), 0\u20131200\u00a0ml\/h (3-Tropfen-Standard)<\/td>\n<\/tr>\n<tr>\n<td>Luftdurchsatz<\/td>\n<td>0~4 SCFM f\u00fcr jeden Luft- und \u00d6lausgang, 1~2 SCFM typisch<\/td>\n<\/tr>\n<tr>\n<td>Impulsgenerator<\/td>\n<td>5\u201350 Impulse\/min, max. 200 Impulse\/min (nicht empfohlen)<\/td>\n<\/tr>\n<tr>\n<td>Betriebstemperatur<\/td>\n<td>0\u2103 ~ +50\u02daC<\/td>\n<\/tr>\n<tr>\n<td>Lagertemperatur<\/td>\n<td>(-16\u2103 ~ +70\u02daC)<\/td>\n<\/tr>\n<tr>\n<td>Fl\u00fcssigkeitsbeh\u00e4lter<\/td>\n<td>Anpassbar, Standard 0,5 l, 1,0 l, 2 l, 4 l<\/td>\n<\/tr>\n<\/tbody>\n<\/table>\n<h2>D\u00fcsen<\/h2>\n<p>\u2013 MMS-System mit flexibler Kunststoffd\u00fcse<br \/>\nVorteile: Die Spr\u00fchposition l\u00e4sst sich leicht ausrichten und verh\u00e4rtet sich nicht, wenn es wiederholt in verschiedene Formen gebogen wird. Nachteile: Die Spr\u00fchposition kann leicht durch Ber\u00fchren verstellt werden. Der Spr\u00fchaussto\u00df ist konisch mit einem \u00d6ffnungswinkel von ca. 15\u201320 Grad.<br \/>\n\u2013 MMS-System mit halbstarrer Kupferd\u00fcse<br \/>\nVorteile: Es bietet ein ausgewogenes Verh\u00e4ltnis zwischen Flexibilit\u00e4t und Steifigkeit, l\u00e4sst sich leicht biegen und formen und beh\u00e4lt seine Form auch bei m\u00e4\u00dfiger Krafteinwirkung. Nachteile: Wiederholtes Biegen f\u00fchrt zur Kaltverfestigung, was schlie\u00dflich zum Bruch des D\u00fcsenk\u00f6rpers f\u00fchren kann. Der Spr\u00fchaustritt ist konisch mit einem \u00d6ffnungswinkel von ca. 15\u201320 Grad.<br \/>\n\u2013 MMS-System mit Edelstahld\u00fcse<br \/>\nVorteile: Gute Steifigkeit, verbiegt oder verformt sich nicht so leicht, kann an einer festen Position platziert werden und h\u00e4lt voraussichtlich hohen Kr\u00e4ften stand. Nachteile: Der Spr\u00fchaussto\u00df ist konisch und der \u00d6ffnungswinkel betr\u00e4gt etwa 15\u201320 Grad.<\/p>\n<h2>Benutzerhandb\u00fccher<\/h2>\n<div class=\"sdm_download_button_box_default\"><div class=\"sdm_download_link\"><a href=\"https:\/\/www.jinpinlub.com\/de\/?sdm_process_download=1&download_id=4054\" class=\"sdm_download white\" title=\"Privat: Minimal Quantity Lubrication\" target=\"&quot;_blank&quot;\">Datenblatt anzeigen - Minimalmengenschmierung<\/a><\/div><\/div>","protected":false},"excerpt":{"rendered":"<p>Das MQL-Minimalmengenschmiersystem verwendet eine Verdr\u00e4ngerpumpe, die mit Druckluft betrieben wird. Der modulare Aufbau erm\u00f6glicht individuelle Anpassungen mit pr\u00e4ziser Pumpenleistung, die \u00fcber Luftdosierschrauben und Pumpenhub-Einstellkn\u00f6pfe eingestellt werden kann.<\/p>","protected":false},"featured_media":4079,"template":"","meta":{"ocean_post_layout":"","ocean_both_sidebars_style":"","ocean_both_sidebars_content_width":0,"ocean_both_sidebars_sidebars_width":0,"ocean_sidebar":"0","ocean_second_sidebar":"0","ocean_disable_margins":"enable","ocean_add_body_class":"","ocean_shortcode_before_top_bar":"","ocean_shortcode_after_top_bar":"","ocean_shortcode_before_header":"","ocean_shortcode_after_header":"","ocean_has_shortcode":"","ocean_shortcode_after_title":"","ocean_shortcode_before_footer_widgets":"","ocean_shortcode_after_footer_widgets":"","ocean_shortcode_before_footer_bottom":"","ocean_shortcode_after_footer_bottom":"","ocean_display_top_bar":"default","ocean_display_header":"default","ocean_header_style":"","ocean_center_header_left_menu":"0","ocean_custom_header_template":"0","ocean_custom_logo":0,"ocean_custom_retina_logo":0,"ocean_custom_logo_max_width":0,"ocean_custom_logo_tablet_max_width":0,"ocean_custom_logo_mobile_max_width":0,"ocean_custom_logo_max_height":0,"ocean_custom_logo_tablet_max_height":0,"ocean_custom_logo_mobile_max_height":0,"ocean_header_custom_menu":"0","ocean_menu_typo_font_family":"0","ocean_menu_typo_font_subset":"","ocean_menu_typo_font_size":0,"ocean_menu_typo_font_size_tablet":0,"ocean_menu_typo_font_size_mobile":0,"ocean_menu_typo_font_size_unit":"px","ocean_menu_typo_font_weight":"","ocean_menu_typo_font_weight_tablet":"","ocean_menu_typo_font_weight_mobile":"","ocean_menu_typo_transform":"","ocean_menu_typo_transform_tablet":"","ocean_menu_typo_transform_mobile":"","ocean_menu_typo_line_height":0,"ocean_menu_typo_line_height_tablet":0,"ocean_menu_typo_line_height_mobile":0,"ocean_menu_typo_line_height_unit":"","ocean_menu_typo_spacing":0,"ocean_menu_typo_spacing_tablet":0,"ocean_menu_typo_spacing_mobile":0,"ocean_menu_typo_spacing_unit":"","ocean_menu_link_color":"","ocean_menu_link_color_hover":"","ocean_menu_link_color_active":"","ocean_menu_link_background":"","ocean_menu_link_hover_background":"","ocean_menu_link_active_background":"","ocean_menu_social_links_bg":"","ocean_menu_social_hover_links_bg":"","ocean_menu_social_links_color":"","ocean_menu_social_hover_links_color":"","ocean_disable_title":"default","ocean_disable_heading":"default","ocean_post_title":"","ocean_post_subheading":"","ocean_post_title_style":"","ocean_post_title_background_color":"","ocean_post_title_background":0,"ocean_post_title_bg_image_position":"","ocean_post_title_bg_image_attachment":"","ocean_post_title_bg_image_repeat":"","ocean_post_title_bg_image_size":"","ocean_post_title_height":0,"ocean_post_title_bg_overlay":0.5,"ocean_post_title_bg_overlay_color":"","ocean_disable_breadcrumbs":"default","ocean_breadcrumbs_color":"","ocean_breadcrumbs_separator_color":"","ocean_breadcrumbs_links_color":"","ocean_breadcrumbs_links_hover_color":"","ocean_display_footer_widgets":"default","ocean_display_footer_bottom":"default","ocean_custom_footer_template":"0","osh_disable_topbar_sticky":"default","osh_disable_header_sticky":"default","osh_sticky_header_style":"default","osh_sticky_header_effect":"","osh_custom_sticky_logo":0,"osh_custom_retina_sticky_logo":0,"osh_custom_sticky_logo_height":0,"osh_background_color":"","osh_links_color":"","osh_links_hover_color":"","osh_links_active_color":"","osh_links_bg_color":"","osh_links_hover_bg_color":"","osh_links_active_bg_color":"","osh_menu_social_links_color":"","osh_menu_social_hover_links_color":""},"product_brand":[],"product_cat":[46],"product_tag":[385,386,382,389,390],"class_list":{"0":"post-4075","1":"product","2":"type-product","3":"status-publish","4":"has-post-thumbnail","6":"product_cat-oil-mist-lubrication-systems","7":"product_tag-cooling-lubrication-system","8":"product_tag-micro-lubrication-system","9":"product_tag-minimal-quantity-lubrication","10":"product_tag-pneumatic-oil-mist-pump","11":"product_tag-pneumatic-spray-pump","13":"entry","14":"has-media","16":"first","17":"instock","18":"shipping-taxable","19":"product-type-external","20":"col","21":"span_1_of_3","22":"owp-content-center","23":"owp-thumbs-layout-horizontal","24":"owp-btn-very-big","25":"owp-tabs-layout-horizontal"},"_links":{"self":[{"href":"https:\/\/www.jinpinlub.com\/de\/wp-json\/wp\/v2\/product\/4075","targetHints":{"allow":["GET"]}}],"collection":[{"href":"https:\/\/www.jinpinlub.com\/de\/wp-json\/wp\/v2\/product"}],"about":[{"href":"https:\/\/www.jinpinlub.com\/de\/wp-json\/wp\/v2\/types\/product"}],"wp:featuredmedia":[{"embeddable":true,"href":"https:\/\/www.jinpinlub.com\/de\/wp-json\/wp\/v2\/media\/4079"}],"wp:attachment":[{"href":"https:\/\/www.jinpinlub.com\/de\/wp-json\/wp\/v2\/media?parent=4075"}],"wp:term":[{"taxonomy":"product_brand","embeddable":true,"href":"https:\/\/www.jinpinlub.com\/de\/wp-json\/wp\/v2\/product_brand?post=4075"},{"taxonomy":"product_cat","embeddable":true,"href":"https:\/\/www.jinpinlub.com\/de\/wp-json\/wp\/v2\/product_cat?post=4075"},{"taxonomy":"product_tag","embeddable":true,"href":"https:\/\/www.jinpinlub.com\/de\/wp-json\/wp\/v2\/product_tag?post=4075"}],"curies":[{"name":"wp","href":"https:\/\/api.w.org\/{rel}","templated":true}]}}