{"id":4101,"date":"2025-01-12T03:58:27","date_gmt":"2025-01-11T19:58:27","guid":{"rendered":"https:\/\/www.jinpinlub.com\/?post_type=product&#038;p=4101"},"modified":"2025-01-12T04:24:39","modified_gmt":"2025-01-11T20:24:39","slug":"jhg4-verdrangerfettschmierpumpe-fur-cnc","status":"publish","type":"product","link":"https:\/\/www.jinpinlub.com\/de\/product\/jhg4-positive-displacement-grease-lubrication-pump-for-cnc\/","title":{"rendered":"JHG4 Verdr\u00e4nger-Fettschmierpumpe f\u00fcr CNC"},"content":{"rendered":"<h2>Besonderheit<\/h2>\n<p>1. Die Schmierpumpe JHG4 ist f\u00fcr Schmierfett und Schmier\u00f6l mit geringem Durchfluss geeignet. Die anwendbare Viskosit\u00e4t der fl\u00fcssigen Butter ist NLGI 000, 00, 0#.<br \/>\n2. Verwenden Sie eine Fettpresse oder eine automatische Abf\u00fcllmaschine, um Fett aus dem Einlass des Schmierger\u00e4ts nachzuf\u00fcllen und so das Eindringen von Luft und Schmutz zu verhindern.<br \/>\n3. Die elektrische Schmierpumpe wird von einer SPS gesteuert und kann mit den Mengenverteilern MU, MG2 und MG zur Steuerung der \u00d6lzufuhr verwendet werden. Die Mengenverteiler MU, MG2 und MG verf\u00fcgen \u00fcber mehrere Durchflussoptionen, und derselbe Verteilersatz kann ebenfalls \u00fcber mehrere Durchflussoptionen verf\u00fcgen.<br \/>\n4. Ein Sensor f\u00fcr niedrigen Fl\u00fcssigkeitsstand kann ausgew\u00e4hlt werden, d. h. wenn die Schmiermittelmenge zu niedrig ist, kann er automatisch ein Signal senden.<br \/>\n5. Ein Druckmesser kann ausgew\u00e4hlt werden, um den Druckzustand beim Ablassen des \u00d6ls direkt visuell zu beobachten.<br \/>\n6. Mit einem Druckregelventil zum Einstellen des Arbeitsdrucks der Schmierpumpe und zum Schutz ihrer Arbeitssicherheit.<br \/>\n7. Mit einer elektromagnetischen Druckbegrenzungsventilgruppe stoppt die Schmierpumpe und der Druck in der Rohrleitung wird abgelassen.<\/p>\n<h2>Spezifikation<\/h2>\n<table>\n<tbody>\n<tr>\n<td>Modell<\/td>\n<td>JHG4<\/td>\n<\/tr>\n<tr>\n<td>Schmierzeit<\/td>\n<td>SPS oder externe Steuerung<\/td>\n<\/tr>\n<tr>\n<td>Intervallzeit<\/td>\n<td>SPS oder externe Steuerung<\/td>\n<\/tr>\n<tr>\n<td>Betriebstemperatur<\/td>\n<td>0 \u00b0C \u2013 +50 \u00b0C (Niedrigtemperaturbedingungen erfordern Frostschutzfett)<\/td>\n<\/tr>\n<tr>\n<td>Anzahl der Filialen<\/td>\n<td>1<\/td>\n<\/tr>\n<tr>\n<td>Reservoirkapazit\u00e4t<\/td>\n<td>1,5 l<\/td>\n<\/tr>\n<tr>\n<td>Nachf\u00fcllen<\/td>\n<td>Einlass (Reservoir)<\/td>\n<\/tr>\n<tr>\n<td>Schmiermittel<\/td>\n<td>Fette NLGI-Klasse 000~1#<\/td>\n<\/tr>\n<tr>\n<td>\u00dcberdruckventil<\/td>\n<td>Montiert<\/td>\n<\/tr>\n<tr>\n<td>Entladung<\/td>\n<td>15 ml\/min<\/td>\n<\/tr>\n<tr>\n<td>Max. Betriebsdruck<\/td>\n<td>8,0 MPa<\/td>\n<\/tr>\n<tr>\n<td>Anschlussgewinde<\/td>\n<td>Auslass \u03a66 oder \u03a68<\/td>\n<\/tr>\n<tr>\n<td>Betriebsspannung<\/td>\n<td>12\/24 V DC, 110\/220 V AC, 220\/380 V AC<\/td>\n<\/tr>\n<tr>\n<td>Zertifizierung<\/td>\n<td>CE<\/td>\n<\/tr>\n<tr>\n<td>Niedrigniveauschalter<\/td>\n<td>NPN-Schlie\u00dfer, PNP-Schlie\u00dfer<\/td>\n<\/tr>\n<\/tbody>\n<\/table>\n<h2>Vorsorge<\/h2>\n<p>1. Wenn eine neue Schmierpumpe zum ersten Mal verwendet wird oder l\u00e4ngere Zeit nicht benutzt wurde, muss die Luft darin vollst\u00e4ndig abgelassen werden. F\u00fcllen Sie die Hauptleitung und die Nebenleitung \u00fcber die Schmierpumpe oder die Fettnachf\u00fcllmaschine mit Fett und schlie\u00dfen Sie dann den Verteiler an.<br \/>\n2. Die Schmierpumpe verwendet Nitrilkautschuk (NBR) und Fluorkautschuk (VITON) als Dichtungskomponenten. Verwenden Sie kein Schmiermittel, das diese Materialien besch\u00e4digen k\u00f6nnte.<br \/>\n4. Wenn das Schmierfett im JHG4-Beh\u00e4lter aufgebraucht ist, f\u00fcllen Sie es unbedingt \u00fcber die Fetteinf\u00fcll\u00f6ffnung nach.<br \/>\n5. Wenn die Pumpe l\u00e4ngere Zeit nicht in Betrieb war, kann der Schmier\u00f6lfilm besch\u00e4digt werden. Am besten wird die Schmierpumpe manuell in Betrieb gesetzt, damit die Schmierfl\u00e4che ausreichend mit Fett geschmiert wird und Verschlei\u00df oder Verbrennungen durch unzureichende Schmierung vermieden werden.<br \/>\n6. Wenn die Spannungsspezifikation der Schmierpumpe eine 24-VDC-Schmierpumpe ist, achten Sie beim Verdrahten des Motors auf die Plus- und Minuspole.<br \/>\n7. Die elektrische Schmierpumpe JHG4 kann mit einem Reed-Detektor ausgestattet werden. Die Position des Reed-Detektors sollte St\u00f6rungen der Reed-Detektor-Induktion durch die Magnetkraft des Motors oder andere Faktoren vermeiden, die zu einem Ausfall der Reed-Detektor-Induktion f\u00fchren.<\/p>\n<h2>Benutzerhandb\u00fccher<\/h2>\n<div class=\"sdm_download_button_box_default\"><div class=\"sdm_download_link\"><a href=\"https:\/\/www.jinpinlub.com\/de\/?sdm_process_download=1&download_id=4090\" class=\"sdm_download white\" title=\"Privat: JHG4 Pressure-relief Pump\" target=\"&quot;_blank&quot;\">Datenblatt anzeigen \u2013 JHG4-Fettpumpe<\/a><\/div><\/div>","protected":false},"excerpt":{"rendered":"<p>JHG4 ist eine Einleitungsschmierpumpe, eine Art Verdr\u00e4nger-Druckentlastungsschmierpumpe. Die Hauptteile der Schmierpumpe sind Motor, Druckbegrenzungsventil, Druckmesser, F\u00fcllstandssensor und der Beh\u00e4lter mit Druckplatte und Feder.<\/p>","protected":false},"featured_media":4096,"template":"","meta":{"ocean_post_layout":"","ocean_both_sidebars_style":"","ocean_both_sidebars_content_width":0,"ocean_both_sidebars_sidebars_width":0,"ocean_sidebar":"0","ocean_second_sidebar":"0","ocean_disable_margins":"enable","ocean_add_body_class":"","ocean_shortcode_before_top_bar":"","ocean_shortcode_after_top_bar":"","ocean_shortcode_before_header":"","ocean_shortcode_after_header":"","ocean_has_shortcode":"","ocean_shortcode_after_title":"","ocean_shortcode_before_footer_widgets":"","ocean_shortcode_after_footer_widgets":"","ocean_shortcode_before_footer_bottom":"","ocean_shortcode_after_footer_bottom":"","ocean_display_top_bar":"default","ocean_display_header":"default","ocean_header_style":"","ocean_center_header_left_menu":"0","ocean_custom_header_template":"0","ocean_custom_logo":0,"ocean_custom_retina_logo":0,"ocean_custom_logo_max_width":0,"ocean_custom_logo_tablet_max_width":0,"ocean_custom_logo_mobile_max_width":0,"ocean_custom_logo_max_height":0,"ocean_custom_logo_tablet_max_height":0,"ocean_custom_logo_mobile_max_height":0,"ocean_header_custom_menu":"0","ocean_menu_typo_font_family":"0","ocean_menu_typo_font_subset":"","ocean_menu_typo_font_size":0,"ocean_menu_typo_font_size_tablet":0,"ocean_menu_typo_font_size_mobile":0,"ocean_menu_typo_font_size_unit":"px","ocean_menu_typo_font_weight":"","ocean_menu_typo_font_weight_tablet":"","ocean_menu_typo_font_weight_mobile":"","ocean_menu_typo_transform":"","ocean_menu_typo_transform_tablet":"","ocean_menu_typo_transform_mobile":"","ocean_menu_typo_line_height":0,"ocean_menu_typo_line_height_tablet":0,"ocean_menu_typo_line_height_mobile":0,"ocean_menu_typo_line_height_unit":"","ocean_menu_typo_spacing":0,"ocean_menu_typo_spacing_tablet":0,"ocean_menu_typo_spacing_mobile":0,"ocean_menu_typo_spacing_unit":"","ocean_menu_link_color":"","ocean_menu_link_color_hover":"","ocean_menu_link_color_active":"","ocean_menu_link_background":"","ocean_menu_link_hover_background":"","ocean_menu_link_active_background":"","ocean_menu_social_links_bg":"","ocean_menu_social_hover_links_bg":"","ocean_menu_social_links_color":"","ocean_menu_social_hover_links_color":"","ocean_disable_title":"default","ocean_disable_heading":"default","ocean_post_title":"","ocean_post_subheading":"","ocean_post_title_style":"","ocean_post_title_background_color":"","ocean_post_title_background":0,"ocean_post_title_bg_image_position":"","ocean_post_title_bg_image_attachment":"","ocean_post_title_bg_image_repeat":"","ocean_post_title_bg_image_size":"","ocean_post_title_height":0,"ocean_post_title_bg_overlay":0.5,"ocean_post_title_bg_overlay_color":"","ocean_disable_breadcrumbs":"default","ocean_breadcrumbs_color":"","ocean_breadcrumbs_separator_color":"","ocean_breadcrumbs_links_color":"","ocean_breadcrumbs_links_hover_color":"","ocean_display_footer_widgets":"default","ocean_display_footer_bottom":"default","ocean_custom_footer_template":"0","osh_disable_topbar_sticky":"default","osh_disable_header_sticky":"default","osh_sticky_header_style":"default","osh_sticky_header_effect":"","osh_custom_sticky_logo":0,"osh_custom_retina_sticky_logo":0,"osh_custom_sticky_logo_height":0,"osh_background_color":"","osh_links_color":"","osh_links_hover_color":"","osh_links_active_color":"","osh_links_bg_color":"","osh_links_hover_bg_color":"","osh_links_active_bg_color":"","osh_menu_social_links_color":"","osh_menu_social_hover_links_color":""},"product_brand":[],"product_cat":[38,37],"product_tag":[74,321,73,320,92],"class_list":{"0":"post-4101","1":"product","2":"type-product","3":"status-publish","4":"has-post-thumbnail","6":"product_cat-electric-pressure-relief-pumps","7":"product_cat-single-line-grease-systems","8":"product_tag-automatic-lubrication-pump","9":"product_tag-automatic-lubrication-system","10":"product_tag-electric-lubrication-pump","11":"product_tag-single-line-grease-pump","12":"product_tag-single-line-lubrication-pump","14":"entry","15":"has-media","17":"first","18":"instock","19":"shipping-taxable","20":"product-type-external","21":"col","22":"span_1_of_3","23":"owp-content-center","24":"owp-thumbs-layout-horizontal","25":"owp-btn-very-big","26":"owp-tabs-layout-horizontal"},"_links":{"self":[{"href":"https:\/\/www.jinpinlub.com\/de\/wp-json\/wp\/v2\/product\/4101","targetHints":{"allow":["GET"]}}],"collection":[{"href":"https:\/\/www.jinpinlub.com\/de\/wp-json\/wp\/v2\/product"}],"about":[{"href":"https:\/\/www.jinpinlub.com\/de\/wp-json\/wp\/v2\/types\/product"}],"wp:featuredmedia":[{"embeddable":true,"href":"https:\/\/www.jinpinlub.com\/de\/wp-json\/wp\/v2\/media\/4096"}],"wp:attachment":[{"href":"https:\/\/www.jinpinlub.com\/de\/wp-json\/wp\/v2\/media?parent=4101"}],"wp:term":[{"taxonomy":"product_brand","embeddable":true,"href":"https:\/\/www.jinpinlub.com\/de\/wp-json\/wp\/v2\/product_brand?post=4101"},{"taxonomy":"product_cat","embeddable":true,"href":"https:\/\/www.jinpinlub.com\/de\/wp-json\/wp\/v2\/product_cat?post=4101"},{"taxonomy":"product_tag","embeddable":true,"href":"https:\/\/www.jinpinlub.com\/de\/wp-json\/wp\/v2\/product_tag?post=4101"}],"curies":[{"name":"wp","href":"https:\/\/api.w.org\/{rel}","templated":true}]}}