{"id":4107,"date":"2025-01-12T05:29:09","date_gmt":"2025-01-11T21:29:09","guid":{"rendered":"https:\/\/www.jinpinlub.com\/?post_type=product&#038;p=4107"},"modified":"2025-01-12T05:38:24","modified_gmt":"2025-01-11T21:38:24","slug":"jhgs2-progressives-elektrisches-fettschmiersystem-mit-patrone","status":"publish","type":"product","link":"https:\/\/www.jinpinlub.com\/de\/product\/jhgs2-cartridge-type-progressive-electric-grease-lube-system\/","title":{"rendered":"JHGS2 Progressives elektrisches Fettschmiersystem in Kartuschenausf\u00fchrung"},"content":{"rendered":"<h2>Besonderheit<\/h2>\n<p>\u2013 Pr\u00e4zise Steuerung: Die Schmierzeit und die Intervallzeit der elektrischen Schmierpumpe JHGS2 werden pr\u00e4zise durch eine SPS gesteuert und die H\u00e4ufigkeit und Dauer der Schmierung k\u00f6nnen flexibel an die Betriebsanforderungen verschiedener Ger\u00e4te angepasst werden.<br \/>\n\u2013 \u00dcberwachung des Fl\u00fcssigkeitsstands: Die Schmierpumpe kann mit einem Detektor f\u00fcr niedrigen Fl\u00fcssigkeitsstand ausgestattet werden, der automatisch ein Signal senden kann, wenn der \u00d6lstand niedrig ist.<br \/>\nAnpassbares Schmiermittel: Die Schmierpumpe ist f\u00fcr Schmiermittel der NLGI-Klassen 000, 00, 0 und 1# geeignet. Durch ihre breite Anwendbarkeit kann sie verschiedenen Arbeitsszenarien gerecht werden.<br \/>\n\u2013 Stabile Leistung: Die automatische Schmierpumpe hat einen Arbeitsdruck von 8,0 MPa bei einer F\u00f6rderleistung von 15 ml\/min. Sie kann garantieren, dass das Schmiermittel mit stabilem Durchfluss und Druck zu jedem Schmierpunkt des Ger\u00e4ts transportiert wird.<br \/>\n\u2013 Umfangreiches Zubeh\u00f6r: Diese Progressiv-Schmierpumpe ist f\u00fcr verschiedenes Zubeh\u00f6r geeignet, wie z. B. JSV-Progressivverteiler, PD-Adapter, PH-Adapter usw. Dar\u00fcber hinaus kann sie flexibel mit verschiedenen Arten von Ger\u00e4ten und Systemen kombiniert werden.<br \/>\n\u2013 Flexible Stromversorgung: Die Schmierpumpe bietet verschiedene Spannungen wie 110 VAC, 220 VAC, DC12, DC24 V usw. Benutzer k\u00f6nnen je nach tats\u00e4chlichem Nutzungsszenario w\u00e4hlen.<\/p>\n<h2>Spezifikation<\/h2>\n<table>\n<tbody>\n<tr>\n<td>Modell<\/td>\n<td>JHGS2<\/td>\n<\/tr>\n<tr>\n<td>Schmierzeit<\/td>\n<td>SPS oder externe Steuerung<\/td>\n<\/tr>\n<tr>\n<td>Intervallzeit<\/td>\n<td>SPS oder externe Steuerung<\/td>\n<\/tr>\n<tr>\n<td>Betriebstemperatur<\/td>\n<td>0 \u00b0C \u2013 +50 \u00b0C (Niedrigtemperaturbedingungen erfordern Frostschutzfett)<\/td>\n<\/tr>\n<tr>\n<td>Anzahl der Filialen<\/td>\n<td>1<\/td>\n<\/tr>\n<tr>\n<td>Reservoirkapazit\u00e4t<\/td>\n<td>0,7 l<\/td>\n<\/tr>\n<tr>\n<td>Nachf\u00fcllen<\/td>\n<td>Patrone<\/td>\n<\/tr>\n<tr>\n<td>Schmiermittel<\/td>\n<td>Fette NLGI-Klasse 000~1#<\/td>\n<\/tr>\n<tr>\n<td>\u00dcberdruckventil<\/td>\n<td>Montiert<\/td>\n<\/tr>\n<tr>\n<td>Entladung<\/td>\n<td>15 ml\/min<\/td>\n<\/tr>\n<tr>\n<td>Max. Betriebsdruck<\/td>\n<td>8,0 MPa<\/td>\n<\/tr>\n<tr>\n<td>Anschlussarmaturen<\/td>\n<td>Auslass \u03a66 oder \u03a68<\/td>\n<\/tr>\n<tr>\n<td>Betriebsspannung<\/td>\n<td>12\/24 V DC, 110\/220 V AC, 220\/380 V AC<\/td>\n<\/tr>\n<tr>\n<td>Zertifizierung<\/td>\n<td>CE<\/td>\n<\/tr>\n<tr>\n<td>Niedrigniveauschalter<\/td>\n<td>Kein Kontakt<\/td>\n<\/tr>\n<\/tbody>\n<\/table>\n<h2>Fehlerbehebung<\/h2>\n<p>\u2013 Die Schmierpumpe kann nicht oder nur unzureichend f\u00f6rdern: Gr\u00fcnde hierf\u00fcr sind, dass der Motor nicht laufen kann, sich in die entgegengesetzte Richtung dreht, die Qualit\u00e4t nicht konstant ist, der Auslass verstopft ist und sich Luft in der Patrone befindet. Zu den L\u00f6sungen geh\u00f6ren das Erkennen der Eingangsspannung, der Austausch des Motors, die Neuverdrahtung, das Reinigen oder Ersetzen der Auslassverbindung, das Ablassen usw.<br \/>\n\u2013 Schmiermittelleck: M\u00f6glicherweise ist die Patrone besch\u00e4digt oder verformt, die Patrone ist nicht verriegelt und der O-Ring, der die Patrone verbindet, fehlt oder ist besch\u00e4digt. Die entsprechenden L\u00f6sungen bestehen darin, die Patrone auszutauschen, erneut zu verriegeln oder den O-Ring hinzuzuf\u00fcgen oder auszutauschen.<br \/>\n\u2013 Abnormaler Druck: Verunreinigungen im Kolbenteil der Schmierpumpe, unzureichender voreingestellter Druckwert und Rohrbr\u00fcche k\u00f6nnen dieses Problem verursachen. Es kann durch Reinigen des Kolbenteils, Einstellen des Druckregelventils und Ersetzen eines neuen Rohrs gel\u00f6st werden.<br \/>\n\u2013 Der Zeiger des Druckmessers kehrt nicht auf Null zur\u00fcck oder bleibt stehen: Der Grund hierf\u00fcr kann ein defekter Druckmesser oder Luft in der Schmierpumpe sein. Die L\u00f6sung besteht darin, den Druckmesser auszutauschen oder eine Entl\u00fcftung durchzuf\u00fchren.<\/p>\n<h2>Benutzerhandb\u00fccher<\/h2>\n<div class=\"sdm_download_button_box_default\"><div class=\"sdm_download_link\"><a href=\"https:\/\/www.jinpinlub.com\/de\/?sdm_process_download=1&download_id=4086\" class=\"sdm_download white\" title=\"Privat: JHGS2 Progressive Pump\" target=\"&quot;_blank&quot;\">Datenblatt anzeigen - JHGS2 Fettpumpe<\/a><\/div><\/div>","protected":false},"excerpt":{"rendered":"<p>JHGS2 ist eine progressive elektrische Fettschmierpumpe, die f\u00fcr mehrere Fettviskosit\u00e4ten geeignet ist, einen Druck von 8 MPa und eine F\u00f6rderleistung von 15 ml\/min bietet und mit mehreren Spannungen optional erh\u00e4ltlich ist. Sie hat eine einfache, aber robuste Struktur und ist durch Austauschen der Patrone leicht zu bedienen und zu warten.<\/p>","protected":false},"featured_media":4108,"template":"","meta":{"ocean_post_layout":"","ocean_both_sidebars_style":"","ocean_both_sidebars_content_width":0,"ocean_both_sidebars_sidebars_width":0,"ocean_sidebar":"0","ocean_second_sidebar":"0","ocean_disable_margins":"enable","ocean_add_body_class":"","ocean_shortcode_before_top_bar":"","ocean_shortcode_after_top_bar":"","ocean_shortcode_before_header":"","ocean_shortcode_after_header":"","ocean_has_shortcode":"","ocean_shortcode_after_title":"","ocean_shortcode_before_footer_widgets":"","ocean_shortcode_after_footer_widgets":"","ocean_shortcode_before_footer_bottom":"","ocean_shortcode_after_footer_bottom":"","ocean_display_top_bar":"default","ocean_display_header":"default","ocean_header_style":"","ocean_center_header_left_menu":"0","ocean_custom_header_template":"0","ocean_custom_logo":0,"ocean_custom_retina_logo":0,"ocean_custom_logo_max_width":0,"ocean_custom_logo_tablet_max_width":0,"ocean_custom_logo_mobile_max_width":0,"ocean_custom_logo_max_height":0,"ocean_custom_logo_tablet_max_height":0,"ocean_custom_logo_mobile_max_height":0,"ocean_header_custom_menu":"0","ocean_menu_typo_font_family":"0","ocean_menu_typo_font_subset":"","ocean_menu_typo_font_size":0,"ocean_menu_typo_font_size_tablet":0,"ocean_menu_typo_font_size_mobile":0,"ocean_menu_typo_font_size_unit":"px","ocean_menu_typo_font_weight":"","ocean_menu_typo_font_weight_tablet":"","ocean_menu_typo_font_weight_mobile":"","ocean_menu_typo_transform":"","ocean_menu_typo_transform_tablet":"","ocean_menu_typo_transform_mobile":"","ocean_menu_typo_line_height":0,"ocean_menu_typo_line_height_tablet":0,"ocean_menu_typo_line_height_mobile":0,"ocean_menu_typo_line_height_unit":"","ocean_menu_typo_spacing":0,"ocean_menu_typo_spacing_tablet":0,"ocean_menu_typo_spacing_mobile":0,"ocean_menu_typo_spacing_unit":"","ocean_menu_link_color":"","ocean_menu_link_color_hover":"","ocean_menu_link_color_active":"","ocean_menu_link_background":"","ocean_menu_link_hover_background":"","ocean_menu_link_active_background":"","ocean_menu_social_links_bg":"","ocean_menu_social_hover_links_bg":"","ocean_menu_social_links_color":"","ocean_menu_social_hover_links_color":"","ocean_disable_title":"default","ocean_disable_heading":"default","ocean_post_title":"","ocean_post_subheading":"","ocean_post_title_style":"","ocean_post_title_background_color":"","ocean_post_title_background":0,"ocean_post_title_bg_image_position":"","ocean_post_title_bg_image_attachment":"","ocean_post_title_bg_image_repeat":"","ocean_post_title_bg_image_size":"","ocean_post_title_height":0,"ocean_post_title_bg_overlay":0.5,"ocean_post_title_bg_overlay_color":"","ocean_disable_breadcrumbs":"default","ocean_breadcrumbs_color":"","ocean_breadcrumbs_separator_color":"","ocean_breadcrumbs_links_color":"","ocean_breadcrumbs_links_hover_color":"","ocean_display_footer_widgets":"default","ocean_display_footer_bottom":"default","ocean_custom_footer_template":"0","osh_disable_topbar_sticky":"default","osh_disable_header_sticky":"default","osh_sticky_header_style":"default","osh_sticky_header_effect":"","osh_custom_sticky_logo":0,"osh_custom_retina_sticky_logo":0,"osh_custom_sticky_logo_height":0,"osh_background_color":"","osh_links_color":"","osh_links_hover_color":"","osh_links_active_color":"","osh_links_bg_color":"","osh_links_hover_bg_color":"","osh_links_active_bg_color":"","osh_menu_social_links_color":"","osh_menu_social_hover_links_color":""},"product_brand":[],"product_cat":[42,41],"product_tag":[321,73,196,91,221],"class_list":{"0":"post-4107","1":"product","2":"type-product","3":"status-publish","4":"has-post-thumbnail","6":"product_cat-electric-progressive-pumps","7":"product_cat-progressive-grease-systems","8":"product_tag-automatic-lubrication-system","9":"product_tag-electric-lubrication-pump","10":"product_tag-grease-lubrication-system","11":"product_tag-progressive-lubrication-pump","12":"product_tag-progressive-lubrication-system","14":"entry","15":"has-media","17":"first","18":"instock","19":"shipping-taxable","20":"product-type-external","21":"col","22":"span_1_of_3","23":"owp-content-center","24":"owp-thumbs-layout-horizontal","25":"owp-btn-very-big","26":"owp-tabs-layout-horizontal"},"_links":{"self":[{"href":"https:\/\/www.jinpinlub.com\/de\/wp-json\/wp\/v2\/product\/4107","targetHints":{"allow":["GET"]}}],"collection":[{"href":"https:\/\/www.jinpinlub.com\/de\/wp-json\/wp\/v2\/product"}],"about":[{"href":"https:\/\/www.jinpinlub.com\/de\/wp-json\/wp\/v2\/types\/product"}],"wp:featuredmedia":[{"embeddable":true,"href":"https:\/\/www.jinpinlub.com\/de\/wp-json\/wp\/v2\/media\/4108"}],"wp:attachment":[{"href":"https:\/\/www.jinpinlub.com\/de\/wp-json\/wp\/v2\/media?parent=4107"}],"wp:term":[{"taxonomy":"product_brand","embeddable":true,"href":"https:\/\/www.jinpinlub.com\/de\/wp-json\/wp\/v2\/product_brand?post=4107"},{"taxonomy":"product_cat","embeddable":true,"href":"https:\/\/www.jinpinlub.com\/de\/wp-json\/wp\/v2\/product_cat?post=4107"},{"taxonomy":"product_tag","embeddable":true,"href":"https:\/\/www.jinpinlub.com\/de\/wp-json\/wp\/v2\/product_tag?post=4107"}],"curies":[{"name":"wp","href":"https:\/\/api.w.org\/{rel}","templated":true}]}}