{"id":4127,"date":"2025-01-19T05:18:35","date_gmt":"2025-01-18T21:18:35","guid":{"rendered":"https:\/\/www.jinpinlub.com\/?post_type=product&#038;p=4127"},"modified":"2025-01-19T05:37:29","modified_gmt":"2025-01-18T21:37:29","slug":"pb-messing-doppelkegel-dichtring-klemmverschraubung","status":"publish","type":"product","link":"https:\/\/www.jinpinlub.com\/de\/product\/pb-brass-double-cone-sealing-ring-clamp-compression-sleeve\/","title":{"rendered":"PB Messing Doppelkegel Dichtring Klemme Kompressionsh\u00fclse"},"content":{"rendered":"<h2>Besonderheit<\/h2>\n<p>\u2013 Doppelkegelform: Die Kompressionsh\u00fclse verf\u00fcgt \u00fcber zwei konische Dichtfl\u00e4chen. Diese Form erm\u00f6glicht es der H\u00fclse, sich beim Festziehen der Ferrule besser an die Oberfl\u00e4chenform des Rohres anzupassen, die Dichtkontaktfl\u00e4che zu vergr\u00f6\u00dfern und die Dichtleistung zu verbessern.<br \/>\n\u2013 Materialeigenschaften: Hergestellt aus Messing, weist es eine gute Z\u00e4higkeit, Korrosionsbest\u00e4ndigkeit und Verschlei\u00dffestigkeit auf. Die Kupferkompressionsh\u00fclse kann in verschiedenen Arbeitsumgebungen eine stabile Leistung aufrechterhalten, wird nicht leicht durch \u00d6l, Luft und andere Medien korrodiert und h\u00e4lt auch einem gewissen Grad an Reibung und Extrusion stand.<\/p>\n<h2>Spezifikation<\/h2>\n<figure id=\"attachment_4133\" aria-describedby=\"caption-attachment-4133\" style=\"width: 800px\" class=\"wp-caption alignnone\"><img loading=\"lazy\" decoding=\"async\" class=\"size-full wp-image-4133\" src=\"https:\/\/www.jinpinlub.com\/wp-content\/uploads\/2025\/01\/PB-compression-Sleeve-5.jpg\" alt=\"PB Kompressionsmanschette (5)\" width=\"800\" height=\"460\" srcset=\"https:\/\/www.jinpinlub.com\/wp-content\/uploads\/2025\/01\/PB-compression-Sleeve-5.jpg 800w, https:\/\/www.jinpinlub.com\/wp-content\/uploads\/2025\/01\/PB-compression-Sleeve-5-300x173.jpg 300w, https:\/\/www.jinpinlub.com\/wp-content\/uploads\/2025\/01\/PB-compression-Sleeve-5-768x442.jpg 768w, https:\/\/www.jinpinlub.com\/wp-content\/uploads\/2025\/01\/PB-compression-Sleeve-5-18x10.jpg 18w\" sizes=\"auto, (max-width: 800px) 100vw, 800px\" \/><figcaption id=\"caption-attachment-4133\" class=\"wp-caption-text\">PB Kompressionsmanschette (5)<\/figcaption><\/figure>\n<h2>Anwendung<\/h2>\n<p>Hydrauliksystem: In Hydraulikger\u00e4ten werden Kompressionsh\u00fclsen zum Verbinden von Hydraulik\u00f6lleitungen verwendet, um einen reibungslosen Fluss des Hydraulik\u00f6ls im System zu gew\u00e4hrleisten und gleichzeitig ein Austreten von \u00d6l zu verhindern.<br \/>\nSchmiersystem: In Ger\u00e4ten wie Schmierpumpen werden Kompressionsh\u00fclsen zum Verbinden von Schmierleitungen verwendet, um eine stabile Schmiermittelversorgung f\u00fcr mechanische Ger\u00e4te zu gew\u00e4hrleisten.<br \/>\n\u00dcbertragung anderer Fl\u00fcssigkeiten: Kompressionsh\u00fclsen k\u00f6nnen in Rohrleitungssystemen verwendet werden, die andere Fl\u00fcssigkeiten oder Gase \u00fcbertragen, beispielsweise K\u00fchlmittel und Druckluft.<\/p>\n<figure id=\"attachment_4124\" aria-describedby=\"caption-attachment-4124\" style=\"width: 800px\" class=\"wp-caption alignnone\"><img loading=\"lazy\" decoding=\"async\" class=\"size-full wp-image-4124\" src=\"https:\/\/www.jinpinlub.com\/wp-content\/uploads\/2025\/01\/brass-compression-bushing-5.jpg\" alt=\"Messing-Kompressionsbuchse (5)\" width=\"800\" height=\"800\" srcset=\"https:\/\/www.jinpinlub.com\/wp-content\/uploads\/2025\/01\/brass-compression-bushing-5.jpg 800w, https:\/\/www.jinpinlub.com\/wp-content\/uploads\/2025\/01\/brass-compression-bushing-5-300x300.jpg 300w, https:\/\/www.jinpinlub.com\/wp-content\/uploads\/2025\/01\/brass-compression-bushing-5-150x150.jpg 150w, https:\/\/www.jinpinlub.com\/wp-content\/uploads\/2025\/01\/brass-compression-bushing-5-768x768.jpg 768w, https:\/\/www.jinpinlub.com\/wp-content\/uploads\/2025\/01\/brass-compression-bushing-5-12x12.jpg 12w, https:\/\/www.jinpinlub.com\/wp-content\/uploads\/2025\/01\/brass-compression-bushing-5-600x600.jpg 600w, https:\/\/www.jinpinlub.com\/wp-content\/uploads\/2025\/01\/brass-compression-bushing-5-100x100.jpg 100w\" sizes=\"auto, (max-width: 800px) 100vw, 800px\" \/><figcaption id=\"caption-attachment-4124\" class=\"wp-caption-text\">Messing-Kompressionsbuchse (5)<\/figcaption><\/figure>\n<h2>Benutzerhandb\u00fccher<\/h2>\n<div class=\"sdm_download_button_box_default\"><div class=\"sdm_download_link\"><a href=\"https:\/\/www.jinpinlub.com\/de\/?sdm_process_download=1&download_id=3172\" class=\"sdm_download white\" title=\"Privat: PA\/PB\/PD\/Connector\" target=\"&quot;_blank&quot;\">Datenblatt anzeigen \u2013 PA\/PB\/PD-Anschluss<\/a><\/div><\/div>","protected":false},"excerpt":{"rendered":"<p>Die PB-Kompressionsh\u00fclse wird haupts\u00e4chlich an der \u00d6lrohrverbindung verwendet, die durch eine Doppelkegelstruktur fest mit den Rohrverbindungen zusammenpasst, um eine Abdichtung zu bilden, \u00d6llecks zu verhindern und die Abdichtung und Stabilit\u00e4t des Hydrauliksystems oder Schmiersystems sicherzustellen.<\/p>","protected":false},"featured_media":4128,"template":"","meta":{"ocean_post_layout":"","ocean_both_sidebars_style":"","ocean_both_sidebars_content_width":0,"ocean_both_sidebars_sidebars_width":0,"ocean_sidebar":"0","ocean_second_sidebar":"0","ocean_disable_margins":"enable","ocean_add_body_class":"","ocean_shortcode_before_top_bar":"","ocean_shortcode_after_top_bar":"","ocean_shortcode_before_header":"","ocean_shortcode_after_header":"","ocean_has_shortcode":"","ocean_shortcode_after_title":"","ocean_shortcode_before_footer_widgets":"","ocean_shortcode_after_footer_widgets":"","ocean_shortcode_before_footer_bottom":"","ocean_shortcode_after_footer_bottom":"","ocean_display_top_bar":"default","ocean_display_header":"default","ocean_header_style":"","ocean_center_header_left_menu":"0","ocean_custom_header_template":"0","ocean_custom_logo":0,"ocean_custom_retina_logo":0,"ocean_custom_logo_max_width":0,"ocean_custom_logo_tablet_max_width":0,"ocean_custom_logo_mobile_max_width":0,"ocean_custom_logo_max_height":0,"ocean_custom_logo_tablet_max_height":0,"ocean_custom_logo_mobile_max_height":0,"ocean_header_custom_menu":"0","ocean_menu_typo_font_family":"0","ocean_menu_typo_font_subset":"","ocean_menu_typo_font_size":0,"ocean_menu_typo_font_size_tablet":0,"ocean_menu_typo_font_size_mobile":0,"ocean_menu_typo_font_size_unit":"px","ocean_menu_typo_font_weight":"","ocean_menu_typo_font_weight_tablet":"","ocean_menu_typo_font_weight_mobile":"","ocean_menu_typo_transform":"","ocean_menu_typo_transform_tablet":"","ocean_menu_typo_transform_mobile":"","ocean_menu_typo_line_height":0,"ocean_menu_typo_line_height_tablet":0,"ocean_menu_typo_line_height_mobile":0,"ocean_menu_typo_line_height_unit":"","ocean_menu_typo_spacing":0,"ocean_menu_typo_spacing_tablet":0,"ocean_menu_typo_spacing_mobile":0,"ocean_menu_typo_spacing_unit":"","ocean_menu_link_color":"","ocean_menu_link_color_hover":"","ocean_menu_link_color_active":"","ocean_menu_link_background":"","ocean_menu_link_hover_background":"","ocean_menu_link_active_background":"","ocean_menu_social_links_bg":"","ocean_menu_social_hover_links_bg":"","ocean_menu_social_links_color":"","ocean_menu_social_hover_links_color":"","ocean_disable_title":"default","ocean_disable_heading":"default","ocean_post_title":"","ocean_post_subheading":"","ocean_post_title_style":"","ocean_post_title_background_color":"","ocean_post_title_background":0,"ocean_post_title_bg_image_position":"","ocean_post_title_bg_image_attachment":"","ocean_post_title_bg_image_repeat":"","ocean_post_title_bg_image_size":"","ocean_post_title_height":0,"ocean_post_title_bg_overlay":0.5,"ocean_post_title_bg_overlay_color":"","ocean_disable_breadcrumbs":"default","ocean_breadcrumbs_color":"","ocean_breadcrumbs_separator_color":"","ocean_breadcrumbs_links_color":"","ocean_breadcrumbs_links_hover_color":"","ocean_display_footer_widgets":"default","ocean_display_footer_bottom":"default","ocean_custom_footer_template":"0","osh_disable_topbar_sticky":"default","osh_disable_header_sticky":"default","osh_sticky_header_style":"default","osh_sticky_header_effect":"","osh_custom_sticky_logo":0,"osh_custom_retina_sticky_logo":0,"osh_custom_sticky_logo_height":0,"osh_background_color":"","osh_links_color":"","osh_links_hover_color":"","osh_links_active_color":"","osh_links_bg_color":"","osh_links_hover_bg_color":"","osh_links_active_bg_color":"","osh_menu_social_links_color":"","osh_menu_social_hover_links_color":""},"product_brand":[],"product_cat":[31],"product_tag":[400,403,399,398,402],"class_list":{"0":"post-4127","1":"product","2":"type-product","3":"status-publish","4":"has-post-thumbnail","6":"product_cat-lube-system-accessories","7":"product_tag-brass-connector","8":"product_tag-brass-sealing-ring","9":"product_tag-compression-adapter","10":"product_tag-compression-connector","11":"product_tag-compression-sleeve","13":"entry","14":"has-media","16":"first","17":"instock","18":"shipping-taxable","19":"product-type-external","20":"col","21":"span_1_of_3","22":"owp-content-center","23":"owp-thumbs-layout-horizontal","24":"owp-btn-very-big","25":"owp-tabs-layout-horizontal"},"_links":{"self":[{"href":"https:\/\/www.jinpinlub.com\/de\/wp-json\/wp\/v2\/product\/4127","targetHints":{"allow":["GET"]}}],"collection":[{"href":"https:\/\/www.jinpinlub.com\/de\/wp-json\/wp\/v2\/product"}],"about":[{"href":"https:\/\/www.jinpinlub.com\/de\/wp-json\/wp\/v2\/types\/product"}],"wp:featuredmedia":[{"embeddable":true,"href":"https:\/\/www.jinpinlub.com\/de\/wp-json\/wp\/v2\/media\/4128"}],"wp:attachment":[{"href":"https:\/\/www.jinpinlub.com\/de\/wp-json\/wp\/v2\/media?parent=4127"}],"wp:term":[{"taxonomy":"product_brand","embeddable":true,"href":"https:\/\/www.jinpinlub.com\/de\/wp-json\/wp\/v2\/product_brand?post=4127"},{"taxonomy":"product_cat","embeddable":true,"href":"https:\/\/www.jinpinlub.com\/de\/wp-json\/wp\/v2\/product_cat?post=4127"},{"taxonomy":"product_tag","embeddable":true,"href":"https:\/\/www.jinpinlub.com\/de\/wp-json\/wp\/v2\/product_tag?post=4127"}],"curies":[{"name":"wp","href":"https:\/\/api.w.org\/{rel}","templated":true}]}}