{"id":1817,"date":"2024-06-26T23:57:12","date_gmt":"2024-06-26T23:57:12","guid":{"rendered":"https:\/\/www.jinpinlub.com\/?page_id=1817"},"modified":"2024-07-28T11:36:08","modified_gmt":"2024-07-28T11:36:08","slug":"preguntas-frecuentes","status":"publish","type":"page","link":"https:\/\/www.jinpinlub.com\/es\/faqs\/","title":{"rendered":"Preguntas frecuentes"},"content":{"rendered":"<div class=\"wp-block-ogb-columns ogb-block ogb-columns ogb-columns-a90745be\"><div class=\"ogb-columns-container\">\n<div class=\"ogb-block ogb-column ogb-column-73727ad4\"><div class=\"ogb-column-container\">\n<ol class=\"wp-block-list\">\n<li><strong>\u00bfEs usted una empresa comercial o un fabricante?<\/strong><br>\u2014\u2014Somos un proveedor especializado en la provisi\u00f3n de diversos sistemas de lubricaci\u00f3n centralizada, con f\u00e1bricas y equipos t\u00e9cnicos profesionales. Nuestros productos han obtenido las certificaciones CE y RoHS, nuestras f\u00e1bricas cuentan con la certificaci\u00f3n ISO-9001 y contamos con varias patentes de tecnolog\u00eda de productos.<\/li>\n\n\n\n<li><strong>\u00bfCuales son los principales productos de nuestra empresa?<\/strong><br>\u2014\u2014Nos centramos en varios sistemas de lubricaci\u00f3n centralizada, incluidos sistemas de lubricaci\u00f3n con grasa, sistemas de lubricaci\u00f3n con aceite fino, sistemas de lubricaci\u00f3n de l\u00ednea \u00fanica, sistemas de lubricaci\u00f3n progresiva, sistemas de lubricaci\u00f3n de l\u00ednea doble, bombas de lubricaci\u00f3n de punto \u00fanico, sistemas de lubricaci\u00f3n manual, etc. Nuestro equipo t\u00e9cnico tiene m\u00e1s de 10 a\u00f1os de experiencia, excelente calidad de producto y fuerte competitividad.<\/li>\n\n\n\n<li><strong>\u00bfPor qu\u00e9 elegirnos?<\/strong><br>\u2014\u2014Nos hemos centrado en los proveedores de soluciones de sistemas de lubricaci\u00f3n centralizada durante m\u00e1s de 10 a\u00f1os. Hemos prestado servicios a clientes en m\u00e1s de 30 pa\u00edses. Hemos proporcionado decenas de miles de estaciones de bombeo de lubricaci\u00f3n a clientes de todo el mundo. Podemos ofrecerle una soluci\u00f3n total. Si es necesario, se pueden proporcionar productos OEM y ODM. Le ofreceremos el mejor precio y la mejor calidad y servicio. Nuestros productos se posicionan en el segmento medio y alto del mercado. Todos los productos garantizan calidad y cantidad, as\u00ed como posventa, y el precio tiene ventajas en el mercado.<\/li>\n\n\n\n<li><strong>\u00bfC\u00f3mo garantizamos la calidad?<\/strong><br>\u2014\u2014Durante la producci\u00f3n, contamos con un equipo de control de calidad completo y procesos que cumplen con los est\u00e1ndares internacionales. Contamos con equipos de prueba profesionales y realizamos pruebas estrictas en los productos, incluidas pruebas de vida \u00fatil, pruebas de temperatura, pruebas de presi\u00f3n, etc. Contamos con certificaci\u00f3n ISO9001 y certificaci\u00f3n CE. Cada lote de productos se probar\u00e1 antes de salir de la f\u00e1brica y la lista de verificaci\u00f3n se verificar\u00e1 una por una para garantizar que la cantidad sea precisa.<\/li>\n\n\n\n<li><strong>\u00bfC\u00f3mo obtener una cotizaci\u00f3n?<\/strong><br>\u2014\u2014Antes de consultarnos, puede consultar nuestro cat\u00e1logo de productos y la hoja de datos de productos, y luego indicarnos el c\u00f3digo de pedido del producto que desea en funci\u00f3n de esto. Tambi\u00e9n puede indicarnos algunos detalles de sus necesidades de sistema de lubricaci\u00f3n, como la capacidad de la bomba de lubricaci\u00f3n, el lubricante utilizado, el voltaje, la presi\u00f3n, la cantidad de puntos de lubricaci\u00f3n, la longitud de la tuber\u00eda, etc. Nuestros ingenieros profesionales le brindar\u00e1n sugerencias detalladas sobre modelos y especificaciones.<\/li>\n\n\n\n<li><strong>\u00bfQu\u00e9 tan pronto puedo obtener una cotizaci\u00f3n?<\/strong><br>\u2014\u2014Por lo general, cotizamos dentro de las 8 horas posteriores a la recepci\u00f3n de su consulta. Si necesita obtener un precio urgentemente, ll\u00e1menos, d\u00e9jenos un mensaje o env\u00edenos un mensaje por WhatsApp.<\/li>\n\n\n\n<li><strong>\u00bfCual es su precio?<\/strong><br>\u2014\u2014Ofrecemos productos competitivos y de alta calidad, garantizando una calidad superior y ofreciendo precios competitivos.<\/li>\n\n\n\n<li><strong>\u00bfC\u00f3mo es su tiempo de entrega?<\/strong><br>\u2014\u2014Si se trata de un pedido de lotes peque\u00f1os, se puede enviar en 3 d\u00edas. Si se trata de un lote grande de productos, tambi\u00e9n podemos entregarlo en aproximadamente medio mes. El tiempo espec\u00edfico depende del producto y la personalizaci\u00f3n.<\/li>\n\n\n\n<li><strong>\u00bfCu\u00e1l es la cantidad m\u00ednima de pedido?<\/strong><br>\u2014\u2014Para los productos est\u00e1ndar, la cantidad m\u00ednima de pedido se puede negociar. La cantidad m\u00ednima de pedido de los diferentes modelos es diferente y algunos no tienen cantidad m\u00ednima de pedido. Para los pedidos OEM, podemos proporcionar y ajustar nuestros productos para satisfacer diversas necesidades. Por lo tanto, la cantidad m\u00ednima de pedido y el precio pueden variar mucho debido al tama\u00f1o, el material y otras especificaciones, como productos caros o productos est\u00e1ndar. La cantidad m\u00ednima de pedido suele ser menor.<\/li>\n\n\n\n<li><strong>\u00bfPuede proporcionar productos OEM o ODM?<\/strong><br>\u2014S\u00ed, podemos producir seg\u00fan sus muestras o dibujos t\u00e9cnicos, y podemos fabricar moldes y accesorios. Por lo general, podemos modificar la tecnolog\u00eda de nuestros productos para satisfacer sus necesidades.<\/li>\n\n\n\n<li><strong>\u00bfPuedo ser su agente en mi pa\u00eds?<\/strong><br>\u2014Esperamos una cooperaci\u00f3n a largo plazo, si tiene ideas, podemos comunicarnos en detalle, necesitamos socios para crear valor juntos.<\/li>\n\n\n\n<li><strong>\u00bfCu\u00e1nto dura el periodo de garant\u00eda del producto?<\/strong><br>\u2014\u2014El per\u00edodo de garant\u00eda de nuestro producto es de un a\u00f1o.<\/li>\n\n\n\n<li><strong>\u00bfC\u00f3mo puedo obtener algunas muestras?<\/strong><br>\u2014\u2014Por lo general, no podemos proporcionar muestras gratuitas, pague la muestra y las tarifas de mensajer\u00eda, la tarifa de la muestra se puede deducir en su primer pedido grande.<\/li>\n\n\n\n<li><strong>\u00bfCu\u00e1l es su capacidad de producci\u00f3n competitiva?<\/strong><br>\u2014\u2014Producci\u00f3n mensual de m\u00e1s de 5000 juegos.<\/li>\n\n\n\n<li><strong>\u00bfQu\u00e9 m\u00e9todos de pago acepta su empresa?<\/strong><br>\u2014\u2014Aceptamos T\/T (transferencia bancaria), Western Union, Paypal, Alipay, WeChat Pay.<\/li>\n\n\n\n<li><strong>\u00bfCuales son sus condiciones de entrega?<\/strong><br>\u2014\u2014EXW, FOB, CFR, CIF, DAP, DDP<\/li>\n\n\n\n<li><strong>\u00bfQu\u00e9 tipo de m\u00e9todo de env\u00edo ofrece?<\/strong><br>\u2014\u2014Si solicita una peque\u00f1a cantidad de productos, le recomendamos que los env\u00ede por correo urgente internacional como DHL, FedEx, UPS, EMS, etc. Si la cantidad del pedido es grande, admitimos m\u00faltiples m\u00e9todos de env\u00edo, como correo urgente, a\u00e9reo, mar\u00edtimo, ferroviario, etc. Tambi\u00e9n podemos ayudarlo a almacenar los productos de otros proveedores en nuestro almac\u00e9n y enviarlos juntos.<\/li>\n\n\n\n<li><strong>\u00bfC\u00f3mo es el embalaje?<\/strong><br>\u2014\u2014Cartones de exportaci\u00f3n est\u00e1ndar, cajas de madera y otros embalajes aptos para el transporte mar\u00edtimo. Antes de pagar el saldo, para asegurarnos de que todos los productos sean los que necesita, le mostraremos im\u00e1genes, dibujos, videos, etc. antes del env\u00edo.<\/li>\n\n\n\n<li><strong>\u00bfC\u00f3mo es el servicio postventa?<\/strong><br>\u2014\u2014Despu\u00e9s de que el cliente haga una pregunta, le responderemos dentro de las 24 horas.<\/li>\n<\/ol>\n<\/div><\/div>\n<\/div><\/div>","protected":false},"excerpt":{"rendered":"","protected":false},"author":1,"featured_media":0,"parent":0,"menu_order":0,"comment_status":"closed","ping_status":"closed","template":"","meta":{"ocean_post_layout":"full-screen","ocean_both_sidebars_style":"","ocean_both_sidebars_content_width":0,"ocean_both_sidebars_sidebars_width":0,"ocean_sidebar":"0","ocean_second_sidebar":"0","ocean_disable_margins":"on","ocean_add_body_class":"","ocean_shortcode_before_top_bar":"","ocean_shortcode_after_top_bar":"","ocean_shortcode_before_header":"","ocean_shortcode_after_header":"","ocean_has_shortcode":"","ocean_shortcode_after_title":"","ocean_shortcode_before_footer_widgets":"","ocean_shortcode_after_footer_widgets":"","ocean_shortcode_before_footer_bottom":"","ocean_shortcode_after_footer_bottom":"","ocean_display_top_bar":"default","ocean_display_header":"default","ocean_header_style":"","ocean_center_header_left_menu":"0","ocean_custom_header_template":"0","ocean_custom_logo":0,"ocean_custom_retina_logo":0,"ocean_custom_logo_max_width":0,"ocean_custom_logo_tablet_max_width":0,"ocean_custom_logo_mobile_max_width":0,"ocean_custom_logo_max_height":0,"ocean_custom_logo_tablet_max_height":0,"ocean_custom_logo_mobile_max_height":0,"ocean_header_custom_menu":"0","ocean_menu_typo_font_family":"0","ocean_menu_typo_font_subset":"","ocean_menu_typo_font_size":0,"ocean_menu_typo_font_size_tablet":0,"ocean_menu_typo_font_size_mobile":0,"ocean_menu_typo_font_size_unit":"px","ocean_menu_typo_font_weight":"","ocean_menu_typo_font_weight_tablet":"","ocean_menu_typo_font_weight_mobile":"","ocean_menu_typo_transform":"","ocean_menu_typo_transform_tablet":"","ocean_menu_typo_transform_mobile":"","ocean_menu_typo_line_height":0,"ocean_menu_typo_line_height_tablet":0,"ocean_menu_typo_line_height_mobile":0,"ocean_menu_typo_line_height_unit":"","ocean_menu_typo_spacing":0,"ocean_menu_typo_spacing_tablet":0,"ocean_menu_typo_spacing_mobile":0,"ocean_menu_typo_spacing_unit":"","ocean_menu_link_color":"","ocean_menu_link_color_hover":"","ocean_menu_link_color_active":"","ocean_menu_link_background":"","ocean_menu_link_hover_background":"","ocean_menu_link_active_background":"","ocean_menu_social_links_bg":"","ocean_menu_social_hover_links_bg":"","ocean_menu_social_links_color":"","ocean_menu_social_hover_links_color":"","ocean_disable_title":"default","ocean_disable_heading":"default","ocean_post_title":"","ocean_post_subheading":"","ocean_post_title_style":"","ocean_post_title_background_color":"","ocean_post_title_background":0,"ocean_post_title_bg_image_position":"","ocean_post_title_bg_image_attachment":"","ocean_post_title_bg_image_repeat":"","ocean_post_title_bg_image_size":"","ocean_post_title_height":0,"ocean_post_title_bg_overlay":0.5,"ocean_post_title_bg_overlay_color":"","ocean_disable_breadcrumbs":"default","ocean_breadcrumbs_color":"","ocean_breadcrumbs_separator_color":"","ocean_breadcrumbs_links_color":"","ocean_breadcrumbs_links_hover_color":"","ocean_display_footer_widgets":"default","ocean_display_footer_bottom":"default","ocean_custom_footer_template":"0","osh_disable_topbar_sticky":"default","osh_disable_header_sticky":"default","osh_sticky_header_style":"default","osh_sticky_header_effect":"","osh_custom_sticky_logo":0,"osh_custom_retina_sticky_logo":0,"osh_custom_sticky_logo_height":0,"osh_background_color":"","osh_links_color":"","osh_links_hover_color":"","osh_links_active_color":"","osh_links_bg_color":"","osh_links_hover_bg_color":"","osh_links_active_bg_color":"","osh_menu_social_links_color":"","osh_menu_social_hover_links_color":"","footnotes":""},"class_list":["post-1817","page","type-page","status-publish","hentry","entry","owp-thumbs-layout-horizontal","owp-btn-very-big","owp-tabs-layout-horizontal","has-no-thumbnails"],"_links":{"self":[{"href":"https:\/\/www.jinpinlub.com\/es\/wp-json\/wp\/v2\/pages\/1817","targetHints":{"allow":["GET"]}}],"collection":[{"href":"https:\/\/www.jinpinlub.com\/es\/wp-json\/wp\/v2\/pages"}],"about":[{"href":"https:\/\/www.jinpinlub.com\/es\/wp-json\/wp\/v2\/types\/page"}],"author":[{"embeddable":true,"href":"https:\/\/www.jinpinlub.com\/es\/wp-json\/wp\/v2\/users\/1"}],"replies":[{"embeddable":true,"href":"https:\/\/www.jinpinlub.com\/es\/wp-json\/wp\/v2\/comments?post=1817"}],"version-history":[{"count":0,"href":"https:\/\/www.jinpinlub.com\/es\/wp-json\/wp\/v2\/pages\/1817\/revisions"}],"wp:attachment":[{"href":"https:\/\/www.jinpinlub.com\/es\/wp-json\/wp\/v2\/media?parent=1817"}],"curies":[{"name":"wp","href":"https:\/\/api.w.org\/{rel}","templated":true}]}}