{"id":2437,"date":"2024-07-16T09:24:04","date_gmt":"2024-07-16T09:24:04","guid":{"rendered":"https:\/\/www.jinpinlub.com\/?post_type=product&#038;p=2437"},"modified":"2025-01-11T11:50:24","modified_gmt":"2025-01-11T03:50:24","slug":"bomba-de-lubricacion-con-grasa-j203-para-sistema-de-lubricacion-progresiva","status":"publish","type":"product","link":"https:\/\/www.jinpinlub.com\/es\/product\/j203-grease-lubricaton-pump-for-progressive-lubrication-system\/","title":{"rendered":"Bomba de lubricaci\u00f3n con grasa J203 para sistema de lubricaci\u00f3n progresiva"},"content":{"rendered":"<h2>Caracter\u00edsticas<\/h2>\n<p>1. Alta eficiencia: J203 utiliza tecnolog\u00eda avanzada de bomba de \u00e9mbolo para garantizar un suministro estable con alta presi\u00f3n y alta velocidad, mejorando significativamente la eficiencia de lubricaci\u00f3n.<br \/>\n2. Confiabilidad: El cuerpo de la bomba de lubricaci\u00f3n est\u00e1 hecho de materiales de alta resistencia, con un control de calidad y pruebas longitudinalmente estrictos para garantizar su funcionamiento estable a largo plazo en diversas condiciones de trabajo.<br \/>\n3. Ajustable: La presi\u00f3n de salida y el flujo de la bomba de grasa son ajustables seg\u00fan las necesidades reales para satisfacer los requisitos de lubricaci\u00f3n de diferentes equipos.<br \/>\n4. Seguro: Varios conjuntos de dispositivos de protecci\u00f3n de seguridad, como protecci\u00f3n contra sobrecarga y alarma de presi\u00f3n, garantizan el apagado oportuno del equipo durante condiciones anormales para evitar da\u00f1os y la ocurrencia de accidentes.<\/p>\n<h2>Especificaci\u00f3n<\/h2>\n<table>\n<tbody>\n<tr>\n<td>Temperatura de funcionamiento<\/td>\n<td>(-40\u00b0C a +70\u00b0C)<\/td>\n<\/tr>\n<tr>\n<td>N\u00famero de puntos de venta<\/td>\n<td>1, 2 o 3<\/td>\n<\/tr>\n<tr>\n<td>Capacidad del dep\u00f3sito<\/td>\n<td>2L, 4L, 8L<\/td>\n<\/tr>\n<tr>\n<td>Recarga<\/td>\n<td>Accesorio de lubricaci\u00f3n hidr\u00e1ulica o desde arriba<\/td>\n<\/tr>\n<tr>\n<td>Lubricante<\/td>\n<td>Grasas de al menos grado NLGI 2, Aceites de hasta 40 mm\u00b2\/s (cSt) a 40\u00b0 C<\/td>\n<\/tr>\n<tr>\n<td>Clase de protecci\u00f3n<\/td>\n<td>IP6K 9K<\/td>\n<\/tr>\n<tr>\n<td>Di\u00e1metro del pist\u00f3n, K5<\/td>\n<td>5 mm, aprox. 2 cm\u00b3\/min<\/td>\n<\/tr>\n<tr>\n<td>Di\u00e1metro del pist\u00f3n, (est\u00e1ndar) K6<\/td>\n<td>6 mm, aprox. 2,8 cm\u00b3\/min<\/td>\n<\/tr>\n<tr>\n<td>Di\u00e1metro del pist\u00f3n, K7<\/td>\n<td>7 mm, aprox. 4 cm\u00b3\/min<\/td>\n<\/tr>\n<tr>\n<td>Presi\u00f3n m\u00e1xima de funcionamiento<\/td>\n<td>350 bares<\/td>\n<\/tr>\n<tr>\n<td>Hilo de conexi\u00f3n<\/td>\n<td>Sol 1\/4<\/td>\n<\/tr>\n<tr>\n<td>Voltaje de funcionamiento<\/td>\n<td>12 V CC, 24 V CC, 110-240 V CA<\/td>\n<\/tr>\n<\/tbody>\n<\/table>\n<h2>Aplicaciones<\/h2>\n<p>1. Fabricaci\u00f3n de maquinaria: Proporciona un sistema de lubricaci\u00f3n continuo y estable para algunos componentes importantes, como cojinetes y engranajes que se utilizan en m\u00e1quinas herramientas, maquinaria de construcci\u00f3n y maquinaria de miner\u00eda.<br \/>\n2. Transporte: Trabajos en las principales partes funcionales de los sistemas de motor y transmisi\u00f3n de medios de transporte en tierra, agua y aire.<br \/>\n3. Petroqu\u00edmica: En la producci\u00f3n de equipos de una industria petroqu\u00edmica, garantiza el buen funcionamiento y disminuye el desgaste y las fallas de los equipos clave.<br \/>\n4. Metalurgia del hierro y del acero: Apoya los sistemas de lubricaci\u00f3n de las l\u00edneas de producci\u00f3n de trenes de laminaci\u00f3n, equipos sider\u00fargicos y otros.<\/p>\n<h2>Manuales<\/h2>\n<div class=\"sdm_download_button_box_default\"><div class=\"sdm_download_link\"><a href=\"https:\/\/www.jinpinlub.com\/es\/?sdm_process_download=1&download_id=2429\" class=\"sdm_download white\" title=\"Privado: J203 Grease Pump\" target=\"&quot;_blank&quot;\">Ver hoja de datos - Bomba de grasa J203<\/a><\/div><\/div>","protected":false},"excerpt":{"rendered":"<p>La bomba de lubricaci\u00f3n J203 es una bomba de lubricaci\u00f3n profesional dise\u00f1ada para aplicaciones industriales. Adopta un dise\u00f1o de ahorro de energ\u00eda y puede proporcionar una salida de lubricante estable y continua para lubricar partes clave del equipo, extendiendo as\u00ed de manera efectiva la vida \u00fatil del equipo.<\/p>","protected":false},"featured_media":2438,"template":"","meta":{"ocean_post_layout":"","ocean_both_sidebars_style":"","ocean_both_sidebars_content_width":0,"ocean_both_sidebars_sidebars_width":0,"ocean_sidebar":"0","ocean_second_sidebar":"0","ocean_disable_margins":"enable","ocean_add_body_class":"","ocean_shortcode_before_top_bar":"","ocean_shortcode_after_top_bar":"","ocean_shortcode_before_header":"","ocean_shortcode_after_header":"","ocean_has_shortcode":"","ocean_shortcode_after_title":"","ocean_shortcode_before_footer_widgets":"","ocean_shortcode_after_footer_widgets":"","ocean_shortcode_before_footer_bottom":"","ocean_shortcode_after_footer_bottom":"","ocean_display_top_bar":"default","ocean_display_header":"default","ocean_header_style":"","ocean_center_header_left_menu":"0","ocean_custom_header_template":"0","ocean_custom_logo":0,"ocean_custom_retina_logo":0,"ocean_custom_logo_max_width":0,"ocean_custom_logo_tablet_max_width":0,"ocean_custom_logo_mobile_max_width":0,"ocean_custom_logo_max_height":0,"ocean_custom_logo_tablet_max_height":0,"ocean_custom_logo_mobile_max_height":0,"ocean_header_custom_menu":"0","ocean_menu_typo_font_family":"0","ocean_menu_typo_font_subset":"","ocean_menu_typo_font_size":0,"ocean_menu_typo_font_size_tablet":0,"ocean_menu_typo_font_size_mobile":0,"ocean_menu_typo_font_size_unit":"px","ocean_menu_typo_font_weight":"","ocean_menu_typo_font_weight_tablet":"","ocean_menu_typo_font_weight_mobile":"","ocean_menu_typo_transform":"","ocean_menu_typo_transform_tablet":"","ocean_menu_typo_transform_mobile":"","ocean_menu_typo_line_height":0,"ocean_menu_typo_line_height_tablet":0,"ocean_menu_typo_line_height_mobile":0,"ocean_menu_typo_line_height_unit":"","ocean_menu_typo_spacing":0,"ocean_menu_typo_spacing_tablet":0,"ocean_menu_typo_spacing_mobile":0,"ocean_menu_typo_spacing_unit":"","ocean_menu_link_color":"","ocean_menu_link_color_hover":"","ocean_menu_link_color_active":"","ocean_menu_link_background":"","ocean_menu_link_hover_background":"","ocean_menu_link_active_background":"","ocean_menu_social_links_bg":"","ocean_menu_social_hover_links_bg":"","ocean_menu_social_links_color":"","ocean_menu_social_hover_links_color":"","ocean_disable_title":"default","ocean_disable_heading":"default","ocean_post_title":"","ocean_post_subheading":"","ocean_post_title_style":"","ocean_post_title_background_color":"","ocean_post_title_background":0,"ocean_post_title_bg_image_position":"","ocean_post_title_bg_image_attachment":"","ocean_post_title_bg_image_repeat":"","ocean_post_title_bg_image_size":"","ocean_post_title_height":0,"ocean_post_title_bg_overlay":0.5,"ocean_post_title_bg_overlay_color":"","ocean_disable_breadcrumbs":"default","ocean_breadcrumbs_color":"","ocean_breadcrumbs_separator_color":"","ocean_breadcrumbs_links_color":"","ocean_breadcrumbs_links_hover_color":"","ocean_display_footer_widgets":"default","ocean_display_footer_bottom":"default","ocean_custom_footer_template":"0","osh_disable_topbar_sticky":"default","osh_disable_header_sticky":"default","osh_sticky_header_style":"default","osh_sticky_header_effect":"","osh_custom_sticky_logo":0,"osh_custom_retina_sticky_logo":0,"osh_custom_sticky_logo_height":0,"osh_background_color":"","osh_links_color":"","osh_links_hover_color":"","osh_links_active_color":"","osh_links_bg_color":"","osh_links_hover_bg_color":"","osh_links_active_bg_color":"","osh_menu_social_links_color":"","osh_menu_social_hover_links_color":""},"product_brand":[],"product_cat":[42,41],"product_tag":[74,73,75],"class_list":{"0":"post-2437","1":"product","2":"type-product","3":"status-publish","4":"has-post-thumbnail","6":"product_cat-electric-progressive-pumps","7":"product_cat-progressive-grease-systems","8":"product_tag-automatic-lubrication-pump","9":"product_tag-electric-lubrication-pump","10":"product_tag-electric-lubrication-station","12":"entry","13":"has-media","15":"first","16":"instock","17":"shipping-taxable","18":"product-type-external","19":"col","20":"span_1_of_3","21":"owp-content-center","22":"owp-thumbs-layout-horizontal","23":"owp-btn-very-big","24":"owp-tabs-layout-horizontal"},"_links":{"self":[{"href":"https:\/\/www.jinpinlub.com\/es\/wp-json\/wp\/v2\/product\/2437","targetHints":{"allow":["GET"]}}],"collection":[{"href":"https:\/\/www.jinpinlub.com\/es\/wp-json\/wp\/v2\/product"}],"about":[{"href":"https:\/\/www.jinpinlub.com\/es\/wp-json\/wp\/v2\/types\/product"}],"wp:featuredmedia":[{"embeddable":true,"href":"https:\/\/www.jinpinlub.com\/es\/wp-json\/wp\/v2\/media\/2438"}],"wp:attachment":[{"href":"https:\/\/www.jinpinlub.com\/es\/wp-json\/wp\/v2\/media?parent=2437"}],"wp:term":[{"taxonomy":"product_brand","embeddable":true,"href":"https:\/\/www.jinpinlub.com\/es\/wp-json\/wp\/v2\/product_brand?post=2437"},{"taxonomy":"product_cat","embeddable":true,"href":"https:\/\/www.jinpinlub.com\/es\/wp-json\/wp\/v2\/product_cat?post=2437"},{"taxonomy":"product_tag","embeddable":true,"href":"https:\/\/www.jinpinlub.com\/es\/wp-json\/wp\/v2\/product_tag?post=2437"}],"curies":[{"name":"wp","href":"https:\/\/api.w.org\/{rel}","templated":true}]}}