{"id":2447,"date":"2024-07-16T20:25:08","date_gmt":"2024-07-16T20:25:08","guid":{"rendered":"https:\/\/www.jinpinlub.com\/?post_type=product&#038;p=2447"},"modified":"2024-08-06T09:30:27","modified_gmt":"2024-08-06T09:30:27","slug":"distribuidor-de-aceite-presurizado-de-alta-calidad-dpb1-para-bomba-de-volumen","status":"publish","type":"product","link":"https:\/\/www.jinpinlub.com\/es\/product\/dpb1-high-quality-pressurized-oil-distributor-for-volume-pump\/","title":{"rendered":"Distribuidor de aceite presurizado de alta calidad DPB1 para bomba de volumen"},"content":{"rendered":"<h2>Caracter\u00edsticas<\/h2>\n<p>1. Descarga precisa, se puede seleccionar seg\u00fan los requisitos del punto de lubricaci\u00f3n.<br \/>\n2. Se utiliza con una bomba volum\u00e9trica para descargar lubricante cuando la presi\u00f3n de salida de la bomba alcanza la presi\u00f3n del distribuidor.<br \/>\n3. El estilo est\u00e1ndar es tipo manguito, con conectores tipo manguito.<br \/>\n4. Se recomienda utilizar el conector de inserci\u00f3n r\u00e1pida con un tubo de nailon.<\/p>\n<h2>Especificaci\u00f3n<\/h2>\n<table>\n<tbody>\n<tr>\n<td>Principio de funcionamiento<\/td>\n<td>Distribuidor presurizado<\/td>\n<\/tr>\n<tr>\n<td>Puntos de venta<\/td>\n<td>2, 3, 4, 5, 6, 8 ,10<\/td>\n<\/tr>\n<tr>\n<td>Medici\u00f3n de la cantidad de aceite<\/td>\n<td>0,03, 0,06, 0,10, 0,16 ml\/ciclo<\/td>\n<\/tr>\n<tr>\n<td>Lubricante<\/td>\n<td>32~90 cSt a 40 \u00b0C (aceite), \u2264NLGI 0 (grasa)<\/td>\n<\/tr>\n<tr>\n<td>Temperatura de funcionamiento<\/td>\n<td>0 a +80 \u00b0C<\/td>\n<\/tr>\n<tr>\n<td>Presi\u00f3n de funcionamiento<\/td>\n<td>8~30 bar (aceite), 20~50 bar (grasa)<\/td>\n<\/tr>\n<tr>\n<td>Material<\/td>\n<td>Fundici\u00f3n a presi\u00f3n de zinc, lat\u00f3n<\/td>\n<\/tr>\n<tr>\n<td>Toma de conexi\u00f3n<\/td>\n<td>Entrada \u03a66 (M10x1), Salida \u03a64 (M8x1)<\/td>\n<\/tr>\n<tr>\n<td>Accesorios de salida<\/td>\n<td>Tipo de manga, tipo r\u00e1pido<\/td>\n<\/tr>\n<tr>\n<td>Posici\u00f3n de montaje<\/td>\n<td>Cualquier<\/td>\n<\/tr>\n<\/tbody>\n<\/table>\n<h2>Principio<\/h2>\n<p>1. El aceite bombeado empuja hacia arriba la v\u00e1lvula paraguas en el distribuidor.<br \/>\n2. Despu\u00e9s de que la v\u00e1lvula paraguas cierra el orificio central de la varilla central, la presi\u00f3n del aceite obliga al pist\u00f3n a elevarse contra la fuerza del resorte.<br \/>\ny descargar el aceite originalmente almacenado en la c\u00e1mara superior.<br \/>\n3. Cuando el pist\u00f3n se mueve hacia la parte superior de la c\u00e1mara de aceite, se completa la descarga de aceite.<br \/>\n4. Cuando la bomba deja de suministrar aceite, se activa la v\u00e1lvula de alivio de presi\u00f3n, la presi\u00f3n del sistema cae y el pist\u00f3n<br \/>\nEl aceite vuelve a su estado original gracias a la fuerza del resorte. Cuando la v\u00e1lvula de paraguas cierra la entrada de aceite, el pist\u00f3n presiona el aceite en la c\u00e1mara inferior para<br \/>\nla c\u00e1mara superior a trav\u00e9s del peque\u00f1o orificio de la varilla central, y el almacenamiento de aceite para el siguiente ciclo se completa.<\/p>\n<h2>Manuales<\/h2>\n<div class=\"sdm_download_button_box_default\"><div class=\"sdm_download_link\"><a href=\"https:\/\/www.jinpinlub.com\/es\/?sdm_process_download=1&download_id=2458\" class=\"sdm_download white\" title=\"Privado: DPB Lubrication Distributor\" target=\"&quot;_blank&quot;\">Ver Ficha T\u00e9cnica - Distribuidor DPB<\/a><\/div><\/div>","protected":false},"excerpt":{"rendered":"<p>El distribuidor presurizado DPB1 es un dispositivo utilizado en sistemas de lubricaci\u00f3n volum\u00e9trica, que se utiliza principalmente para controlar con precisi\u00f3n la distribuci\u00f3n de aceite lubricante. Por lo general, adopta una estructura de pist\u00f3n de resorte para lograr el almacenamiento y la descarga de aceite mediante la presurizaci\u00f3n y despresurizaci\u00f3n del sistema.<\/p>","protected":false},"featured_media":2448,"template":"","meta":{"ocean_post_layout":"","ocean_both_sidebars_style":"","ocean_both_sidebars_content_width":0,"ocean_both_sidebars_sidebars_width":0,"ocean_sidebar":"0","ocean_second_sidebar":"0","ocean_disable_margins":"enable","ocean_add_body_class":"","ocean_shortcode_before_top_bar":"","ocean_shortcode_after_top_bar":"","ocean_shortcode_before_header":"","ocean_shortcode_after_header":"","ocean_has_shortcode":"","ocean_shortcode_after_title":"","ocean_shortcode_before_footer_widgets":"","ocean_shortcode_after_footer_widgets":"","ocean_shortcode_before_footer_bottom":"","ocean_shortcode_after_footer_bottom":"","ocean_display_top_bar":"default","ocean_display_header":"default","ocean_header_style":"","ocean_center_header_left_menu":"0","ocean_custom_header_template":"0","ocean_custom_logo":0,"ocean_custom_retina_logo":0,"ocean_custom_logo_max_width":0,"ocean_custom_logo_tablet_max_width":0,"ocean_custom_logo_mobile_max_width":0,"ocean_custom_logo_max_height":0,"ocean_custom_logo_tablet_max_height":0,"ocean_custom_logo_mobile_max_height":0,"ocean_header_custom_menu":"0","ocean_menu_typo_font_family":"0","ocean_menu_typo_font_subset":"","ocean_menu_typo_font_size":0,"ocean_menu_typo_font_size_tablet":0,"ocean_menu_typo_font_size_mobile":0,"ocean_menu_typo_font_size_unit":"px","ocean_menu_typo_font_weight":"","ocean_menu_typo_font_weight_tablet":"","ocean_menu_typo_font_weight_mobile":"","ocean_menu_typo_transform":"","ocean_menu_typo_transform_tablet":"","ocean_menu_typo_transform_mobile":"","ocean_menu_typo_line_height":0,"ocean_menu_typo_line_height_tablet":0,"ocean_menu_typo_line_height_mobile":0,"ocean_menu_typo_line_height_unit":"","ocean_menu_typo_spacing":0,"ocean_menu_typo_spacing_tablet":0,"ocean_menu_typo_spacing_mobile":0,"ocean_menu_typo_spacing_unit":"","ocean_menu_link_color":"","ocean_menu_link_color_hover":"","ocean_menu_link_color_active":"","ocean_menu_link_background":"","ocean_menu_link_hover_background":"","ocean_menu_link_active_background":"","ocean_menu_social_links_bg":"","ocean_menu_social_hover_links_bg":"","ocean_menu_social_links_color":"","ocean_menu_social_hover_links_color":"","ocean_disable_title":"default","ocean_disable_heading":"default","ocean_post_title":"","ocean_post_subheading":"","ocean_post_title_style":"","ocean_post_title_background_color":"","ocean_post_title_background":0,"ocean_post_title_bg_image_position":"","ocean_post_title_bg_image_attachment":"","ocean_post_title_bg_image_repeat":"","ocean_post_title_bg_image_size":"","ocean_post_title_height":0,"ocean_post_title_bg_overlay":0.5,"ocean_post_title_bg_overlay_color":"","ocean_disable_breadcrumbs":"default","ocean_breadcrumbs_color":"","ocean_breadcrumbs_separator_color":"","ocean_breadcrumbs_links_color":"","ocean_breadcrumbs_links_hover_color":"","ocean_display_footer_widgets":"default","ocean_display_footer_bottom":"default","ocean_custom_footer_template":"0","osh_disable_topbar_sticky":"default","osh_disable_header_sticky":"default","osh_sticky_header_style":"default","osh_sticky_header_effect":"","osh_custom_sticky_logo":0,"osh_custom_retina_sticky_logo":0,"osh_custom_sticky_logo_height":0,"osh_background_color":"","osh_links_color":"","osh_links_hover_color":"","osh_links_active_color":"","osh_links_bg_color":"","osh_links_hover_bg_color":"","osh_links_active_bg_color":"","osh_menu_social_links_color":"","osh_menu_social_hover_links_color":""},"product_brand":[],"product_cat":[49,47],"product_tag":[81,80,79],"class_list":{"0":"post-2447","1":"product","2":"type-product","3":"status-publish","4":"has-post-thumbnail","6":"product_cat-volumetric-oil-injectors","7":"product_cat-volumetric-thin-oil-systems","8":"product_tag-pressurized-oil-distributor","9":"product_tag-volumetric-oil-distributor","10":"product_tag-volumetric-oil-injector","12":"entry","13":"has-media","15":"first","16":"instock","17":"shipping-taxable","18":"product-type-external","19":"col","20":"span_1_of_3","21":"owp-content-center","22":"owp-thumbs-layout-horizontal","23":"owp-btn-very-big","24":"owp-tabs-layout-horizontal"},"_links":{"self":[{"href":"https:\/\/www.jinpinlub.com\/es\/wp-json\/wp\/v2\/product\/2447","targetHints":{"allow":["GET"]}}],"collection":[{"href":"https:\/\/www.jinpinlub.com\/es\/wp-json\/wp\/v2\/product"}],"about":[{"href":"https:\/\/www.jinpinlub.com\/es\/wp-json\/wp\/v2\/types\/product"}],"wp:featuredmedia":[{"embeddable":true,"href":"https:\/\/www.jinpinlub.com\/es\/wp-json\/wp\/v2\/media\/2448"}],"wp:attachment":[{"href":"https:\/\/www.jinpinlub.com\/es\/wp-json\/wp\/v2\/media?parent=2447"}],"wp:term":[{"taxonomy":"product_brand","embeddable":true,"href":"https:\/\/www.jinpinlub.com\/es\/wp-json\/wp\/v2\/product_brand?post=2447"},{"taxonomy":"product_cat","embeddable":true,"href":"https:\/\/www.jinpinlub.com\/es\/wp-json\/wp\/v2\/product_cat?post=2447"},{"taxonomy":"product_tag","embeddable":true,"href":"https:\/\/www.jinpinlub.com\/es\/wp-json\/wp\/v2\/product_tag?post=2447"}],"curies":[{"name":"wp","href":"https:\/\/api.w.org\/{rel}","templated":true}]}}