{"id":2485,"date":"2024-07-17T02:49:22","date_gmt":"2024-07-17T02:49:22","guid":{"rendered":"https:\/\/www.jinpinlub.com\/?post_type=product&#038;p=2485"},"modified":"2024-07-17T04:02:47","modified_gmt":"2024-07-17T04:02:47","slug":"inyector-de-desplazamiento-positivo-lt-para-sistema-de-lubricacion-de-aceite","status":"publish","type":"product","link":"https:\/\/www.jinpinlub.com\/es\/product\/lt-positive-displacement-injector-for-oil-lubrication-system\/","title":{"rendered":"Inyector de desplazamiento positivo LT para sistema de lubricaci\u00f3n con aceite"},"content":{"rendered":"<h2>Caracter\u00edsticas<\/h2>\n<p>1. Debe estar equipado con una bomba de lubricaci\u00f3n de alivio de presi\u00f3n con una cantidad precisa de aceite, que se puede seleccionar seg\u00fan las necesidades.<br \/>\n2. Cada salida tiene una varilla indicadora para detecci\u00f3n visual y se puede seleccionar un interruptor de proximidad o un microinterruptor para la detecci\u00f3n de se\u00f1al.<br \/>\n3. El interruptor de proximidad est\u00e1ndar es un contacto normalmente cerrado, y tambi\u00e9n se puede seleccionar un contacto normalmente abierto.<br \/>\n4. El microinterruptor solo se puede instalar en la salida de 0,5 ml y los contactos NO y NC son opcionales.<br \/>\n5. El distribuidor LT est\u00e1ndar est\u00e1 equipado con un conector de f\u00e9rula y un conector de conexi\u00f3n r\u00e1pida es opcional.<\/p>\n<h2>Especificaci\u00f3n<\/h2>\n<table>\n<tbody>\n<tr>\n<td>Principio de funcionamiento<\/td>\n<td>Inyector de desplazamiento positivo<\/td>\n<\/tr>\n<tr>\n<td>Puntos de venta<\/td>\n<td>2, 3, 4, 5, 6, 7<\/td>\n<\/tr>\n<tr>\n<td>Medici\u00f3n de la cantidad de aceite<\/td>\n<td>0,1, 0,2, 0,3, 0,4, 0,5, 0,06 ml\/ciclo<\/td>\n<\/tr>\n<tr>\n<td>Lubricante<\/td>\n<td>32~90 cSt a 40 \u00b0C<\/td>\n<\/tr>\n<tr>\n<td>Temperatura de funcionamiento<\/td>\n<td>0 a +80 \u00b0C<\/td>\n<\/tr>\n<tr>\n<td>Presi\u00f3n de funcionamiento<\/td>\n<td>8 ~ 30 bares<\/td>\n<\/tr>\n<tr>\n<td>Material<\/td>\n<td>Fundici\u00f3n a presi\u00f3n de zinc, lat\u00f3n<\/td>\n<\/tr>\n<tr>\n<td>Toma de conexi\u00f3n<\/td>\n<td>Entrada \u03a66 (M10x1), Salida \u03a64 (M8x1)<\/td>\n<\/tr>\n<tr>\n<td>Accesorios de salida<\/td>\n<td>Tipo de manga, tipo r\u00e1pido<\/td>\n<\/tr>\n<tr>\n<td>Posici\u00f3n de montaje<\/td>\n<td>Cualquier<\/td>\n<\/tr>\n<\/tbody>\n<\/table>\n<h2>Principio<\/h2>\n<p>LT se basa principalmente en la acci\u00f3n del pist\u00f3n dosificador y la cooperaci\u00f3n de la v\u00e1lvula de dos v\u00edas en forma de paraguas. Cuando el aceite bombeado por la bomba de lubricaci\u00f3n se inyecta desde la tuber\u00eda principal, la v\u00e1lvula de dos v\u00edas en forma de paraguas se empuja, de modo que el aceite fluye hacia la c\u00e1mara del pist\u00f3n y se presiona a trav\u00e9s del paso. Bajo la acci\u00f3n del aceite a presi\u00f3n, el pist\u00f3n dosificador se mueve hacia abajo, acumula aceite y comprime el resorte. Cuando se libera la presi\u00f3n de aceite en la tuber\u00eda principal (es decir, alivio de presi\u00f3n), la v\u00e1lvula en forma de paraguas se mueve debido a la diferencia de presi\u00f3n y abre la salida al mismo tiempo, de modo que el aceite acumulado en la c\u00e1mara viva se env\u00eda al tubo de aceite a trav\u00e9s de la salida.<\/p>\n<h2>Manuales<\/h2>\n<div class=\"sdm_download_button_box_default\"><div class=\"sdm_download_link\"><a href=\"https:\/\/www.jinpinlub.com\/es\/?sdm_process_download=1&download_id=2475\" class=\"sdm_download white\" title=\"Privado: LT Pressure-relief Distributor\" target=\"&quot;_blank&quot;\">Ver hoja de datos - Distribuidor LT<\/a><\/div><\/div>","protected":false},"excerpt":{"rendered":"<p>Los distribuidores despresurizados LT se utilizan ampliamente en equipos industriales que requieren una lubricaci\u00f3n precisa, como equipos de proceso de laminaci\u00f3n en fr\u00edo, m\u00e1quinas de moldeo por inyecci\u00f3n, m\u00e1quinas de fundici\u00f3n a presi\u00f3n, etc. Requieren un suministro estable de aceite lubricante para garantizar un funcionamiento a largo plazo.<\/p>","protected":false},"featured_media":2490,"template":"","meta":{"ocean_post_layout":"","ocean_both_sidebars_style":"","ocean_both_sidebars_content_width":0,"ocean_both_sidebars_sidebars_width":0,"ocean_sidebar":"0","ocean_second_sidebar":"0","ocean_disable_margins":"enable","ocean_add_body_class":"","ocean_shortcode_before_top_bar":"","ocean_shortcode_after_top_bar":"","ocean_shortcode_before_header":"","ocean_shortcode_after_header":"","ocean_has_shortcode":"","ocean_shortcode_after_title":"","ocean_shortcode_before_footer_widgets":"","ocean_shortcode_after_footer_widgets":"","ocean_shortcode_before_footer_bottom":"","ocean_shortcode_after_footer_bottom":"","ocean_display_top_bar":"default","ocean_display_header":"default","ocean_header_style":"","ocean_center_header_left_menu":"0","ocean_custom_header_template":"0","ocean_custom_logo":0,"ocean_custom_retina_logo":0,"ocean_custom_logo_max_width":0,"ocean_custom_logo_tablet_max_width":0,"ocean_custom_logo_mobile_max_width":0,"ocean_custom_logo_max_height":0,"ocean_custom_logo_tablet_max_height":0,"ocean_custom_logo_mobile_max_height":0,"ocean_header_custom_menu":"0","ocean_menu_typo_font_family":"0","ocean_menu_typo_font_subset":"","ocean_menu_typo_font_size":0,"ocean_menu_typo_font_size_tablet":0,"ocean_menu_typo_font_size_mobile":0,"ocean_menu_typo_font_size_unit":"px","ocean_menu_typo_font_weight":"","ocean_menu_typo_font_weight_tablet":"","ocean_menu_typo_font_weight_mobile":"","ocean_menu_typo_transform":"","ocean_menu_typo_transform_tablet":"","ocean_menu_typo_transform_mobile":"","ocean_menu_typo_line_height":0,"ocean_menu_typo_line_height_tablet":0,"ocean_menu_typo_line_height_mobile":0,"ocean_menu_typo_line_height_unit":"","ocean_menu_typo_spacing":0,"ocean_menu_typo_spacing_tablet":0,"ocean_menu_typo_spacing_mobile":0,"ocean_menu_typo_spacing_unit":"","ocean_menu_link_color":"","ocean_menu_link_color_hover":"","ocean_menu_link_color_active":"","ocean_menu_link_background":"","ocean_menu_link_hover_background":"","ocean_menu_link_active_background":"","ocean_menu_social_links_bg":"","ocean_menu_social_hover_links_bg":"","ocean_menu_social_links_color":"","ocean_menu_social_hover_links_color":"","ocean_disable_title":"default","ocean_disable_heading":"default","ocean_post_title":"","ocean_post_subheading":"","ocean_post_title_style":"","ocean_post_title_background_color":"","ocean_post_title_background":0,"ocean_post_title_bg_image_position":"","ocean_post_title_bg_image_attachment":"","ocean_post_title_bg_image_repeat":"","ocean_post_title_bg_image_size":"","ocean_post_title_height":0,"ocean_post_title_bg_overlay":0.5,"ocean_post_title_bg_overlay_color":"","ocean_disable_breadcrumbs":"default","ocean_breadcrumbs_color":"","ocean_breadcrumbs_separator_color":"","ocean_breadcrumbs_links_color":"","ocean_breadcrumbs_links_hover_color":"","ocean_display_footer_widgets":"default","ocean_display_footer_bottom":"default","ocean_custom_footer_template":"0","osh_disable_topbar_sticky":"default","osh_disable_header_sticky":"default","osh_sticky_header_style":"default","osh_sticky_header_effect":"","osh_custom_sticky_logo":0,"osh_custom_retina_sticky_logo":0,"osh_custom_sticky_logo_height":0,"osh_background_color":"","osh_links_color":"","osh_links_hover_color":"","osh_links_active_color":"","osh_links_bg_color":"","osh_links_hover_bg_color":"","osh_links_active_bg_color":"","osh_menu_social_links_color":"","osh_menu_social_hover_links_color":""},"product_brand":[],"product_cat":[49,47],"product_tag":[82,83,84],"class_list":{"0":"post-2485","1":"product","2":"type-product","3":"status-publish","4":"has-post-thumbnail","6":"product_cat-volumetric-oil-injectors","7":"product_cat-volumetric-thin-oil-systems","8":"product_tag-positive-displacement-injector","9":"product_tag-pressure-relief-distributor","10":"product_tag-volumetric-distributor","12":"entry","13":"has-media","15":"first","16":"instock","17":"shipping-taxable","18":"product-type-external","19":"col","20":"span_1_of_3","21":"owp-content-center","22":"owp-thumbs-layout-horizontal","23":"owp-btn-very-big","24":"owp-tabs-layout-horizontal"},"_links":{"self":[{"href":"https:\/\/www.jinpinlub.com\/es\/wp-json\/wp\/v2\/product\/2485","targetHints":{"allow":["GET"]}}],"collection":[{"href":"https:\/\/www.jinpinlub.com\/es\/wp-json\/wp\/v2\/product"}],"about":[{"href":"https:\/\/www.jinpinlub.com\/es\/wp-json\/wp\/v2\/types\/product"}],"wp:featuredmedia":[{"embeddable":true,"href":"https:\/\/www.jinpinlub.com\/es\/wp-json\/wp\/v2\/media\/2490"}],"wp:attachment":[{"href":"https:\/\/www.jinpinlub.com\/es\/wp-json\/wp\/v2\/media?parent=2485"}],"wp:term":[{"taxonomy":"product_brand","embeddable":true,"href":"https:\/\/www.jinpinlub.com\/es\/wp-json\/wp\/v2\/product_brand?post=2485"},{"taxonomy":"product_cat","embeddable":true,"href":"https:\/\/www.jinpinlub.com\/es\/wp-json\/wp\/v2\/product_cat?post=2485"},{"taxonomy":"product_tag","embeddable":true,"href":"https:\/\/www.jinpinlub.com\/es\/wp-json\/wp\/v2\/product_tag?post=2485"}],"curies":[{"name":"wp","href":"https:\/\/api.w.org\/{rel}","templated":true}]}}