{"id":2494,"date":"2024-07-17T08:36:45","date_gmt":"2024-07-17T08:36:45","guid":{"rendered":"https:\/\/www.jinpinlub.com\/?post_type=product&#038;p=2494"},"modified":"2024-08-06T18:08:15","modified_gmt":"2024-08-06T18:08:15","slug":"distribuidor-de-alivio-de-presion-mgk-para-sistema-de-grasa-de-linea-unica","status":"publish","type":"product","link":"https:\/\/www.jinpinlub.com\/es\/product\/mgk-pressure-relief-distributor-for-single-line-grease-system\/","title":{"rendered":"Distribuidor de alivio de presi\u00f3n MGK para sistema de grasa de l\u00ednea \u00fanica"},"content":{"rendered":"<h2>Caracter\u00edsticas<\/h2>\n<p>1. V\u00e1lvula dosificadora cuantitativa presurizada, de tipo de acci\u00f3n de presi\u00f3n directa.<br \/>\nEl aceite a presi\u00f3n suministrado por la bomba empuja el pist\u00f3n integrado en la v\u00e1lvula dosificadora para que se mueva, forzando as\u00ed a descargar el lubricante cuantitativo.<br \/>\nCuando la bomba deja de funcionar, el pist\u00f3n de la parte dosificadora se restablece bajo la acci\u00f3n de la fuerza del resorte, es decir, se almacena el lubricante cuantitativo.<br \/>\n2. Descarga precisa, la parte de medici\u00f3n se descarga solo una vez en un ciclo y la distancia entre ellos en el sistema, ya sea lejos, cerca, alto o bajo, instalaci\u00f3n horizontal o vertical, no tiene efecto en la descarga.<br \/>\n3. Descarga forzada, acci\u00f3n sensible. Se utilizan dos sellos para evitar que el agua descargada fluya hacia atr\u00e1s.<br \/>\n4. Las v\u00e1lvulas dosificadoras se pueden seleccionar en funci\u00f3n de las necesidades de cada punto de lubricaci\u00f3n y se pueden utilizar en combinaci\u00f3n con la uni\u00f3n MGJ, ya sea en serie o en paralelo.<br \/>\n5. Tipo de manguito: el tubo de nailon de \u03a64 debe combinarse con la junta PA-4 y la f\u00e9rula de doble cono PB-4. Tipo de conexi\u00f3n r\u00e1pida: se puede insertar un tubo de nailon de \u03a64.<br \/>\n6. Aplicable a grasa NLGI 000#, 00#.<\/p>\n<h2>Especificaci\u00f3n<\/h2>\n<table>\n<tbody>\n<tr>\n<td>Principio de funcionamiento<\/td>\n<td>V\u00e1lvula dosificadora de alivio de presi\u00f3n<\/td>\n<\/tr>\n<tr>\n<td>N\u00famero de puntos de venta<\/td>\n<td>1, 2, 3, 4, 5<\/td>\n<\/tr>\n<tr>\n<td>Cantidad de medici\u00f3n<\/td>\n<td>0,03, 0,05, 0,13, 0,20, 0,30, 0,50 ml\/ciclo<\/td>\n<\/tr>\n<tr>\n<td>Lubricante<\/td>\n<td>Grasa NLGI 000#, 00#.<\/td>\n<\/tr>\n<tr>\n<td>Temperatura de funcionamiento<\/td>\n<td>0 a +80 \u00b0C<\/td>\n<\/tr>\n<tr>\n<td>Presi\u00f3n de funcionamiento<\/td>\n<td>0,5 ~ 1,5 MPa<\/td>\n<\/tr>\n<tr>\n<td>Material<\/td>\n<td>Cobre, aleaci\u00f3n de aluminio<\/td>\n<\/tr>\n<tr>\n<td>Toma de conexi\u00f3n<\/td>\n<td>Entrada Rc1\/8, Salida \u03a64(Rc1\/8)<\/td>\n<\/tr>\n<tr>\n<td>Accesorios de salida<\/td>\n<td>Tipo de manga, tipo r\u00e1pido<\/td>\n<\/tr>\n<tr>\n<td>Posici\u00f3n de montaje<\/td>\n<td>Cualquier<\/td>\n<\/tr>\n<\/tbody>\n<\/table>\n<h2>Solicitud<\/h2>\n<p>Los distribuidores especiales del sistema de lubricaci\u00f3n con grasa de alivio de presi\u00f3n de l\u00ednea \u00fanica se utilizan ampliamente en equipos mec\u00e1nicos que requieren una lubricaci\u00f3n precisa, como maquinaria de construcci\u00f3n, maquinaria minera, fabricaci\u00f3n de autom\u00f3viles, etc. Son particularmente adecuados para aquellas ocasiones en las que hay muchos puntos de lubricaci\u00f3n y es necesario asegurar que cada punto pueda lubricarse adecuadamente.<\/p>\n<h2>Manuales<\/h2>\n<div class=\"sdm_download_button_box_default\"><div class=\"sdm_download_link\"><a href=\"https:\/\/www.jinpinlub.com\/es\/?sdm_process_download=1&download_id=2470\" class=\"sdm_download white\" title=\"Privado: MGK Metering Valve\" target=\"&quot;_blank&quot;\">Ver hoja de datos - V\u00e1lvula dosificadora MGK<\/a><\/div><\/div>","protected":false},"excerpt":{"rendered":"<p>El distribuidor de grasa de alivio de presi\u00f3n de l\u00ednea \u00fanica MGK suministra lubricante a varios puntos de lubricaci\u00f3n a trav\u00e9s de una sola l\u00ednea de suministro. Cada distribuidor puede controlar con precisi\u00f3n la cantidad de lubricante para garantizar el funcionamiento y el mantenimiento normales del equipo.<\/p>","protected":false},"featured_media":2495,"template":"","meta":{"ocean_post_layout":"","ocean_both_sidebars_style":"","ocean_both_sidebars_content_width":0,"ocean_both_sidebars_sidebars_width":0,"ocean_sidebar":"0","ocean_second_sidebar":"0","ocean_disable_margins":"enable","ocean_add_body_class":"","ocean_shortcode_before_top_bar":"","ocean_shortcode_after_top_bar":"","ocean_shortcode_before_header":"","ocean_shortcode_after_header":"","ocean_has_shortcode":"","ocean_shortcode_after_title":"","ocean_shortcode_before_footer_widgets":"","ocean_shortcode_after_footer_widgets":"","ocean_shortcode_before_footer_bottom":"","ocean_shortcode_after_footer_bottom":"","ocean_display_top_bar":"default","ocean_display_header":"default","ocean_header_style":"","ocean_center_header_left_menu":"0","ocean_custom_header_template":"0","ocean_custom_logo":0,"ocean_custom_retina_logo":0,"ocean_custom_logo_max_width":0,"ocean_custom_logo_tablet_max_width":0,"ocean_custom_logo_mobile_max_width":0,"ocean_custom_logo_max_height":0,"ocean_custom_logo_tablet_max_height":0,"ocean_custom_logo_mobile_max_height":0,"ocean_header_custom_menu":"0","ocean_menu_typo_font_family":"0","ocean_menu_typo_font_subset":"","ocean_menu_typo_font_size":0,"ocean_menu_typo_font_size_tablet":0,"ocean_menu_typo_font_size_mobile":0,"ocean_menu_typo_font_size_unit":"px","ocean_menu_typo_font_weight":"","ocean_menu_typo_font_weight_tablet":"","ocean_menu_typo_font_weight_mobile":"","ocean_menu_typo_transform":"","ocean_menu_typo_transform_tablet":"","ocean_menu_typo_transform_mobile":"","ocean_menu_typo_line_height":0,"ocean_menu_typo_line_height_tablet":0,"ocean_menu_typo_line_height_mobile":0,"ocean_menu_typo_line_height_unit":"","ocean_menu_typo_spacing":0,"ocean_menu_typo_spacing_tablet":0,"ocean_menu_typo_spacing_mobile":0,"ocean_menu_typo_spacing_unit":"","ocean_menu_link_color":"","ocean_menu_link_color_hover":"","ocean_menu_link_color_active":"","ocean_menu_link_background":"","ocean_menu_link_hover_background":"","ocean_menu_link_active_background":"","ocean_menu_social_links_bg":"","ocean_menu_social_hover_links_bg":"","ocean_menu_social_links_color":"","ocean_menu_social_hover_links_color":"","ocean_disable_title":"default","ocean_disable_heading":"default","ocean_post_title":"","ocean_post_subheading":"","ocean_post_title_style":"","ocean_post_title_background_color":"","ocean_post_title_background":0,"ocean_post_title_bg_image_position":"","ocean_post_title_bg_image_attachment":"","ocean_post_title_bg_image_repeat":"","ocean_post_title_bg_image_size":"","ocean_post_title_height":0,"ocean_post_title_bg_overlay":0.5,"ocean_post_title_bg_overlay_color":"","ocean_disable_breadcrumbs":"default","ocean_breadcrumbs_color":"","ocean_breadcrumbs_separator_color":"","ocean_breadcrumbs_links_color":"","ocean_breadcrumbs_links_hover_color":"","ocean_display_footer_widgets":"default","ocean_display_footer_bottom":"default","ocean_custom_footer_template":"0","osh_disable_topbar_sticky":"default","osh_disable_header_sticky":"default","osh_sticky_header_style":"default","osh_sticky_header_effect":"","osh_custom_sticky_logo":0,"osh_custom_retina_sticky_logo":0,"osh_custom_sticky_logo_height":0,"osh_background_color":"","osh_links_color":"","osh_links_hover_color":"","osh_links_active_color":"","osh_links_bg_color":"","osh_links_hover_bg_color":"","osh_links_active_bg_color":"","osh_menu_social_links_color":"","osh_menu_social_hover_links_color":""},"product_brand":[],"product_cat":[40,37],"product_tag":[87,85,86],"class_list":{"0":"post-2494","1":"product","2":"type-product","3":"status-publish","4":"has-post-thumbnail","6":"product_cat-pressure-relief-metering-valves","7":"product_cat-single-line-grease-systems","8":"product_tag-grease-distributor","9":"product_tag-pressure-relief-metering-valve","10":"product_tag-single-line-distributor","12":"entry","13":"has-media","15":"first","16":"instock","17":"shipping-taxable","18":"product-type-external","19":"col","20":"span_1_of_3","21":"owp-content-center","22":"owp-thumbs-layout-horizontal","23":"owp-btn-very-big","24":"owp-tabs-layout-horizontal"},"_links":{"self":[{"href":"https:\/\/www.jinpinlub.com\/es\/wp-json\/wp\/v2\/product\/2494","targetHints":{"allow":["GET"]}}],"collection":[{"href":"https:\/\/www.jinpinlub.com\/es\/wp-json\/wp\/v2\/product"}],"about":[{"href":"https:\/\/www.jinpinlub.com\/es\/wp-json\/wp\/v2\/types\/product"}],"wp:featuredmedia":[{"embeddable":true,"href":"https:\/\/www.jinpinlub.com\/es\/wp-json\/wp\/v2\/media\/2495"}],"wp:attachment":[{"href":"https:\/\/www.jinpinlub.com\/es\/wp-json\/wp\/v2\/media?parent=2494"}],"wp:term":[{"taxonomy":"product_brand","embeddable":true,"href":"https:\/\/www.jinpinlub.com\/es\/wp-json\/wp\/v2\/product_brand?post=2494"},{"taxonomy":"product_cat","embeddable":true,"href":"https:\/\/www.jinpinlub.com\/es\/wp-json\/wp\/v2\/product_cat?post=2494"},{"taxonomy":"product_tag","embeddable":true,"href":"https:\/\/www.jinpinlub.com\/es\/wp-json\/wp\/v2\/product_tag?post=2494"}],"curies":[{"name":"wp","href":"https:\/\/api.w.org\/{rel}","templated":true}]}}