{"id":2499,"date":"2024-07-17T09:21:57","date_gmt":"2024-07-17T09:21:57","guid":{"rendered":"https:\/\/www.jinpinlub.com\/?post_type=product&#038;p=2499"},"modified":"2024-08-06T09:30:11","modified_gmt":"2024-08-06T09:30:11","slug":"manguito-roscado-para-manguera-de-alta-presion-kf300-kd-kh","status":"publish","type":"product","link":"https:\/\/www.jinpinlub.com\/es\/product\/kd-kh-hose-stud-threaded-sleeve-for-high-pressure-hose-kf300\/","title":{"rendered":"Manguito roscado para manguera de alta presi\u00f3n KD KH KF300"},"content":{"rendered":"<h2>Caracter\u00edsticas<\/h2>\n<p>Los manguitos roscados y los esp\u00e1rragos para mangueras de alta presi\u00f3n como la KF300 son componentes esenciales en diversas aplicaciones industriales. Estos accesorios garantizan una conexi\u00f3n segura y herm\u00e9tica, capaz de soportar altas presiones. Se utilizan a menudo en sistemas que requieren conexiones fiables y duraderas, como sistemas hidr\u00e1ulicos, sistemas de lubricaci\u00f3n y otras aplicaciones de alta presi\u00f3n.<\/p>\n<h2>Especificaci\u00f3n<\/h2>\n<table>\n<tbody>\n<tr>\n<td>Manguera a juego<\/td>\n<td>Manguera de resina para grasa de alta presi\u00f3n<\/td>\n<\/tr>\n<tr>\n<td>Temperatura de funcionamiento<\/td>\n<td>(-40\u2103 a +80 \u00b0C)<\/td>\n<\/tr>\n<tr>\n<td>Presi\u00f3n de funcionamiento<\/td>\n<td>84 MPa m\u00e1x.<\/td>\n<\/tr>\n<tr>\n<td>Material<\/td>\n<td>Acero inoxidable o acero galvanizado<\/td>\n<\/tr>\n<tr>\n<td>Conexi\u00f3n<\/td>\n<td>Manguera de \u03a64, \u03a66, \u03a68<\/td>\n<\/tr>\n<tr>\n<td>Tipo de forma<\/td>\n<td>Recto o en \u00e1ngulo recto<\/td>\n<\/tr>\n<tr>\n<td>Posici\u00f3n de montaje<\/td>\n<td>Cualquier<\/td>\n<\/tr>\n<\/tbody>\n<\/table>\n<h2>Precauci\u00f3n<\/h2>\n<p>Aseg\u00farese de que la manguera y los pernos de la manguera funcionen bajo la presi\u00f3n de trabajo especificada. En el caso de las mangueras que se usan con frecuencia y que suelen doblarse y torcerse, la presi\u00f3n de trabajo debe reducirse adecuadamente.<br \/>\nPreste atenci\u00f3n a la temperatura del fluido y a la temperatura ambiente, y evite temperaturas inferiores o superiores a la temperatura recomendada de la manguera.<br \/>\nAseg\u00farese de que el lubricante de la manguera sea compatible con el material de la manguera para evitar da\u00f1os qu\u00edmicos a la manguera.<\/p>\n<h2>Manuales<\/h2>\n<div class=\"sdm_download_button_box_default\"><div class=\"sdm_download_link\"><a href=\"https:\/\/www.jinpinlub.com\/es\/?sdm_process_download=1&download_id=2460\" class=\"sdm_download white\" title=\"Privado: HGH High Pressure Hose\" target=\"&quot;_blank&quot;\">Ver hoja de datos - Manguera HGH<\/a><\/div><\/div>","protected":false},"excerpt":{"rendered":"<p>El n\u00facleo de expansi\u00f3n es una herramienta especial para la conexi\u00f3n de mangueras de alta presi\u00f3n. Su funci\u00f3n principal es garantizar una conexi\u00f3n herm\u00e9tica entre la manguera y el conector mediante expansi\u00f3n mec\u00e1nica, evitando as\u00ed fugas y mejorando la seguridad y confiabilidad del sistema.<\/p>","protected":false},"featured_media":2500,"template":"","meta":{"ocean_post_layout":"","ocean_both_sidebars_style":"","ocean_both_sidebars_content_width":0,"ocean_both_sidebars_sidebars_width":0,"ocean_sidebar":"0","ocean_second_sidebar":"0","ocean_disable_margins":"enable","ocean_add_body_class":"","ocean_shortcode_before_top_bar":"","ocean_shortcode_after_top_bar":"","ocean_shortcode_before_header":"","ocean_shortcode_after_header":"","ocean_has_shortcode":"","ocean_shortcode_after_title":"","ocean_shortcode_before_footer_widgets":"","ocean_shortcode_after_footer_widgets":"","ocean_shortcode_before_footer_bottom":"","ocean_shortcode_after_footer_bottom":"","ocean_display_top_bar":"default","ocean_display_header":"default","ocean_header_style":"","ocean_center_header_left_menu":"0","ocean_custom_header_template":"0","ocean_custom_logo":0,"ocean_custom_retina_logo":0,"ocean_custom_logo_max_width":0,"ocean_custom_logo_tablet_max_width":0,"ocean_custom_logo_mobile_max_width":0,"ocean_custom_logo_max_height":0,"ocean_custom_logo_tablet_max_height":0,"ocean_custom_logo_mobile_max_height":0,"ocean_header_custom_menu":"0","ocean_menu_typo_font_family":"0","ocean_menu_typo_font_subset":"","ocean_menu_typo_font_size":0,"ocean_menu_typo_font_size_tablet":0,"ocean_menu_typo_font_size_mobile":0,"ocean_menu_typo_font_size_unit":"px","ocean_menu_typo_font_weight":"","ocean_menu_typo_font_weight_tablet":"","ocean_menu_typo_font_weight_mobile":"","ocean_menu_typo_transform":"","ocean_menu_typo_transform_tablet":"","ocean_menu_typo_transform_mobile":"","ocean_menu_typo_line_height":0,"ocean_menu_typo_line_height_tablet":0,"ocean_menu_typo_line_height_mobile":0,"ocean_menu_typo_line_height_unit":"","ocean_menu_typo_spacing":0,"ocean_menu_typo_spacing_tablet":0,"ocean_menu_typo_spacing_mobile":0,"ocean_menu_typo_spacing_unit":"","ocean_menu_link_color":"","ocean_menu_link_color_hover":"","ocean_menu_link_color_active":"","ocean_menu_link_background":"","ocean_menu_link_hover_background":"","ocean_menu_link_active_background":"","ocean_menu_social_links_bg":"","ocean_menu_social_hover_links_bg":"","ocean_menu_social_links_color":"","ocean_menu_social_hover_links_color":"","ocean_disable_title":"default","ocean_disable_heading":"default","ocean_post_title":"","ocean_post_subheading":"","ocean_post_title_style":"","ocean_post_title_background_color":"","ocean_post_title_background":0,"ocean_post_title_bg_image_position":"","ocean_post_title_bg_image_attachment":"","ocean_post_title_bg_image_repeat":"","ocean_post_title_bg_image_size":"","ocean_post_title_height":0,"ocean_post_title_bg_overlay":0.5,"ocean_post_title_bg_overlay_color":"","ocean_disable_breadcrumbs":"default","ocean_breadcrumbs_color":"","ocean_breadcrumbs_separator_color":"","ocean_breadcrumbs_links_color":"","ocean_breadcrumbs_links_hover_color":"","ocean_display_footer_widgets":"default","ocean_display_footer_bottom":"default","ocean_custom_footer_template":"0","osh_disable_topbar_sticky":"default","osh_disable_header_sticky":"default","osh_sticky_header_style":"default","osh_sticky_header_effect":"","osh_custom_sticky_logo":0,"osh_custom_retina_sticky_logo":0,"osh_custom_sticky_logo_height":0,"osh_background_color":"","osh_links_color":"","osh_links_hover_color":"","osh_links_active_color":"","osh_links_bg_color":"","osh_links_hover_bg_color":"","osh_links_active_bg_color":"","osh_menu_social_links_color":"","osh_menu_social_hover_links_color":""},"product_brand":[],"product_cat":[31],"product_tag":[90,88,89],"class_list":{"0":"post-2499","1":"product","2":"type-product","3":"status-publish","4":"has-post-thumbnail","6":"product_cat-lube-system-accessories","7":"product_tag-hose-expansion-core","8":"product_tag-hose-threaded-sleeve","9":"product_tag-kf300-hose-stud","11":"entry","12":"has-media","14":"first","15":"instock","16":"shipping-taxable","17":"product-type-external","18":"col","19":"span_1_of_3","20":"owp-content-center","21":"owp-thumbs-layout-horizontal","22":"owp-btn-very-big","23":"owp-tabs-layout-horizontal"},"_links":{"self":[{"href":"https:\/\/www.jinpinlub.com\/es\/wp-json\/wp\/v2\/product\/2499","targetHints":{"allow":["GET"]}}],"collection":[{"href":"https:\/\/www.jinpinlub.com\/es\/wp-json\/wp\/v2\/product"}],"about":[{"href":"https:\/\/www.jinpinlub.com\/es\/wp-json\/wp\/v2\/types\/product"}],"wp:featuredmedia":[{"embeddable":true,"href":"https:\/\/www.jinpinlub.com\/es\/wp-json\/wp\/v2\/media\/2500"}],"wp:attachment":[{"href":"https:\/\/www.jinpinlub.com\/es\/wp-json\/wp\/v2\/media?parent=2499"}],"wp:term":[{"taxonomy":"product_brand","embeddable":true,"href":"https:\/\/www.jinpinlub.com\/es\/wp-json\/wp\/v2\/product_brand?post=2499"},{"taxonomy":"product_cat","embeddable":true,"href":"https:\/\/www.jinpinlub.com\/es\/wp-json\/wp\/v2\/product_cat?post=2499"},{"taxonomy":"product_tag","embeddable":true,"href":"https:\/\/www.jinpinlub.com\/es\/wp-json\/wp\/v2\/product_tag?post=2499"}],"curies":[{"name":"wp","href":"https:\/\/api.w.org\/{rel}","templated":true}]}}