{"id":2504,"date":"2024-07-17T10:01:41","date_gmt":"2024-07-17T10:01:41","guid":{"rendered":"https:\/\/www.jinpinlub.com\/?post_type=product&#038;p=2504"},"modified":"2024-08-02T09:06:45","modified_gmt":"2024-08-02T09:06:45","slug":"bomba-de-lubricacion-con-grasa-electrica-j200-para-una-lubricacion-precisa","status":"publish","type":"product","link":"https:\/\/www.jinpinlub.com\/es\/product\/j200-electric-grease-lubrication-pump-for-accurate-lubrication\/","title":{"rendered":"Bomba de lubricaci\u00f3n con grasa el\u00e9ctrica J100 para una lubricaci\u00f3n precisa"},"content":{"rendered":"<h2>Caracter\u00edsticas<\/h2>\n<p>La bomba de lubricaci\u00f3n P100 es una bomba el\u00e9ctrica compacta adecuada para aceite y grasa. Tiene una funci\u00f3n de alivio de presi\u00f3n integrada y puede satisfacer las necesidades de los sistemas de lubricaci\u00f3n de l\u00ednea \u00fanica o progresivos. La bomba de lubricaci\u00f3n ECP requiere una fuente de alimentaci\u00f3n de 24 V CC y puede controlarse mediante el controlador l\u00f3gico programable (PLC) de la m\u00e1quina. Adem\u00e1s, la bomba proporciona un interruptor para iniciar manualmente ciclos de lubricaci\u00f3n adicionales y un interruptor de nivel integrado opcional para monitorear el nivel del tanque de aceite o el cartucho de grasa.<br \/>\nLas principales caracter\u00edsticas de la bomba de lubricaci\u00f3n P100 incluyen la reducci\u00f3n de tiempos de inactividad no planificados, la ampliaci\u00f3n de los intervalos de mantenimiento, la minimizaci\u00f3n del impacto ambiental mediante el uso eficiente de lubricantes y la reducci\u00f3n del riesgo de utilizar lubricantes incorrectos o contaminados. Tambi\u00e9n tiene un voltaje de funcionamiento de 24 V CC que ahorra energ\u00eda y es f\u00e1cil de instalar y operar.<\/p>\n<h2>Especificaci\u00f3n<\/h2>\n<table>\n<tbody>\n<tr>\n<td>Temperatura de funcionamiento<\/td>\n<td>0 ~ +50 \u00b0C<\/td>\n<\/tr>\n<tr>\n<td>N\u00famero de puntos de venta<\/td>\n<td>1, 2<\/td>\n<\/tr>\n<tr>\n<td>Capacidad del dep\u00f3sito<\/td>\n<td>0,3 L, 1,5 L (dep\u00f3sito), 0,3 L, 0,7 L (cartucho)<\/td>\n<\/tr>\n<tr>\n<td>Recarga<\/td>\n<td>Accesorio de lubricaci\u00f3n hidr\u00e1ulica<\/td>\n<\/tr>\n<tr>\n<td>Lubricante<\/td>\n<td>Grasas grado NLGI 000~2#<\/td>\n<\/tr>\n<tr>\n<td>Clase de protecci\u00f3n<\/td>\n<td>IP54<\/td>\n<\/tr>\n<tr>\n<td>Descargar<\/td>\n<td>15 ml\/min<\/td>\n<\/tr>\n<tr>\n<td>Presi\u00f3n m\u00e1xima de funcionamiento<\/td>\n<td>8 MPa<\/td>\n<\/tr>\n<tr>\n<td>Hilo de conexi\u00f3n<\/td>\n<td>\u03a66 o \u03a68<\/td>\n<\/tr>\n<tr>\n<td>Voltaje de funcionamiento<\/td>\n<td>24 V CC<\/td>\n<\/tr>\n<tr>\n<td>Proceso de dar un t\u00edtulo<\/td>\n<td>CE<\/td>\n<\/tr>\n<tr>\n<td>Posici\u00f3n de montaje<\/td>\n<td>Vertical<\/td>\n<\/tr>\n<\/tbody>\n<\/table>\n<h2>Aplicaciones<\/h2>\n<p>La bomba de lubricaci\u00f3n P100 se utiliza ampliamente en m\u00e1quinas de moldeo por inyecci\u00f3n, autom\u00f3viles, ascensores y sistemas de elevaci\u00f3n, transporte de materiales, robots industriales, m\u00e1quinas herramienta, gu\u00edas lineales y equipos de automatizaci\u00f3n. En estos escenarios de aplicaci\u00f3n, el sistema de lubricaci\u00f3n P100 garantiza un funcionamiento eficiente y una larga vida \u00fatil del equipo al proporcionar una soluci\u00f3n de lubricaci\u00f3n confiable y adaptable.<\/p>\n<h2>Manuales<\/h2>\n<div class=\"sdm_download_button_box_default\"><div class=\"sdm_download_link\"><a href=\"https:\/\/www.jinpinlub.com\/es\/?sdm_process_download=1&download_id=2462\" class=\"sdm_download white\" title=\"Privado: J100 Grease Pump\" target=\"&quot;_blank&quot;\">Ver hoja de datos - Bomba de grasa J100<\/a><\/div><\/div>","protected":false},"excerpt":{"rendered":"<p>La bomba de lubricaci\u00f3n P100 est\u00e1 dise\u00f1ada para ser flexible y ofrece un dep\u00f3sito de lubricante de 0,3 L a 1,5 L o cartuchos de grasa est\u00e1ndar de 300 o 700 ml f\u00e1cilmente reemplazables. Grasas de NLGI 000# a 2#. La bomba tiene dos salidas y puede abastecer dos l\u00edneas de lubricaci\u00f3n al mismo tiempo.<\/p>","protected":false},"featured_media":2509,"template":"","meta":{"ocean_post_layout":"","ocean_both_sidebars_style":"","ocean_both_sidebars_content_width":0,"ocean_both_sidebars_sidebars_width":0,"ocean_sidebar":"0","ocean_second_sidebar":"0","ocean_disable_margins":"enable","ocean_add_body_class":"","ocean_shortcode_before_top_bar":"","ocean_shortcode_after_top_bar":"","ocean_shortcode_before_header":"","ocean_shortcode_after_header":"","ocean_has_shortcode":"","ocean_shortcode_after_title":"","ocean_shortcode_before_footer_widgets":"","ocean_shortcode_after_footer_widgets":"","ocean_shortcode_before_footer_bottom":"","ocean_shortcode_after_footer_bottom":"","ocean_display_top_bar":"default","ocean_display_header":"default","ocean_header_style":"","ocean_center_header_left_menu":"0","ocean_custom_header_template":"0","ocean_custom_logo":0,"ocean_custom_retina_logo":0,"ocean_custom_logo_max_width":0,"ocean_custom_logo_tablet_max_width":0,"ocean_custom_logo_mobile_max_width":0,"ocean_custom_logo_max_height":0,"ocean_custom_logo_tablet_max_height":0,"ocean_custom_logo_mobile_max_height":0,"ocean_header_custom_menu":"0","ocean_menu_typo_font_family":"0","ocean_menu_typo_font_subset":"","ocean_menu_typo_font_size":0,"ocean_menu_typo_font_size_tablet":0,"ocean_menu_typo_font_size_mobile":0,"ocean_menu_typo_font_size_unit":"px","ocean_menu_typo_font_weight":"","ocean_menu_typo_font_weight_tablet":"","ocean_menu_typo_font_weight_mobile":"","ocean_menu_typo_transform":"","ocean_menu_typo_transform_tablet":"","ocean_menu_typo_transform_mobile":"","ocean_menu_typo_line_height":0,"ocean_menu_typo_line_height_tablet":0,"ocean_menu_typo_line_height_mobile":0,"ocean_menu_typo_line_height_unit":"","ocean_menu_typo_spacing":0,"ocean_menu_typo_spacing_tablet":0,"ocean_menu_typo_spacing_mobile":0,"ocean_menu_typo_spacing_unit":"","ocean_menu_link_color":"","ocean_menu_link_color_hover":"","ocean_menu_link_color_active":"","ocean_menu_link_background":"","ocean_menu_link_hover_background":"","ocean_menu_link_active_background":"","ocean_menu_social_links_bg":"","ocean_menu_social_hover_links_bg":"","ocean_menu_social_links_color":"","ocean_menu_social_hover_links_color":"","ocean_disable_title":"default","ocean_disable_heading":"default","ocean_post_title":"","ocean_post_subheading":"","ocean_post_title_style":"","ocean_post_title_background_color":"","ocean_post_title_background":0,"ocean_post_title_bg_image_position":"","ocean_post_title_bg_image_attachment":"","ocean_post_title_bg_image_repeat":"","ocean_post_title_bg_image_size":"","ocean_post_title_height":0,"ocean_post_title_bg_overlay":0.5,"ocean_post_title_bg_overlay_color":"","ocean_disable_breadcrumbs":"default","ocean_breadcrumbs_color":"","ocean_breadcrumbs_separator_color":"","ocean_breadcrumbs_links_color":"","ocean_breadcrumbs_links_hover_color":"","ocean_display_footer_widgets":"default","ocean_display_footer_bottom":"default","ocean_custom_footer_template":"0","osh_disable_topbar_sticky":"default","osh_disable_header_sticky":"default","osh_sticky_header_style":"default","osh_sticky_header_effect":"","osh_custom_sticky_logo":0,"osh_custom_retina_sticky_logo":0,"osh_custom_sticky_logo_height":0,"osh_background_color":"","osh_links_color":"","osh_links_hover_color":"","osh_links_active_color":"","osh_links_bg_color":"","osh_links_hover_bg_color":"","osh_links_active_bg_color":"","osh_menu_social_links_color":"","osh_menu_social_hover_links_color":""},"product_brand":[],"product_cat":[38,42,41,37],"product_tag":[93,91,92],"class_list":{"0":"post-2504","1":"product","2":"type-product","3":"status-publish","4":"has-post-thumbnail","6":"product_cat-electric-pressure-relief-pumps","7":"product_cat-electric-progressive-pumps","8":"product_cat-progressive-grease-systems","9":"product_cat-single-line-grease-systems","10":"product_tag-pressure-relief-lubrication-pump","11":"product_tag-progressive-lubrication-pump","12":"product_tag-single-line-lubrication-pump","14":"entry","15":"has-media","17":"first","18":"instock","19":"featured","20":"shipping-taxable","21":"product-type-external","22":"col","23":"span_1_of_3","24":"owp-content-center","25":"owp-thumbs-layout-horizontal","26":"owp-btn-very-big","27":"owp-tabs-layout-horizontal"},"_links":{"self":[{"href":"https:\/\/www.jinpinlub.com\/es\/wp-json\/wp\/v2\/product\/2504","targetHints":{"allow":["GET"]}}],"collection":[{"href":"https:\/\/www.jinpinlub.com\/es\/wp-json\/wp\/v2\/product"}],"about":[{"href":"https:\/\/www.jinpinlub.com\/es\/wp-json\/wp\/v2\/types\/product"}],"wp:featuredmedia":[{"embeddable":true,"href":"https:\/\/www.jinpinlub.com\/es\/wp-json\/wp\/v2\/media\/2509"}],"wp:attachment":[{"href":"https:\/\/www.jinpinlub.com\/es\/wp-json\/wp\/v2\/media?parent=2504"}],"wp:term":[{"taxonomy":"product_brand","embeddable":true,"href":"https:\/\/www.jinpinlub.com\/es\/wp-json\/wp\/v2\/product_brand?post=2504"},{"taxonomy":"product_cat","embeddable":true,"href":"https:\/\/www.jinpinlub.com\/es\/wp-json\/wp\/v2\/product_cat?post=2504"},{"taxonomy":"product_tag","embeddable":true,"href":"https:\/\/www.jinpinlub.com\/es\/wp-json\/wp\/v2\/product_tag?post=2504"}],"curies":[{"name":"wp","href":"https:\/\/api.w.org\/{rel}","templated":true}]}}