{"id":2519,"date":"2024-07-17T10:46:12","date_gmt":"2024-07-17T10:46:12","guid":{"rendered":"https:\/\/www.jinpinlub.com\/?post_type=product&#038;p=2519"},"modified":"2024-08-02T09:06:52","modified_gmt":"2024-08-02T09:06:52","slug":"bomba-de-alivio-de-presion-j200-para-sistemas-de-lubricacion-de-linea-unica","status":"publish","type":"product","link":"https:\/\/www.jinpinlub.com\/es\/product\/j200-pressure-relief-pump-for-single-line-lubrication-systems\/","title":{"rendered":"Bomba de alivio de presi\u00f3n J200 para sistemas de lubricaci\u00f3n de l\u00ednea \u00fanica"},"content":{"rendered":"<h2>Caracter\u00edsticas<\/h2>\n<p>1. Alta eficiencia: el dise\u00f1o mec\u00e1nico avanzado hace que la bomba de lubricaci\u00f3n J200 sea altamente eficiente, trabajando a alta velocidad y con una gran capacidad de trabajo de flujo, lo que le permite entregar r\u00e1pidamente su aceite lubricante a varios puntos de lubricaci\u00f3n utilizando un per\u00edodo de tiempo muy corto para garantizar que el equipo funcione sin problemas.<br \/>\n2. Confiabilidad: El material fino y el proceso de fabricaci\u00f3n preciso garantizan que la bomba tenga una excelente resistencia a la abrasi\u00f3n y a la corrosi\u00f3n para permitir un funcionamiento estable durante un largo per\u00edodo de tiempo en duras condiciones de trabajo, y tambi\u00e9n reduce los costos de mantenimiento.<br \/>\n3. Inteligencia: La bomba de lubricaci\u00f3n J200 se ha aplicado a sistemas de lubricaci\u00f3n de alivio de presi\u00f3n de l\u00ednea \u00fanica que ajustan el flujo y la presi\u00f3n del aceite lubricante seg\u00fan las necesidades reales del equipo, en un esfuerzo por evitar el desperdicio total a trav\u00e9s de una lubricaci\u00f3n precisa.<br \/>\n4. F\u00e1cil mantenimiento: La bomba tiene un dise\u00f1o simple y es f\u00e1cil de desmontar para realizar el mantenimiento necesario. Todo tipo de tareas de limpieza y mantenimiento diario pueden ser realizadas por el propio usuario para prolongar su vida \u00fatil.<\/p>\n<h2>Especificaci\u00f3n<\/h2>\n<table>\n<tbody>\n<tr>\n<td>Temperatura de funcionamiento<\/td>\n<td>0 ~ +50 \u00b0C<\/td>\n<\/tr>\n<tr>\n<td>N\u00famero de puntos de venta<\/td>\n<td>1, 2<\/td>\n<\/tr>\n<tr>\n<td>Capacidad del dep\u00f3sito<\/td>\n<td>0,3 L, 1,5 L (dep\u00f3sito), 0,3 L, 0,7 L (cartucho)<\/td>\n<\/tr>\n<tr>\n<td>Recarga<\/td>\n<td>Accesorio de lubricaci\u00f3n hidr\u00e1ulica<\/td>\n<\/tr>\n<tr>\n<td>Lubricante<\/td>\n<td>Grasas grado NLGI 000~2#<\/td>\n<\/tr>\n<tr>\n<td>Clase de protecci\u00f3n<\/td>\n<td>IP54<\/td>\n<\/tr>\n<tr>\n<td>Descargar<\/td>\n<td>15 ml\/min<\/td>\n<\/tr>\n<tr>\n<td>Presi\u00f3n m\u00e1xima de funcionamiento<\/td>\n<td>8 MPa<\/td>\n<\/tr>\n<tr>\n<td>Hilo de conexi\u00f3n<\/td>\n<td>\u03a66 o \u03a68<\/td>\n<\/tr>\n<tr>\n<td>Voltaje de funcionamiento<\/td>\n<td>24 V CC<\/td>\n<\/tr>\n<tr>\n<td>Proceso de dar un t\u00edtulo<\/td>\n<td>CE<\/td>\n<\/tr>\n<tr>\n<td>Posici\u00f3n de montaje<\/td>\n<td>Vertical<\/td>\n<\/tr>\n<\/tbody>\n<\/table>\n<h2>Aplicaciones<\/h2>\n<p>Fabricaci\u00f3n: Varios tipos de equipos mec\u00e1nicos como m\u00e1quinas herramientas, m\u00e1quinas de moldeo por inyecci\u00f3n, m\u00e1quinas de fundici\u00f3n a presi\u00f3n, etc. Suministra un flujo constante de aceite lubricante al tiempo que garantiza el funcionamiento eficaz del equipo.<br \/>\nIndustria minera: Proporciona una brillante lubricaci\u00f3n a maquinaria severa como polipastos de minas, excavadoras, etc., reduciendo el desgaste de los equipos y mejorando la eficiencia operativa.<br \/>\nIndustria energ\u00e9tica: se aplica en grupos electr\u00f3genos, generaci\u00f3n de energ\u00eda e\u00f3lica y otros equipos. Garantiza el suministro oportuno de aceite lubricante a los equipos y reduce la tasa de fallas de los mismos, asegurando un suministro estable de energ\u00eda.<\/p>\n<h2>Manuales<\/h2>\n<div class=\"sdm_download_button_box_default\"><div class=\"sdm_download_link\"><a href=\"https:\/\/www.jinpinlub.com\/es\/?sdm_process_download=1&download_id=2464\" class=\"sdm_download white\" title=\"Privado: J200 Grease Pump\" target=\"&quot;_blank&quot;\">Ver hoja de datos - Bomba de grasa J200<\/a><\/div><\/div>","protected":false},"excerpt":{"rendered":"<p>La bomba de lubricaci\u00f3n J200 se utiliza en sistemas de lubricaci\u00f3n de una sola l\u00ednea, con una presi\u00f3n m\u00e1xima de 8 MPa, un intervalo m\u00ednimo de lubricaci\u00f3n de 5 minutos y una l\u00ednea principal m\u00e1xima de 15 metros. Desempe\u00f1a un papel importante en muchos campos gracias a su alta eficiencia, confiabilidad y f\u00e1cil mantenimiento.<\/p>","protected":false},"featured_media":2520,"template":"","meta":{"ocean_post_layout":"","ocean_both_sidebars_style":"","ocean_both_sidebars_content_width":0,"ocean_both_sidebars_sidebars_width":0,"ocean_sidebar":"0","ocean_second_sidebar":"0","ocean_disable_margins":"enable","ocean_add_body_class":"","ocean_shortcode_before_top_bar":"","ocean_shortcode_after_top_bar":"","ocean_shortcode_before_header":"","ocean_shortcode_after_header":"","ocean_has_shortcode":"","ocean_shortcode_after_title":"","ocean_shortcode_before_footer_widgets":"","ocean_shortcode_after_footer_widgets":"","ocean_shortcode_before_footer_bottom":"","ocean_shortcode_after_footer_bottom":"","ocean_display_top_bar":"default","ocean_display_header":"default","ocean_header_style":"","ocean_center_header_left_menu":"0","ocean_custom_header_template":"0","ocean_custom_logo":0,"ocean_custom_retina_logo":0,"ocean_custom_logo_max_width":0,"ocean_custom_logo_tablet_max_width":0,"ocean_custom_logo_mobile_max_width":0,"ocean_custom_logo_max_height":0,"ocean_custom_logo_tablet_max_height":0,"ocean_custom_logo_mobile_max_height":0,"ocean_header_custom_menu":"0","ocean_menu_typo_font_family":"0","ocean_menu_typo_font_subset":"","ocean_menu_typo_font_size":0,"ocean_menu_typo_font_size_tablet":0,"ocean_menu_typo_font_size_mobile":0,"ocean_menu_typo_font_size_unit":"px","ocean_menu_typo_font_weight":"","ocean_menu_typo_font_weight_tablet":"","ocean_menu_typo_font_weight_mobile":"","ocean_menu_typo_transform":"","ocean_menu_typo_transform_tablet":"","ocean_menu_typo_transform_mobile":"","ocean_menu_typo_line_height":0,"ocean_menu_typo_line_height_tablet":0,"ocean_menu_typo_line_height_mobile":0,"ocean_menu_typo_line_height_unit":"","ocean_menu_typo_spacing":0,"ocean_menu_typo_spacing_tablet":0,"ocean_menu_typo_spacing_mobile":0,"ocean_menu_typo_spacing_unit":"","ocean_menu_link_color":"","ocean_menu_link_color_hover":"","ocean_menu_link_color_active":"","ocean_menu_link_background":"","ocean_menu_link_hover_background":"","ocean_menu_link_active_background":"","ocean_menu_social_links_bg":"","ocean_menu_social_hover_links_bg":"","ocean_menu_social_links_color":"","ocean_menu_social_hover_links_color":"","ocean_disable_title":"default","ocean_disable_heading":"default","ocean_post_title":"","ocean_post_subheading":"","ocean_post_title_style":"","ocean_post_title_background_color":"","ocean_post_title_background":0,"ocean_post_title_bg_image_position":"","ocean_post_title_bg_image_attachment":"","ocean_post_title_bg_image_repeat":"","ocean_post_title_bg_image_size":"","ocean_post_title_height":0,"ocean_post_title_bg_overlay":0.5,"ocean_post_title_bg_overlay_color":"","ocean_disable_breadcrumbs":"default","ocean_breadcrumbs_color":"","ocean_breadcrumbs_separator_color":"","ocean_breadcrumbs_links_color":"","ocean_breadcrumbs_links_hover_color":"","ocean_display_footer_widgets":"default","ocean_display_footer_bottom":"default","ocean_custom_footer_template":"0","osh_disable_topbar_sticky":"default","osh_disable_header_sticky":"default","osh_sticky_header_style":"default","osh_sticky_header_effect":"","osh_custom_sticky_logo":0,"osh_custom_retina_sticky_logo":0,"osh_custom_sticky_logo_height":0,"osh_background_color":"","osh_links_color":"","osh_links_hover_color":"","osh_links_active_color":"","osh_links_bg_color":"","osh_links_hover_bg_color":"","osh_links_active_bg_color":"","osh_menu_social_links_color":"","osh_menu_social_hover_links_color":""},"product_brand":[],"product_cat":[38,37],"product_tag":[77,93,92],"class_list":{"0":"post-2519","1":"product","2":"type-product","3":"status-publish","4":"has-post-thumbnail","6":"product_cat-electric-pressure-relief-pumps","7":"product_cat-single-line-grease-systems","8":"product_tag-grease-lubrication-pump","9":"product_tag-pressure-relief-lubrication-pump","10":"product_tag-single-line-lubrication-pump","12":"entry","13":"has-media","15":"first","16":"instock","17":"featured","18":"shipping-taxable","19":"product-type-external","20":"col","21":"span_1_of_3","22":"owp-content-center","23":"owp-thumbs-layout-horizontal","24":"owp-btn-very-big","25":"owp-tabs-layout-horizontal"},"_links":{"self":[{"href":"https:\/\/www.jinpinlub.com\/es\/wp-json\/wp\/v2\/product\/2519","targetHints":{"allow":["GET"]}}],"collection":[{"href":"https:\/\/www.jinpinlub.com\/es\/wp-json\/wp\/v2\/product"}],"about":[{"href":"https:\/\/www.jinpinlub.com\/es\/wp-json\/wp\/v2\/types\/product"}],"wp:featuredmedia":[{"embeddable":true,"href":"https:\/\/www.jinpinlub.com\/es\/wp-json\/wp\/v2\/media\/2520"}],"wp:attachment":[{"href":"https:\/\/www.jinpinlub.com\/es\/wp-json\/wp\/v2\/media?parent=2519"}],"wp:term":[{"taxonomy":"product_brand","embeddable":true,"href":"https:\/\/www.jinpinlub.com\/es\/wp-json\/wp\/v2\/product_brand?post=2519"},{"taxonomy":"product_cat","embeddable":true,"href":"https:\/\/www.jinpinlub.com\/es\/wp-json\/wp\/v2\/product_cat?post=2519"},{"taxonomy":"product_tag","embeddable":true,"href":"https:\/\/www.jinpinlub.com\/es\/wp-json\/wp\/v2\/product_tag?post=2519"}],"curies":[{"name":"wp","href":"https:\/\/api.w.org\/{rel}","templated":true}]}}