{"id":2535,"date":"2024-07-17T13:08:15","date_gmt":"2024-07-17T13:08:15","guid":{"rendered":"https:\/\/www.jinpinlub.com\/?post_type=product&#038;p=2535"},"modified":"2025-01-23T22:26:23","modified_gmt":"2025-01-23T14:26:23","slug":"dispositivo-dosificador-de-alta-presion-jl-1-para-sistemas-de-lubricacion-de-linea-unica","status":"publish","type":"product","link":"https:\/\/www.jinpinlub.com\/es\/product\/jl-1-high-pressure-metering-device-for-single-line-lube-system\/","title":{"rendered":"Dispositivo dosificador de alta presi\u00f3n JL-1 para sistemas de lubricaci\u00f3n de l\u00ednea \u00fanica"},"content":{"rendered":"<h2>Caracter\u00edsticas<\/h2>\n<p>1. Operaci\u00f3n de alta presi\u00f3n: El dispositivo de medici\u00f3n JL-1 es adecuado para entornos de alta presi\u00f3n; su rango de presi\u00f3n de trabajo es de 127 a 240 bar, mientras que la presi\u00f3n de liberaci\u00f3n est\u00e1 clasificada en 41 bar.<br \/>\n2. Salida ajustable externamente: La salida del dispositivo es ajustable externamente en el rango de 0,016-1,31 cm\u00b3 para ser utilizada en diversas necesidades de lubricaci\u00f3n.<br \/>\n3. Dise\u00f1o de la aguja indicadora: Cada dispositivo de medici\u00f3n est\u00e1 equipado con una aguja indicadora que permite la inspecci\u00f3n visual de su estado de funcionamiento y, por lo tanto, garantiza la confiabilidad de la lubricaci\u00f3n.<br \/>\n4. Selecci\u00f3n de materiales: El dispositivo de medici\u00f3n JL-1 tiene dos opciones de materiales: acero al carbono y acero inoxidable para su uso en diferentes entornos. La versi\u00f3n de acero inoxidable es aplicable para entornos de trabajo hostiles al acero al carbono.<br \/>\n5. Dise\u00f1o de m\u00faltiples puertos: el dispositivo puede llevar de 1 a 6 puntos de lubricaci\u00f3n, por lo que es flexible en su capacidad de adaptarse a diversos requisitos del sistema de lubricaci\u00f3n.<br \/>\n6. F\u00e1cil mantenimiento: Los equipos de medici\u00f3n individuales son f\u00e1ciles de desmontar para fines de inspecci\u00f3n o reemplazo de piezas desgastadas, lo que ahorra tiempo de mantenimiento y reduce los costos generales de mantenimiento.<\/p>\n<h2>Especificaci\u00f3n<\/h2>\n<table>\n<tbody>\n<tr>\n<td>Principio de funcionamiento<\/td>\n<td>V\u00e1lvula dosificadora de alivio de presi\u00f3n<\/td>\n<\/tr>\n<tr>\n<td>N\u00famero de puntos de venta<\/td>\n<td>1, 2, 3, 4, 5, 6<\/td>\n<\/tr>\n<tr>\n<td>Cantidad de medici\u00f3n<\/td>\n<td>0,016-1,31 ml\/ciclo<\/td>\n<\/tr>\n<tr>\n<td>Lubricante<\/td>\n<td>Grasa NLGI 0, 1, 2<\/td>\n<\/tr>\n<tr>\n<td>Temperatura de funcionamiento<\/td>\n<td>(-10 to +80 \u00b0C)<\/td>\n<\/tr>\n<tr>\n<td>Presi\u00f3n de funcionamiento<\/td>\n<td>127-240 bares<\/td>\n<\/tr>\n<tr>\n<td>Material<\/td>\n<td>Acero al carbono, acero inoxidable.<\/td>\n<\/tr>\n<tr>\n<td>Conexi\u00f3n de l\u00ednea principal<\/td>\n<td>Rc3\/8<\/td>\n<\/tr>\n<tr>\n<td>Toma de conexi\u00f3n<\/td>\n<td>M22*1,5<\/td>\n<\/tr>\n<tr>\n<td>Posici\u00f3n de montaje<\/td>\n<td>Cualquier<\/td>\n<\/tr>\n<\/tbody>\n<\/table>\n<h2>Solicitud<\/h2>\n<p>1. Miner\u00eda y procesamiento de minerales: Los dispositivos de medici\u00f3n JL-1 se aplican ampliamente en las industrias de miner\u00eda y procesamiento de minerales, proporcionando sistemas con lubricaci\u00f3n confiable durante trabajos muy duros.<br \/>\n2. Maquinaria de construcci\u00f3n: En el campo de los equipos de construcci\u00f3n, el dispositivo de medici\u00f3n JL-1 garantiza que cada punto de lubricaci\u00f3n del equipo est\u00e9 bien lubricado para prolongar la vida \u00fatil del equipo.<br \/>\n3. Industria del hierro y el acero e industria pesada: Este equipo tambi\u00e9n se aplica en un amplio espectro en las industrias del acero y pesadas, trabajando de forma estable en entornos de alta presi\u00f3n y alta temperatura.<\/p>\n<h2>Manuales<\/h2>\n<div class=\"sdm_download_button_box_default\"><div class=\"sdm_download_link\"><a href=\"https:\/\/www.jinpinlub.com\/es\/?sdm_process_download=1&download_id=2472\" class=\"sdm_download white\" title=\"Privado: JL-1 Grease Injector\" target=\"&quot;_blank&quot;\">Ver hoja de datos - Inyector de grasa JL-1<\/a><\/div><\/div>","protected":false},"excerpt":{"rendered":"<p>El JL-1 es una opci\u00f3n ideal para diversas aplicaciones debido a su funcionamiento a alta presi\u00f3n, salida ajustable externamente, dise\u00f1o de aguja indicadora y m\u00faltiples opciones de puertos. Su f\u00e1cil mantenimiento y m\u00faltiples opciones de materiales mejoran a\u00fan m\u00e1s su aplicabilidad en diferentes entornos.<\/p>","protected":false},"featured_media":2536,"template":"","meta":{"ocean_post_layout":"","ocean_both_sidebars_style":"","ocean_both_sidebars_content_width":0,"ocean_both_sidebars_sidebars_width":0,"ocean_sidebar":"0","ocean_second_sidebar":"0","ocean_disable_margins":"enable","ocean_add_body_class":"","ocean_shortcode_before_top_bar":"","ocean_shortcode_after_top_bar":"","ocean_shortcode_before_header":"","ocean_shortcode_after_header":"","ocean_has_shortcode":"","ocean_shortcode_after_title":"","ocean_shortcode_before_footer_widgets":"","ocean_shortcode_after_footer_widgets":"","ocean_shortcode_before_footer_bottom":"","ocean_shortcode_after_footer_bottom":"","ocean_display_top_bar":"default","ocean_display_header":"default","ocean_header_style":"","ocean_center_header_left_menu":"0","ocean_custom_header_template":"0","ocean_custom_logo":0,"ocean_custom_retina_logo":0,"ocean_custom_logo_max_width":0,"ocean_custom_logo_tablet_max_width":0,"ocean_custom_logo_mobile_max_width":0,"ocean_custom_logo_max_height":0,"ocean_custom_logo_tablet_max_height":0,"ocean_custom_logo_mobile_max_height":0,"ocean_header_custom_menu":"0","ocean_menu_typo_font_family":"0","ocean_menu_typo_font_subset":"","ocean_menu_typo_font_size":0,"ocean_menu_typo_font_size_tablet":0,"ocean_menu_typo_font_size_mobile":0,"ocean_menu_typo_font_size_unit":"px","ocean_menu_typo_font_weight":"","ocean_menu_typo_font_weight_tablet":"","ocean_menu_typo_font_weight_mobile":"","ocean_menu_typo_transform":"","ocean_menu_typo_transform_tablet":"","ocean_menu_typo_transform_mobile":"","ocean_menu_typo_line_height":0,"ocean_menu_typo_line_height_tablet":0,"ocean_menu_typo_line_height_mobile":0,"ocean_menu_typo_line_height_unit":"","ocean_menu_typo_spacing":0,"ocean_menu_typo_spacing_tablet":0,"ocean_menu_typo_spacing_mobile":0,"ocean_menu_typo_spacing_unit":"","ocean_menu_link_color":"","ocean_menu_link_color_hover":"","ocean_menu_link_color_active":"","ocean_menu_link_background":"","ocean_menu_link_hover_background":"","ocean_menu_link_active_background":"","ocean_menu_social_links_bg":"","ocean_menu_social_hover_links_bg":"","ocean_menu_social_links_color":"","ocean_menu_social_hover_links_color":"","ocean_disable_title":"default","ocean_disable_heading":"default","ocean_post_title":"","ocean_post_subheading":"","ocean_post_title_style":"","ocean_post_title_background_color":"","ocean_post_title_background":0,"ocean_post_title_bg_image_position":"","ocean_post_title_bg_image_attachment":"","ocean_post_title_bg_image_repeat":"","ocean_post_title_bg_image_size":"","ocean_post_title_height":0,"ocean_post_title_bg_overlay":0.5,"ocean_post_title_bg_overlay_color":"","ocean_disable_breadcrumbs":"default","ocean_breadcrumbs_color":"","ocean_breadcrumbs_separator_color":"","ocean_breadcrumbs_links_color":"","ocean_breadcrumbs_links_hover_color":"","ocean_display_footer_widgets":"default","ocean_display_footer_bottom":"default","ocean_custom_footer_template":"0","osh_disable_topbar_sticky":"default","osh_disable_header_sticky":"default","osh_sticky_header_style":"default","osh_sticky_header_effect":"","osh_custom_sticky_logo":0,"osh_custom_retina_sticky_logo":0,"osh_custom_sticky_logo_height":0,"osh_background_color":"","osh_links_color":"","osh_links_hover_color":"","osh_links_active_color":"","osh_links_bg_color":"","osh_links_hover_bg_color":"","osh_links_active_bg_color":"","osh_menu_social_links_color":"","osh_menu_social_hover_links_color":""},"product_brand":[],"product_cat":[40,37],"product_tag":[97,98,86],"class_list":{"0":"post-2535","1":"product","2":"type-product","3":"status-publish","4":"has-post-thumbnail","6":"product_cat-pressure-relief-metering-valves","7":"product_cat-single-line-grease-systems","8":"product_tag-grease-injector","9":"product_tag-grease-metering-device","10":"product_tag-single-line-distributor","12":"entry","13":"has-media","15":"first","16":"instock","17":"shipping-taxable","18":"product-type-external","19":"col","20":"span_1_of_3","21":"owp-content-center","22":"owp-thumbs-layout-horizontal","23":"owp-btn-very-big","24":"owp-tabs-layout-horizontal"},"_links":{"self":[{"href":"https:\/\/www.jinpinlub.com\/es\/wp-json\/wp\/v2\/product\/2535","targetHints":{"allow":["GET"]}}],"collection":[{"href":"https:\/\/www.jinpinlub.com\/es\/wp-json\/wp\/v2\/product"}],"about":[{"href":"https:\/\/www.jinpinlub.com\/es\/wp-json\/wp\/v2\/types\/product"}],"wp:featuredmedia":[{"embeddable":true,"href":"https:\/\/www.jinpinlub.com\/es\/wp-json\/wp\/v2\/media\/2536"}],"wp:attachment":[{"href":"https:\/\/www.jinpinlub.com\/es\/wp-json\/wp\/v2\/media?parent=2535"}],"wp:term":[{"taxonomy":"product_brand","embeddable":true,"href":"https:\/\/www.jinpinlub.com\/es\/wp-json\/wp\/v2\/product_brand?post=2535"},{"taxonomy":"product_cat","embeddable":true,"href":"https:\/\/www.jinpinlub.com\/es\/wp-json\/wp\/v2\/product_cat?post=2535"},{"taxonomy":"product_tag","embeddable":true,"href":"https:\/\/www.jinpinlub.com\/es\/wp-json\/wp\/v2\/product_tag?post=2535"}],"curies":[{"name":"wp","href":"https:\/\/api.w.org\/{rel}","templated":true}]}}