{"id":3016,"date":"2024-08-06T09:33:15","date_gmt":"2024-08-06T09:33:15","guid":{"rendered":"https:\/\/www.jinpinlub.com\/?post_type=product&#038;p=3016"},"modified":"2024-08-29T05:36:28","modified_gmt":"2024-08-28T21:36:28","slug":"bomba-de-lubricacion-de-aceite-para-engranajes-electrica-de-desplazamiento-positivo-jdl3","status":"publish","type":"product","link":"https:\/\/www.jinpinlub.com\/es\/product\/jdl3-positive-displacement-electric-gear-oil-lubrication-pump\/","title":{"rendered":"Bomba de lubricaci\u00f3n de aceite para engranajes el\u00e9ctrica de desplazamiento positivo JDL3"},"content":{"rendered":"<h2>Caracter\u00edsticas<\/h2>\n<p>1. El temporizador se puede configurar en dos modos de acci\u00f3n:<br \/>\n\u2460 Lubricaci\u00f3n: el tiempo de lubricaci\u00f3n se ejecuta primero cuando se enciende la m\u00e1quina.<br \/>\n\u2461 Memoria: contin\u00faa ejecutando el intervalo de tiempo anterior cuando se enciende nuevamente.<br \/>\n2. Con un interruptor de presi\u00f3n, puede detectar si el circuito de aceite est\u00e1 da\u00f1ado.<br \/>\n3. Con un interruptor flotante, puede detectar el nivel de l\u00edquido y enviar autom\u00e1ticamente una se\u00f1al.<br \/>\n4. Con un man\u00f3metro, puede detectar la presi\u00f3n de acci\u00f3n de la bomba de aceite.<br \/>\n5. El temporizador se puede configurar y tiene una funci\u00f3n de bloqueo autom\u00e1tico para evitar que otros lo operen a voluntad.<br \/>\n6. El sistema puede utilizar la tecla \u201cRST\u201d para forzar la lubricaci\u00f3n o eliminar se\u00f1ales de alarma anormales.<br \/>\n7. El tiempo m\u00e1ximo de lubricaci\u00f3n \u00fanica es menor o igual a 2 minutos y el tiempo de intervalo es m\u00e1s de 5 veces el tiempo de lubricaci\u00f3n para evitar la sobrecarga del motor.<br \/>\n8. La alta temperatura del motor activa el dispositivo de protecci\u00f3n de control de temperatura y se detendr\u00e1 durante aproximadamente 10 minutos.<\/p>\n<h2>Especificaci\u00f3n<\/h2>\n<table>\n<tbody>\n<tr>\n<td>Modelo<\/td>\n<td>JDL3<\/td>\n<\/tr>\n<tr>\n<td>Tiempo de lubricaci\u00f3n<\/td>\n<td>1-999 minutos<\/td>\n<\/tr>\n<tr>\n<td>Tiempo de intervalo<\/td>\n<td>1-999 minutos<\/td>\n<\/tr>\n<tr>\n<td>Temperatura de funcionamiento<\/td>\n<td>0 ~ +50 \u00b0C<\/td>\n<\/tr>\n<tr>\n<td>N\u00famero de puntos de venta<\/td>\n<td>1<\/td>\n<\/tr>\n<tr>\n<td>Capacidad del dep\u00f3sito<\/td>\n<td>2L, 3L, 4L, 8L<\/td>\n<\/tr>\n<tr>\n<td>Recarga<\/td>\n<td>Desde arriba<\/td>\n<\/tr>\n<tr>\n<td>Lubricante<\/td>\n<td>32-68 cSt a 40 \u2103<\/td>\n<\/tr>\n<tr>\n<td>Potencia del motor<\/td>\n<td>30 W<\/td>\n<\/tr>\n<tr>\n<td>Descargar<\/td>\n<td>150 ml\/min<\/td>\n<\/tr>\n<tr>\n<td>Presi\u00f3n m\u00e1xima de funcionamiento<\/td>\n<td>1,8 MPa<\/td>\n<\/tr>\n<tr>\n<td>Hilo de conexi\u00f3n<\/td>\n<td>Salida \u03a66<\/td>\n<\/tr>\n<tr>\n<td>Voltaje de funcionamiento<\/td>\n<td>110 V CA, 220 V CA<\/td>\n<\/tr>\n<tr>\n<td>Proceso de dar un t\u00edtulo<\/td>\n<td>CE<\/td>\n<\/tr>\n<tr>\n<td>Interruptor de nivel bajo<\/td>\n<td>Contacto NC<\/td>\n<\/tr>\n<\/tbody>\n<\/table>\n<h2>Aplicaciones<\/h2>\n<p><span id=\"input-sentence~0\">La bomba de lubricaci\u00f3n de aceite de desplazamiento positivo JDL3 encuentra sus amplias aplicaciones en todo tipo de equipos mec\u00e1nicos.<br \/>\n1. M\u00e1quinas herramientas: suavizan el funcionamiento de las distintas partes m\u00f3viles de las m\u00e1quinas herramientas lubric\u00e1ndolas.<br \/>\n2. Maquinaria de \u00e9mbolo: la bomba de lubricaci\u00f3n de aceite de desplazamiento positivo garantiza una lubricaci\u00f3n estable y reduce el desgaste por fricci\u00f3n en la maquinaria de \u00e9mbolo.<\/span><span id=\"input-sentence~1\"><br \/>\n3. Equipo de fundici\u00f3n a presi\u00f3n: en el proceso de fundici\u00f3n a presi\u00f3n de alta temperatura y alta presi\u00f3n, la bomba de lubricaci\u00f3n puede reducir eficazmente la fricci\u00f3n y la acumulaci\u00f3n de calor.<br \/>\n4. Maquinaria textil: se utiliza para la lubricaci\u00f3n de maquinaria textil para garantizar un funcionamiento suave y duradero a alta velocidad.<br \/>\n5. Maquinaria para trabajar la madera: En la maquinaria para trabajar la madera, una bomba de lubricaci\u00f3n puede prolongar la vida \u00fatil del equipo.<br \/>\n6. Maquinaria de impresi\u00f3n: Aseg\u00farese de que todas las partes de la maquinaria de impresi\u00f3n est\u00e9n completamente lubricadas a alta velocidad.<br \/>\n7. Maquinaria de alimentaci\u00f3n y envasado: La bomba de lubricaci\u00f3n puede mantener la maquinaria de alimentaci\u00f3n y envasado limpia y funcionando de manera eficiente.<\/span><\/p>\n<h2>Manuales<\/h2>\n<div class=\"sdm_download_button_box_default\"><div class=\"sdm_download_link\"><a href=\"https:\/\/www.jinpinlub.com\/es\/?sdm_process_download=1&download_id=3015\" class=\"sdm_download white\" title=\"Privado: JDL3 Volumetric Oil Pump\" target=\"&quot;_blank&quot;\">Ver hoja de datos - Bomba JDL3<\/a><\/div><\/div>","protected":false},"excerpt":{"rendered":"<p>La bomba de lubricaci\u00f3n de aceite de desplazamiento positivo JDL3 es un sistema de lubricaci\u00f3n utilizado en equipos mec\u00e1nicos. Su caracter\u00edstica principal es el control preciso del suministro de aceite lubricante a trav\u00e9s de distribuidores de desplazamiento positivo.<\/p>","protected":false},"featured_media":3017,"template":"","meta":{"ocean_post_layout":"","ocean_both_sidebars_style":"","ocean_both_sidebars_content_width":0,"ocean_both_sidebars_sidebars_width":0,"ocean_sidebar":"0","ocean_second_sidebar":"0","ocean_disable_margins":"enable","ocean_add_body_class":"","ocean_shortcode_before_top_bar":"","ocean_shortcode_after_top_bar":"","ocean_shortcode_before_header":"","ocean_shortcode_after_header":"","ocean_has_shortcode":"","ocean_shortcode_after_title":"","ocean_shortcode_before_footer_widgets":"","ocean_shortcode_after_footer_widgets":"","ocean_shortcode_before_footer_bottom":"","ocean_shortcode_after_footer_bottom":"","ocean_display_top_bar":"default","ocean_display_header":"default","ocean_header_style":"","ocean_center_header_left_menu":"0","ocean_custom_header_template":"0","ocean_custom_logo":0,"ocean_custom_retina_logo":0,"ocean_custom_logo_max_width":0,"ocean_custom_logo_tablet_max_width":0,"ocean_custom_logo_mobile_max_width":0,"ocean_custom_logo_max_height":0,"ocean_custom_logo_tablet_max_height":0,"ocean_custom_logo_mobile_max_height":0,"ocean_header_custom_menu":"0","ocean_menu_typo_font_family":"0","ocean_menu_typo_font_subset":"","ocean_menu_typo_font_size":0,"ocean_menu_typo_font_size_tablet":0,"ocean_menu_typo_font_size_mobile":0,"ocean_menu_typo_font_size_unit":"px","ocean_menu_typo_font_weight":"","ocean_menu_typo_font_weight_tablet":"","ocean_menu_typo_font_weight_mobile":"","ocean_menu_typo_transform":"","ocean_menu_typo_transform_tablet":"","ocean_menu_typo_transform_mobile":"","ocean_menu_typo_line_height":0,"ocean_menu_typo_line_height_tablet":0,"ocean_menu_typo_line_height_mobile":0,"ocean_menu_typo_line_height_unit":"","ocean_menu_typo_spacing":0,"ocean_menu_typo_spacing_tablet":0,"ocean_menu_typo_spacing_mobile":0,"ocean_menu_typo_spacing_unit":"","ocean_menu_link_color":"","ocean_menu_link_color_hover":"","ocean_menu_link_color_active":"","ocean_menu_link_background":"","ocean_menu_link_hover_background":"","ocean_menu_link_active_background":"","ocean_menu_social_links_bg":"","ocean_menu_social_hover_links_bg":"","ocean_menu_social_links_color":"","ocean_menu_social_hover_links_color":"","ocean_disable_title":"default","ocean_disable_heading":"default","ocean_post_title":"","ocean_post_subheading":"","ocean_post_title_style":"","ocean_post_title_background_color":"","ocean_post_title_background":0,"ocean_post_title_bg_image_position":"","ocean_post_title_bg_image_attachment":"","ocean_post_title_bg_image_repeat":"","ocean_post_title_bg_image_size":"","ocean_post_title_height":0,"ocean_post_title_bg_overlay":0.5,"ocean_post_title_bg_overlay_color":"","ocean_disable_breadcrumbs":"default","ocean_breadcrumbs_color":"","ocean_breadcrumbs_separator_color":"","ocean_breadcrumbs_links_color":"","ocean_breadcrumbs_links_hover_color":"","ocean_display_footer_widgets":"default","ocean_display_footer_bottom":"default","ocean_custom_footer_template":"0","osh_disable_topbar_sticky":"default","osh_disable_header_sticky":"default","osh_sticky_header_style":"default","osh_sticky_header_effect":"","osh_custom_sticky_logo":0,"osh_custom_retina_sticky_logo":0,"osh_custom_sticky_logo_height":0,"osh_background_color":"","osh_links_color":"","osh_links_hover_color":"","osh_links_active_color":"","osh_links_bg_color":"","osh_links_hover_bg_color":"","osh_links_active_bg_color":"","osh_menu_social_links_color":"","osh_menu_social_hover_links_color":""},"product_brand":[],"product_cat":[48,47],"product_tag":[111,114,96],"class_list":{"0":"post-3016","1":"product","2":"type-product","3":"status-publish","4":"has-post-thumbnail","6":"product_cat-electric-volumetric-pumps","7":"product_cat-volumetric-thin-oil-systems","8":"product_tag-oil-lubrication-pump","9":"product_tag-oil-lubrication-system","10":"product_tag-volumetric-lubrication-pump","12":"entry","13":"has-media","15":"first","16":"instock","17":"shipping-taxable","18":"product-type-external","19":"col","20":"span_1_of_3","21":"owp-content-center","22":"owp-thumbs-layout-horizontal","23":"owp-btn-very-big","24":"owp-tabs-layout-horizontal"},"_links":{"self":[{"href":"https:\/\/www.jinpinlub.com\/es\/wp-json\/wp\/v2\/product\/3016","targetHints":{"allow":["GET"]}}],"collection":[{"href":"https:\/\/www.jinpinlub.com\/es\/wp-json\/wp\/v2\/product"}],"about":[{"href":"https:\/\/www.jinpinlub.com\/es\/wp-json\/wp\/v2\/types\/product"}],"wp:featuredmedia":[{"embeddable":true,"href":"https:\/\/www.jinpinlub.com\/es\/wp-json\/wp\/v2\/media\/3017"}],"wp:attachment":[{"href":"https:\/\/www.jinpinlub.com\/es\/wp-json\/wp\/v2\/media?parent=3016"}],"wp:term":[{"taxonomy":"product_brand","embeddable":true,"href":"https:\/\/www.jinpinlub.com\/es\/wp-json\/wp\/v2\/product_brand?post=3016"},{"taxonomy":"product_cat","embeddable":true,"href":"https:\/\/www.jinpinlub.com\/es\/wp-json\/wp\/v2\/product_cat?post=3016"},{"taxonomy":"product_tag","embeddable":true,"href":"https:\/\/www.jinpinlub.com\/es\/wp-json\/wp\/v2\/product_tag?post=3016"}],"curies":[{"name":"wp","href":"https:\/\/api.w.org\/{rel}","templated":true}]}}