{"id":3021,"date":"2024-08-06T10:21:32","date_gmt":"2024-08-06T10:21:32","guid":{"rendered":"https:\/\/www.jinpinlub.com\/?post_type=product&#038;p=3021"},"modified":"2024-08-06T15:27:20","modified_gmt":"2024-08-06T15:27:20","slug":"pulverizador-de-lubricacion-refrigerante-autocebante-gs-para-maquinas-herramienta","status":"publish","type":"product","link":"https:\/\/www.jinpinlub.com\/es\/product\/gs-self-priming-cooling-lubrication-sprayer-for-machine-tools\/","title":{"rendered":"Pulverizador de lubricaci\u00f3n refrigerante autocebante GS para m\u00e1quinas herramienta"},"content":{"rendered":"<h2>Caracter\u00edsticas<\/h2>\n<p>GS tiene un buen efecto de enfriamiento y proporciona lubricaci\u00f3n, eliminaci\u00f3n de viruta, limpieza y otras funciones para mejorar la eficiencia de producci\u00f3n y la calidad del procesamiento, reducir la p\u00e9rdida de herramientas mec\u00e1nicas y reducir la contaminaci\u00f3n en el taller.<br \/>\n1. El pulverizador puede enfriar, lubricar y eliminar las virutas de hierro al mismo tiempo durante el procesamiento.<br \/>\n2. El pulverizador puede aumentar la velocidad de procesamiento, ahorrar tiempo de procesamiento y reducir el desgaste de la herramienta.<br \/>\n3. La lubricaci\u00f3n puede garantizar la calidad de acabado de la pieza de trabajo y el mejor uso de la herramienta.<br \/>\n4. El procesamiento de aleaciones o materiales superduros tambi\u00e9n puede lograr una superficie lisa y de alta precisi\u00f3n.<br \/>\n5. El pulverizador tiene una nueva tuber\u00eda de ajuste herm\u00e9tico para evitar fugas de aceite internas y prolongar la vida \u00fatil.<br \/>\n6. El volumen de aire y el refrigerante del pulverizador se pueden ajustar para adaptarse a diferentes condiciones de procesamiento.<br \/>\n7. Existen diferentes tuber\u00edas fijas para elegir para facilitar la instalaci\u00f3n y fijaci\u00f3n por parte del cliente.<\/p>\n<h2>Especificaci\u00f3n<\/h2>\n<p>1. Se debe utilizar l\u00edquido limpio.<br \/>\n2. No utilice l\u00edquidos corrosivos.<br \/>\n3. El rango de presi\u00f3n de la fuente de aire es de 5 a 7 kgf\/cm\u00b2 (relacionado con el volumen de gas de atomizaci\u00f3n y la presi\u00f3n del aire).<br \/>\n4. La viscosidad del l\u00edquido utilizado es inferior a 68 cSt.<br \/>\n5. Ocasiones de aplicaci\u00f3n: sierras, tornos, amoladoras, roscadoras, centros de mecanizado CNC, punzonadoras, maquinaria para trabajar la madera y otros equipos de corte y procesamiento.<\/p>\n<h2>Manuales<\/h2>\n<div class=\"sdm_download_button_box_default\"><div class=\"sdm_download_link\"><a href=\"https:\/\/www.jinpinlub.com\/es\/?sdm_process_download=1&download_id=3022\" class=\"sdm_download white\" title=\"Privado: GS Lubrication Spray\" target=\"&quot;_blank&quot;\">Ver hoja de datos - Pulverizador GS<\/a><\/div><\/div>","protected":false},"excerpt":{"rendered":"<p>El pulverizador GS utiliza un compresor de aire como fuente de energ\u00eda y aplica el principio de autocebado al vac\u00edo para mezclar el l\u00edquido con aire a trav\u00e9s de la boquilla y atomizarlo y rociarlo en puntos de lubricaci\u00f3n como la pieza de trabajo, la herramienta o el cojinete.<\/p>","protected":false},"featured_media":3024,"template":"","meta":{"ocean_post_layout":"","ocean_both_sidebars_style":"","ocean_both_sidebars_content_width":0,"ocean_both_sidebars_sidebars_width":0,"ocean_sidebar":"0","ocean_second_sidebar":"0","ocean_disable_margins":"enable","ocean_add_body_class":"","ocean_shortcode_before_top_bar":"","ocean_shortcode_after_top_bar":"","ocean_shortcode_before_header":"","ocean_shortcode_after_header":"","ocean_has_shortcode":"","ocean_shortcode_after_title":"","ocean_shortcode_before_footer_widgets":"","ocean_shortcode_after_footer_widgets":"","ocean_shortcode_before_footer_bottom":"","ocean_shortcode_after_footer_bottom":"","ocean_display_top_bar":"default","ocean_display_header":"default","ocean_header_style":"","ocean_center_header_left_menu":"0","ocean_custom_header_template":"0","ocean_custom_logo":0,"ocean_custom_retina_logo":0,"ocean_custom_logo_max_width":0,"ocean_custom_logo_tablet_max_width":0,"ocean_custom_logo_mobile_max_width":0,"ocean_custom_logo_max_height":0,"ocean_custom_logo_tablet_max_height":0,"ocean_custom_logo_mobile_max_height":0,"ocean_header_custom_menu":"0","ocean_menu_typo_font_family":"0","ocean_menu_typo_font_subset":"","ocean_menu_typo_font_size":0,"ocean_menu_typo_font_size_tablet":0,"ocean_menu_typo_font_size_mobile":0,"ocean_menu_typo_font_size_unit":"px","ocean_menu_typo_font_weight":"","ocean_menu_typo_font_weight_tablet":"","ocean_menu_typo_font_weight_mobile":"","ocean_menu_typo_transform":"","ocean_menu_typo_transform_tablet":"","ocean_menu_typo_transform_mobile":"","ocean_menu_typo_line_height":0,"ocean_menu_typo_line_height_tablet":0,"ocean_menu_typo_line_height_mobile":0,"ocean_menu_typo_line_height_unit":"","ocean_menu_typo_spacing":0,"ocean_menu_typo_spacing_tablet":0,"ocean_menu_typo_spacing_mobile":0,"ocean_menu_typo_spacing_unit":"","ocean_menu_link_color":"","ocean_menu_link_color_hover":"","ocean_menu_link_color_active":"","ocean_menu_link_background":"","ocean_menu_link_hover_background":"","ocean_menu_link_active_background":"","ocean_menu_social_links_bg":"","ocean_menu_social_hover_links_bg":"","ocean_menu_social_links_color":"","ocean_menu_social_hover_links_color":"","ocean_disable_title":"default","ocean_disable_heading":"default","ocean_post_title":"","ocean_post_subheading":"","ocean_post_title_style":"","ocean_post_title_background_color":"","ocean_post_title_background":0,"ocean_post_title_bg_image_position":"","ocean_post_title_bg_image_attachment":"","ocean_post_title_bg_image_repeat":"","ocean_post_title_bg_image_size":"","ocean_post_title_height":0,"ocean_post_title_bg_overlay":0.5,"ocean_post_title_bg_overlay_color":"","ocean_disable_breadcrumbs":"default","ocean_breadcrumbs_color":"","ocean_breadcrumbs_separator_color":"","ocean_breadcrumbs_links_color":"","ocean_breadcrumbs_links_hover_color":"","ocean_display_footer_widgets":"default","ocean_display_footer_bottom":"default","ocean_custom_footer_template":"0","osh_disable_topbar_sticky":"default","osh_disable_header_sticky":"default","osh_sticky_header_style":"default","osh_sticky_header_effect":"","osh_custom_sticky_logo":0,"osh_custom_retina_sticky_logo":0,"osh_custom_sticky_logo_height":0,"osh_background_color":"","osh_links_color":"","osh_links_hover_color":"","osh_links_active_color":"","osh_links_bg_color":"","osh_links_hover_bg_color":"","osh_links_active_bg_color":"","osh_menu_social_links_color":"","osh_menu_social_hover_links_color":""},"product_brand":[],"product_cat":[46],"product_tag":[115,72,116],"class_list":{"0":"post-3021","1":"product","2":"type-product","3":"status-publish","4":"has-post-thumbnail","6":"product_cat-oil-mist-lubrication-systems","7":"product_tag-lubricating-sprayer","8":"product_tag-lubrication-system","9":"product_tag-oil-mist-lubrication","11":"entry","12":"has-media","14":"first","15":"instock","16":"shipping-taxable","17":"product-type-external","18":"col","19":"span_1_of_3","20":"owp-content-center","21":"owp-thumbs-layout-horizontal","22":"owp-btn-very-big","23":"owp-tabs-layout-horizontal"},"_links":{"self":[{"href":"https:\/\/www.jinpinlub.com\/es\/wp-json\/wp\/v2\/product\/3021","targetHints":{"allow":["GET"]}}],"collection":[{"href":"https:\/\/www.jinpinlub.com\/es\/wp-json\/wp\/v2\/product"}],"about":[{"href":"https:\/\/www.jinpinlub.com\/es\/wp-json\/wp\/v2\/types\/product"}],"wp:featuredmedia":[{"embeddable":true,"href":"https:\/\/www.jinpinlub.com\/es\/wp-json\/wp\/v2\/media\/3024"}],"wp:attachment":[{"href":"https:\/\/www.jinpinlub.com\/es\/wp-json\/wp\/v2\/media?parent=3021"}],"wp:term":[{"taxonomy":"product_brand","embeddable":true,"href":"https:\/\/www.jinpinlub.com\/es\/wp-json\/wp\/v2\/product_brand?post=3021"},{"taxonomy":"product_cat","embeddable":true,"href":"https:\/\/www.jinpinlub.com\/es\/wp-json\/wp\/v2\/product_cat?post=3021"},{"taxonomy":"product_tag","embeddable":true,"href":"https:\/\/www.jinpinlub.com\/es\/wp-json\/wp\/v2\/product_tag?post=3021"}],"curies":[{"name":"wp","href":"https:\/\/api.w.org\/{rel}","templated":true}]}}