{"id":3028,"date":"2024-08-06T15:50:15","date_gmt":"2024-08-06T15:50:15","guid":{"rendered":"https:\/\/www.jinpinlub.com\/?post_type=product&#038;p=3028"},"modified":"2024-08-06T16:32:32","modified_gmt":"2024-08-06T16:32:32","slug":"manguera-de-alta-presion-lubricante-de-resina-de-fibra-de-tres-capas-hgh-84-mpa","status":"publish","type":"product","link":"https:\/\/www.jinpinlub.com\/es\/product\/hgh-84-mpa-three-layer-fiber-resin-lubricant-high-pressure-hose\/","title":{"rendered":"Manguera de alta presi\u00f3n lubricante de resina de fibra de tres capas HGH 84MPa"},"content":{"rendered":"<h2>Caracter\u00edsticas<\/h2>\n<p>La manguera de grasa de alta presi\u00f3n HGH 84MPa es una manguera especialmente dise\u00f1ada para aplicaciones de alta presi\u00f3n, generalmente utilizada en sistemas hidr\u00e1ulicos, sistemas de lubricaci\u00f3n y otras ocasiones que requieren transmisi\u00f3n de alta presi\u00f3n.<br \/>\n1. Capacidad de soporte de alta presi\u00f3n: puede soportar presiones de trabajo de hasta 84 MPa.<br \/>\n2. Resistencia a la corrosi\u00f3n: generalmente hecho de materiales resistentes a la corrosi\u00f3n, adecuado para diversos entornos hostiles.<br \/>\n3. Flexibilidad: tiene buena flexibilidad, f\u00e1cil de instalar y usar.<br \/>\n4. Larga vida \u00fatil: dise\u00f1ado con una larga vida \u00fatil, se puede utilizar durante mucho tiempo en entornos de alta presi\u00f3n.<\/p>\n<h2>Especificaci\u00f3n<\/h2>\n<table>\n<tbody>\n<tr>\n<td>Modelo<\/td>\n<td>HGH40, HGH63<\/td>\n<\/tr>\n<tr>\n<td>Espesor de la manguera<\/td>\n<td>HGH40-2,3 mm, HGH63-2,45 mm<\/td>\n<\/tr>\n<tr>\n<td>Di\u00e1metro interior de la manguera<\/td>\n<td>HGH40-4,0 mm, HGH63-6,3 mm<\/td>\n<\/tr>\n<tr>\n<td>Di\u00e1metro exterior de la manguera<\/td>\n<td>HGH40-8,6 mm, HGH63-11,3 mm<\/td>\n<\/tr>\n<tr>\n<td>Peso por metro<\/td>\n<td>HGH40-53 g, HGH63-79 g<\/td>\n<\/tr>\n<tr>\n<td>Longitud del rollo<\/td>\n<td>200 m\/rollo<\/td>\n<\/tr>\n<tr>\n<td>Temperatura de funcionamiento<\/td>\n<td>(-40 \u2103 +80 \u2103)<\/td>\n<\/tr>\n<tr>\n<td>Presi\u00f3n m\u00ednima de ruptura<\/td>\n<td>84 MPa<\/td>\n<\/tr>\n<\/tbody>\n<\/table>\n<h2>Solicitud<\/h2>\n<p>1. Sistema hidr\u00e1ulico: El sistema de transmisi\u00f3n de aceite hidr\u00e1ulico de alta presi\u00f3n encuentra su aplicaci\u00f3n en maquinaria de ingenier\u00eda, equipos de construcci\u00f3n y sistemas de automatizaci\u00f3n industrial en la m\u00e1s amplia escala.<br \/>\n2. Sistema de lubricaci\u00f3n: El prop\u00f3sito es la lubricaci\u00f3n a alta presi\u00f3n, utilizada principalmente para dispositivos de alta gama, como maquinaria grande y equipos industriales.<br \/>\n3. Perforaci\u00f3n y miner\u00eda: la transmisi\u00f3n de lubricante fluido a alta presi\u00f3n garantiza que el equipo funcione normalmente en entornos hostiles.<br \/>\n4. Industria del petr\u00f3leo y el gas: se utiliza para la transmisi\u00f3n a alta presi\u00f3n de aceites, gases y otros productos qu\u00edmicos para adaptarse a duras condiciones de trabajo.<br \/>\n5. Industria qu\u00edmica: se utiliza para la transmisi\u00f3n a alta presi\u00f3n de l\u00edquidos y gases corrosivos para garantizar la seguridad y la eficiencia.<\/p>\n<h2>Manuales<\/h2>\n<div class=\"sdm_download_button_box_default\"><div class=\"sdm_download_link\"><a href=\"https:\/\/www.jinpinlub.com\/es\/?sdm_process_download=1&download_id=3029\" class=\"sdm_download white\" title=\"Privado: HGH high-pressure hose\" target=\"&quot;_blank&quot;\">Ver hoja de datos - Manguera HGH<\/a><\/div><\/div>","protected":false},"excerpt":{"rendered":"<p>La manguera est\u00e1 compuesta por un tubo interior (nailon PA11), una capa intermedia (fibra sint\u00e9tica) y una capa exterior (poliuretano flexible). La manguera es ligera y suave, con un tubo interior liso, baja resistencia al flujo medio y buena resistencia qu\u00edmica y al impacto.<\/p>","protected":false},"featured_media":3031,"template":"","meta":{"ocean_post_layout":"","ocean_both_sidebars_style":"","ocean_both_sidebars_content_width":0,"ocean_both_sidebars_sidebars_width":0,"ocean_sidebar":"0","ocean_second_sidebar":"0","ocean_disable_margins":"enable","ocean_add_body_class":"","ocean_shortcode_before_top_bar":"","ocean_shortcode_after_top_bar":"","ocean_shortcode_before_header":"","ocean_shortcode_after_header":"","ocean_has_shortcode":"","ocean_shortcode_after_title":"","ocean_shortcode_before_footer_widgets":"","ocean_shortcode_after_footer_widgets":"","ocean_shortcode_before_footer_bottom":"","ocean_shortcode_after_footer_bottom":"","ocean_display_top_bar":"default","ocean_display_header":"default","ocean_header_style":"","ocean_center_header_left_menu":"0","ocean_custom_header_template":"0","ocean_custom_logo":0,"ocean_custom_retina_logo":0,"ocean_custom_logo_max_width":0,"ocean_custom_logo_tablet_max_width":0,"ocean_custom_logo_mobile_max_width":0,"ocean_custom_logo_max_height":0,"ocean_custom_logo_tablet_max_height":0,"ocean_custom_logo_mobile_max_height":0,"ocean_header_custom_menu":"0","ocean_menu_typo_font_family":"0","ocean_menu_typo_font_subset":"","ocean_menu_typo_font_size":0,"ocean_menu_typo_font_size_tablet":0,"ocean_menu_typo_font_size_mobile":0,"ocean_menu_typo_font_size_unit":"px","ocean_menu_typo_font_weight":"","ocean_menu_typo_font_weight_tablet":"","ocean_menu_typo_font_weight_mobile":"","ocean_menu_typo_transform":"","ocean_menu_typo_transform_tablet":"","ocean_menu_typo_transform_mobile":"","ocean_menu_typo_line_height":0,"ocean_menu_typo_line_height_tablet":0,"ocean_menu_typo_line_height_mobile":0,"ocean_menu_typo_line_height_unit":"","ocean_menu_typo_spacing":0,"ocean_menu_typo_spacing_tablet":0,"ocean_menu_typo_spacing_mobile":0,"ocean_menu_typo_spacing_unit":"","ocean_menu_link_color":"","ocean_menu_link_color_hover":"","ocean_menu_link_color_active":"","ocean_menu_link_background":"","ocean_menu_link_hover_background":"","ocean_menu_link_active_background":"","ocean_menu_social_links_bg":"","ocean_menu_social_hover_links_bg":"","ocean_menu_social_links_color":"","ocean_menu_social_hover_links_color":"","ocean_disable_title":"default","ocean_disable_heading":"default","ocean_post_title":"","ocean_post_subheading":"","ocean_post_title_style":"","ocean_post_title_background_color":"","ocean_post_title_background":0,"ocean_post_title_bg_image_position":"","ocean_post_title_bg_image_attachment":"","ocean_post_title_bg_image_repeat":"","ocean_post_title_bg_image_size":"","ocean_post_title_height":0,"ocean_post_title_bg_overlay":0.5,"ocean_post_title_bg_overlay_color":"","ocean_disable_breadcrumbs":"default","ocean_breadcrumbs_color":"","ocean_breadcrumbs_separator_color":"","ocean_breadcrumbs_links_color":"","ocean_breadcrumbs_links_hover_color":"","ocean_display_footer_widgets":"default","ocean_display_footer_bottom":"default","ocean_custom_footer_template":"0","osh_disable_topbar_sticky":"default","osh_disable_header_sticky":"default","osh_sticky_header_style":"default","osh_sticky_header_effect":"","osh_custom_sticky_logo":0,"osh_custom_retina_sticky_logo":0,"osh_custom_sticky_logo_height":0,"osh_background_color":"","osh_links_color":"","osh_links_hover_color":"","osh_links_active_color":"","osh_links_bg_color":"","osh_links_hover_bg_color":"","osh_links_active_bg_color":"","osh_menu_social_links_color":"","osh_menu_social_hover_links_color":""},"product_brand":[],"product_cat":[31],"product_tag":[117,119,118],"class_list":{"0":"post-3028","1":"product","2":"type-product","3":"status-publish","4":"has-post-thumbnail","6":"product_cat-lube-system-accessories","7":"product_tag-grease-hose","8":"product_tag-high-pressure-hose","9":"product_tag-lubrication-system-hose","11":"entry","12":"has-media","14":"first","15":"instock","16":"shipping-taxable","17":"product-type-external","18":"col","19":"span_1_of_3","20":"owp-content-center","21":"owp-thumbs-layout-horizontal","22":"owp-btn-very-big","23":"owp-tabs-layout-horizontal"},"_links":{"self":[{"href":"https:\/\/www.jinpinlub.com\/es\/wp-json\/wp\/v2\/product\/3028","targetHints":{"allow":["GET"]}}],"collection":[{"href":"https:\/\/www.jinpinlub.com\/es\/wp-json\/wp\/v2\/product"}],"about":[{"href":"https:\/\/www.jinpinlub.com\/es\/wp-json\/wp\/v2\/types\/product"}],"wp:featuredmedia":[{"embeddable":true,"href":"https:\/\/www.jinpinlub.com\/es\/wp-json\/wp\/v2\/media\/3031"}],"wp:attachment":[{"href":"https:\/\/www.jinpinlub.com\/es\/wp-json\/wp\/v2\/media?parent=3028"}],"wp:term":[{"taxonomy":"product_brand","embeddable":true,"href":"https:\/\/www.jinpinlub.com\/es\/wp-json\/wp\/v2\/product_brand?post=3028"},{"taxonomy":"product_cat","embeddable":true,"href":"https:\/\/www.jinpinlub.com\/es\/wp-json\/wp\/v2\/product_cat?post=3028"},{"taxonomy":"product_tag","embeddable":true,"href":"https:\/\/www.jinpinlub.com\/es\/wp-json\/wp\/v2\/product_tag?post=3028"}],"curies":[{"name":"wp","href":"https:\/\/api.w.org\/{rel}","templated":true}]}}