{"id":3036,"date":"2024-08-06T18:01:46","date_gmt":"2024-08-06T18:01:46","guid":{"rendered":"https:\/\/www.jinpinlub.com\/?post_type=product&#038;p=3036"},"modified":"2025-04-15T20:29:57","modified_gmt":"2025-04-15T12:29:57","slug":"bomba-de-lubricacion-manual-con-grasa-progresiva-de-doble-salida-jgh1","status":"publish","type":"product","link":"https:\/\/www.jinpinlub.com\/es\/product\/jgh1-double-outlet-progressive-manual-grease-lubrication-pump\/","title":{"rendered":"Bomba de lubricaci\u00f3n con grasa manual progresiva de doble salida EGH1"},"content":{"rendered":"<h2>Caracter\u00edsticas<\/h2>\n<p>1. Tire de la manija para suministrar aceite para lubricaci\u00f3n, f\u00e1cil de operar.<br \/>\n2. El bloque de prensado de aceite tiene buena estanqueidad y el lubricante no permanecer\u00e1 en el recipiente de aceite.<br \/>\n3. La salida de aceite se puede configurar en el lado izquierdo o derecho del mango seg\u00fan sea necesario, y el aceite tambi\u00e9n se puede descargar desde ambos lados.<br \/>\n4. Al rellenar con grasa, aseg\u00farese de inyectar lubricante desde el puerto de llenado para evitar que se mezcle con residuos.<br \/>\n5. Adecuado para equipos mec\u00e1nicos que no se lubrican peri\u00f3dicamente, como punzonadoras, m\u00e1quinas para trabajar la madera, etc.<\/p>\n<h2>Especificaci\u00f3n<\/h2>\n<table>\n<tbody>\n<tr>\n<td>Temperatura de funcionamiento<\/td>\n<td>(-20 ~ +55 \u00b0C)<\/td>\n<\/tr>\n<tr>\n<td>N\u00famero de puntos de venta<\/td>\n<td>1, 2<\/td>\n<\/tr>\n<tr>\n<td>Capacidad del dep\u00f3sito<\/td>\n<td>300 ml, 800 ml<\/td>\n<\/tr>\n<tr>\n<td>Principio de funcionamiento<\/td>\n<td>Bomba operada manualmente<\/td>\n<\/tr>\n<tr>\n<td>Lubricante<\/td>\n<td>Grasa NLGI 000~0#<\/td>\n<\/tr>\n<tr>\n<td>Descargar<\/td>\n<td>2mL\/ciclo<\/td>\n<\/tr>\n<tr>\n<td>Presi\u00f3n m\u00e1xima de funcionamiento<\/td>\n<td>10 MPa<\/td>\n<\/tr>\n<tr>\n<td>Hilo de conexi\u00f3n<\/td>\n<td>Salida \u03a64, \u03a66, \u03a68, PT1\/8<\/td>\n<\/tr>\n<tr>\n<td>Proceso de dar un t\u00edtulo<\/td>\n<td>CE<\/td>\n<\/tr>\n<tr>\n<td>Posici\u00f3n de montaje<\/td>\n<td>Vertical u horizontal<\/td>\n<\/tr>\n<\/tbody>\n<\/table>\n<h2>Aplicaciones<\/h2>\n<p><span id=\"input-sentence~0\">Automotriz, lubricante utilizado en cojinetes de ruedas, suspensiones y articulaciones de direcci\u00f3n.<br \/>\nLa maquinaria agr\u00edcola, como tractores y cosechadoras, es una aplicaci\u00f3n en la que se utilizan para proporcionar un funcionamiento suave.<br \/>\nMaquinaria industrial, esto incluye cojinetes, engranajes y otros componentes de equipos de producci\u00f3n y sistemas de manipulaci\u00f3n de materiales en f\u00e1bricas y plantas de procesamiento que requieren lubricaci\u00f3n.<\/span><span id=\"input-sentence~1\"><br \/>\nLos equipos de construcci\u00f3n como maquinaria pesada, excavadoras, cargadoras, requieren una lubricaci\u00f3n regular para mantenerlos en perfectas condiciones de funcionamiento.<br \/>\nEquipos de jardiner\u00eda, lubricar motosierras y cortadoras de c\u00e9sped, todas las partes m\u00f3viles.<\/span><\/p>\n<h2>Manuales<\/h2>\n<div class=\"sdm_download_button_box_default\"><div class=\"sdm_download_link\"><a href=\"https:\/\/www.jinpinlub.com\/es\/?sdm_process_download=1&download_id=3037\" class=\"sdm_download white\" title=\"Privado: EGH1 Progressive hand pump\" target=\"&quot;_blank&quot;\">View Datasheet - EGH1 Manual Pump<\/a><\/div><\/div>","protected":false},"excerpt":{"rendered":"<p>Se caracteriza por su f\u00e1cil manejo, bajo precio y amplia aplicaci\u00f3n. Los lubricadores de grasa manuales pueden inyectar la cantidad adecuada de grasa en lugares relativamente dif\u00edciles de alcanzar, lo que garantiza el funcionamiento normal del equipo y prolonga su vida \u00fatil.<\/p>","protected":false},"featured_media":3054,"template":"","meta":{"ocean_post_layout":"","ocean_both_sidebars_style":"","ocean_both_sidebars_content_width":0,"ocean_both_sidebars_sidebars_width":0,"ocean_sidebar":"0","ocean_second_sidebar":"0","ocean_disable_margins":"enable","ocean_add_body_class":"","ocean_shortcode_before_top_bar":"","ocean_shortcode_after_top_bar":"","ocean_shortcode_before_header":"","ocean_shortcode_after_header":"","ocean_has_shortcode":"","ocean_shortcode_after_title":"","ocean_shortcode_before_footer_widgets":"","ocean_shortcode_after_footer_widgets":"","ocean_shortcode_before_footer_bottom":"","ocean_shortcode_after_footer_bottom":"","ocean_display_top_bar":"default","ocean_display_header":"default","ocean_header_style":"","ocean_center_header_left_menu":"0","ocean_custom_header_template":"0","ocean_custom_logo":0,"ocean_custom_retina_logo":0,"ocean_custom_logo_max_width":0,"ocean_custom_logo_tablet_max_width":0,"ocean_custom_logo_mobile_max_width":0,"ocean_custom_logo_max_height":0,"ocean_custom_logo_tablet_max_height":0,"ocean_custom_logo_mobile_max_height":0,"ocean_header_custom_menu":"0","ocean_menu_typo_font_family":"0","ocean_menu_typo_font_subset":"","ocean_menu_typo_font_size":0,"ocean_menu_typo_font_size_tablet":0,"ocean_menu_typo_font_size_mobile":0,"ocean_menu_typo_font_size_unit":"px","ocean_menu_typo_font_weight":"","ocean_menu_typo_font_weight_tablet":"","ocean_menu_typo_font_weight_mobile":"","ocean_menu_typo_transform":"","ocean_menu_typo_transform_tablet":"","ocean_menu_typo_transform_mobile":"","ocean_menu_typo_line_height":0,"ocean_menu_typo_line_height_tablet":0,"ocean_menu_typo_line_height_mobile":0,"ocean_menu_typo_line_height_unit":"","ocean_menu_typo_spacing":0,"ocean_menu_typo_spacing_tablet":0,"ocean_menu_typo_spacing_mobile":0,"ocean_menu_typo_spacing_unit":"","ocean_menu_link_color":"","ocean_menu_link_color_hover":"","ocean_menu_link_color_active":"","ocean_menu_link_background":"","ocean_menu_link_hover_background":"","ocean_menu_link_active_background":"","ocean_menu_social_links_bg":"","ocean_menu_social_hover_links_bg":"","ocean_menu_social_links_color":"","ocean_menu_social_hover_links_color":"","ocean_disable_title":"default","ocean_disable_heading":"default","ocean_post_title":"","ocean_post_subheading":"","ocean_post_title_style":"","ocean_post_title_background_color":"","ocean_post_title_background":0,"ocean_post_title_bg_image_position":"","ocean_post_title_bg_image_attachment":"","ocean_post_title_bg_image_repeat":"","ocean_post_title_bg_image_size":"","ocean_post_title_height":0,"ocean_post_title_bg_overlay":0.5,"ocean_post_title_bg_overlay_color":"","ocean_disable_breadcrumbs":"default","ocean_breadcrumbs_color":"","ocean_breadcrumbs_separator_color":"","ocean_breadcrumbs_links_color":"","ocean_breadcrumbs_links_hover_color":"","ocean_display_footer_widgets":"default","ocean_display_footer_bottom":"default","ocean_custom_footer_template":"0","osh_disable_topbar_sticky":"default","osh_disable_header_sticky":"default","osh_sticky_header_style":"default","osh_sticky_header_effect":"","osh_custom_sticky_logo":0,"osh_custom_retina_sticky_logo":0,"osh_custom_sticky_logo_height":0,"osh_background_color":"","osh_links_color":"","osh_links_hover_color":"","osh_links_active_color":"","osh_links_bg_color":"","osh_links_hover_bg_color":"","osh_links_active_bg_color":"","osh_menu_social_links_color":"","osh_menu_social_hover_links_color":""},"product_brand":[],"product_cat":[43,41],"product_tag":[71,121,120],"class_list":{"0":"post-3036","1":"product","2":"type-product","3":"status-publish","4":"has-post-thumbnail","6":"product_cat-manual-progressive-pumps","7":"product_cat-progressive-grease-systems","8":"product_tag-lubrication-pump","9":"product_tag-manual-grease-pump","10":"product_tag-manual-lubrication-pump","12":"entry","13":"has-media","15":"first","16":"instock","17":"shipping-taxable","18":"product-type-external","19":"col","20":"span_1_of_3","21":"owp-content-center","22":"owp-thumbs-layout-horizontal","23":"owp-btn-very-big","24":"owp-tabs-layout-horizontal"},"_links":{"self":[{"href":"https:\/\/www.jinpinlub.com\/es\/wp-json\/wp\/v2\/product\/3036","targetHints":{"allow":["GET"]}}],"collection":[{"href":"https:\/\/www.jinpinlub.com\/es\/wp-json\/wp\/v2\/product"}],"about":[{"href":"https:\/\/www.jinpinlub.com\/es\/wp-json\/wp\/v2\/types\/product"}],"wp:featuredmedia":[{"embeddable":true,"href":"https:\/\/www.jinpinlub.com\/es\/wp-json\/wp\/v2\/media\/3054"}],"wp:attachment":[{"href":"https:\/\/www.jinpinlub.com\/es\/wp-json\/wp\/v2\/media?parent=3036"}],"wp:term":[{"taxonomy":"product_brand","embeddable":true,"href":"https:\/\/www.jinpinlub.com\/es\/wp-json\/wp\/v2\/product_brand?post=3036"},{"taxonomy":"product_cat","embeddable":true,"href":"https:\/\/www.jinpinlub.com\/es\/wp-json\/wp\/v2\/product_cat?post=3036"},{"taxonomy":"product_tag","embeddable":true,"href":"https:\/\/www.jinpinlub.com\/es\/wp-json\/wp\/v2\/product_tag?post=3036"}],"curies":[{"name":"wp","href":"https:\/\/api.w.org\/{rel}","templated":true}]}}