{"id":3064,"date":"2024-08-08T15:40:21","date_gmt":"2024-08-08T15:40:21","guid":{"rendered":"https:\/\/www.jinpinlub.com\/?post_type=product&#038;p=3064"},"modified":"2024-11-28T17:59:45","modified_gmt":"2024-11-28T09:59:45","slug":"distribuidor-dosificador-de-aceite-y-aire-ao-5-para-sistema-de-lubricacion","status":"publish","type":"product","link":"https:\/\/www.jinpinlub.com\/es\/product\/ao-5-oil-air-mixer-metering-distributor-for-lubrication-system\/","title":{"rendered":"Distribuidor dosificador de aceite y aire AO-5 para sistema de lubricaci\u00f3n"},"content":{"rendered":"<h2>Caracter\u00edsticas<\/h2>\n<p>AO es un mezclador lubricante cuantitativo de aceite-aire desarrollado con base en tecnolog\u00eda avanzada de mezcladores de aceite-aire.<br \/>\nEl volumen de descarga est\u00e1 disponible en cuatro especificaciones: 0,03, 0,06, 0,1 y 0,16 ml\/ciclo.<br \/>\nCada salida puede ser seleccionada para diferentes descargas y montaje integrado, con 1 a 5 salidas combinadas.<br \/>\nEl mezclador cuantitativo lubricante de aceite-aire est\u00e1 equipado con un tornillo de ajuste del flujo de aire para ajustar el flujo de aire.<br \/>\nLubricaci\u00f3n en microcantidades, alta tasa de utilizaci\u00f3n de aceite.<br \/>\nViscosidad de aceite compatible 10-90cSt a 40\u2103.<\/p>\n<h2>Especificaci\u00f3n<\/h2>\n<table>\n<tbody>\n<tr>\n<td>Principio de funcionamiento<\/td>\n<td>Dispositivos de medici\u00f3n<\/td>\n<\/tr>\n<tr>\n<td>N\u00famero de puntos de venta<\/td>\n<td>1-5<\/td>\n<\/tr>\n<tr>\n<td>Cantidad de medici\u00f3n<\/td>\n<td>0,03, 0,06, 0,10, 0,16 ml\/ciclo<\/td>\n<\/tr>\n<tr>\n<td>Lubricante<\/td>\n<td>Aceite 10-90 cSt a 40 \u2103<\/td>\n<\/tr>\n<tr>\n<td>Temperatura de funcionamiento<\/td>\n<td>0 a +40 \u00b0C<\/td>\n<\/tr>\n<tr>\n<td>Presi\u00f3n de aceite<\/td>\n<td>15-30 bares<\/td>\n<\/tr>\n<tr>\n<td>Material<\/td>\n<td>Aleaci\u00f3n<\/td>\n<\/tr>\n<tr>\n<td>Entrada de aire<\/td>\n<td>\u03a66(PT1\/8)<\/td>\n<\/tr>\n<tr>\n<td>Entrada de aceite<\/td>\n<td>\u03a66(M10x1)<\/td>\n<\/tr>\n<tr>\n<td>Salida de aceite y aire<\/td>\n<td>\u03a64(M8x1)<\/td>\n<\/tr>\n<\/tbody>\n<\/table>\n<h2>Solicitud<\/h2>\n<p>Equipos mec\u00e1nicos: Tales como m\u00e1quinas herramienta CNC, centros de mecanizado, rectificadoras, etc., para la lubricaci\u00f3n de piezas como cojinetes, carriles gu\u00eda y engranajes.<br \/>\nEl sector automotriz lo utiliza para lubricar diversos equipos mec\u00e1nicos en las l\u00edneas de producci\u00f3n de autom\u00f3viles para garantizar que la l\u00ednea de producci\u00f3n funcione sin problemas.<br \/>\nEn la industria del acero, se encuentra aplicaci\u00f3n en laminadores, m\u00e1quinas de colada continua y otros equipos, como medio para reducir la abrasi\u00f3n del equipo y mejorar la eficiencia de la producci\u00f3n.<br \/>\nEn la industria de fabricaci\u00f3n de papel, se aplica en todo tipo de partes m\u00f3viles de la maquinaria de fabricaci\u00f3n de papel para prolongar la vida \u00fatil del equipo.<\/p>\n<h2>Manuales<\/h2>\n<div class=\"sdm_download_button_box_default\"><div class=\"sdm_download_link\"><a href=\"https:\/\/www.jinpinlub.com\/es\/?sdm_process_download=1&download_id=3069\" class=\"sdm_download white\" title=\"Privado: AO Oil-air Distributor\" target=\"&quot;_blank&quot;\">Ver hoja de datos - Distribuidor AO<\/a><\/div><\/div>","protected":false},"excerpt":{"rendered":"<p>El distribuidor de aceite-aire AO es una v\u00e1lvula dosificadora que se utiliza en el sistema de lubricaci\u00f3n de aceite-aire, con la funci\u00f3n de mezclar aceite y aire para suministrarlo de manera uniforme en varios puntos de lubricaci\u00f3n. Hay salidas de aceite-aire mezcladas disponibles para su selecci\u00f3n en funci\u00f3n de los diferentes requisitos de la aplicaci\u00f3n.<\/p>","protected":false},"featured_media":3065,"template":"","meta":{"ocean_post_layout":"","ocean_both_sidebars_style":"","ocean_both_sidebars_content_width":0,"ocean_both_sidebars_sidebars_width":0,"ocean_sidebar":"0","ocean_second_sidebar":"0","ocean_disable_margins":"enable","ocean_add_body_class":"","ocean_shortcode_before_top_bar":"","ocean_shortcode_after_top_bar":"","ocean_shortcode_before_header":"","ocean_shortcode_after_header":"","ocean_has_shortcode":"","ocean_shortcode_after_title":"","ocean_shortcode_before_footer_widgets":"","ocean_shortcode_after_footer_widgets":"","ocean_shortcode_before_footer_bottom":"","ocean_shortcode_after_footer_bottom":"","ocean_display_top_bar":"default","ocean_display_header":"default","ocean_header_style":"","ocean_center_header_left_menu":"0","ocean_custom_header_template":"0","ocean_custom_logo":0,"ocean_custom_retina_logo":0,"ocean_custom_logo_max_width":0,"ocean_custom_logo_tablet_max_width":0,"ocean_custom_logo_mobile_max_width":0,"ocean_custom_logo_max_height":0,"ocean_custom_logo_tablet_max_height":0,"ocean_custom_logo_mobile_max_height":0,"ocean_header_custom_menu":"0","ocean_menu_typo_font_family":"0","ocean_menu_typo_font_subset":"","ocean_menu_typo_font_size":0,"ocean_menu_typo_font_size_tablet":0,"ocean_menu_typo_font_size_mobile":0,"ocean_menu_typo_font_size_unit":"px","ocean_menu_typo_font_weight":"","ocean_menu_typo_font_weight_tablet":"","ocean_menu_typo_font_weight_mobile":"","ocean_menu_typo_transform":"","ocean_menu_typo_transform_tablet":"","ocean_menu_typo_transform_mobile":"","ocean_menu_typo_line_height":0,"ocean_menu_typo_line_height_tablet":0,"ocean_menu_typo_line_height_mobile":0,"ocean_menu_typo_line_height_unit":"","ocean_menu_typo_spacing":0,"ocean_menu_typo_spacing_tablet":0,"ocean_menu_typo_spacing_mobile":0,"ocean_menu_typo_spacing_unit":"","ocean_menu_link_color":"","ocean_menu_link_color_hover":"","ocean_menu_link_color_active":"","ocean_menu_link_background":"","ocean_menu_link_hover_background":"","ocean_menu_link_active_background":"","ocean_menu_social_links_bg":"","ocean_menu_social_hover_links_bg":"","ocean_menu_social_links_color":"","ocean_menu_social_hover_links_color":"","ocean_disable_title":"default","ocean_disable_heading":"default","ocean_post_title":"","ocean_post_subheading":"","ocean_post_title_style":"","ocean_post_title_background_color":"","ocean_post_title_background":0,"ocean_post_title_bg_image_position":"","ocean_post_title_bg_image_attachment":"","ocean_post_title_bg_image_repeat":"","ocean_post_title_bg_image_size":"","ocean_post_title_height":0,"ocean_post_title_bg_overlay":0.5,"ocean_post_title_bg_overlay_color":"","ocean_disable_breadcrumbs":"default","ocean_breadcrumbs_color":"","ocean_breadcrumbs_separator_color":"","ocean_breadcrumbs_links_color":"","ocean_breadcrumbs_links_hover_color":"","ocean_display_footer_widgets":"default","ocean_display_footer_bottom":"default","ocean_custom_footer_template":"0","osh_disable_topbar_sticky":"default","osh_disable_header_sticky":"default","osh_sticky_header_style":"default","osh_sticky_header_effect":"","osh_custom_sticky_logo":0,"osh_custom_retina_sticky_logo":0,"osh_custom_sticky_logo_height":0,"osh_background_color":"","osh_links_color":"","osh_links_hover_color":"","osh_links_active_color":"","osh_links_bg_color":"","osh_links_hover_bg_color":"","osh_links_active_bg_color":"","osh_menu_social_links_color":"","osh_menu_social_hover_links_color":""},"product_brand":[],"product_cat":[45],"product_tag":[133,134,135],"class_list":{"0":"post-3064","1":"product","2":"type-product","3":"status-publish","4":"has-post-thumbnail","6":"product_cat-oil-air-lubrication-systems","7":"product_tag-oil-air-distributor","8":"product_tag-oil-air-lubrication-system","9":"product_tag-oil-air-metering-valve","11":"entry","12":"has-media","14":"first","15":"instock","16":"shipping-taxable","17":"product-type-external","18":"col","19":"span_1_of_3","20":"owp-content-center","21":"owp-thumbs-layout-horizontal","22":"owp-btn-very-big","23":"owp-tabs-layout-horizontal"},"_links":{"self":[{"href":"https:\/\/www.jinpinlub.com\/es\/wp-json\/wp\/v2\/product\/3064","targetHints":{"allow":["GET"]}}],"collection":[{"href":"https:\/\/www.jinpinlub.com\/es\/wp-json\/wp\/v2\/product"}],"about":[{"href":"https:\/\/www.jinpinlub.com\/es\/wp-json\/wp\/v2\/types\/product"}],"wp:featuredmedia":[{"embeddable":true,"href":"https:\/\/www.jinpinlub.com\/es\/wp-json\/wp\/v2\/media\/3065"}],"wp:attachment":[{"href":"https:\/\/www.jinpinlub.com\/es\/wp-json\/wp\/v2\/media?parent=3064"}],"wp:term":[{"taxonomy":"product_brand","embeddable":true,"href":"https:\/\/www.jinpinlub.com\/es\/wp-json\/wp\/v2\/product_brand?post=3064"},{"taxonomy":"product_cat","embeddable":true,"href":"https:\/\/www.jinpinlub.com\/es\/wp-json\/wp\/v2\/product_cat?post=3064"},{"taxonomy":"product_tag","embeddable":true,"href":"https:\/\/www.jinpinlub.com\/es\/wp-json\/wp\/v2\/product_tag?post=3064"}],"curies":[{"name":"wp","href":"https:\/\/api.w.org\/{rel}","templated":true}]}}