{"id":3180,"date":"2024-08-10T09:33:30","date_gmt":"2024-08-10T09:33:30","guid":{"rendered":"https:\/\/www.jinpinlub.com\/?post_type=product&#038;p=3180"},"modified":"2024-08-10T09:43:43","modified_gmt":"2024-08-10T09:43:43","slug":"union-distribuidora-tipo-a-de-aleacion-de-zinc-para-valvula-cuantitativa","status":"publish","type":"product","link":"https:\/\/www.jinpinlub.com\/es\/product\/zinc-alloy-a-type-distributor-junction-for-quantitative-valve\/","title":{"rendered":"Uni\u00f3n distribuidora tipo A de aleaci\u00f3n de zinc para v\u00e1lvula cuantitativa"},"content":{"rendered":"<h2>Caracter\u00edsticas<\/h2>\n<p><span id=\"input-sentence~1\">1. Puede soportar una cierta presi\u00f3n de trabajo para garantizar el funcionamiento estable del sistema de tuber\u00edas de lubricaci\u00f3n.<br \/>\n2. El distribuidor tipo A se utiliza en combinaci\u00f3n con un buje de compresi\u00f3n y un manguito de compresi\u00f3n para fijar la tuber\u00eda de aceite.<\/span><span id=\"input-sentence~2\"><br \/>\n3. El distribuidor tipo A se puede conectar a una v\u00e1lvula dosificadora unidireccional o a una junta de descarga proporcional para formar un distribuidor de resistencia.<br \/>\n4. El distribuidor tipo A con junta de casquillo no tiene requisitos en cuanto al material de la tuber\u00eda. Se pueden utilizar tuber\u00edas de nailon, de cobre y de aluminio.<\/span><\/p>\n<h2>Especificaci\u00f3n<\/h2>\n<table>\n<tbody>\n<tr>\n<td>Principio de funcionamiento<\/td>\n<td>Uni\u00f3n de aleaci\u00f3n de zinc<\/td>\n<\/tr>\n<tr>\n<td>N\u00famero de puntos de venta<\/td>\n<td>2, 3, 4, 5, 6,7, 8, 10<\/td>\n<\/tr>\n<tr>\n<td>Lubricante<\/td>\n<td>Grasa o aceite<\/td>\n<\/tr>\n<tr>\n<td>Temperatura de funcionamiento<\/td>\n<td>(-20\u2103 a +60 \u00b0C)<\/td>\n<\/tr>\n<tr>\n<td>Presi\u00f3n de funcionamiento<\/td>\n<td>M\u00e1ximo 420 bar<\/td>\n<\/tr>\n<tr>\n<td>Material<\/td>\n<td>Material de aleaci\u00f3n de zinc<\/td>\n<\/tr>\n<tr>\n<td>Conexi\u00f3n de l\u00ednea principal<\/td>\n<td>\u03a64(M8x1), \u03a66(M10x1)<\/td>\n<\/tr>\n<tr>\n<td>Toma de conexi\u00f3n<\/td>\n<td>\u03a64(M8x1), \u03a66(M10x1)<\/td>\n<\/tr>\n<tr>\n<td>Posici\u00f3n de montaje<\/td>\n<td>Cualquier<\/td>\n<\/tr>\n<\/tbody>\n<\/table>\n<h2>Solicitud<\/h2>\n<p>Utilizado como un distribuidor de aceite t\u00edpico y ampliamente utilizado en sistemas de lubricaci\u00f3n centralizada de tornos, fresadoras, m\u00e1quinas de moldeo por inyecci\u00f3n y punzonadoras, este equipo mec\u00e1nico es aplicable.<br \/>\nSe utiliza para conectar varias tuber\u00edas de aceite y luego distribuir aceite lubricante. Garantiza un suministro uniforme de aceite a cada punto de lubricaci\u00f3n, mejorando as\u00ed la vida \u00fatil del equipo.<\/p>\n<h2>Manuales<\/h2>\n<div class=\"sdm_download_button_box_default\"><div class=\"sdm_download_link\"><a href=\"https:\/\/www.jinpinlub.com\/es\/?sdm_process_download=1&download_id=3176\" class=\"sdm_download white\" title=\"Privado: Type-A Distributor\" target=\"&quot;_blank&quot;\">Ver hoja de datos - Distribuidor tipo A<\/a><\/div><\/div>","protected":false},"excerpt":{"rendered":"<p>El distribuidor tipo A es un distribuidor que se utiliza en tuber\u00edas de lubricaci\u00f3n. Se utiliza en los sistemas de lubricaci\u00f3n de m\u00e1quinas de moldeo por inyecci\u00f3n, impresi\u00f3n, embalaje, torneado y fresado y otros equipos. Tiene ventajas como resistencia a la corrosi\u00f3n y resistencia al \u00f3xido.<\/p>","protected":false},"featured_media":3098,"template":"","meta":{"ocean_post_layout":"","ocean_both_sidebars_style":"","ocean_both_sidebars_content_width":0,"ocean_both_sidebars_sidebars_width":0,"ocean_sidebar":"0","ocean_second_sidebar":"0","ocean_disable_margins":"enable","ocean_add_body_class":"","ocean_shortcode_before_top_bar":"","ocean_shortcode_after_top_bar":"","ocean_shortcode_before_header":"","ocean_shortcode_after_header":"","ocean_has_shortcode":"","ocean_shortcode_after_title":"","ocean_shortcode_before_footer_widgets":"","ocean_shortcode_after_footer_widgets":"","ocean_shortcode_before_footer_bottom":"","ocean_shortcode_after_footer_bottom":"","ocean_display_top_bar":"default","ocean_display_header":"default","ocean_header_style":"","ocean_center_header_left_menu":"0","ocean_custom_header_template":"0","ocean_custom_logo":0,"ocean_custom_retina_logo":0,"ocean_custom_logo_max_width":0,"ocean_custom_logo_tablet_max_width":0,"ocean_custom_logo_mobile_max_width":0,"ocean_custom_logo_max_height":0,"ocean_custom_logo_tablet_max_height":0,"ocean_custom_logo_mobile_max_height":0,"ocean_header_custom_menu":"0","ocean_menu_typo_font_family":"0","ocean_menu_typo_font_subset":"","ocean_menu_typo_font_size":0,"ocean_menu_typo_font_size_tablet":0,"ocean_menu_typo_font_size_mobile":0,"ocean_menu_typo_font_size_unit":"px","ocean_menu_typo_font_weight":"","ocean_menu_typo_font_weight_tablet":"","ocean_menu_typo_font_weight_mobile":"","ocean_menu_typo_transform":"","ocean_menu_typo_transform_tablet":"","ocean_menu_typo_transform_mobile":"","ocean_menu_typo_line_height":0,"ocean_menu_typo_line_height_tablet":0,"ocean_menu_typo_line_height_mobile":0,"ocean_menu_typo_line_height_unit":"","ocean_menu_typo_spacing":0,"ocean_menu_typo_spacing_tablet":0,"ocean_menu_typo_spacing_mobile":0,"ocean_menu_typo_spacing_unit":"","ocean_menu_link_color":"","ocean_menu_link_color_hover":"","ocean_menu_link_color_active":"","ocean_menu_link_background":"","ocean_menu_link_hover_background":"","ocean_menu_link_active_background":"","ocean_menu_social_links_bg":"","ocean_menu_social_hover_links_bg":"","ocean_menu_social_links_color":"","ocean_menu_social_hover_links_color":"","ocean_disable_title":"default","ocean_disable_heading":"default","ocean_post_title":"","ocean_post_subheading":"","ocean_post_title_style":"","ocean_post_title_background_color":"","ocean_post_title_background":0,"ocean_post_title_bg_image_position":"","ocean_post_title_bg_image_attachment":"","ocean_post_title_bg_image_repeat":"","ocean_post_title_bg_image_size":"","ocean_post_title_height":0,"ocean_post_title_bg_overlay":0.5,"ocean_post_title_bg_overlay_color":"","ocean_disable_breadcrumbs":"default","ocean_breadcrumbs_color":"","ocean_breadcrumbs_separator_color":"","ocean_breadcrumbs_links_color":"","ocean_breadcrumbs_links_hover_color":"","ocean_display_footer_widgets":"default","ocean_display_footer_bottom":"default","ocean_custom_footer_template":"0","osh_disable_topbar_sticky":"default","osh_disable_header_sticky":"default","osh_sticky_header_style":"default","osh_sticky_header_effect":"","osh_custom_sticky_logo":0,"osh_custom_retina_sticky_logo":0,"osh_custom_sticky_logo_height":0,"osh_background_color":"","osh_links_color":"","osh_links_hover_color":"","osh_links_active_color":"","osh_links_bg_color":"","osh_links_hover_bg_color":"","osh_links_active_bg_color":"","osh_menu_social_links_color":"","osh_menu_social_hover_links_color":""},"product_brand":[],"product_cat":[53,50],"product_tag":[145,146,137],"class_list":{"0":"post-3180","1":"product","2":"type-product","3":"status-publish","4":"has-post-thumbnail","6":"product_cat-resistance-oil-distributors","7":"product_cat-resistance-thin-oil-systems","8":"product_tag-lubricating-oil-block","9":"product_tag-oil-circuit-accessories","10":"product_tag-resistance-distributor","12":"entry","13":"has-media","15":"first","16":"instock","17":"shipping-taxable","18":"product-type-external","19":"col","20":"span_1_of_3","21":"owp-content-center","22":"owp-thumbs-layout-horizontal","23":"owp-btn-very-big","24":"owp-tabs-layout-horizontal"},"_links":{"self":[{"href":"https:\/\/www.jinpinlub.com\/es\/wp-json\/wp\/v2\/product\/3180","targetHints":{"allow":["GET"]}}],"collection":[{"href":"https:\/\/www.jinpinlub.com\/es\/wp-json\/wp\/v2\/product"}],"about":[{"href":"https:\/\/www.jinpinlub.com\/es\/wp-json\/wp\/v2\/types\/product"}],"wp:featuredmedia":[{"embeddable":true,"href":"https:\/\/www.jinpinlub.com\/es\/wp-json\/wp\/v2\/media\/3098"}],"wp:attachment":[{"href":"https:\/\/www.jinpinlub.com\/es\/wp-json\/wp\/v2\/media?parent=3180"}],"wp:term":[{"taxonomy":"product_brand","embeddable":true,"href":"https:\/\/www.jinpinlub.com\/es\/wp-json\/wp\/v2\/product_brand?post=3180"},{"taxonomy":"product_cat","embeddable":true,"href":"https:\/\/www.jinpinlub.com\/es\/wp-json\/wp\/v2\/product_cat?post=3180"},{"taxonomy":"product_tag","embeddable":true,"href":"https:\/\/www.jinpinlub.com\/es\/wp-json\/wp\/v2\/product_tag?post=3180"}],"curies":[{"name":"wp","href":"https:\/\/api.w.org\/{rel}","templated":true}]}}