{"id":3184,"date":"2024-08-11T14:31:27","date_gmt":"2024-08-11T14:31:27","guid":{"rendered":"https:\/\/www.jinpinlub.com\/?post_type=product&#038;p=3184"},"modified":"2024-08-14T19:35:42","modified_gmt":"2024-08-14T19:35:42","slug":"accesorios-roscados-con-valvula-de-retencion-para-distribuidores-ssv-y-ssvd","status":"publish","type":"product","link":"https:\/\/www.jinpinlub.com\/es\/product\/screw-in-fittings-with-check-valve-for-ssv-ssvd-distributors\/","title":{"rendered":"Accesorios roscados con v\u00e1lvula de retenci\u00f3n para distribuidores SSV SSVD"},"content":{"rendered":"<h2>Caracter\u00edsticas<\/h2>\n<p>1. Instalaci\u00f3n r\u00e1pida y conveniente: El conector de v\u00e1lvula de retenci\u00f3n enchufable APV fue dise\u00f1ado para brindar a los procesos de instalaci\u00f3n y desmontaje velocidades muy altas, mejorando as\u00ed en gran medida la eficiencia del trabajo.<br \/>\n2. Sellado confiable: El conector de v\u00e1lvula de retenci\u00f3n de conexi\u00f3n r\u00e1pida SSV cerrar\u00e1 de manera eficiente un medio y evitar\u00e1 fugas con los componentes centrales que comprenden anillos de sellado y anillos de retenci\u00f3n dise\u00f1ados con precisi\u00f3n.<br \/>\n3. Evita el flujo inverso del fluido: el dise\u00f1o de la v\u00e1lvula de retenci\u00f3n APV garantiza que el fluido no fluya en sentido inverso cuando se desconecta, lo que es crucial para mantener la presi\u00f3n del sistema de lubricaci\u00f3n y evitar la contaminaci\u00f3n.<\/p>\n<h2>Especificaci\u00f3n<\/h2>\n<table>\n<tbody>\n<tr>\n<td>Modelo<\/td>\n<td>Tubo<\/td>\n<td>Hilo M<\/td>\n<td>Hilo<\/td>\n<td>Longitud<\/td>\n<\/tr>\n<tr>\n<td>APV4<\/td>\n<td>\u03a64<\/td>\n<td>M10x1<\/td>\n<td>10 mm<\/td>\n<td>30 mm<\/td>\n<\/tr>\n<tr>\n<td>APV6<\/td>\n<td>\u03a66<\/td>\n<td>M10x1<\/td>\n<td>10 mm<\/td>\n<td>30 mm<\/td>\n<\/tr>\n<tr>\n<td>APV8<\/td>\n<td>\u03a68<\/td>\n<td>M10x1<\/td>\n<td>10 mm<\/td>\n<td>30 mm<\/td>\n<\/tr>\n<tr>\n<td>VPA10<\/td>\n<td>\u03a610<\/td>\n<td>M10x1<\/td>\n<td>10 mm<\/td>\n<td>30 mm<\/td>\n<\/tr>\n<\/tbody>\n<\/table>\n<h2>Solicitud<\/h2>\n<p>El conector de v\u00e1lvula de retenci\u00f3n de conexi\u00f3n r\u00e1pida APV se utiliza principalmente en distribuidores progresivos SSV, SSV-E, SSVD. Esto se aplica en muchos campos, como industrias, autom\u00f3viles, industria aeroespacial y equipos m\u00e9dicos.<\/p>\n<h2>Manuales<\/h2>\n<div class=\"sdm_download_button_box_default\"><div class=\"sdm_download_link\"><a href=\"https:\/\/www.jinpinlub.com\/es\/?sdm_process_download=1&download_id=3173\" class=\"sdm_download white\" title=\"Privado: PG\/FCB\/PDSV\/APV\" target=\"&quot;_blank&quot;\">Ver hoja de datos - PG\/FCB\/PDSV\/APV<\/a><\/div><\/div>","protected":false},"excerpt":{"rendered":"<p>El conector de v\u00e1lvula de retenci\u00f3n de conexi\u00f3n r\u00e1pida SSV es un conector r\u00e1pido que puede conectar o desconectar tuber\u00edas sin herramientas y es adecuado para evitar el reflujo de fluido.<\/p>","protected":false},"featured_media":3099,"template":"","meta":{"ocean_post_layout":"","ocean_both_sidebars_style":"","ocean_both_sidebars_content_width":0,"ocean_both_sidebars_sidebars_width":0,"ocean_sidebar":"0","ocean_second_sidebar":"0","ocean_disable_margins":"enable","ocean_add_body_class":"","ocean_shortcode_before_top_bar":"","ocean_shortcode_after_top_bar":"","ocean_shortcode_before_header":"","ocean_shortcode_after_header":"","ocean_has_shortcode":"","ocean_shortcode_after_title":"","ocean_shortcode_before_footer_widgets":"","ocean_shortcode_after_footer_widgets":"","ocean_shortcode_before_footer_bottom":"","ocean_shortcode_after_footer_bottom":"","ocean_display_top_bar":"default","ocean_display_header":"default","ocean_header_style":"","ocean_center_header_left_menu":"0","ocean_custom_header_template":"0","ocean_custom_logo":0,"ocean_custom_retina_logo":0,"ocean_custom_logo_max_width":0,"ocean_custom_logo_tablet_max_width":0,"ocean_custom_logo_mobile_max_width":0,"ocean_custom_logo_max_height":0,"ocean_custom_logo_tablet_max_height":0,"ocean_custom_logo_mobile_max_height":0,"ocean_header_custom_menu":"0","ocean_menu_typo_font_family":"0","ocean_menu_typo_font_subset":"","ocean_menu_typo_font_size":0,"ocean_menu_typo_font_size_tablet":0,"ocean_menu_typo_font_size_mobile":0,"ocean_menu_typo_font_size_unit":"px","ocean_menu_typo_font_weight":"","ocean_menu_typo_font_weight_tablet":"","ocean_menu_typo_font_weight_mobile":"","ocean_menu_typo_transform":"","ocean_menu_typo_transform_tablet":"","ocean_menu_typo_transform_mobile":"","ocean_menu_typo_line_height":0,"ocean_menu_typo_line_height_tablet":0,"ocean_menu_typo_line_height_mobile":0,"ocean_menu_typo_line_height_unit":"","ocean_menu_typo_spacing":0,"ocean_menu_typo_spacing_tablet":0,"ocean_menu_typo_spacing_mobile":0,"ocean_menu_typo_spacing_unit":"","ocean_menu_link_color":"","ocean_menu_link_color_hover":"","ocean_menu_link_color_active":"","ocean_menu_link_background":"","ocean_menu_link_hover_background":"","ocean_menu_link_active_background":"","ocean_menu_social_links_bg":"","ocean_menu_social_hover_links_bg":"","ocean_menu_social_links_color":"","ocean_menu_social_hover_links_color":"","ocean_disable_title":"default","ocean_disable_heading":"default","ocean_post_title":"","ocean_post_subheading":"","ocean_post_title_style":"","ocean_post_title_background_color":"","ocean_post_title_background":0,"ocean_post_title_bg_image_position":"","ocean_post_title_bg_image_attachment":"","ocean_post_title_bg_image_repeat":"","ocean_post_title_bg_image_size":"","ocean_post_title_height":0,"ocean_post_title_bg_overlay":0.5,"ocean_post_title_bg_overlay_color":"","ocean_disable_breadcrumbs":"default","ocean_breadcrumbs_color":"","ocean_breadcrumbs_separator_color":"","ocean_breadcrumbs_links_color":"","ocean_breadcrumbs_links_hover_color":"","ocean_display_footer_widgets":"default","ocean_display_footer_bottom":"default","ocean_custom_footer_template":"0","osh_disable_topbar_sticky":"default","osh_disable_header_sticky":"default","osh_sticky_header_style":"default","osh_sticky_header_effect":"","osh_custom_sticky_logo":0,"osh_custom_retina_sticky_logo":0,"osh_custom_sticky_logo_height":0,"osh_background_color":"","osh_links_color":"","osh_links_hover_color":"","osh_links_active_color":"","osh_links_bg_color":"","osh_links_hover_bg_color":"","osh_links_active_bg_color":"","osh_menu_social_links_color":"","osh_menu_social_hover_links_color":""},"product_brand":[],"product_cat":[31],"product_tag":[148,149,147],"class_list":{"0":"post-3184","1":"product","2":"type-product","3":"status-publish","4":"has-post-thumbnail","6":"product_cat-lube-system-accessories","7":"product_tag-distributor-check-valve","8":"product_tag-ssv-distributor","9":"product_tag-ssv-pipe-fittings","11":"entry","12":"has-media","14":"first","15":"instock","16":"shipping-taxable","17":"product-type-external","18":"col","19":"span_1_of_3","20":"owp-content-center","21":"owp-thumbs-layout-horizontal","22":"owp-btn-very-big","23":"owp-tabs-layout-horizontal"},"_links":{"self":[{"href":"https:\/\/www.jinpinlub.com\/es\/wp-json\/wp\/v2\/product\/3184","targetHints":{"allow":["GET"]}}],"collection":[{"href":"https:\/\/www.jinpinlub.com\/es\/wp-json\/wp\/v2\/product"}],"about":[{"href":"https:\/\/www.jinpinlub.com\/es\/wp-json\/wp\/v2\/types\/product"}],"wp:featuredmedia":[{"embeddable":true,"href":"https:\/\/www.jinpinlub.com\/es\/wp-json\/wp\/v2\/media\/3099"}],"wp:attachment":[{"href":"https:\/\/www.jinpinlub.com\/es\/wp-json\/wp\/v2\/media?parent=3184"}],"wp:term":[{"taxonomy":"product_brand","embeddable":true,"href":"https:\/\/www.jinpinlub.com\/es\/wp-json\/wp\/v2\/product_brand?post=3184"},{"taxonomy":"product_cat","embeddable":true,"href":"https:\/\/www.jinpinlub.com\/es\/wp-json\/wp\/v2\/product_cat?post=3184"},{"taxonomy":"product_tag","embeddable":true,"href":"https:\/\/www.jinpinlub.com\/es\/wp-json\/wp\/v2\/product_tag?post=3184"}],"curies":[{"name":"wp","href":"https:\/\/api.w.org\/{rel}","templated":true}]}}