{"id":3186,"date":"2024-08-11T14:59:03","date_gmt":"2024-08-11T14:59:03","guid":{"rendered":"https:\/\/www.jinpinlub.com\/?post_type=product&#038;p=3186"},"modified":"2024-08-11T15:12:36","modified_gmt":"2024-08-11T15:12:36","slug":"distribuidor-inyector-tipo-manguito-lt5-para-bomba-de-aceite-volumetrica","status":"publish","type":"product","link":"https:\/\/www.jinpinlub.com\/es\/product\/lt5-sleeve-type-distributor-injector-for-volumetric-oil-pump\/","title":{"rendered":"Distribuidor inyector tipo manguito LT5 para bomba de aceite volum\u00e9trica"},"content":{"rendered":"<h2>Caracter\u00edsticas<\/h2>\n<p>1. LT tiene un flujo preciso, es decir, cada punto de lubricaci\u00f3n puede seleccionar la cantidad requerida de aceite lubricante.<br \/>\n2. Es necesario utilizar una bomba volum\u00e9trica para descargar en cada intervalo del motor.<br \/>\n3. Cada salida de aceite de LT tiene una varilla indicadora, que puede verificar visualmente la acci\u00f3n, y un interruptor de proximidad o microinterruptor es opcional.<br \/>\n4. La especificaci\u00f3n est\u00e1ndar del interruptor de proximidad es un contacto normalmente cerrado NC, que generar\u00e1 una se\u00f1al cuando no se detecte movimiento en la varilla indicadora, y tambi\u00e9n se puede seleccionar un contacto normalmente abierto NO.<br \/>\n5. El microinterruptor solo se puede instalar en la salida de aceite con un volumen de descarga de 0,5 cc, y se puede configurar como contacto normalmente abierto NO que genera una se\u00f1al cuando el motor est\u00e1 en movimiento o contacto normalmente cerrado NC que genera una se\u00f1al cuando el motor es intermitente.<br \/>\n6. LT tiene dos tipos de accesorios de tuber\u00eda para elegir, tuber\u00eda de ensamblaje est\u00e1ndar y tipo de conexi\u00f3n r\u00e1pida.<\/p>\n<h2>Especificaci\u00f3n<\/h2>\n<table>\n<tbody>\n<tr>\n<td>Principio de funcionamiento<\/td>\n<td>Inyector de desplazamiento positivo<\/td>\n<\/tr>\n<tr>\n<td>Puntos de venta<\/td>\n<td>2, 3, 4, 5, 6, 7<\/td>\n<\/tr>\n<tr>\n<td>Medici\u00f3n de la cantidad de aceite<\/td>\n<td>0,1, 0,2, 0,3, 0,4, 0,5, 0,06 ml\/ciclo<\/td>\n<\/tr>\n<tr>\n<td>Lubricante<\/td>\n<td>32~90 cSt a 40 \u00b0C<\/td>\n<\/tr>\n<tr>\n<td>Temperatura de funcionamiento<\/td>\n<td>0 a +80 \u00b0C<\/td>\n<\/tr>\n<tr>\n<td>Presi\u00f3n de funcionamiento<\/td>\n<td>8 ~ 30 bares<\/td>\n<\/tr>\n<tr>\n<td>Material<\/td>\n<td>Fundici\u00f3n a presi\u00f3n de zinc, lat\u00f3n<\/td>\n<\/tr>\n<tr>\n<td>Toma de conexi\u00f3n<\/td>\n<td>Entrada \u03a66 (M10x1), Salida \u03a64 (M8x1)<\/td>\n<\/tr>\n<tr>\n<td>Accesorios de salida<\/td>\n<td>Tipo de manga, tipo r\u00e1pido<\/td>\n<\/tr>\n<tr>\n<td>Posici\u00f3n de montaje<\/td>\n<td>Cualquier<\/td>\n<\/tr>\n<\/tbody>\n<\/table>\n<h2>Principio<\/h2>\n<p>El principio de funcionamiento del distribuidor de aceite fino con alivio de presi\u00f3n LT depende principalmente del funcionamiento y del mecanismo de alivio de presi\u00f3n del inyector de aceite. Cuando la bomba de lubricaci\u00f3n est\u00e1 funcionando, suministra aceite lubricante al distribuidor. Cuando el distribuidor est\u00e1 lleno de aceite lubricante, la m\u00e1quina de lubricaci\u00f3n deja de funcionar y libera presi\u00f3n. En este punto, el resorte dentro del distribuidor LT empuja el pist\u00f3n, suministrando una cantidad predeterminada de aceite lubricante a cada punto de lubricaci\u00f3n.<\/p>\n<h2>Manuales<\/h2>\n<div class=\"sdm_download_button_box_default\"><div class=\"sdm_download_link\"><a href=\"https:\/\/www.jinpinlub.com\/es\/?sdm_process_download=1&download_id=2475\" class=\"sdm_download white\" title=\"Privado: LT Pressure-relief Distributor\" target=\"&quot;_blank&quot;\">Ver hoja de datos - Distribuidor LT<\/a><\/div><\/div>","protected":false},"excerpt":{"rendered":"<p>El distribuidor de aceite fino con alivio de presi\u00f3n es un dispositivo que se utiliza en los sistemas de lubricaci\u00f3n para la distribuci\u00f3n precisa del aceite lubricante. Logra un suministro cuantitativo de aceite mediante el funcionamiento y el alivio de presi\u00f3n del inyector de aceite, y cuando la bomba libera presi\u00f3n, el LT descarga aceite.<\/p>","protected":false},"featured_media":3103,"template":"","meta":{"ocean_post_layout":"","ocean_both_sidebars_style":"","ocean_both_sidebars_content_width":0,"ocean_both_sidebars_sidebars_width":0,"ocean_sidebar":"0","ocean_second_sidebar":"0","ocean_disable_margins":"enable","ocean_add_body_class":"","ocean_shortcode_before_top_bar":"","ocean_shortcode_after_top_bar":"","ocean_shortcode_before_header":"","ocean_shortcode_after_header":"","ocean_has_shortcode":"","ocean_shortcode_after_title":"","ocean_shortcode_before_footer_widgets":"","ocean_shortcode_after_footer_widgets":"","ocean_shortcode_before_footer_bottom":"","ocean_shortcode_after_footer_bottom":"","ocean_display_top_bar":"default","ocean_display_header":"default","ocean_header_style":"","ocean_center_header_left_menu":"0","ocean_custom_header_template":"0","ocean_custom_logo":0,"ocean_custom_retina_logo":0,"ocean_custom_logo_max_width":0,"ocean_custom_logo_tablet_max_width":0,"ocean_custom_logo_mobile_max_width":0,"ocean_custom_logo_max_height":0,"ocean_custom_logo_tablet_max_height":0,"ocean_custom_logo_mobile_max_height":0,"ocean_header_custom_menu":"0","ocean_menu_typo_font_family":"0","ocean_menu_typo_font_subset":"","ocean_menu_typo_font_size":0,"ocean_menu_typo_font_size_tablet":0,"ocean_menu_typo_font_size_mobile":0,"ocean_menu_typo_font_size_unit":"px","ocean_menu_typo_font_weight":"","ocean_menu_typo_font_weight_tablet":"","ocean_menu_typo_font_weight_mobile":"","ocean_menu_typo_transform":"","ocean_menu_typo_transform_tablet":"","ocean_menu_typo_transform_mobile":"","ocean_menu_typo_line_height":0,"ocean_menu_typo_line_height_tablet":0,"ocean_menu_typo_line_height_mobile":0,"ocean_menu_typo_line_height_unit":"","ocean_menu_typo_spacing":0,"ocean_menu_typo_spacing_tablet":0,"ocean_menu_typo_spacing_mobile":0,"ocean_menu_typo_spacing_unit":"","ocean_menu_link_color":"","ocean_menu_link_color_hover":"","ocean_menu_link_color_active":"","ocean_menu_link_background":"","ocean_menu_link_hover_background":"","ocean_menu_link_active_background":"","ocean_menu_social_links_bg":"","ocean_menu_social_hover_links_bg":"","ocean_menu_social_links_color":"","ocean_menu_social_hover_links_color":"","ocean_disable_title":"default","ocean_disable_heading":"default","ocean_post_title":"","ocean_post_subheading":"","ocean_post_title_style":"","ocean_post_title_background_color":"","ocean_post_title_background":0,"ocean_post_title_bg_image_position":"","ocean_post_title_bg_image_attachment":"","ocean_post_title_bg_image_repeat":"","ocean_post_title_bg_image_size":"","ocean_post_title_height":0,"ocean_post_title_bg_overlay":0.5,"ocean_post_title_bg_overlay_color":"","ocean_disable_breadcrumbs":"default","ocean_breadcrumbs_color":"","ocean_breadcrumbs_separator_color":"","ocean_breadcrumbs_links_color":"","ocean_breadcrumbs_links_hover_color":"","ocean_display_footer_widgets":"default","ocean_display_footer_bottom":"default","ocean_custom_footer_template":"0","osh_disable_topbar_sticky":"default","osh_disable_header_sticky":"default","osh_sticky_header_style":"default","osh_sticky_header_effect":"","osh_custom_sticky_logo":0,"osh_custom_retina_sticky_logo":0,"osh_custom_sticky_logo_height":0,"osh_background_color":"","osh_links_color":"","osh_links_hover_color":"","osh_links_active_color":"","osh_links_bg_color":"","osh_links_hover_bg_color":"","osh_links_active_bg_color":"","osh_menu_social_links_color":"","osh_menu_social_hover_links_color":""},"product_brand":[],"product_cat":[49,47],"product_tag":[150,82,83],"class_list":{"0":"post-3186","1":"product","2":"type-product","3":"status-publish","4":"has-post-thumbnail","6":"product_cat-volumetric-oil-injectors","7":"product_cat-volumetric-thin-oil-systems","8":"product_tag-oil-lubrication-distributor","9":"product_tag-positive-displacement-injector","10":"product_tag-pressure-relief-distributor","12":"entry","13":"has-media","15":"first","16":"instock","17":"shipping-taxable","18":"product-type-external","19":"col","20":"span_1_of_3","21":"owp-content-center","22":"owp-thumbs-layout-horizontal","23":"owp-btn-very-big","24":"owp-tabs-layout-horizontal"},"_links":{"self":[{"href":"https:\/\/www.jinpinlub.com\/es\/wp-json\/wp\/v2\/product\/3186","targetHints":{"allow":["GET"]}}],"collection":[{"href":"https:\/\/www.jinpinlub.com\/es\/wp-json\/wp\/v2\/product"}],"about":[{"href":"https:\/\/www.jinpinlub.com\/es\/wp-json\/wp\/v2\/types\/product"}],"wp:featuredmedia":[{"embeddable":true,"href":"https:\/\/www.jinpinlub.com\/es\/wp-json\/wp\/v2\/media\/3103"}],"wp:attachment":[{"href":"https:\/\/www.jinpinlub.com\/es\/wp-json\/wp\/v2\/media?parent=3186"}],"wp:term":[{"taxonomy":"product_brand","embeddable":true,"href":"https:\/\/www.jinpinlub.com\/es\/wp-json\/wp\/v2\/product_brand?post=3186"},{"taxonomy":"product_cat","embeddable":true,"href":"https:\/\/www.jinpinlub.com\/es\/wp-json\/wp\/v2\/product_cat?post=3186"},{"taxonomy":"product_tag","embeddable":true,"href":"https:\/\/www.jinpinlub.com\/es\/wp-json\/wp\/v2\/product_tag?post=3186"}],"curies":[{"name":"wp","href":"https:\/\/api.w.org\/{rel}","templated":true}]}}