{"id":3189,"date":"2024-08-11T17:36:24","date_gmt":"2024-08-11T17:36:24","guid":{"rendered":"https:\/\/www.jinpinlub.com\/?post_type=product&#038;p=3189"},"modified":"2024-08-14T19:37:57","modified_gmt":"2024-08-14T19:37:57","slug":"manometro-negro-con-conexion-inferior-y-rosca-de-laton-mb40","status":"publish","type":"product","link":"https:\/\/www.jinpinlub.com\/es\/product\/mb40-brass-thread-bottom-connection-black-pressure-gauge\/","title":{"rendered":"Man\u00f3metro negro con conexi\u00f3n inferior y rosca de lat\u00f3n MB40"},"content":{"rendered":"<h2>Caracter\u00edsticas<\/h2>\n<p>Instalaci\u00f3n y ajuste:<br \/>\nGrado de precisi\u00f3n: seg\u00fan las caracter\u00edsticas espec\u00edficas de la aplicaci\u00f3n de un sistema de bomba de lubricaci\u00f3n en particular, elija un man\u00f3metro del grado de precisi\u00f3n requerido.<br \/>\nUbicaci\u00f3n de instalaci\u00f3n: El man\u00f3metro debe instalarse en la bomba de lubricaci\u00f3n en una ubicaci\u00f3n adecuada para que la indicaci\u00f3n refleje fielmente la presi\u00f3n operativa del sistema.<br \/>\nProcedimiento de ajuste: Cambie la presi\u00f3n del sistema ajustando la v\u00e1lvula reguladora de presi\u00f3n de la bomba de lubricaci\u00f3n. La rotaci\u00f3n en el sentido de las agujas del reloj aumentar\u00e1 la presi\u00f3n; la rotaci\u00f3n en el sentido contrario a las agujas del reloj la disminuir\u00e1. Ajuste lentamente para evitar que el sistema se agite.<\/p>\n<h2>Especificaci\u00f3n<\/h2>\n<table>\n<tbody>\n<tr>\n<td>Modelo<\/td>\n<td>Bar<\/td>\n<td>Ancho<\/td>\n<td>Longitud<\/td>\n<td>Tipo<\/td>\n<\/tr>\n<tr>\n<td>M-15<\/td>\n<td>15<\/td>\n<td>40 mm<\/td>\n<td>38 mm<\/td>\n<td>Seco<\/td>\n<\/tr>\n<tr>\n<td>M-40<\/td>\n<td>40<\/td>\n<td>40 mm<\/td>\n<td>38 mm<\/td>\n<td>Seco<\/td>\n<\/tr>\n<tr>\n<td>MB-40<\/td>\n<td>40<\/td>\n<td>47 mm<\/td>\n<td>60 mm<\/td>\n<td>Aceite<\/td>\n<\/tr>\n<tr>\n<td>MB-60<\/td>\n<td>60<\/td>\n<td>47 mm<\/td>\n<td>60 mm<\/td>\n<td>Aceite<\/td>\n<\/tr>\n<tr>\n<td>MB-100<\/td>\n<td>100<\/td>\n<td>47 mm<\/td>\n<td>60 mm<\/td>\n<td>Aceite<\/td>\n<\/tr>\n<tr>\n<td>MB-250<\/td>\n<td>250<\/td>\n<td>58 mm<\/td>\n<td>75 mm<\/td>\n<td>Aceite<\/td>\n<\/tr>\n<tr>\n<td>MB-400<\/td>\n<td>400<\/td>\n<td>58 mm<\/td>\n<td>75 mm<\/td>\n<td>Aceite<\/td>\n<\/tr>\n<tr>\n<td>MB-600<\/td>\n<td>600<\/td>\n<td>58 mm<\/td>\n<td>75 mm<\/td>\n<td>Aceite<\/td>\n<\/tr>\n<tr>\n<td>MB-700<\/td>\n<td>700<\/td>\n<td>58 mm<\/td>\n<td>75 mm<\/td>\n<td>Aceite<\/td>\n<\/tr>\n<\/tbody>\n<\/table>\n<h2>Principio<\/h2>\n<p>1. La presi\u00f3n de la bomba de lubricaci\u00f3n, aplicada a su elemento el\u00e1stico en el man\u00f3metro, se deformar\u00e1 el\u00e1sticamente en consecuencia y en proporci\u00f3n a esa presi\u00f3n.<br \/>\n2. A medida que el mecanismo de transmisi\u00f3n se desplaza, el puntero se mover\u00e1 a lo largo de la esfera del man\u00f3metro y finalmente se detendr\u00e1 en un valor de escala que representa la presi\u00f3n de la bomba.<br \/>\n3. \u201cInmersi\u00f3n en aceite\u201d significa que el interior del man\u00f3metro est\u00e1 lleno de aceite. Este es un dise\u00f1o \u00fatil para reducir la oxidaci\u00f3n y la corrosi\u00f3n del elemento el\u00e1stico, mejorando as\u00ed la estabilidad y la vida \u00fatil del man\u00f3metro. Por otro lado, el aceite podr\u00eda amortiguar y reducir los golpes y hacer que la lectura del man\u00f3metro sea m\u00e1s precisa.<\/p>\n<h2>Manuales<\/h2>\n<div class=\"sdm_download_button_box_default\"><div class=\"sdm_download_link\"><a href=\"https:\/\/www.jinpinlub.com\/es\/?sdm_process_download=1&download_id=3175\" class=\"sdm_download white\" title=\"Privado: PS\/F\/MF\/MFB\/M\/MB\" target=\"&quot;_blank&quot;\">Ver hoja de datos - PS\/F\/MF\/MFB\/M\/MB<\/a><\/div><\/div>","protected":false},"excerpt":{"rendered":"<p>El man\u00f3metro de 4 MPa se utiliza para monitorear la presi\u00f3n de trabajo de la bomba de lubricaci\u00f3n para garantizar que la presi\u00f3n del sistema est\u00e9 dentro de un rango seguro, garantizando as\u00ed el efecto de lubricaci\u00f3n y el funcionamiento seguro del equipo.<\/p>","protected":false},"featured_media":3112,"template":"","meta":{"ocean_post_layout":"","ocean_both_sidebars_style":"","ocean_both_sidebars_content_width":0,"ocean_both_sidebars_sidebars_width":0,"ocean_sidebar":"0","ocean_second_sidebar":"0","ocean_disable_margins":"enable","ocean_add_body_class":"","ocean_shortcode_before_top_bar":"","ocean_shortcode_after_top_bar":"","ocean_shortcode_before_header":"","ocean_shortcode_after_header":"","ocean_has_shortcode":"","ocean_shortcode_after_title":"","ocean_shortcode_before_footer_widgets":"","ocean_shortcode_after_footer_widgets":"","ocean_shortcode_before_footer_bottom":"","ocean_shortcode_after_footer_bottom":"","ocean_display_top_bar":"default","ocean_display_header":"default","ocean_header_style":"","ocean_center_header_left_menu":"0","ocean_custom_header_template":"0","ocean_custom_logo":0,"ocean_custom_retina_logo":0,"ocean_custom_logo_max_width":0,"ocean_custom_logo_tablet_max_width":0,"ocean_custom_logo_mobile_max_width":0,"ocean_custom_logo_max_height":0,"ocean_custom_logo_tablet_max_height":0,"ocean_custom_logo_mobile_max_height":0,"ocean_header_custom_menu":"0","ocean_menu_typo_font_family":"0","ocean_menu_typo_font_subset":"","ocean_menu_typo_font_size":0,"ocean_menu_typo_font_size_tablet":0,"ocean_menu_typo_font_size_mobile":0,"ocean_menu_typo_font_size_unit":"px","ocean_menu_typo_font_weight":"","ocean_menu_typo_font_weight_tablet":"","ocean_menu_typo_font_weight_mobile":"","ocean_menu_typo_transform":"","ocean_menu_typo_transform_tablet":"","ocean_menu_typo_transform_mobile":"","ocean_menu_typo_line_height":0,"ocean_menu_typo_line_height_tablet":0,"ocean_menu_typo_line_height_mobile":0,"ocean_menu_typo_line_height_unit":"","ocean_menu_typo_spacing":0,"ocean_menu_typo_spacing_tablet":0,"ocean_menu_typo_spacing_mobile":0,"ocean_menu_typo_spacing_unit":"","ocean_menu_link_color":"","ocean_menu_link_color_hover":"","ocean_menu_link_color_active":"","ocean_menu_link_background":"","ocean_menu_link_hover_background":"","ocean_menu_link_active_background":"","ocean_menu_social_links_bg":"","ocean_menu_social_hover_links_bg":"","ocean_menu_social_links_color":"","ocean_menu_social_hover_links_color":"","ocean_disable_title":"default","ocean_disable_heading":"default","ocean_post_title":"","ocean_post_subheading":"","ocean_post_title_style":"","ocean_post_title_background_color":"","ocean_post_title_background":0,"ocean_post_title_bg_image_position":"","ocean_post_title_bg_image_attachment":"","ocean_post_title_bg_image_repeat":"","ocean_post_title_bg_image_size":"","ocean_post_title_height":0,"ocean_post_title_bg_overlay":0.5,"ocean_post_title_bg_overlay_color":"","ocean_disable_breadcrumbs":"default","ocean_breadcrumbs_color":"","ocean_breadcrumbs_separator_color":"","ocean_breadcrumbs_links_color":"","ocean_breadcrumbs_links_hover_color":"","ocean_display_footer_widgets":"default","ocean_display_footer_bottom":"default","ocean_custom_footer_template":"0","osh_disable_topbar_sticky":"default","osh_disable_header_sticky":"default","osh_sticky_header_style":"default","osh_sticky_header_effect":"","osh_custom_sticky_logo":0,"osh_custom_retina_sticky_logo":0,"osh_custom_sticky_logo_height":0,"osh_background_color":"","osh_links_color":"","osh_links_hover_color":"","osh_links_active_color":"","osh_links_bg_color":"","osh_links_hover_bg_color":"","osh_links_active_bg_color":"","osh_menu_social_links_color":"","osh_menu_social_hover_links_color":""},"product_brand":[],"product_cat":[31],"product_tag":[155,154,151],"class_list":{"0":"post-3189","1":"product","2":"type-product","3":"status-publish","4":"has-post-thumbnail","6":"product_cat-lube-system-accessories","7":"product_tag-lubrication-pump-pressure-gauge","8":"product_tag-lubrication-system-pressure-gauge","9":"product_tag-pressure-gauge","11":"entry","12":"has-media","14":"first","15":"instock","16":"shipping-taxable","17":"product-type-external","18":"col","19":"span_1_of_3","20":"owp-content-center","21":"owp-thumbs-layout-horizontal","22":"owp-btn-very-big","23":"owp-tabs-layout-horizontal"},"_links":{"self":[{"href":"https:\/\/www.jinpinlub.com\/es\/wp-json\/wp\/v2\/product\/3189","targetHints":{"allow":["GET"]}}],"collection":[{"href":"https:\/\/www.jinpinlub.com\/es\/wp-json\/wp\/v2\/product"}],"about":[{"href":"https:\/\/www.jinpinlub.com\/es\/wp-json\/wp\/v2\/types\/product"}],"wp:featuredmedia":[{"embeddable":true,"href":"https:\/\/www.jinpinlub.com\/es\/wp-json\/wp\/v2\/media\/3112"}],"wp:attachment":[{"href":"https:\/\/www.jinpinlub.com\/es\/wp-json\/wp\/v2\/media?parent=3189"}],"wp:term":[{"taxonomy":"product_brand","embeddable":true,"href":"https:\/\/www.jinpinlub.com\/es\/wp-json\/wp\/v2\/product_brand?post=3189"},{"taxonomy":"product_cat","embeddable":true,"href":"https:\/\/www.jinpinlub.com\/es\/wp-json\/wp\/v2\/product_cat?post=3189"},{"taxonomy":"product_tag","embeddable":true,"href":"https:\/\/www.jinpinlub.com\/es\/wp-json\/wp\/v2\/product_tag?post=3189"}],"curies":[{"name":"wp","href":"https:\/\/api.w.org\/{rel}","templated":true}]}}