{"id":3191,"date":"2024-08-11T18:34:16","date_gmt":"2024-08-11T18:34:16","guid":{"rendered":"https:\/\/www.jinpinlub.com\/?post_type=product&#038;p=3191"},"modified":"2024-08-14T19:38:40","modified_gmt":"2024-08-14T19:38:40","slug":"manometro-de-presion-axial-lleno-de-liquido-mfb-160-de-160-bar","status":"publish","type":"product","link":"https:\/\/www.jinpinlub.com\/es\/product\/mfb-160-160bar-axial-liquid-filled-pressure-gauge-manometer\/","title":{"rendered":"Man\u00f3metro de presi\u00f3n axial lleno de l\u00edquido MFB-160 de 160 bar"},"content":{"rendered":"<h2>Caracter\u00edsticas<\/h2>\n<p>1. El cambio en la presi\u00f3n medida es impulsado por la biela para girar el puntero en el extremo del engranaje en forma de abanico, indicando el valor de presi\u00f3n correspondiente.<br \/>\n2. El man\u00f3metro tiene una precisi\u00f3n de medici\u00f3n de 2,5 niveles, con errores menores y mayor precisi\u00f3n.<br \/>\n3. El tama\u00f1o est\u00e1ndar de la junta de material de cobre para este man\u00f3metro es PT1\/8.<br \/>\n4. MFB-160 adopta una carcasa completamente de acero inoxidable con alta dureza y una textura resistente que no se corroe f\u00e1cilmente.<br \/>\n5. El man\u00f3metro es a prueba de golpes, est\u00e1 relleno de glicerina y es resistente a las vibraciones del entorno de trabajo.<\/p>\n<h2>Especificaci\u00f3n<\/h2>\n<table>\n<tbody>\n<tr>\n<td>Modelo<\/td>\n<td>Bar<\/td>\n<td>Ancho<\/td>\n<td>Longitud<\/td>\n<td>Tipo<\/td>\n<\/tr>\n<tr>\n<td>MF-15<\/td>\n<td>15<\/td>\n<td>42 mm<\/td>\n<td>38 mm<\/td>\n<td>Seco<\/td>\n<\/tr>\n<tr>\n<td>MF-40<\/td>\n<td>40<\/td>\n<td>42 mm<\/td>\n<td>38 mm<\/td>\n<td>Seco<\/td>\n<\/tr>\n<tr>\n<td>MFB-40<\/td>\n<td>40<\/td>\n<td>47 mm<\/td>\n<td>45 mm<\/td>\n<td>Aceite<\/td>\n<\/tr>\n<tr>\n<td>MFB-60<\/td>\n<td>60<\/td>\n<td>47 mm<\/td>\n<td>45 mm<\/td>\n<td>Aceite<\/td>\n<\/tr>\n<tr>\n<td>MFB-100<\/td>\n<td>100<\/td>\n<td>47 mm<\/td>\n<td>45 mm<\/td>\n<td>Aceite<\/td>\n<\/tr>\n<tr>\n<td>MFB-160<\/td>\n<td>160<\/td>\n<td>47 mm<\/td>\n<td>45 mm<\/td>\n<td>Aceite<\/td>\n<\/tr>\n<\/tbody>\n<\/table>\n<h2>Mantenimiento<\/h2>\n<p>Instalaci\u00f3n y funcionamiento: Aseg\u00farese de que el man\u00f3metro est\u00e9 instalado correctamente, mantenga una buena conexi\u00f3n entre el man\u00f3metro y el medio medido y evite fugas y aflojamientos.<br \/>\nConsidere los factores ambientales: antes de la medici\u00f3n, es necesario considerar el impacto de los factores ambientales en la presi\u00f3n, como los cambios de temperatura, la humedad y la vibraci\u00f3n, que pueden causar errores de medici\u00f3n.<br \/>\nMedio de presi\u00f3n: aseg\u00farese de elegir un man\u00f3metro adecuado para el medio y preste atenci\u00f3n a las propiedades y la corrosividad del medio para evitar da\u00f1os.<\/p>\n<h2>Manuales<\/h2>\n<div class=\"sdm_download_button_box_default\"><div class=\"sdm_download_link\"><a href=\"https:\/\/www.jinpinlub.com\/es\/?sdm_process_download=1&download_id=3175\" class=\"sdm_download white\" title=\"Privado: PS\/F\/MF\/MFB\/M\/MB\" target=\"&quot;_blank&quot;\">Ver hoja de datos - PS\/F\/MF\/MFB\/M\/MB<\/a><\/div><\/div>","protected":false},"excerpt":{"rendered":"<p>El man\u00f3metro mec\u00e1nico sumergido en aceite MFB-160 es un instrumento utilizado para medir la presi\u00f3n de fluidos y su principio de funcionamiento se basa principalmente en el principio de que los elementos el\u00e1sticos (como los tubos de resorte) se deforman cuando se someten a la presi\u00f3n del fluido.<\/p>","protected":false},"featured_media":3123,"template":"","meta":{"ocean_post_layout":"","ocean_both_sidebars_style":"","ocean_both_sidebars_content_width":0,"ocean_both_sidebars_sidebars_width":0,"ocean_sidebar":"0","ocean_second_sidebar":"0","ocean_disable_margins":"enable","ocean_add_body_class":"","ocean_shortcode_before_top_bar":"","ocean_shortcode_after_top_bar":"","ocean_shortcode_before_header":"","ocean_shortcode_after_header":"","ocean_has_shortcode":"","ocean_shortcode_after_title":"","ocean_shortcode_before_footer_widgets":"","ocean_shortcode_after_footer_widgets":"","ocean_shortcode_before_footer_bottom":"","ocean_shortcode_after_footer_bottom":"","ocean_display_top_bar":"default","ocean_display_header":"default","ocean_header_style":"","ocean_center_header_left_menu":"0","ocean_custom_header_template":"0","ocean_custom_logo":0,"ocean_custom_retina_logo":0,"ocean_custom_logo_max_width":0,"ocean_custom_logo_tablet_max_width":0,"ocean_custom_logo_mobile_max_width":0,"ocean_custom_logo_max_height":0,"ocean_custom_logo_tablet_max_height":0,"ocean_custom_logo_mobile_max_height":0,"ocean_header_custom_menu":"0","ocean_menu_typo_font_family":"0","ocean_menu_typo_font_subset":"","ocean_menu_typo_font_size":0,"ocean_menu_typo_font_size_tablet":0,"ocean_menu_typo_font_size_mobile":0,"ocean_menu_typo_font_size_unit":"px","ocean_menu_typo_font_weight":"","ocean_menu_typo_font_weight_tablet":"","ocean_menu_typo_font_weight_mobile":"","ocean_menu_typo_transform":"","ocean_menu_typo_transform_tablet":"","ocean_menu_typo_transform_mobile":"","ocean_menu_typo_line_height":0,"ocean_menu_typo_line_height_tablet":0,"ocean_menu_typo_line_height_mobile":0,"ocean_menu_typo_line_height_unit":"","ocean_menu_typo_spacing":0,"ocean_menu_typo_spacing_tablet":0,"ocean_menu_typo_spacing_mobile":0,"ocean_menu_typo_spacing_unit":"","ocean_menu_link_color":"","ocean_menu_link_color_hover":"","ocean_menu_link_color_active":"","ocean_menu_link_background":"","ocean_menu_link_hover_background":"","ocean_menu_link_active_background":"","ocean_menu_social_links_bg":"","ocean_menu_social_hover_links_bg":"","ocean_menu_social_links_color":"","ocean_menu_social_hover_links_color":"","ocean_disable_title":"default","ocean_disable_heading":"default","ocean_post_title":"","ocean_post_subheading":"","ocean_post_title_style":"","ocean_post_title_background_color":"","ocean_post_title_background":0,"ocean_post_title_bg_image_position":"","ocean_post_title_bg_image_attachment":"","ocean_post_title_bg_image_repeat":"","ocean_post_title_bg_image_size":"","ocean_post_title_height":0,"ocean_post_title_bg_overlay":0.5,"ocean_post_title_bg_overlay_color":"","ocean_disable_breadcrumbs":"default","ocean_breadcrumbs_color":"","ocean_breadcrumbs_separator_color":"","ocean_breadcrumbs_links_color":"","ocean_breadcrumbs_links_hover_color":"","ocean_display_footer_widgets":"default","ocean_display_footer_bottom":"default","ocean_custom_footer_template":"0","osh_disable_topbar_sticky":"default","osh_disable_header_sticky":"default","osh_sticky_header_style":"default","osh_sticky_header_effect":"","osh_custom_sticky_logo":0,"osh_custom_retina_sticky_logo":0,"osh_custom_sticky_logo_height":0,"osh_background_color":"","osh_links_color":"","osh_links_hover_color":"","osh_links_active_color":"","osh_links_bg_color":"","osh_links_hover_bg_color":"","osh_links_active_bg_color":"","osh_menu_social_links_color":"","osh_menu_social_hover_links_color":""},"product_brand":[],"product_cat":[31],"product_tag":[162,156,163],"class_list":{"0":"post-3191","1":"product","2":"type-product","3":"status-publish","4":"has-post-thumbnail","6":"product_cat-lube-system-accessories","7":"product_tag-axial-pressure-gauge","8":"product_tag-oil-immersed-pressure-gauge","9":"product_tag-pump-pressure-gauge","11":"entry","12":"has-media","14":"first","15":"instock","16":"shipping-taxable","17":"product-type-external","18":"col","19":"span_1_of_3","20":"owp-content-center","21":"owp-thumbs-layout-horizontal","22":"owp-btn-very-big","23":"owp-tabs-layout-horizontal"},"_links":{"self":[{"href":"https:\/\/www.jinpinlub.com\/es\/wp-json\/wp\/v2\/product\/3191","targetHints":{"allow":["GET"]}}],"collection":[{"href":"https:\/\/www.jinpinlub.com\/es\/wp-json\/wp\/v2\/product"}],"about":[{"href":"https:\/\/www.jinpinlub.com\/es\/wp-json\/wp\/v2\/types\/product"}],"wp:featuredmedia":[{"embeddable":true,"href":"https:\/\/www.jinpinlub.com\/es\/wp-json\/wp\/v2\/media\/3123"}],"wp:attachment":[{"href":"https:\/\/www.jinpinlub.com\/es\/wp-json\/wp\/v2\/media?parent=3191"}],"wp:term":[{"taxonomy":"product_brand","embeddable":true,"href":"https:\/\/www.jinpinlub.com\/es\/wp-json\/wp\/v2\/product_brand?post=3191"},{"taxonomy":"product_cat","embeddable":true,"href":"https:\/\/www.jinpinlub.com\/es\/wp-json\/wp\/v2\/product_cat?post=3191"},{"taxonomy":"product_tag","embeddable":true,"href":"https:\/\/www.jinpinlub.com\/es\/wp-json\/wp\/v2\/product_tag?post=3191"}],"curies":[{"name":"wp","href":"https:\/\/api.w.org\/{rel}","templated":true}]}}